{"id":1126,"date":"2020-01-16T12:18:24","date_gmt":"2020-01-16T11:18:24","guid":{"rendered":"https:\/\/vannelli.coffee\/terms-of-sale\/"},"modified":"2020-09-09T11:49:31","modified_gmt":"2020-09-09T10:49:31","slug":"condizioni-di-vendita","status":"publish","type":"page","link":"https:\/\/vannelli.coffee\/it\/condizioni-di-vendita\/","title":{"rendered":"Condizioni di vendita"},"content":{"rendered":"<p>Il venditore dei prodotti nonch\u00e9 titolare del sito \u00e8 Vannelli S.r.l con sede in Viale regina elena 14, Cortona, 52044 (Ar) C.F\/ P.I.:02326290513, Rea: AR-178366\u2013 indirizzo e-mail: info@vannelli.coffee. Le presenti condizioni generali di vendita hanno per oggetto la disciplina Dell\u2019acquisto dei prodotti effettuato a distanza e resi disponibili, tramite il sito vannelli.coffee (nel seguito, il \u201cSito\u201d) nel rispetto della normativa italiana di cui al d.lgs 206\/2005 e successive modifiche e integrazioni (in seguito, \u201cCodice del Consumo\u201d). Il consumatore che accede al Sito per effettuare acquisti (di seguito \u201cCliente\u201d) \u00e8 tenuto, prima dell\u2019invio dell\u2019ordine, a leggere attentamente le presenti Condizioni Generali che sono state messe a sua disposizione e che saranno consultabili sul Sito in ogni momento dal Cliente. I contratti conclusi con VANNELLI SRL attraverso il Sito sono regolati dalle presenti Condizioni Generali nel rispetto della normativa italiana. <\/p><h3 class=\"wp-block-heading\">1) CARATTERISTICHE E PREZZI DEI PRODOTTI<\/h3><p> Le immagini dei prodotti potrebbero non essere perfettamente rappresentative delle loro caratteristiche ma differire per colore, dimensioni, accessori rappresentati. Tutte le informazioni di supporto per acquistare sono da intendersi come semplice materiale informativo generico, non riferibile alle reali caratteristiche di un singolo prodotto. I prodotti sono offerti al prezzo indicato nel sito alla data in cui viene eseguito un ordine. I prezzi sono da intendersi comprensivi di IVA che sar\u00e0 indicata in dettaglio nella fattura di acquisto del prodotto, laddove emessa. Nel prezzo indicato sono escluse le spese di trasporto e consegna che sono comunque riportate nella sezione finale prima di inviare un ordine e specificate nella conferma di ricezione ordine inviata via e-mail al Cliente.<\/p><h3 class=\"wp-block-heading\">2) ORDINARE I PRODOTTI<\/h3><p>Con l\u2019invio dell\u2019ordine dal Sito, che ha valore di proposta contrattuale, il Cliente riconosce e dichiara di aver preso visione di tutte le indicazioni fornitegli durante la procedura d\u2019acquisto e di accettare integralmente le presenti Condizioni Generali e di pagamento trascritte. Ove esistenti, i codici promozionali proposti da VANNELLI srl., sono validi solamente per i prodotti e durante il periodo di volta in volta indicato. I codici promozionali non sono rimborsabili e non sono cumulativi. Per usufruire degli sconti e\/o delle offerte collegati ai codici promozionali, si dovr\u00e0 inserire il codice promozionale nell\u2019 apposito spazio al momento della convalida di un ordine sul sito. In caso di dimenticanza, un ordine non potr\u00e0 essere cancellato o rinnovato per poter prendere in considerazione il codice promozionale. L\u2019avvenuta ricezione da parte di VANNELLI SRL della proposta contrattuale viene confermata con apposita e-mail riepilogativa. Successivamente alla conferma della ricezione della proposta contrattuale, il Cliente ha 2 (due) ore di tempo per variare l\u2019ordine inviato dandone immediata comunicazione all\u2019indirizzo email: info@vannelli.coffee. Trascorse le 2 (due) ore, l\u2019ordine sar\u00e0 messo in produzione e pertanto non sar\u00e0 pi\u00f9 modificabile da parte del Cliente. Il contratto stipulato tra VANNELLI SRL e il Cliente deve intendersi concluso con l\u2019accettazione dell\u2019ordine da parte di VANNELLI S.r.l. Tale accettazione \u00e8 da considerarsi effettuata attraverso l\u2019email di conferma di spedizione dell\u2019ordine stesso. Qualsiasi altra e-mail inviata prima della spedizione dei prodotti, non \u00e8 da considerarsi come accettazione, implicita od esplicita, dell\u2019ordine. Si esclude ogni diritto del cliente ad un risarcimento danni o indennizzo, nonch\u00e9 qualsiasi responsabilit\u00e0 contrattuale o extracontrattuale per danni diretti o indiretti a persone e\/o cose provocati dalla mancata accettazione di un ordine.<\/p><h3 class=\"wp-block-heading\">3) PREZZI E SPEDIZIONI<\/h3><p> I prezzi dei Prodotti sono comprensivi di tutte le imposte e tasse di legge. I prezzi sono espressi in Euro. I costi di spedizione sono calcolati dal sistema in base al peso (reale e volumetrico) e alla destinazione e indicati al Cliente prima del pagamento. Eventuali dazi e oneri doganali saranno esclusivamente a carico del Cliente.<\/p><h3 class=\"wp-block-heading\">4) MODALIT\u00c0 DI PAGAMENTO<\/h3><p>Il Cliente potr\u00e0 effettuare il pagamento del prezzo dei Prodotti e delle relative spese di consegna mediante Carta di credito (piattaforma Stripe), Amazon Pay e Apple Pay. Il Sito non memorizza il numero della carta di credito del Cliente e pertanto non potr\u00e0 essere ritenuto responsabile di eventuali utilizzi fraudolenti dei suddetti strumenti di pagamento.<\/p><h3 class=\"wp-block-heading\">5) TRASPORTO E CONSEGNA<\/h3><p>I Prodotti acquistati sul Sito verranno consegnati all\u2019indirizzo indicato dal Cliente durante la procedura d\u2019acquisto nell\u2019apposito campo \u201cDati di Spedizione\u201d. Tutti gli acquisti verranno consegnati mediante corriere espresso (di seguito, \u201cCorriere\u201d) dal luned\u00ec al venerd\u00ec, esclusi festivi e feste nazionali. VANNELLI srl non \u00e8 responsabile per ritardi non prevedibili o non imputabili ad essa. In ogni caso, salvo in casi di forza maggiore o caso fortuito, i Prodotti ordinati saranno consegnati entro un termine di 15 (quindici) giorni lavorativi a decorrere dal giorno successivo a quello in cui VANNELLI SRL ha confermato l\u2019ordine al Cliente tramite apposita email di conferma e spedizione dell\u2019ordine. Il predetto termine di 15 giorni lavorativi si applica per le spedizioni in Italia e all\u2019estero, fatta solo eccezione per i paesi non appartenenti all\u2019Unione Europea per i quali il termine di 15 giorni potr\u00e0 essere aumentato in funzione dei diversi tempi di sdoganamento locali. Servizi di consegna attivi in Italia: DHL, BRT . Le condizioni relative a tale trasporto sono riportate sul sito di ogni corriere sopra riportato, fornitore del servizio. In ogni caso VANNELLI SRL si riserva di utilizzare in qualsiasi momento altri corrieri nel caso in cui il servizio offerto da tali corrieri sia pi\u00f9 efficiente o efficace. Servizi di consegna attivi all\u2019Estero: DHL. Le spedizioni all&#8217;estero potranno avvenire con corrieri diversi a seconda del Paese di destinazione in modo da assicurare al Cliente la migliore tariffa disponibile. Il cliente si impegna a contestare immediatamente eventuali danni all&#8217;imballo e\/o al prodotto o la mancata corrispondenza del numero dei colli o delle indicazioni apponendo specifica indicazione sul documento di consegna. Con la firma del documento del corriere, il Cliente attesta la reale integrit\u00e0 esteriore del prodotto e la conformit\u00e0 della consegna.<\/p><h3 class=\"wp-block-heading\">6) DIRITTO DI RECESSO<\/h3><p>Il Cliente ha diritto di recedere dal contratto di acquisto per qualsiasi motivo, senza necessit\u00e0 di fornire spiegazioni e senza alcuna penalit\u00e0, fatti salvi i casi di esclusione esplicitamente previsti al successivo punto 4. Per esercitare tale diritto, il Cliente dovr\u00e0 inviare a VANNELLI SRL una comunicazione scritta entro 14 giorni dalla data di ricevimento dei Prodotti tramite raccomandata ovvero, qualora intenda esercitare il recesso prima di aver ricevuto i Prodotti, la comunicazione di recesso potr\u00e0 essere inviata in qualunque momento prima del loro ricevimento. Tale comunicazione dovr\u00e0 essere inviata a mezzo lettera raccomandata A\/R, indirizzata a: Vannelli S.r.l. Viale Regina Elena 14 52044 Cortona (AR) ed anticipata via email all\u2019indirizzo info@vannelli.coffee Vannelli S.r.l. provveder\u00e0, una volta ricevuta la comunicazione, ad aprire una pratica per la gestione del reso e a comunicare al Cliente le istruzioni sulla modalit\u00e0 di restituzione dei Prodotti. Il diritto di recesso \u00e8 disciplinato dalle seguenti condizioni:<\/p><ol class=\"wp-block-list\"><li>Il diritto si applica al Prodotto acquistato nella sua interezza; pertanto qualora il Prodotto sia composto da pi\u00f9 componenti o parti non \u00e8 possibile esercitare il recesso solamente su parte del Prodotto acquistato.<\/li><li>In caso di esercizio del diritto di recesso Vannelli S.r.l. rimborser\u00e0 al cliente l\u2019intero importo della merce resa, escluse le spese di spedizione ove previste, entro 14 giorni dalla data in cui \u00e8 stata ricevuta la comunicazione di recesso, fermo restando il diritto di Vannelli S.r.l. di sospendere il pagamento del rimborso fino all\u2019effettivo ricevimento dei beni. Il rimborso avverr\u00e0 utilizzando lo stesso metodo di pagamento usato dal Cliente.<\/li><li>I Prodotti devono essere restituiti nella stessa scatola in cui sono stati ricevuti.<\/li><li>Oltre ai casi di cliente non consumatore e\/o che richiede la fattura, il diritto di recesso \u00e8 escluso nei seguenti casi, ai sensi dell\u2019art. 59 d.lgs 21\/2014:\n<ul>\n<li>ordine di Prodotti realizzati o confezionati su misura. Questa categoria comprende le confezioni di caff\u00e8 tostate su ordine, di qualsivoglia;<\/li>\n<li>variet\u00e0 e\/o formato;<\/li><li>ordine di Prodotti che rischiano di deteriorarsi o scadere rapidamente;<\/li>\n<li>ordine di Prodotti sigillati che non si prestano ad essere restituiti per motivi igienici o connessi alla protezione della salute o che sono stati aperti dopo la consegna.<\/li>\n<\/ul>\n<\/li><\/ol><p>Con riferimento ai casi di esclusione del recesso sopra elencati il Cliente, in particolare, \u00e8 informato ed accetta che tra i Prodotti che tra i \u201cProdotti realizzati o confezionati su misura\u201d e\/o \u201cProdotti che rischiano di deteriorarsi o scadere rapidamente\u201d rientrano tutti i Prodotti alimentari offerti sul sito, in quanto la caratteristiche e le qualit\u00e0 di tali tipi di Prodotti sono soggetti ad alterazione anche in conseguenza di una conservazione non appropriata. Pertanto, per motivi igienici e di tutela dei Clienti, il diritto di recesso \u00e8 applicabile unicamente per i Prodotti acquistati sul Sito di natura non alimentare e che sono adatti ad essere rimessi in commercio senza pericoli per la salute dei consumatori (quali ad esempio gadget, tools, ecc.).<\/p><h3 class=\"wp-block-heading\">7) GARANZIA E DIFETTI DI CONFORMIT\u00c0<\/h3><p>In caso di difetti di conformit\u00e0 di Prodotti, diversi da quelli alimentari, venduti da Vannelli S.r.l. il Cliente dovr\u00e0 contattare immediatamente Vannelli S.r.l. utilizzando l\u2019apposito indirizzo email info@vannelli.coffee Alla vendita dei Prodotti si applicano le garanzie legali previste dagli articoli 129, 130 e 132 del Codice del Consumo. Il Cliente ha diritto, a sua scelta e a condizione che la tipologia del Prodotto lo consenta, al ripristino, senza spese, della conformit\u00e0 del Prodotto mediante riparazione o sostituzione, oppure ad una adeguata riduzione del prezzo o alla risoluzione del contratto. Il Cliente decade da tali diritti se non denuncia a Vannelli S.r.l. il difetto di conformit\u00e0 entro il termine di 15 giorni dalla data in cui ha scoperto il difetto, sempre che non si tratti di Prodotto che per sua natura \u00e8 deperibile o soggetto a scadenza in un termine pi\u00f9 breve, nel qual caso il difetto dovr\u00e0 essere denunciato entro tale termine ridotto.<\/p><h3 class=\"wp-block-heading\">8) ERRORI E LIMITAZIONI DI RESPONSABILIT\u00c0<\/h3><p>Le informazioni relative ai Prodotti fornite attraverso il Sito sono costantemente aggiornate. Non \u00e8 tuttavia possibile garantire la completa assenza di errori dei quali pertanto Vannelli S.r.l. non potr\u00e0 considerarsi responsabile, salvo in caso di dolo o colpa grave. Vannelli S.r.l. si riserva il diritto di correggere gli errori, le inesattezze o le omissioni anche dopo che sia stato inviato un ordine, oppure di modificare o aggiornare le informazioni in qualsiasi momento senza preventiva comunicazione, fermi restando i diritti del Cliente ai sensi delle presenti Condizioni Generali e del Codice del Consumo. Salvo dolo o colpa grave, viene escluso ogni diritto del Cliente al risarcimento di danni o al riconoscimento di un indennizzo, nonch\u00e9 qualsiasi responsabilit\u00e0 contrattuale o extracontrattuale per danni diretti o indiretti a persone e\/o cose, provocati dalla mancata accettazione o evasione, anche parziale, di un ordine.<\/p><h3 class=\"wp-block-heading\">9) RECLAMI<\/h3><p>Ogni eventuale reclamo dovr\u00e0 essere inoltrato ad Vannelli S.r.l. mediante raccomandata a\/r al seguente indirizzo: Vannelli S.r.l., Viale Regina Elena 14 ,52044 Cortona (AR) Vannelli S.r.l. si impegna a rispondere a tutte le richieste pervenute entro un massimo di 7gg lavorativi.<\/p><h3 class=\"wp-block-heading\">10) LEGGE APPLICABILE E FORO COMPETENTE<\/h3><p>Il contratto di vendita tra il Cliente e s\u2019intende concluso in Italia e regolato dalla Legge Italiana. Per la soluzione di controversie relative all\u2019interpretazione, esecuzione o risoluzione delle presenti Condizioni Generali o di singoli ordini di acquisto se il Cliente \u00e8 un consumatore ai sensi del Codice del Consumo, sar\u00e0 competente in via esclusiva il foro del suo comune di residenza o di domicilio se ubicato nel territorio italiano; in tutti gli altri casi, la competenza territoriale \u00e8 esclusivamente quella del Foro di Arezzo, ogni eventuale altro foro competente escluso. *** Ai sensi dell\u2019articolo 1341 c.c. il Cliente dichiara di aver letto e di accettare specificamente i seguenti articoli delle presenti Condizioni Generali: (responsabilit\u00e0 per ritardi nella consegna) e (facolt\u00e0 di correggere errori \u2013 esclusioni di responsabilit\u00e0). <\/p>","protected":false},"excerpt":{"rendered":"<p>Il venditore dei prodotti nonch\u00e9 titolare del sito \u00e8 Vannelli S.r.l con sede in Viale regina elena 14, Cortona, 52044 (Ar) C.F\/ P.I.:02326290513, Rea: AR-178366\u2013 indirizzo e-mail: info@vannelli.coffee. Le presenti condizioni generali di vendita hanno per oggetto la disciplina Dell\u2019acquisto dei prodotti effettuato a distanza e resi disponibili, tramite il sito vannelli.coffee (nel seguito, il [&hellip;]<\/p>\n","protected":false},"author":7,"featured_media":0,"parent":0,"menu_order":0,"comment_status":"closed","ping_status":"closed","template":"","meta":{"_acf_changed":false,"_monsterinsights_skip_tracking":false,"_monsterinsights_sitenote_active":false,"_monsterinsights_sitenote_note":"","_monsterinsights_sitenote_category":0,"footnotes":""},"class_list":["post-1126","page","type-page","status-publish","hentry"],"acf":[],"yoast_head":"<!-- This site is optimized with the Yoast SEO plugin v27.4 - https:\/\/yoast.com\/product\/yoast-seo-wordpress\/ -->\n<title>Condizioni di vendita | Vannelli Coffee | Specialty Coffee | Vannelli Coffee |<\/title>\n<meta name=\"description\" content=\"In questa pagina puoi trovare le condizioni di vendita relative all&#039;acquisto di prodotti sul sito vannelli.coffee.\" \/>\n<meta name=\"robots\" content=\"index, follow, max-snippet:-1, max-image-preview:large, max-video-preview:-1\" \/>\n<link rel=\"canonical\" href=\"https:\/\/vannelli.coffee\/it\/condizioni-di-vendita\/\" \/>\n<meta property=\"og:locale\" content=\"it_IT\" \/>\n<meta property=\"og:type\" content=\"article\" \/>\n<meta property=\"og:title\" content=\"Condizioni di vendita | Vannelli Coffee | Specialty Coffee | Vannelli Coffee |\" \/>\n<meta property=\"og:description\" content=\"In questa pagina puoi trovare le condizioni di vendita relative all&#039;acquisto di prodotti sul sito vannelli.coffee.\" \/>\n<meta property=\"og:url\" content=\"https:\/\/vannelli.coffee\/it\/condizioni-di-vendita\/\" \/>\n<meta property=\"og:site_name\" content=\"Vannelli Coffee\" \/>\n<meta property=\"article:publisher\" content=\"https:\/\/www.facebook.com\/vannelli.coffee\/\" \/>\n<meta property=\"article:modified_time\" content=\"2020-09-09T10:49:31+00:00\" \/>\n<meta name=\"twitter:card\" content=\"summary_large_image\" \/>\n<meta name=\"twitter:label1\" content=\"Tempo di lettura stimato\" \/>\n\t<meta name=\"twitter:data1\" content=\"10 minuti\" \/>\n<script type=\"application\/ld+json\" class=\"yoast-schema-graph\">{\"@context\":\"https:\\\/\\\/schema.org\",\"@graph\":[{\"@type\":[\"WebPage\",\"CheckoutPage\"],\"@id\":\"https:\\\/\\\/vannelli.coffee\\\/it\\\/condizioni-di-vendita\\\/\",\"url\":\"https:\\\/\\\/vannelli.coffee\\\/it\\\/condizioni-di-vendita\\\/\",\"name\":\"Condizioni di vendita | Vannelli Coffee | Specialty Coffee | Vannelli Coffee |\",\"isPartOf\":{\"@id\":\"https:\\\/\\\/vannelli.coffee\\\/it\\\/#website\"},\"datePublished\":\"2020-01-16T11:18:24+00:00\",\"dateModified\":\"2020-09-09T10:49:31+00:00\",\"description\":\"In questa pagina puoi trovare le condizioni di vendita relative all'acquisto di prodotti sul sito vannelli.coffee.\",\"breadcrumb\":{\"@id\":\"https:\\\/\\\/vannelli.coffee\\\/it\\\/condizioni-di-vendita\\\/#breadcrumb\"},\"inLanguage\":\"it-IT\",\"potentialAction\":[{\"@type\":\"ReadAction\",\"target\":[\"https:\\\/\\\/vannelli.coffee\\\/it\\\/condizioni-di-vendita\\\/\"]}]},{\"@type\":\"BreadcrumbList\",\"@id\":\"https:\\\/\\\/vannelli.coffee\\\/it\\\/condizioni-di-vendita\\\/#breadcrumb\",\"itemListElement\":[{\"@type\":\"ListItem\",\"position\":1,\"name\":\"Home\",\"item\":\"https:\\\/\\\/vannelli.coffee\\\/it\\\/\"},{\"@type\":\"ListItem\",\"position\":2,\"name\":\"Condizioni di vendita\"}]},{\"@type\":\"WebSite\",\"@id\":\"https:\\\/\\\/vannelli.coffee\\\/it\\\/#website\",\"url\":\"https:\\\/\\\/vannelli.coffee\\\/it\\\/\",\"name\":\"Vannelli Coffee\",\"description\":\"We Are What We Roast\",\"publisher\":{\"@id\":\"https:\\\/\\\/vannelli.coffee\\\/it\\\/#organization\"},\"potentialAction\":[{\"@type\":\"SearchAction\",\"target\":{\"@type\":\"EntryPoint\",\"urlTemplate\":\"https:\\\/\\\/vannelli.coffee\\\/it\\\/?s={search_term_string}\"},\"query-input\":{\"@type\":\"PropertyValueSpecification\",\"valueRequired\":true,\"valueName\":\"search_term_string\"}}],\"inLanguage\":\"it-IT\"},{\"@type\":\"Organization\",\"@id\":\"https:\\\/\\\/vannelli.coffee\\\/it\\\/#organization\",\"name\":\"Vannelli Coffee\",\"url\":\"https:\\\/\\\/vannelli.coffee\\\/it\\\/\",\"logo\":{\"@type\":\"ImageObject\",\"inLanguage\":\"it-IT\",\"@id\":\"https:\\\/\\\/vannelli.coffee\\\/it\\\/#\\\/schema\\\/logo\\\/image\\\/\",\"url\":\"https:\\\/\\\/vannelli.coffee\\\/wp-content\\\/uploads\\\/2020\\\/01\\\/logo-2.jpg\",\"contentUrl\":\"https:\\\/\\\/vannelli.coffee\\\/wp-content\\\/uploads\\\/2020\\\/01\\\/logo-2.jpg\",\"width\":150,\"height\":150,\"caption\":\"Vannelli Coffee\"},\"image\":{\"@id\":\"https:\\\/\\\/vannelli.coffee\\\/it\\\/#\\\/schema\\\/logo\\\/image\\\/\"},\"sameAs\":[\"https:\\\/\\\/www.facebook.com\\\/vannelli.coffee\\\/\",\"https:\\\/\\\/www.instagram.com\\\/vannelli.coffee\\\/\"]}]}<\/script>\n<!-- \/ Yoast SEO plugin. -->","yoast_head_json":{"title":"Condizioni di vendita | Vannelli Coffee | Specialty Coffee | Vannelli Coffee |","description":"In questa pagina puoi trovare le condizioni di vendita relative all'acquisto di prodotti sul sito vannelli.coffee.","robots":{"index":"index","follow":"follow","max-snippet":"max-snippet:-1","max-image-preview":"max-image-preview:large","max-video-preview":"max-video-preview:-1"},"canonical":"https:\/\/vannelli.coffee\/it\/condizioni-di-vendita\/","og_locale":"it_IT","og_type":"article","og_title":"Condizioni di vendita | Vannelli Coffee | Specialty Coffee | Vannelli Coffee |","og_description":"In questa pagina puoi trovare le condizioni di vendita relative all'acquisto di prodotti sul sito vannelli.coffee.","og_url":"https:\/\/vannelli.coffee\/it\/condizioni-di-vendita\/","og_site_name":"Vannelli Coffee","article_publisher":"https:\/\/www.facebook.com\/vannelli.coffee\/","article_modified_time":"2020-09-09T10:49:31+00:00","twitter_card":"summary_large_image","twitter_misc":{"Tempo di lettura stimato":"10 minuti"},"schema":{"@context":"https:\/\/schema.org","@graph":[{"@type":["WebPage","CheckoutPage"],"@id":"https:\/\/vannelli.coffee\/it\/condizioni-di-vendita\/","url":"https:\/\/vannelli.coffee\/it\/condizioni-di-vendita\/","name":"Condizioni di vendita | Vannelli Coffee | Specialty Coffee | Vannelli Coffee |","isPartOf":{"@id":"https:\/\/vannelli.coffee\/it\/#website"},"datePublished":"2020-01-16T11:18:24+00:00","dateModified":"2020-09-09T10:49:31+00:00","description":"In questa pagina puoi trovare le condizioni di vendita relative all'acquisto di prodotti sul sito vannelli.coffee.","breadcrumb":{"@id":"https:\/\/vannelli.coffee\/it\/condizioni-di-vendita\/#breadcrumb"},"inLanguage":"it-IT","potentialAction":[{"@type":"ReadAction","target":["https:\/\/vannelli.coffee\/it\/condizioni-di-vendita\/"]}]},{"@type":"BreadcrumbList","@id":"https:\/\/vannelli.coffee\/it\/condizioni-di-vendita\/#breadcrumb","itemListElement":[{"@type":"ListItem","position":1,"name":"Home","item":"https:\/\/vannelli.coffee\/it\/"},{"@type":"ListItem","position":2,"name":"Condizioni di vendita"}]},{"@type":"WebSite","@id":"https:\/\/vannelli.coffee\/it\/#website","url":"https:\/\/vannelli.coffee\/it\/","name":"Vannelli Coffee","description":"We Are What We Roast","publisher":{"@id":"https:\/\/vannelli.coffee\/it\/#organization"},"potentialAction":[{"@type":"SearchAction","target":{"@type":"EntryPoint","urlTemplate":"https:\/\/vannelli.coffee\/it\/?s={search_term_string}"},"query-input":{"@type":"PropertyValueSpecification","valueRequired":true,"valueName":"search_term_string"}}],"inLanguage":"it-IT"},{"@type":"Organization","@id":"https:\/\/vannelli.coffee\/it\/#organization","name":"Vannelli Coffee","url":"https:\/\/vannelli.coffee\/it\/","logo":{"@type":"ImageObject","inLanguage":"it-IT","@id":"https:\/\/vannelli.coffee\/it\/#\/schema\/logo\/image\/","url":"https:\/\/vannelli.coffee\/wp-content\/uploads\/2020\/01\/logo-2.jpg","contentUrl":"https:\/\/vannelli.coffee\/wp-content\/uploads\/2020\/01\/logo-2.jpg","width":150,"height":150,"caption":"Vannelli Coffee"},"image":{"@id":"https:\/\/vannelli.coffee\/it\/#\/schema\/logo\/image\/"},"sameAs":["https:\/\/www.facebook.com\/vannelli.coffee\/","https:\/\/www.instagram.com\/vannelli.coffee\/"]}]}},"_links":{"self":[{"href":"https:\/\/vannelli.coffee\/it\/wp-json\/wp\/v2\/pages\/1126","targetHints":{"allow":["GET"]}}],"collection":[{"href":"https:\/\/vannelli.coffee\/it\/wp-json\/wp\/v2\/pages"}],"about":[{"href":"https:\/\/vannelli.coffee\/it\/wp-json\/wp\/v2\/types\/page"}],"author":[{"embeddable":true,"href":"https:\/\/vannelli.coffee\/it\/wp-json\/wp\/v2\/users\/7"}],"replies":[{"embeddable":true,"href":"https:\/\/vannelli.coffee\/it\/wp-json\/wp\/v2\/comments?post=1126"}],"version-history":[{"count":3,"href":"https:\/\/vannelli.coffee\/it\/wp-json\/wp\/v2\/pages\/1126\/revisions"}],"predecessor-version":[{"id":3895,"href":"https:\/\/vannelli.coffee\/it\/wp-json\/wp\/v2\/pages\/1126\/revisions\/3895"}],"wp:attachment":[{"href":"https:\/\/vannelli.coffee\/it\/wp-json\/wp\/v2\/media?parent=1126"}],"curies":[{"name":"wp","href":"https:\/\/api.w.org\/{rel}","templated":true}]}}