{"id":1132,"date":"2019-12-09T08:42:07","date_gmt":"2019-12-09T08:42:07","guid":{"rendered":"https:\/\/vannelli.coffee\/privacy-policy\/"},"modified":"2020-01-16T15:14:46","modified_gmt":"2020-01-16T14:14:46","slug":"privacy-policy","status":"publish","type":"page","link":"https:\/\/vannelli.coffee\/it\/privacy-policy\/","title":{"rendered":"Informativa Privacy"},"content":{"rendered":"<p>in base al Regolamento UE n. 679\/2016<\/p>\n<p>Gentile utente,<\/p>\n<p>La nostra azienda tutela la riservatezza dei dati personali e garantisce ad essi la protezione necessaria da ogni evento che possa metterli a rischio di violazione.<\/p>\n<p>In questa informativa, in linea con quanto descritto nel Regolamento UE 679\/2016 (da qui in avanti &ldquo;Regolamento&rdquo;) Le vengono descritti le tipologie di dati e le finalit&agrave; per le quali questi vengono conservati e trattati.<\/p>\n<h2>Titolare del trattamento<\/h2>\n<p>Il Titolare del trattamento dei dati &egrave; il signor <strong>Giacomo Vannelli<\/strong><\/p>\n<p>Le &egrave; possibile inviare richieste riguardanti la protezione dei Suoi dati personali scrivendo all&rsquo;indirizzo <a href=\"mailto:info@vannelli.coffee\">info@vannelli.coffee<\/a>.<\/p>\n<h2>Dati raccolti<\/h2>\n<p>I dati raccolti sono<\/p>\n<ul>\n    <li><strong>Dati di navigazione<\/strong><br \/>Dati riguardanti la navigazione dell&rsquo;utente sul sito. A titolo esemplificativo l&rsquo;IP di provenienza, tipologia di software utilizzato per la navigazione, log ecc.<\/li>\n    <li><strong>Dati anagrafici<\/strong><br \/>Dati personali quali (a titolo esemplificativo) nome, indirizzo fisico, provincia o comune di residenza, telefono, indirizzo\/i email, ecc.<\/li>\n    <li><strong>Dati volontariamente forniti dall&rsquo;interessato<\/strong><br \/>ll&rsquo;interno del Sito &egrave; possibile la compilazione di form, attraverso i quali si possono portare a compimento (a titolo esemplificativo) richieste di contatto o di assistenza. In questo caso Le chiediamo di non inserire dati personali che possono rientrare nelle tipologie previste dall&rsquo;art. 9 del Regolamento.<\/li>\n    <li><strong>Dati bancari<\/strong><br \/>I dati bancari raccolti sono esclusivamente i dati relativi ai pagamenti inseriti dagli utenti. L\u2019azienda tratter\u00e0 i dati ricevuti dalle societ\u00e0 di pagamento digitale e dagli Istituti gestori dei pagamenti con carte di credito, solamente allo scopo di chiedere un\u2019informazione di ritorno sullo status legato al pagamento (a buon fine\/rifiutato). Tutte le informazioni ulteriori relative al conto, alla carta prepagata o alla carta di credito sono memorizzate dagli enti che gestiscono il relativo servizio.<\/li>\n\t<li><strong>Dati personali relativi alle agevolazioni fiscali<\/strong><br \/>Qualora Lei richieda di beneficiare delle agevolazioni fiscali previste per l\u2019acquisto di sussidi tecnici ed informatici per persone con disabilit\u00e0 (come previsto dal D.L. 669\/1996 convertito in Legge 28 febbraio 1997 n. 30), l\u2019azienda potrebbe trattare Dati Personali di cui all\u2019art. 9 del Regolamento e, in particolar modo, di dati relativi alla sua salute, al fine di valutare la sussistenza dei requisiti richiesti dalla normativa di riferimento per poter beneficiare dell\u2019agevolazione fiscale di IVA al 4% richiesta.<\/li>\n<\/ul>\n<p>L&rsquo;azienda non richiede all&rsquo;interessato di fornire dati cosiddetti &ldquo;particolari&rdquo;, ovvero, secondo quanto previsto dal GDPR art. 9, i dati personali che rivelino l&rsquo;origine razziale o etnica, le opinioni politiche, le convinzioni religiose o filosofiche, o l&rsquo;appartenenza sindacale, nonch&eacute; dati genetici, dati biometrici intesi a identificare in modo univoco una persona fisica, dati relativi alla salute o alla vita sessuale o all&rsquo;orientamento sessuale della persona.<\/p>\n<h2>Trasferimento dei dati personali al di fuori dell&rsquo;UE<\/h2>\n<p>Nessuno dei Suoi dati raccolti sar&agrave; soggetto a trasferimento, copia e\/o recupero da parte nostra al di fuori dell&rsquo;UE.<\/p>\n<h2>Finalit&agrave;<\/h2>\n<p>I dati forniti al Titolare servono per dar seguito a richieste di iscrizione anagrafica ed al contratto di fornitura del Servizio prescelto e\/o del Prodotto acquistato, gestire ed eseguire le richieste di contatto inoltrate dall&rsquo;Interessato, fornire assistenza e adempiere agli obblighi di legge a cui il Titolare &egrave; tenuto. In nessun caso l&rsquo;azienda rivende i Suoi dati personali a terzi, n&eacute; li utilizza per finalit&agrave; non dichiarate.<\/p>\n<p>In particolare i dati dell&rsquo;Interessato sono trattati per:<\/p>\n<ul>\n    <li><strong>L&rsquo;iscrizione anagrafica e le richieste di contatto e\/o di materiale informativo<\/strong><br \/>I dati personali dell&rsquo;Interessato verranno utilizzati per dar corso alle attivit&agrave; preliminari di iscrizione anagrafica, alla gestione delle richieste di informazioni di contatto e\/o di materiale informativo e per l&rsquo;adempimento di ogni altro obbligo derivante.<\/li>\n    <li><strong>La gestione del rapporto contrattuale<\/strong><br \/>I dati personali dell&rsquo;interessato verranno utilizzati per dar corso alle attivit&agrave; preliminari e conseguenti all&rsquo;acquisto di un servizio e\/o prodotto, la gestione del relativo ordine, l&rsquo;erogazione del servizio stesso e\/o la produzione e\/o la spedizione del prodotto acquistato, la relativa fatturazione e la gestione del pagamento, la trattazione dei reclami e\/o delle segnalazioni al servizio d&rsquo;assistenza e l&rsquo;erogazione dell&rsquo;assistenza stessa e l&rsquo;adempimento di ogni altro obbligo derivante dal contratto.<\/li>\n    <li><strong>Sicurezza informatica<\/strong><br \/>Il Titolare, come previsto dal Considerando 49 del GDPR, tratta, anche per mezzo dei suoi fornitori (terzi e\/o destinatari), i dati personali dell&rsquo;interessato relativi al traffico in misura strettamente necessaria e proporzionata per garantire la sicurezza delle reti e dell&rsquo;informazione. Il Titolare informer&agrave; prontamente gli interessati, qualora sussista un particolare rischio di violazione dei loro dati fatti salvi gli obblighi derivanti da quanto previsto dall&rsquo;art. 33 del Regolamento relativo alle notifiche di violazione di dati personali.<\/li>\n    <li><strong>Profilazione<\/strong><br \/>Previo Suo consenso, utilizzeremo i dati forniti anche per finalit&agrave; di profilazione, quali analisi dei dati trasmessi e dei servizi\/prodotti prescelti, proposta di messaggi pubblicitari e\/o proposte commerciali in linea con le scelte manifestate per adeguare quanto pi&ugrave; possibile l&rsquo;offerta commerciale al Suo profilo e alle Sue esigenze.<\/li>\n\t<li><strong>Attivit\u00e0 promozionali su Servizi\/Prodotti  analoghi a quelli acquistati da Lei<\/strong><br \/>Il titolare del trattamento, anche senza un Suo esplicito consenso, potr\u00e0 utilizzare i dati di contatto comunicati dall\u2019interessato, ai fini di vendita diretta di propri servizi\/prodotti, limitatamente al caso in cui si tratti di servizi\/prodotti analoghi a quelli in oggetto della vendita, a meno che l\u2019interessato non si opponga esplicitamente.<\/li>\n\t<li><strong>Attivit\u00e0 di promozione commerciale su Servizi\/Prodotti differenti rispetto a quelli acquistati dall\u2019Interessato<\/strong><br \/>I dati personali dell\u2019interessato potranno essere trattati anche per finalit\u00e0 di promozione commerciale, per indagini e ricerche di mercato con riguardo a Servizi\/Prodotti che il Titolare offre solo se l\u2019interessato ha autorizzato il trattamento e non si oppone a questo.<br \/>Tale trattamento pu\u00f2 avvenire, anche in modo automatizzato, con le seguenti modalit\u00e0:\n\t<ul>\n\t\t<li>e-mail;<\/li>\n    \t<li>SMS;<\/li>\n    \t<li>contatto telefonico<\/li>\n\t<\/ul>\n\te pu\u00f2 essere svolto:<br \/>\n\t<ol type=\"A\">\n\t\t<li>qualora l\u2019interessato non abbia revocato il suo consenso per l\u2019utilizzo dei dati;<\/li>\n\t\t<li>qualora, nel caso in cui il trattamento si svolga mediante contatto con operatore telefonico, l\u2019interessato non sia iscritto al registro delle opposizioni di cui al D.P.R. n. 178\/2010;<\/li>\n\t<\/ol><\/li>\n<\/ul>\n<h2>Basi Giuridiche<\/h2>\n<ul>\n    <li><strong>Iscrizione anagrafica e le richieste di contatto e\/o di materiale informativo<\/strong><br \/>Base giuridica &egrave; l&rsquo;adempimento alle prestazioni inerenti alla richiesta di iscrizione, di informazioni e di contatto e\/o di invio di materiale informativo ed il rispetto di obblighi di legge.<\/li>\n    <li><strong>Gestione del rapporto contrattuale<\/strong><br \/>Base giuridica &egrave; l&rsquo;adempimento alle prestazioni inerenti il rapporto contrattuale ed il rispetto di obblighi di legge.<\/li>\n    <li><strong>Sicurezza informatica<\/strong><br \/>Base giuridica di tali trattamenti &egrave; il rispetto di obblighi di legge in osservanza di quanto previsto dall&rsquo;art. 32 del Regolamento, oltre all&rsquo;interesse legittimo del Titolare a tutelare il patrimonio aziendale e la sicurezza dei sistemi.<\/li>\n    <li><strong>Profilazione<\/strong><br \/>Base giuridica per i trattamenti eseguiti per la finalit&agrave; profilazione &egrave; lo specifico consenso rilasciato dall&rsquo;interessato ai sensi dell&rsquo;art. 6 del Regolamento, il quale &egrave; revocabile dall&rsquo;Interessato liberamente ed in qualsiasi momento.<\/li>\n\t<li><strong>Attivit\u00e0 promozionali su servizi\/prodotti analoghi a quelli acquistati da Lei<\/strong><br \/>Base giuridica per i trattamenti eseguiti per la finalit\u00e0 di attivit\u00e0 promozionale su Servizi\/Prodotti analoghi a quelli acquistati dall\u2019Interessato \u00e8 lo specifico consenso rilasciato dall\u2019interessato ai sensi dell\u2019art. 6 del Regolamento.<\/li>\n\t<li><strong>Attivit\u00e0 di promozione commerciale su Servizi\/Prodotti differenti rispetto a quelli acquistati dall\u2019Interessato<\/strong><br \/>Base giuridica di tali trattamenti \u00e8 il consenso prestato dall\u2019interessato preliminarmente al trattamento stesso, il quale \u00e8 revocabile dall\u2019interessato liberamente ed in qualsiasi momento.<\/li>\n<\/ul>\n<h2>Conservazione dei dati<\/h2>\n<p>Il trattamento dei dati avverr&agrave; nel pieno rispetto dei principi di riservatezza, correttezza, necessit&agrave;, pertinenza, liceit&agrave; e trasparenza imposti dal Regolamento per il tempo necessario al conseguimento degli scopi per cui i dati sono stati raccolti e, in ogni caso, non oltre 10 anni dalla loro raccolta per le finalit&agrave; di Servizio o, nel caso di acquisto di Servizi\/Prodotti, per il tempo necessario all&rsquo;esecuzione delle condizioni contrattuali.<\/p>\n<p>Per l\u2019analisi delle Sue scelte di consumo, ove da Lei autorizzata, saranno esaminati i Suoi acquisti che hanno una profondit\u00e0 storica non superiore a 24 mesi. Il trattamento dei dati potr\u00e0 avvenire sia con strumenti manuali che con l&#8217;utilizzo di software dedicati e sar\u00e0 svolto, per le finalit\u00e0 anche mediante processi decisionali automatizzati.<\/p>\n<h2>Diritti degli interessati<\/h2>\n<p>Le ricordiamo che Le sono riconosciuti i diritti di cui gli art. 15 e seguenti del Regolamento. In qualsiasi momento, Lei potr&agrave; richiedere di:<\/p>\n<ul>\n    <li>ricevere conferma dell&rsquo;esistenza dei suoi dati personali, conoscere le finalit&agrave; del trattamento o il loro ambito di circolazione e accedere al loro contenuto;<\/li>\n    <li>aggiornare, modificare e\/o correggere i Suoi dati personali;<\/li>\n    <li>chiederne la cancellazione, la trasformazione in forma anonima, il blocco dei dati trattati in violazione di legge o la limitazione del trattamento;<\/li>\n    <li>opporsi per motivi legittimi al trattamento, compresa la profilazione;<\/li>\n    <li>opporsi al trattamento di dati a fini di invio di materiale pubblicitario o di vendita diretta o per il compimento di ricerche di mercato o di comunicazione commerciale;<\/li>\n    <li>revocare il consenso, ove prestato, senza pregiudizio per la liceit&agrave; del trattamento basata sul consenso prestato prima della revoca;<\/li>\n    <li>ricevere copia dei dati da Lei forniti e chiedere che tali dati siano trasmessi ad un altro titolare del trattamento.<\/li>\n<\/ul>\n<p>Qualora ravvisasse una violazione dei suoi diritti pu&ograve; rivolgersi all&rsquo;autorit&agrave; di controllo competente ai sensi dell&rsquo;art. 77 del Regolamento, resta salva la possibilit&agrave; di rivolgersi direttamente all&rsquo;autorit&agrave; giudiziaria.<\/p>","protected":false},"excerpt":{"rendered":"<p>in base al Regolamento UE n. 679\/2016 Gentile utente, La nostra azienda tutela la riservatezza dei dati personali e garantisce ad essi la protezione necessaria da ogni evento che possa metterli a rischio di violazione. In questa informativa, in linea con quanto descritto nel Regolamento UE 679\/2016 (da qui in avanti &ldquo;Regolamento&rdquo;) Le vengono descritti [&hellip;]<\/p>\n","protected":false},"author":7,"featured_media":0,"parent":0,"menu_order":0,"comment_status":"closed","ping_status":"open","template":"","meta":{"_acf_changed":false,"_monsterinsights_skip_tracking":false,"_monsterinsights_sitenote_active":false,"_monsterinsights_sitenote_note":"","_monsterinsights_sitenote_category":0,"footnotes":""},"class_list":["post-1132","page","type-page","status-publish","hentry"],"acf":[],"yoast_head":"<!-- This site is optimized with the Yoast SEO plugin v27.4 - https:\/\/yoast.com\/product\/yoast-seo-wordpress\/ -->\n<title>Informativa Privacy | Vannelli Coffee<\/title>\n<meta name=\"robots\" content=\"index, follow, max-snippet:-1, max-image-preview:large, max-video-preview:-1\" \/>\n<link rel=\"canonical\" href=\"https:\/\/vannelli.coffee\/it\/privacy-policy\/\" \/>\n<meta property=\"og:locale\" content=\"it_IT\" \/>\n<meta property=\"og:type\" content=\"article\" \/>\n<meta property=\"og:title\" content=\"Informativa Privacy | Vannelli Coffee\" \/>\n<meta property=\"og:description\" content=\"in base al Regolamento UE n. 679\/2016 Gentile utente, La nostra azienda tutela la riservatezza dei dati personali e garantisce ad essi la protezione necessaria da ogni evento che possa metterli a rischio di violazione. In questa informativa, in linea con quanto descritto nel Regolamento UE 679\/2016 (da qui in avanti &ldquo;Regolamento&rdquo;) Le vengono descritti [&hellip;]\" \/>\n<meta property=\"og:url\" content=\"https:\/\/vannelli.coffee\/it\/privacy-policy\/\" \/>\n<meta property=\"og:site_name\" content=\"Vannelli Coffee\" \/>\n<meta property=\"article:publisher\" content=\"https:\/\/www.facebook.com\/vannelli.coffee\/\" \/>\n<meta property=\"article:modified_time\" content=\"2020-01-16T14:14:46+00:00\" \/>\n<meta name=\"twitter:card\" content=\"summary_large_image\" \/>\n<meta name=\"twitter:label1\" content=\"Tempo di lettura stimato\" \/>\n\t<meta name=\"twitter:data1\" content=\"8 minuti\" \/>\n<script type=\"application\/ld+json\" class=\"yoast-schema-graph\">{\"@context\":\"https:\\\/\\\/schema.org\",\"@graph\":[{\"@type\":\"WebPage\",\"@id\":\"https:\\\/\\\/vannelli.coffee\\\/it\\\/privacy-policy\\\/\",\"url\":\"https:\\\/\\\/vannelli.coffee\\\/it\\\/privacy-policy\\\/\",\"name\":\"Informativa Privacy | Vannelli Coffee\",\"isPartOf\":{\"@id\":\"https:\\\/\\\/vannelli.coffee\\\/it\\\/#website\"},\"datePublished\":\"2019-12-09T08:42:07+00:00\",\"dateModified\":\"2020-01-16T14:14:46+00:00\",\"breadcrumb\":{\"@id\":\"https:\\\/\\\/vannelli.coffee\\\/it\\\/privacy-policy\\\/#breadcrumb\"},\"inLanguage\":\"it-IT\",\"potentialAction\":[{\"@type\":\"ReadAction\",\"target\":[\"https:\\\/\\\/vannelli.coffee\\\/it\\\/privacy-policy\\\/\"]}]},{\"@type\":\"BreadcrumbList\",\"@id\":\"https:\\\/\\\/vannelli.coffee\\\/it\\\/privacy-policy\\\/#breadcrumb\",\"itemListElement\":[{\"@type\":\"ListItem\",\"position\":1,\"name\":\"Home\",\"item\":\"https:\\\/\\\/vannelli.coffee\\\/it\\\/\"},{\"@type\":\"ListItem\",\"position\":2,\"name\":\"Informativa Privacy\"}]},{\"@type\":\"WebSite\",\"@id\":\"https:\\\/\\\/vannelli.coffee\\\/it\\\/#website\",\"url\":\"https:\\\/\\\/vannelli.coffee\\\/it\\\/\",\"name\":\"Vannelli Coffee\",\"description\":\"We Are What We Roast\",\"publisher\":{\"@id\":\"https:\\\/\\\/vannelli.coffee\\\/it\\\/#organization\"},\"potentialAction\":[{\"@type\":\"SearchAction\",\"target\":{\"@type\":\"EntryPoint\",\"urlTemplate\":\"https:\\\/\\\/vannelli.coffee\\\/it\\\/?s={search_term_string}\"},\"query-input\":{\"@type\":\"PropertyValueSpecification\",\"valueRequired\":true,\"valueName\":\"search_term_string\"}}],\"inLanguage\":\"it-IT\"},{\"@type\":\"Organization\",\"@id\":\"https:\\\/\\\/vannelli.coffee\\\/it\\\/#organization\",\"name\":\"Vannelli Coffee\",\"url\":\"https:\\\/\\\/vannelli.coffee\\\/it\\\/\",\"logo\":{\"@type\":\"ImageObject\",\"inLanguage\":\"it-IT\",\"@id\":\"https:\\\/\\\/vannelli.coffee\\\/it\\\/#\\\/schema\\\/logo\\\/image\\\/\",\"url\":\"https:\\\/\\\/vannelli.coffee\\\/wp-content\\\/uploads\\\/2020\\\/01\\\/logo-2.jpg\",\"contentUrl\":\"https:\\\/\\\/vannelli.coffee\\\/wp-content\\\/uploads\\\/2020\\\/01\\\/logo-2.jpg\",\"width\":150,\"height\":150,\"caption\":\"Vannelli Coffee\"},\"image\":{\"@id\":\"https:\\\/\\\/vannelli.coffee\\\/it\\\/#\\\/schema\\\/logo\\\/image\\\/\"},\"sameAs\":[\"https:\\\/\\\/www.facebook.com\\\/vannelli.coffee\\\/\",\"https:\\\/\\\/www.instagram.com\\\/vannelli.coffee\\\/\"]}]}<\/script>\n<!-- \/ Yoast SEO plugin. -->","yoast_head_json":{"title":"Informativa Privacy | Vannelli Coffee","robots":{"index":"index","follow":"follow","max-snippet":"max-snippet:-1","max-image-preview":"max-image-preview:large","max-video-preview":"max-video-preview:-1"},"canonical":"https:\/\/vannelli.coffee\/it\/privacy-policy\/","og_locale":"it_IT","og_type":"article","og_title":"Informativa Privacy | Vannelli Coffee","og_description":"in base al Regolamento UE n. 679\/2016 Gentile utente, La nostra azienda tutela la riservatezza dei dati personali e garantisce ad essi la protezione necessaria da ogni evento che possa metterli a rischio di violazione. In questa informativa, in linea con quanto descritto nel Regolamento UE 679\/2016 (da qui in avanti &ldquo;Regolamento&rdquo;) Le vengono descritti [&hellip;]","og_url":"https:\/\/vannelli.coffee\/it\/privacy-policy\/","og_site_name":"Vannelli Coffee","article_publisher":"https:\/\/www.facebook.com\/vannelli.coffee\/","article_modified_time":"2020-01-16T14:14:46+00:00","twitter_card":"summary_large_image","twitter_misc":{"Tempo di lettura stimato":"8 minuti"},"schema":{"@context":"https:\/\/schema.org","@graph":[{"@type":"WebPage","@id":"https:\/\/vannelli.coffee\/it\/privacy-policy\/","url":"https:\/\/vannelli.coffee\/it\/privacy-policy\/","name":"Informativa Privacy | Vannelli Coffee","isPartOf":{"@id":"https:\/\/vannelli.coffee\/it\/#website"},"datePublished":"2019-12-09T08:42:07+00:00","dateModified":"2020-01-16T14:14:46+00:00","breadcrumb":{"@id":"https:\/\/vannelli.coffee\/it\/privacy-policy\/#breadcrumb"},"inLanguage":"it-IT","potentialAction":[{"@type":"ReadAction","target":["https:\/\/vannelli.coffee\/it\/privacy-policy\/"]}]},{"@type":"BreadcrumbList","@id":"https:\/\/vannelli.coffee\/it\/privacy-policy\/#breadcrumb","itemListElement":[{"@type":"ListItem","position":1,"name":"Home","item":"https:\/\/vannelli.coffee\/it\/"},{"@type":"ListItem","position":2,"name":"Informativa Privacy"}]},{"@type":"WebSite","@id":"https:\/\/vannelli.coffee\/it\/#website","url":"https:\/\/vannelli.coffee\/it\/","name":"Vannelli Coffee","description":"We Are What We Roast","publisher":{"@id":"https:\/\/vannelli.coffee\/it\/#organization"},"potentialAction":[{"@type":"SearchAction","target":{"@type":"EntryPoint","urlTemplate":"https:\/\/vannelli.coffee\/it\/?s={search_term_string}"},"query-input":{"@type":"PropertyValueSpecification","valueRequired":true,"valueName":"search_term_string"}}],"inLanguage":"it-IT"},{"@type":"Organization","@id":"https:\/\/vannelli.coffee\/it\/#organization","name":"Vannelli Coffee","url":"https:\/\/vannelli.coffee\/it\/","logo":{"@type":"ImageObject","inLanguage":"it-IT","@id":"https:\/\/vannelli.coffee\/it\/#\/schema\/logo\/image\/","url":"https:\/\/vannelli.coffee\/wp-content\/uploads\/2020\/01\/logo-2.jpg","contentUrl":"https:\/\/vannelli.coffee\/wp-content\/uploads\/2020\/01\/logo-2.jpg","width":150,"height":150,"caption":"Vannelli Coffee"},"image":{"@id":"https:\/\/vannelli.coffee\/it\/#\/schema\/logo\/image\/"},"sameAs":["https:\/\/www.facebook.com\/vannelli.coffee\/","https:\/\/www.instagram.com\/vannelli.coffee\/"]}]}},"_links":{"self":[{"href":"https:\/\/vannelli.coffee\/it\/wp-json\/wp\/v2\/pages\/1132","targetHints":{"allow":["GET"]}}],"collection":[{"href":"https:\/\/vannelli.coffee\/it\/wp-json\/wp\/v2\/pages"}],"about":[{"href":"https:\/\/vannelli.coffee\/it\/wp-json\/wp\/v2\/types\/page"}],"author":[{"embeddable":true,"href":"https:\/\/vannelli.coffee\/it\/wp-json\/wp\/v2\/users\/7"}],"replies":[{"embeddable":true,"href":"https:\/\/vannelli.coffee\/it\/wp-json\/wp\/v2\/comments?post=1132"}],"version-history":[{"count":2,"href":"https:\/\/vannelli.coffee\/it\/wp-json\/wp\/v2\/pages\/1132\/revisions"}],"predecessor-version":[{"id":1155,"href":"https:\/\/vannelli.coffee\/it\/wp-json\/wp\/v2\/pages\/1132\/revisions\/1155"}],"wp:attachment":[{"href":"https:\/\/vannelli.coffee\/it\/wp-json\/wp\/v2\/media?parent=1132"}],"curies":[{"name":"wp","href":"https:\/\/api.w.org\/{rel}","templated":true}]}}