{"id":2759,"date":"2020-03-09T10:07:13","date_gmt":"2020-03-09T09:07:13","guid":{"rendered":"https:\/\/vannelli.coffee\/our-team\/"},"modified":"2023-10-04T11:45:28","modified_gmt":"2023-10-04T10:45:28","slug":"il-team","status":"publish","type":"page","link":"https:\/\/vannelli.coffee\/it\/il-team\/","title":{"rendered":"Il Team"},"content":{"rendered":"<section class=\"block-team\">\n\t<div class=\"grid-container\">\n\n\t\t<div class=\"grid-x grid-padding-x\">\n\t\t\t<div class=\"cell large-12\">\n\t\t\t\t\t\t\t<\/div>\n\t\t\t\n\t\t\t\t\t<\/div>\n\n\t\t\t\t\t<div class=\"grid-x grid-padding-x alt-row align-bottom block-team-el\">\n\t\t\t\t<div class=\"cell large-6 medium-7 large-order-1 medium-order-1 small-order-1 show-for-small-only\">\n\t\t\t\t\t<h2><\/h2>\n\t\t\t\t<\/div>\n\t\t\t\t<div class=\"cell large-6 medium-7 large-order-1 medium-order-1 small-order-2\">\n\n\t\t\t\t\t<!-- add here CF name -->\n\t\t\t\t\t<!-- GARBAGE -->\n\t\t\t\t\t<h2 class=\"hide-for-small-only\"><\/h2>\n\n\t\t\t\t\t<h2><strong>Giacomo Vannelli<\/strong><br \/>\n<em>Founder<\/em><\/h2>\n<p><strong>Cosa devi sapere:<\/strong><br \/>\n<em>Passionale, Visionario, Tenace<\/em><\/p>\n<p>Giacomo Cresce nelle attivit\u00e0 di famiglia, dopo un\u2019esperienza a Londra nel 2010 come Master Barista a le Meriden hotel di Piccadilly, torna in Italia con tanta voglia di specialty coffee.<br \/>\nTre volte campione Italiano Barista 2014-2015-2019 e Semifinalista ai mondiali WBC di Seattle 2015 e Boston 2019. Ha vinto due volte il titolo di Campione Italiano Brewers Cup ed \u00e8 stato un Finalista al campionato mondiale di Brewers Cup (WBrC) ad Atene a giugno 2023, conquistando il 6 posto.<\/p>\n<p>La Vannelli Coffee oggi \u00e8 la sua nuova sfida!<\/p>\n<p>\u00c8 sempre stato ossessionato dal caff\u00e8 fin da piccolo, ha iniziato a frequentare i primi corsi di caffetteria a 13 anni ed oggi ha ancora tanta voglia di imparare.<br \/>\nAma fare gruppo, ha sempre mille idee, mille progetti, non si pone limiti e riesce ogni giorno a trasmette questa passione a tutto il team.<\/p>\n\n\t\t\t\t\t<div class=\"grid-x block-team-el-info\">\n\t\t\t\t\t\t\t\t\t\t\t\t<div class=\"cell large-6 medium-6\">\n\t\t\t\t\t\t\t<a href=\"mailto:info@vannelli.coffee\">\n\t\t\t\t\t\t\t\t<i class=\"flaticon-envelope\"><\/i>\n\t\t\t\t\t\t\t\tinfo@vannelli.coffee\t\t\t\t\t\t\t<\/a>\n\t\t\t\t\t\t<\/div>\n\t\t\t\t\t\t\n\t\t\t\t\t\t\t\t\t\t\t\t<div class=\"cell large-6 medium-6\">\n\t\t\t\t\t\t\t<a href=\"tel:+39 339 7557663\">\n\t\t\t\t\t\t\t\t<i class=\"flaticon-smartphone\"><\/i>\n\t\t\t\t\t\t\t\t+39 339 7557663\t\t\t\t\t\t\t<\/a>\n\t\t\t\t\t\t<\/div>\n\t\t\t\t\t\t\t\t\t\t\t<\/div>\n\t\t\t\t<\/div>\n\n\t\t\t\t<div class=\"cell large-6 medium-5 large-order-2 medium-order-2 small-order-1\">\n\t\t\t\t\t<img loading=\"lazy\" decoding=\"async\" width=\"1707\" height=\"2560\" src=\"https:\/\/vannelli.coffee\/wp-content\/uploads\/2021\/02\/VANNELLI_workshop0019-scaled.jpg\" class=\"attachment-team-member size-team-member\" alt=\"\" srcset=\"https:\/\/vannelli.coffee\/wp-content\/uploads\/2021\/02\/VANNELLI_workshop0019-scaled.jpg 1707w, https:\/\/vannelli.coffee\/wp-content\/uploads\/2021\/02\/VANNELLI_workshop0019-200x300.jpg 200w, https:\/\/vannelli.coffee\/wp-content\/uploads\/2021\/02\/VANNELLI_workshop0019-683x1024.jpg 683w, https:\/\/vannelli.coffee\/wp-content\/uploads\/2021\/02\/VANNELLI_workshop0019-768x1152.jpg 768w, https:\/\/vannelli.coffee\/wp-content\/uploads\/2021\/02\/VANNELLI_workshop0019-1024x1536.jpg 1024w, https:\/\/vannelli.coffee\/wp-content\/uploads\/2021\/02\/VANNELLI_workshop0019-1365x2048.jpg 1365w, https:\/\/vannelli.coffee\/wp-content\/uploads\/2021\/02\/VANNELLI_workshop0019-373x560.jpg 373w, https:\/\/vannelli.coffee\/wp-content\/uploads\/2021\/02\/VANNELLI_workshop0019-140x210.jpg 140w, https:\/\/vannelli.coffee\/wp-content\/uploads\/2021\/02\/VANNELLI_workshop0019-600x900.jpg 600w, https:\/\/vannelli.coffee\/wp-content\/uploads\/2021\/02\/VANNELLI_workshop0019-40x60.jpg 40w, https:\/\/vannelli.coffee\/wp-content\/uploads\/2021\/02\/VANNELLI_workshop0019-60x90.jpg 60w\" sizes=\"auto, (max-width: 1707px) 100vw, 1707px\" \/>\t\t\t\t<\/div>\n\t\t\t<\/div>\n\t\t\t\t\t<div class=\"grid-x grid-padding-x alt-row align-bottom block-team-el\">\n\t\t\t\t<div class=\"cell large-6 medium-7 large-order-1 medium-order-1 small-order-1 show-for-small-only\">\n\t\t\t\t\t<h2><\/h2>\n\t\t\t\t<\/div>\n\t\t\t\t<div class=\"cell large-6 medium-7 large-order-1 medium-order-1 small-order-2\">\n\n\t\t\t\t\t<!-- add here CF name -->\n\t\t\t\t\t<!-- GARBAGE -->\n\t\t\t\t\t<h2 class=\"hide-for-small-only\"><\/h2>\n\n\t\t\t\t\t<h2><strong>Pietro Vannelli<\/strong><br \/>\n<em>Founder<\/em><\/h2>\n<p><strong>Cosa devi sapere:<\/strong><br \/>\n<em>Talentuoso, Creativo, Socievole<\/em><\/p>\n<p>Pietro \u00e8 il pi\u00f9 giovane Campione Italiano di Latte Art di sempre. Nel 2015 a soli 18 anni ha rappresentato L\u2019 Italia al mondiale di Gothenburg classificandosi settimo e primo fra gli europei.<br \/>\nPer Pietro non c\u2019\u00e8 solo Latte Art, ma anche tanta passione per il caff\u00e8: dopo anni di pratica e studio \u00e8 lui oggi Head Roaster della Vannelli Coffee.<\/p>\n<p>Un instancabile curioso che ama la vita in tutte le sue sfaccettature, addicted a musica, libri e colori.<br \/>\nCrede che il mondo del caff\u00e8 sia soprattutto ricerca e rapporti umani, senza i quali non ci sarebbe crescita, passione e divertimento.<br \/>\nUn mondo tanto vasto quanto stimolante!<\/p>\n\n\t\t\t\t\t<div class=\"grid-x block-team-el-info\">\n\t\t\t\t\t\t\t\t\t\t\t\t<div class=\"cell large-6 medium-6\">\n\t\t\t\t\t\t\t<a href=\"mailto:info@vannelli.coffee\">\n\t\t\t\t\t\t\t\t<i class=\"flaticon-envelope\"><\/i>\n\t\t\t\t\t\t\t\tinfo@vannelli.coffee\t\t\t\t\t\t\t<\/a>\n\t\t\t\t\t\t<\/div>\n\t\t\t\t\t\t\n\t\t\t\t\t\t\t\t\t\t\t\t<div class=\"cell large-6 medium-6\">\n\t\t\t\t\t\t\t<a href=\"tel:+39 338 1647867\">\n\t\t\t\t\t\t\t\t<i class=\"flaticon-smartphone\"><\/i>\n\t\t\t\t\t\t\t\t+39 338 1647867\t\t\t\t\t\t\t<\/a>\n\t\t\t\t\t\t<\/div>\n\t\t\t\t\t\t\t\t\t\t\t<\/div>\n\t\t\t\t<\/div>\n\n\t\t\t\t<div class=\"cell large-6 medium-5 large-order-2 medium-order-2 small-order-1\">\n\t\t\t\t\t<img loading=\"lazy\" decoding=\"async\" width=\"1707\" height=\"2560\" src=\"https:\/\/vannelli.coffee\/wp-content\/uploads\/2021\/02\/VANNELLI_workshop0009-scaled.jpg\" class=\"attachment-team-member size-team-member\" alt=\"\" srcset=\"https:\/\/vannelli.coffee\/wp-content\/uploads\/2021\/02\/VANNELLI_workshop0009-scaled.jpg 1707w, https:\/\/vannelli.coffee\/wp-content\/uploads\/2021\/02\/VANNELLI_workshop0009-200x300.jpg 200w, https:\/\/vannelli.coffee\/wp-content\/uploads\/2021\/02\/VANNELLI_workshop0009-683x1024.jpg 683w, https:\/\/vannelli.coffee\/wp-content\/uploads\/2021\/02\/VANNELLI_workshop0009-768x1152.jpg 768w, https:\/\/vannelli.coffee\/wp-content\/uploads\/2021\/02\/VANNELLI_workshop0009-1024x1536.jpg 1024w, https:\/\/vannelli.coffee\/wp-content\/uploads\/2021\/02\/VANNELLI_workshop0009-1365x2048.jpg 1365w, https:\/\/vannelli.coffee\/wp-content\/uploads\/2021\/02\/VANNELLI_workshop0009-373x560.jpg 373w, https:\/\/vannelli.coffee\/wp-content\/uploads\/2021\/02\/VANNELLI_workshop0009-140x210.jpg 140w, https:\/\/vannelli.coffee\/wp-content\/uploads\/2021\/02\/VANNELLI_workshop0009-600x900.jpg 600w, https:\/\/vannelli.coffee\/wp-content\/uploads\/2021\/02\/VANNELLI_workshop0009-40x60.jpg 40w, https:\/\/vannelli.coffee\/wp-content\/uploads\/2021\/02\/VANNELLI_workshop0009-60x90.jpg 60w\" sizes=\"auto, (max-width: 1707px) 100vw, 1707px\" \/>\t\t\t\t<\/div>\n\t\t\t<\/div>\n\t\t\t\t\t<div class=\"grid-x grid-padding-x alt-row align-bottom block-team-el\">\n\t\t\t\t<div class=\"cell large-6 medium-7 large-order-1 medium-order-1 small-order-1 show-for-small-only\">\n\t\t\t\t\t<h2><\/h2>\n\t\t\t\t<\/div>\n\t\t\t\t<div class=\"cell large-6 medium-7 large-order-1 medium-order-1 small-order-2\">\n\n\t\t\t\t\t<!-- add here CF name -->\n\t\t\t\t\t<!-- GARBAGE -->\n\t\t\t\t\t<h2 class=\"hide-for-small-only\"><\/h2>\n\n\t\t\t\t\t<h2><strong>Barbara Matteini<\/strong><br \/>\n<em>Brand Manager<\/em><\/h2>\n<p><strong>Cosa devi sapere:<\/strong><br \/>\n<em>Organizzata, Precisa, Affidabile<\/em><\/p>\n<p>Appena conseguita la laurea triennale in Lingue presso l&#8217;universit\u00e0 di Firenze, Barbara ha<br \/>\niniziato a viaggiare: ha vissuto 1 anno in Inghilterra e 3 anni in Danimarca dove lavorava<br \/>\ncome barista. Il mondo del caff\u00e8 la affascinano da sempre.<\/p>\n<p>Non La solita bionda, lei \u00e8 una Smart!<br \/>\nDopo Essere stata barista, supervisor di eventi, store manager di caffetterie estere ed italiane oggi \u00e8 senza dubbio un nostro nuovo punto di forza.<br \/>\nWelcome!<\/p>\n\n\t\t\t\t\t<div class=\"grid-x block-team-el-info\">\n\t\t\t\t\t\t\t\t\t\t\t\t<div class=\"cell large-6 medium-6\">\n\t\t\t\t\t\t\t<a href=\"mailto:barbara@vannelli.coffee\">\n\t\t\t\t\t\t\t\t<i class=\"flaticon-envelope\"><\/i>\n\t\t\t\t\t\t\t\tbarbara@vannelli.coffee\t\t\t\t\t\t\t<\/a>\n\t\t\t\t\t\t<\/div>\n\t\t\t\t\t\t\n\t\t\t\t\t\t\t\t\t\t\t<\/div>\n\t\t\t\t<\/div>\n\n\t\t\t\t<div class=\"cell large-6 medium-5 large-order-2 medium-order-2 small-order-1\">\n\t\t\t\t\t<img loading=\"lazy\" decoding=\"async\" width=\"1707\" height=\"2560\" src=\"https:\/\/vannelli.coffee\/wp-content\/uploads\/2022\/08\/Barbara-Matteini-scaled.jpg\" class=\"attachment-team-member size-team-member\" alt=\"\" srcset=\"https:\/\/vannelli.coffee\/wp-content\/uploads\/2022\/08\/Barbara-Matteini-scaled.jpg 1707w, https:\/\/vannelli.coffee\/wp-content\/uploads\/2022\/08\/Barbara-Matteini-200x300.jpg 200w, https:\/\/vannelli.coffee\/wp-content\/uploads\/2022\/08\/Barbara-Matteini-683x1024.jpg 683w, https:\/\/vannelli.coffee\/wp-content\/uploads\/2022\/08\/Barbara-Matteini-768x1152.jpg 768w, https:\/\/vannelli.coffee\/wp-content\/uploads\/2022\/08\/Barbara-Matteini-1024x1536.jpg 1024w, https:\/\/vannelli.coffee\/wp-content\/uploads\/2022\/08\/Barbara-Matteini-1365x2048.jpg 1365w, https:\/\/vannelli.coffee\/wp-content\/uploads\/2022\/08\/Barbara-Matteini-373x560.jpg 373w, https:\/\/vannelli.coffee\/wp-content\/uploads\/2022\/08\/Barbara-Matteini-140x210.jpg 140w, https:\/\/vannelli.coffee\/wp-content\/uploads\/2022\/08\/Barbara-Matteini-600x900.jpg 600w\" sizes=\"auto, (max-width: 1707px) 100vw, 1707px\" \/>\t\t\t\t<\/div>\n\t\t\t<\/div>\n\t\t\t<\/div>\n<\/section>","protected":false},"excerpt":{"rendered":"","protected":false},"author":7,"featured_media":0,"parent":0,"menu_order":0,"comment_status":"closed","ping_status":"closed","template":"","meta":{"_acf_changed":false,"_monsterinsights_skip_tracking":false,"_monsterinsights_sitenote_active":false,"_monsterinsights_sitenote_note":"","_monsterinsights_sitenote_category":0,"footnotes":""},"class_list":["post-2759","page","type-page","status-publish","hentry"],"acf":[],"yoast_head":"<!-- This site is optimized with the Yoast SEO plugin v27.4 - https:\/\/yoast.com\/product\/yoast-seo-wordpress\/ -->\n<title>Vannelli Coffee | Respiriamo da sempre aroma di caff\u00e8<\/title>\n<meta name=\"description\" content=\"Da una lunga tradizione di famiglia nasce un team legato da una grande passione: quella per il caff\u00e8.\" \/>\n<meta name=\"robots\" content=\"index, follow, max-snippet:-1, max-image-preview:large, max-video-preview:-1\" \/>\n<link rel=\"canonical\" href=\"https:\/\/vannelli.coffee\/it\/il-team\/\" \/>\n<meta property=\"og:locale\" content=\"it_IT\" \/>\n<meta property=\"og:type\" content=\"article\" \/>\n<meta property=\"og:title\" content=\"Vannelli Coffee | Respiriamo da sempre aroma di caff\u00e8\" \/>\n<meta property=\"og:description\" content=\"Da una lunga tradizione di famiglia nasce un team legato da una grande passione: quella per il caff\u00e8.\" \/>\n<meta property=\"og:url\" content=\"https:\/\/vannelli.coffee\/it\/il-team\/\" \/>\n<meta property=\"og:site_name\" content=\"Vannelli Coffee\" \/>\n<meta property=\"article:publisher\" content=\"https:\/\/www.facebook.com\/vannelli.coffee\/\" \/>\n<meta property=\"article:modified_time\" content=\"2023-10-04T10:45:28+00:00\" \/>\n<meta name=\"twitter:card\" content=\"summary_large_image\" \/>\n<script type=\"application\/ld+json\" class=\"yoast-schema-graph\">{\"@context\":\"https:\\\/\\\/schema.org\",\"@graph\":[{\"@type\":\"WebPage\",\"@id\":\"https:\\\/\\\/vannelli.coffee\\\/it\\\/il-team\\\/\",\"url\":\"https:\\\/\\\/vannelli.coffee\\\/it\\\/il-team\\\/\",\"name\":\"Vannelli Coffee | Respiriamo da sempre aroma di caff\u00e8\",\"isPartOf\":{\"@id\":\"https:\\\/\\\/vannelli.coffee\\\/it\\\/#website\"},\"datePublished\":\"2020-03-09T09:07:13+00:00\",\"dateModified\":\"2023-10-04T10:45:28+00:00\",\"description\":\"Da una lunga tradizione di famiglia nasce un team legato da una grande passione: quella per il caff\u00e8.\",\"breadcrumb\":{\"@id\":\"https:\\\/\\\/vannelli.coffee\\\/it\\\/il-team\\\/#breadcrumb\"},\"inLanguage\":\"it-IT\",\"potentialAction\":[{\"@type\":\"ReadAction\",\"target\":[\"https:\\\/\\\/vannelli.coffee\\\/it\\\/il-team\\\/\"]}]},{\"@type\":\"BreadcrumbList\",\"@id\":\"https:\\\/\\\/vannelli.coffee\\\/it\\\/il-team\\\/#breadcrumb\",\"itemListElement\":[{\"@type\":\"ListItem\",\"position\":1,\"name\":\"Home\",\"item\":\"https:\\\/\\\/vannelli.coffee\\\/it\\\/\"},{\"@type\":\"ListItem\",\"position\":2,\"name\":\"Il Team\"}]},{\"@type\":\"WebSite\",\"@id\":\"https:\\\/\\\/vannelli.coffee\\\/it\\\/#website\",\"url\":\"https:\\\/\\\/vannelli.coffee\\\/it\\\/\",\"name\":\"Vannelli Coffee\",\"description\":\"We Are What We Roast\",\"publisher\":{\"@id\":\"https:\\\/\\\/vannelli.coffee\\\/it\\\/#organization\"},\"potentialAction\":[{\"@type\":\"SearchAction\",\"target\":{\"@type\":\"EntryPoint\",\"urlTemplate\":\"https:\\\/\\\/vannelli.coffee\\\/it\\\/?s={search_term_string}\"},\"query-input\":{\"@type\":\"PropertyValueSpecification\",\"valueRequired\":true,\"valueName\":\"search_term_string\"}}],\"inLanguage\":\"it-IT\"},{\"@type\":\"Organization\",\"@id\":\"https:\\\/\\\/vannelli.coffee\\\/it\\\/#organization\",\"name\":\"Vannelli Coffee\",\"url\":\"https:\\\/\\\/vannelli.coffee\\\/it\\\/\",\"logo\":{\"@type\":\"ImageObject\",\"inLanguage\":\"it-IT\",\"@id\":\"https:\\\/\\\/vannelli.coffee\\\/it\\\/#\\\/schema\\\/logo\\\/image\\\/\",\"url\":\"https:\\\/\\\/vannelli.coffee\\\/wp-content\\\/uploads\\\/2020\\\/01\\\/logo-2.jpg\",\"contentUrl\":\"https:\\\/\\\/vannelli.coffee\\\/wp-content\\\/uploads\\\/2020\\\/01\\\/logo-2.jpg\",\"width\":150,\"height\":150,\"caption\":\"Vannelli Coffee\"},\"image\":{\"@id\":\"https:\\\/\\\/vannelli.coffee\\\/it\\\/#\\\/schema\\\/logo\\\/image\\\/\"},\"sameAs\":[\"https:\\\/\\\/www.facebook.com\\\/vannelli.coffee\\\/\",\"https:\\\/\\\/www.instagram.com\\\/vannelli.coffee\\\/\"]}]}<\/script>\n<!-- \/ Yoast SEO plugin. -->","yoast_head_json":{"title":"Vannelli Coffee | Respiriamo da sempre aroma di caff\u00e8","description":"Da una lunga tradizione di famiglia nasce un team legato da una grande passione: quella per il caff\u00e8.","robots":{"index":"index","follow":"follow","max-snippet":"max-snippet:-1","max-image-preview":"max-image-preview:large","max-video-preview":"max-video-preview:-1"},"canonical":"https:\/\/vannelli.coffee\/it\/il-team\/","og_locale":"it_IT","og_type":"article","og_title":"Vannelli Coffee | Respiriamo da sempre aroma di caff\u00e8","og_description":"Da una lunga tradizione di famiglia nasce un team legato da una grande passione: quella per il caff\u00e8.","og_url":"https:\/\/vannelli.coffee\/it\/il-team\/","og_site_name":"Vannelli Coffee","article_publisher":"https:\/\/www.facebook.com\/vannelli.coffee\/","article_modified_time":"2023-10-04T10:45:28+00:00","twitter_card":"summary_large_image","schema":{"@context":"https:\/\/schema.org","@graph":[{"@type":"WebPage","@id":"https:\/\/vannelli.coffee\/it\/il-team\/","url":"https:\/\/vannelli.coffee\/it\/il-team\/","name":"Vannelli Coffee | Respiriamo da sempre aroma di caff\u00e8","isPartOf":{"@id":"https:\/\/vannelli.coffee\/it\/#website"},"datePublished":"2020-03-09T09:07:13+00:00","dateModified":"2023-10-04T10:45:28+00:00","description":"Da una lunga tradizione di famiglia nasce un team legato da una grande passione: quella per il caff\u00e8.","breadcrumb":{"@id":"https:\/\/vannelli.coffee\/it\/il-team\/#breadcrumb"},"inLanguage":"it-IT","potentialAction":[{"@type":"ReadAction","target":["https:\/\/vannelli.coffee\/it\/il-team\/"]}]},{"@type":"BreadcrumbList","@id":"https:\/\/vannelli.coffee\/it\/il-team\/#breadcrumb","itemListElement":[{"@type":"ListItem","position":1,"name":"Home","item":"https:\/\/vannelli.coffee\/it\/"},{"@type":"ListItem","position":2,"name":"Il Team"}]},{"@type":"WebSite","@id":"https:\/\/vannelli.coffee\/it\/#website","url":"https:\/\/vannelli.coffee\/it\/","name":"Vannelli Coffee","description":"We Are What We Roast","publisher":{"@id":"https:\/\/vannelli.coffee\/it\/#organization"},"potentialAction":[{"@type":"SearchAction","target":{"@type":"EntryPoint","urlTemplate":"https:\/\/vannelli.coffee\/it\/?s={search_term_string}"},"query-input":{"@type":"PropertyValueSpecification","valueRequired":true,"valueName":"search_term_string"}}],"inLanguage":"it-IT"},{"@type":"Organization","@id":"https:\/\/vannelli.coffee\/it\/#organization","name":"Vannelli Coffee","url":"https:\/\/vannelli.coffee\/it\/","logo":{"@type":"ImageObject","inLanguage":"it-IT","@id":"https:\/\/vannelli.coffee\/it\/#\/schema\/logo\/image\/","url":"https:\/\/vannelli.coffee\/wp-content\/uploads\/2020\/01\/logo-2.jpg","contentUrl":"https:\/\/vannelli.coffee\/wp-content\/uploads\/2020\/01\/logo-2.jpg","width":150,"height":150,"caption":"Vannelli Coffee"},"image":{"@id":"https:\/\/vannelli.coffee\/it\/#\/schema\/logo\/image\/"},"sameAs":["https:\/\/www.facebook.com\/vannelli.coffee\/","https:\/\/www.instagram.com\/vannelli.coffee\/"]}]}},"_links":{"self":[{"href":"https:\/\/vannelli.coffee\/it\/wp-json\/wp\/v2\/pages\/2759","targetHints":{"allow":["GET"]}}],"collection":[{"href":"https:\/\/vannelli.coffee\/it\/wp-json\/wp\/v2\/pages"}],"about":[{"href":"https:\/\/vannelli.coffee\/it\/wp-json\/wp\/v2\/types\/page"}],"author":[{"embeddable":true,"href":"https:\/\/vannelli.coffee\/it\/wp-json\/wp\/v2\/users\/7"}],"replies":[{"embeddable":true,"href":"https:\/\/vannelli.coffee\/it\/wp-json\/wp\/v2\/comments?post=2759"}],"version-history":[{"count":31,"href":"https:\/\/vannelli.coffee\/it\/wp-json\/wp\/v2\/pages\/2759\/revisions"}],"predecessor-version":[{"id":7214,"href":"https:\/\/vannelli.coffee\/it\/wp-json\/wp\/v2\/pages\/2759\/revisions\/7214"}],"wp:attachment":[{"href":"https:\/\/vannelli.coffee\/it\/wp-json\/wp\/v2\/media?parent=2759"}],"curies":[{"name":"wp","href":"https:\/\/api.w.org\/{rel}","templated":true}]}}