{"id":2792,"date":"2020-03-09T10:55:09","date_gmt":"2020-03-09T09:55:09","guid":{"rendered":"https:\/\/vannelli.coffee\/wholesale\/"},"modified":"2020-03-18T17:14:52","modified_gmt":"2020-03-18T16:14:52","slug":"wholesale","status":"publish","type":"page","link":"https:\/\/vannelli.coffee\/it\/wholesale\/","title":{"rendered":"Wholesale"},"content":{"rendered":"<h3 class=\"wp-block-heading\">Vuoi servire caff\u00e8 Vannelli nel tuo locale?<\/h3><p>Compila il form e sarai ricontattato in pochi giorni con un listino a te riservato.<br> Possiamo sviluppare una collaborazione lavorativa basata su fiducia, rispetto e qualit\u00e0.<\/p><figure class=\"wp-block-image alignfull size-large\"><img loading=\"lazy\" decoding=\"async\" width=\"1024\" height=\"364\" src=\"https:\/\/vannelli.coffee\/wp-content\/uploads\/2020\/03\/fullsizeoutput_610c-1024x364.jpg\" alt=\"\" class=\"wp-image-2704\" srcset=\"https:\/\/vannelli.coffee\/wp-content\/uploads\/2020\/03\/fullsizeoutput_610c-1024x364.jpg 1024w, https:\/\/vannelli.coffee\/wp-content\/uploads\/2020\/03\/fullsizeoutput_610c-300x107.jpg 300w, https:\/\/vannelli.coffee\/wp-content\/uploads\/2020\/03\/fullsizeoutput_610c-768x273.jpg 768w, https:\/\/vannelli.coffee\/wp-content\/uploads\/2020\/03\/fullsizeoutput_610c-1536x546.jpg 1536w, https:\/\/vannelli.coffee\/wp-content\/uploads\/2020\/03\/fullsizeoutput_610c-2048x728.jpg 2048w, https:\/\/vannelli.coffee\/wp-content\/uploads\/2020\/03\/fullsizeoutput_610c-560x199.jpg 560w, https:\/\/vannelli.coffee\/wp-content\/uploads\/2020\/03\/fullsizeoutput_610c-210x75.jpg 210w, https:\/\/vannelli.coffee\/wp-content\/uploads\/2020\/03\/fullsizeoutput_610c-600x213.jpg 600w\" sizes=\"auto, (max-width: 1024px) 100vw, 1024px\" \/><\/figure><section class=\"block-contact-card\" style=\"margin-top:0\">\n\t<div class=\"grid-container contact-form\" style=\"margin-top:0\">\n\t\t<div class=\"grid-x align-center\">\n\t\t\t<div class=\"cell large-9\">\n\t\t\t\t<h3>Resta in contatto<\/h3>\n\t\t\t\t<p>In caso di domande, non esitare a inviarci un messaggio. Rispondiamo entro 24 ore!<\/p>\n\t\t\t\t<div role=\"form\" class=\"wpcf7\" id=\"wpcf7-f1047-p1203-o1\" lang=\"en-US\" dir=\"ltr\">\n\t\t\t\t\t<div class=\"screen-reader-response\"><\/div>\n\t\t\t\t\t\n<div class=\"wpcf7 no-js\" id=\"wpcf7-f2800-o1\" lang=\"en-US\" dir=\"ltr\" data-wpcf7-id=\"2800\">\n<div class=\"screen-reader-response\"><p role=\"status\" aria-live=\"polite\" aria-atomic=\"true\"><\/p> <ul><\/ul><\/div>\n<form action=\"\/it\/wp-json\/wp\/v2\/pages\/2792#wpcf7-f2800-o1\" method=\"post\" class=\"wpcf7-form init\" aria-label=\"Contact form\" novalidate=\"novalidate\" data-status=\"init\">\n<fieldset class=\"hidden-fields-container\"><input type=\"hidden\" name=\"_wpcf7\" value=\"2800\" \/><input type=\"hidden\" name=\"_wpcf7_version\" value=\"6.1.5\" \/><input type=\"hidden\" name=\"_wpcf7_locale\" value=\"en_US\" \/><input type=\"hidden\" name=\"_wpcf7_unit_tag\" value=\"wpcf7-f2800-o1\" \/><input type=\"hidden\" name=\"_wpcf7_container_post\" value=\"0\" \/><input type=\"hidden\" name=\"_wpcf7_posted_data_hash\" value=\"\" \/><input type=\"hidden\" name=\"_wpcf7_recaptcha_response\" value=\"\" \/>\n<\/fieldset>\n<div class=\"grid-container\">\n\t<div class=\"grid-x grid-margin-x grid-padding-x\">\n\t\t<div class=\"cell large-6 medium-6 small-12\">\n\t\t\t<p><label> Nome azienda (richiesto)<span class=\"wpcf7-form-control-wrap\" data-name=\"compani-name\"><input size=\"40\" maxlength=\"400\" class=\"wpcf7-form-control wpcf7-text wpcf7-validates-as-required\" aria-required=\"true\" aria-invalid=\"false\" value=\"\" type=\"text\" name=\"compani-name\" \/><\/span><\/label>\n\t\t\t<\/p>\n\t\t<\/div>\n\t\t<div class=\"cell large-6 medium-6 small-12\">\n\t\t\t<p><label> Tipologia di attivit\u00e0 <span class=\"wpcf7-form-control-wrap\" data-name=\"type-of-business\"><select class=\"wpcf7-form-control wpcf7-select\" aria-invalid=\"false\" name=\"type-of-business\"><option value=\"Seleziona\">Seleziona<\/option><option value=\"Caffetteria\">Caffetteria<\/option><option value=\"Ristorante\">Ristorante<\/option><option value=\"Distributore\">Distributore<\/option><option value=\"Altro\">Altro<\/option><\/select><\/span><\/label>\n\t\t\t<\/p>\n\t\t<\/div>\n\t\t<div class=\"cell large-6 medium-6 small-12\">\n\t\t\t<p><label> P. IVA<span class=\"wpcf7-form-control-wrap\" data-name=\"vat-number\"><input size=\"40\" maxlength=\"400\" class=\"wpcf7-form-control wpcf7-text\" aria-invalid=\"false\" value=\"\" type=\"text\" name=\"vat-number\" \/><\/span><\/label>\n\t\t\t<\/p>\n\t\t<\/div>\n\t\t<div class=\"cell large-6 medium-6 small-12\">\n\t\t\t<p><label> Indirizzo<span class=\"wpcf7-form-control-wrap\" data-name=\"adress\"><input size=\"40\" maxlength=\"400\" class=\"wpcf7-form-control wpcf7-text\" aria-invalid=\"false\" value=\"\" type=\"text\" name=\"adress\" \/><\/span><\/label>\n\t\t\t<\/p>\n\t\t<\/div>\n\t\t<div class=\"cell large-6 medium-6 small-12\">\n\t\t\t<p><label> Email (richiesto)<span class=\"wpcf7-form-control-wrap\" data-name=\"your-email\"><input size=\"40\" maxlength=\"400\" class=\"wpcf7-form-control wpcf7-email wpcf7-validates-as-required wpcf7-text wpcf7-validates-as-email\" aria-required=\"true\" aria-invalid=\"false\" value=\"\" type=\"email\" name=\"your-email\" \/><\/span><\/label>\n\t\t\t<\/p>\n\t\t<\/div>\n\t\t<div class=\"cell large-6 medium-6 small-12\">\n\t\t\t<p><label> Telefono<span class=\"wpcf7-form-control-wrap\" data-name=\"telephone\"><input size=\"40\" maxlength=\"400\" class=\"wpcf7-form-control wpcf7-tel wpcf7-text wpcf7-validates-as-tel\" aria-invalid=\"false\" value=\"\" type=\"tel\" name=\"telephone\" \/><\/span><\/label>\n\t\t\t<\/p>\n\t\t<\/div>\n\t\t<div class=\"cell large-12 medium-12 small-12\">\n\t\t\t<p><label> Altre info<span class=\"wpcf7-form-control-wrap\" data-name=\"your-message\"><textarea cols=\"40\" rows=\"10\" maxlength=\"2000\" class=\"wpcf7-form-control wpcf7-textarea\" aria-invalid=\"false\" name=\"your-message\"><\/textarea><\/span><\/label>\n\t\t\t<\/p>\n\t\t<\/div>\n\t\t<div class=\"cell large-12 medium-12 small-12\">\n\t\t\t<div class=\"grid-x grid-margin-x grid-padding-x\">\n\t\t\t\t<div class=\"cell auto\">\n\t\t\t\t\t<p><label for=\"#privacy\"><span class=\"wpcf7-form-control-wrap\" data-name=\"acceptance-100\"><span class=\"wpcf7-form-control wpcf7-acceptance\"><span class=\"wpcf7-list-item\"><input type=\"checkbox\" name=\"acceptance-100\" value=\"1\" id=\"privacy\" aria-invalid=\"false\" \/><\/span><\/span><\/span> <strong>Dichiaro di aver letto e di accettare l'<\/strong><a href=\"https:\/\/vannelli.coffee\/it\/privacy-policy\/\" target=\"_blank\">informativa sulla privacy<\/a><\/label>\n\t\t\t\t\t<\/p>\n\t\t\t\t<\/div>\n\t\t\t\t<div class=\"cell shrink\">\n\t\t\t\t\t<p><input class=\"wpcf7-form-control wpcf7-submit has-spinner\" type=\"submit\" value=\"INVIA\" \/>\n\t\t\t\t\t<\/p>\n\t\t\t\t<\/div>\n\t\t\t<\/div>\n\t\t<\/div>\n\t<\/div>\n<\/div><div class=\"wpcf7-response-output\" aria-hidden=\"true\"><\/div>\n<\/form>\n<\/div>\n\n\t\t\t\t<\/div>\n\t\t\t<\/div>\n\t\t<\/div>\n\t<\/div>\n<\/section>","protected":false},"excerpt":{"rendered":"<p>Vuoi servire caff\u00e8 Vannelli nel tuo locale? Compila il form e sarai ricontattato in pochi giorni con un listino a te riservato. Possiamo sviluppare una collaborazione lavorativa basata su fiducia, rispetto e qualit\u00e0. Resta in contatto In caso di domande, non esitare a inviarci un messaggio. Rispondiamo entro 24 ore!<\/p>\n","protected":false},"author":7,"featured_media":0,"parent":0,"menu_order":0,"comment_status":"closed","ping_status":"closed","template":"","meta":{"_acf_changed":false,"_monsterinsights_skip_tracking":false,"_monsterinsights_sitenote_active":false,"_monsterinsights_sitenote_note":"","_monsterinsights_sitenote_category":0,"footnotes":""},"class_list":["post-2792","page","type-page","status-publish","hentry"],"acf":[],"yoast_head":"<!-- This site is optimized with the Yoast SEO plugin v27.3 - https:\/\/yoast.com\/product\/yoast-seo-wordpress\/ -->\n<title>Vannelli Coffee | Distribuzione caff\u00e8, macchine da caff\u00e8 per bar e caffetterie<\/title>\n<meta name=\"description\" content=\"Vannelli Coffee, vendita di caff\u00e8 specialty, accessori per l\u2019estrazione, macinatura del caff\u00e8. Accessori per il caff\u00e8.\" \/>\n<meta name=\"robots\" content=\"index, follow, max-snippet:-1, max-image-preview:large, max-video-preview:-1\" \/>\n<link rel=\"canonical\" href=\"https:\/\/vannelli.coffee\/it\/wholesale\/\" \/>\n<meta property=\"og:locale\" content=\"it_IT\" \/>\n<meta property=\"og:type\" content=\"article\" \/>\n<meta property=\"og:title\" content=\"Vannelli Coffee | Distribuzione caff\u00e8, macchine da caff\u00e8 per bar e caffetterie\" \/>\n<meta property=\"og:description\" content=\"Vannelli Coffee, vendita di caff\u00e8 specialty, accessori per l\u2019estrazione, macinatura del caff\u00e8. Accessori per il caff\u00e8.\" \/>\n<meta property=\"og:url\" content=\"https:\/\/vannelli.coffee\/it\/wholesale\/\" \/>\n<meta property=\"og:site_name\" content=\"Vannelli Coffee\" \/>\n<meta property=\"article:publisher\" content=\"https:\/\/www.facebook.com\/vannelli.coffee\/\" \/>\n<meta property=\"article:modified_time\" content=\"2020-03-18T16:14:52+00:00\" \/>\n<meta property=\"og:image\" content=\"https:\/\/vannelli.coffee\/wp-content\/uploads\/2020\/03\/fullsizeoutput_610c-1024x364.jpg\" \/>\n<meta name=\"twitter:card\" content=\"summary_large_image\" \/>\n<script type=\"application\/ld+json\" class=\"yoast-schema-graph\">{\"@context\":\"https:\\\/\\\/schema.org\",\"@graph\":[{\"@type\":\"WebPage\",\"@id\":\"https:\\\/\\\/vannelli.coffee\\\/it\\\/wholesale\\\/\",\"url\":\"https:\\\/\\\/vannelli.coffee\\\/it\\\/wholesale\\\/\",\"name\":\"Vannelli Coffee | Distribuzione caff\u00e8, macchine da caff\u00e8 per bar e caffetterie\",\"isPartOf\":{\"@id\":\"https:\\\/\\\/vannelli.coffee\\\/it\\\/#website\"},\"primaryImageOfPage\":{\"@id\":\"https:\\\/\\\/vannelli.coffee\\\/it\\\/wholesale\\\/#primaryimage\"},\"image\":{\"@id\":\"https:\\\/\\\/vannelli.coffee\\\/it\\\/wholesale\\\/#primaryimage\"},\"thumbnailUrl\":\"https:\\\/\\\/vannelli.coffee\\\/wp-content\\\/uploads\\\/2020\\\/03\\\/fullsizeoutput_610c-1024x364.jpg\",\"datePublished\":\"2020-03-09T09:55:09+00:00\",\"dateModified\":\"2020-03-18T16:14:52+00:00\",\"description\":\"Vannelli Coffee, vendita di caff\u00e8 specialty, accessori per l\u2019estrazione, macinatura del caff\u00e8. Accessori per il caff\u00e8.\",\"breadcrumb\":{\"@id\":\"https:\\\/\\\/vannelli.coffee\\\/it\\\/wholesale\\\/#breadcrumb\"},\"inLanguage\":\"it-IT\",\"potentialAction\":[{\"@type\":\"ReadAction\",\"target\":[\"https:\\\/\\\/vannelli.coffee\\\/it\\\/wholesale\\\/\"]}]},{\"@type\":\"ImageObject\",\"inLanguage\":\"it-IT\",\"@id\":\"https:\\\/\\\/vannelli.coffee\\\/it\\\/wholesale\\\/#primaryimage\",\"url\":\"https:\\\/\\\/vannelli.coffee\\\/wp-content\\\/uploads\\\/2020\\\/03\\\/fullsizeoutput_610c-1024x364.jpg\",\"contentUrl\":\"https:\\\/\\\/vannelli.coffee\\\/wp-content\\\/uploads\\\/2020\\\/03\\\/fullsizeoutput_610c-1024x364.jpg\"},{\"@type\":\"BreadcrumbList\",\"@id\":\"https:\\\/\\\/vannelli.coffee\\\/it\\\/wholesale\\\/#breadcrumb\",\"itemListElement\":[{\"@type\":\"ListItem\",\"position\":1,\"name\":\"Home\",\"item\":\"https:\\\/\\\/vannelli.coffee\\\/it\\\/\"},{\"@type\":\"ListItem\",\"position\":2,\"name\":\"Wholesale\"}]},{\"@type\":\"WebSite\",\"@id\":\"https:\\\/\\\/vannelli.coffee\\\/it\\\/#website\",\"url\":\"https:\\\/\\\/vannelli.coffee\\\/it\\\/\",\"name\":\"Vannelli Coffee\",\"description\":\"We Are What We Roast\",\"publisher\":{\"@id\":\"https:\\\/\\\/vannelli.coffee\\\/it\\\/#organization\"},\"potentialAction\":[{\"@type\":\"SearchAction\",\"target\":{\"@type\":\"EntryPoint\",\"urlTemplate\":\"https:\\\/\\\/vannelli.coffee\\\/it\\\/?s={search_term_string}\"},\"query-input\":{\"@type\":\"PropertyValueSpecification\",\"valueRequired\":true,\"valueName\":\"search_term_string\"}}],\"inLanguage\":\"it-IT\"},{\"@type\":\"Organization\",\"@id\":\"https:\\\/\\\/vannelli.coffee\\\/it\\\/#organization\",\"name\":\"Vannelli Coffee\",\"url\":\"https:\\\/\\\/vannelli.coffee\\\/it\\\/\",\"logo\":{\"@type\":\"ImageObject\",\"inLanguage\":\"it-IT\",\"@id\":\"https:\\\/\\\/vannelli.coffee\\\/it\\\/#\\\/schema\\\/logo\\\/image\\\/\",\"url\":\"https:\\\/\\\/vannelli.coffee\\\/wp-content\\\/uploads\\\/2020\\\/01\\\/logo-2.jpg\",\"contentUrl\":\"https:\\\/\\\/vannelli.coffee\\\/wp-content\\\/uploads\\\/2020\\\/01\\\/logo-2.jpg\",\"width\":150,\"height\":150,\"caption\":\"Vannelli Coffee\"},\"image\":{\"@id\":\"https:\\\/\\\/vannelli.coffee\\\/it\\\/#\\\/schema\\\/logo\\\/image\\\/\"},\"sameAs\":[\"https:\\\/\\\/www.facebook.com\\\/vannelli.coffee\\\/\",\"https:\\\/\\\/www.instagram.com\\\/vannelli.coffee\\\/\"]}]}<\/script>\n<!-- \/ Yoast SEO plugin. -->","yoast_head_json":{"title":"Vannelli Coffee | Distribuzione caff\u00e8, macchine da caff\u00e8 per bar e caffetterie","description":"Vannelli Coffee, vendita di caff\u00e8 specialty, accessori per l\u2019estrazione, macinatura del caff\u00e8. Accessori per il caff\u00e8.","robots":{"index":"index","follow":"follow","max-snippet":"max-snippet:-1","max-image-preview":"max-image-preview:large","max-video-preview":"max-video-preview:-1"},"canonical":"https:\/\/vannelli.coffee\/it\/wholesale\/","og_locale":"it_IT","og_type":"article","og_title":"Vannelli Coffee | Distribuzione caff\u00e8, macchine da caff\u00e8 per bar e caffetterie","og_description":"Vannelli Coffee, vendita di caff\u00e8 specialty, accessori per l\u2019estrazione, macinatura del caff\u00e8. Accessori per il caff\u00e8.","og_url":"https:\/\/vannelli.coffee\/it\/wholesale\/","og_site_name":"Vannelli Coffee","article_publisher":"https:\/\/www.facebook.com\/vannelli.coffee\/","article_modified_time":"2020-03-18T16:14:52+00:00","og_image":[{"url":"https:\/\/vannelli.coffee\/wp-content\/uploads\/2020\/03\/fullsizeoutput_610c-1024x364.jpg","type":"","width":"","height":""}],"twitter_card":"summary_large_image","schema":{"@context":"https:\/\/schema.org","@graph":[{"@type":"WebPage","@id":"https:\/\/vannelli.coffee\/it\/wholesale\/","url":"https:\/\/vannelli.coffee\/it\/wholesale\/","name":"Vannelli Coffee | Distribuzione caff\u00e8, macchine da caff\u00e8 per bar e caffetterie","isPartOf":{"@id":"https:\/\/vannelli.coffee\/it\/#website"},"primaryImageOfPage":{"@id":"https:\/\/vannelli.coffee\/it\/wholesale\/#primaryimage"},"image":{"@id":"https:\/\/vannelli.coffee\/it\/wholesale\/#primaryimage"},"thumbnailUrl":"https:\/\/vannelli.coffee\/wp-content\/uploads\/2020\/03\/fullsizeoutput_610c-1024x364.jpg","datePublished":"2020-03-09T09:55:09+00:00","dateModified":"2020-03-18T16:14:52+00:00","description":"Vannelli Coffee, vendita di caff\u00e8 specialty, accessori per l\u2019estrazione, macinatura del caff\u00e8. Accessori per il caff\u00e8.","breadcrumb":{"@id":"https:\/\/vannelli.coffee\/it\/wholesale\/#breadcrumb"},"inLanguage":"it-IT","potentialAction":[{"@type":"ReadAction","target":["https:\/\/vannelli.coffee\/it\/wholesale\/"]}]},{"@type":"ImageObject","inLanguage":"it-IT","@id":"https:\/\/vannelli.coffee\/it\/wholesale\/#primaryimage","url":"https:\/\/vannelli.coffee\/wp-content\/uploads\/2020\/03\/fullsizeoutput_610c-1024x364.jpg","contentUrl":"https:\/\/vannelli.coffee\/wp-content\/uploads\/2020\/03\/fullsizeoutput_610c-1024x364.jpg"},{"@type":"BreadcrumbList","@id":"https:\/\/vannelli.coffee\/it\/wholesale\/#breadcrumb","itemListElement":[{"@type":"ListItem","position":1,"name":"Home","item":"https:\/\/vannelli.coffee\/it\/"},{"@type":"ListItem","position":2,"name":"Wholesale"}]},{"@type":"WebSite","@id":"https:\/\/vannelli.coffee\/it\/#website","url":"https:\/\/vannelli.coffee\/it\/","name":"Vannelli Coffee","description":"We Are What We Roast","publisher":{"@id":"https:\/\/vannelli.coffee\/it\/#organization"},"potentialAction":[{"@type":"SearchAction","target":{"@type":"EntryPoint","urlTemplate":"https:\/\/vannelli.coffee\/it\/?s={search_term_string}"},"query-input":{"@type":"PropertyValueSpecification","valueRequired":true,"valueName":"search_term_string"}}],"inLanguage":"it-IT"},{"@type":"Organization","@id":"https:\/\/vannelli.coffee\/it\/#organization","name":"Vannelli Coffee","url":"https:\/\/vannelli.coffee\/it\/","logo":{"@type":"ImageObject","inLanguage":"it-IT","@id":"https:\/\/vannelli.coffee\/it\/#\/schema\/logo\/image\/","url":"https:\/\/vannelli.coffee\/wp-content\/uploads\/2020\/01\/logo-2.jpg","contentUrl":"https:\/\/vannelli.coffee\/wp-content\/uploads\/2020\/01\/logo-2.jpg","width":150,"height":150,"caption":"Vannelli Coffee"},"image":{"@id":"https:\/\/vannelli.coffee\/it\/#\/schema\/logo\/image\/"},"sameAs":["https:\/\/www.facebook.com\/vannelli.coffee\/","https:\/\/www.instagram.com\/vannelli.coffee\/"]}]}},"_links":{"self":[{"href":"https:\/\/vannelli.coffee\/it\/wp-json\/wp\/v2\/pages\/2792","targetHints":{"allow":["GET"]}}],"collection":[{"href":"https:\/\/vannelli.coffee\/it\/wp-json\/wp\/v2\/pages"}],"about":[{"href":"https:\/\/vannelli.coffee\/it\/wp-json\/wp\/v2\/types\/page"}],"author":[{"embeddable":true,"href":"https:\/\/vannelli.coffee\/it\/wp-json\/wp\/v2\/users\/7"}],"replies":[{"embeddable":true,"href":"https:\/\/vannelli.coffee\/it\/wp-json\/wp\/v2\/comments?post=2792"}],"version-history":[{"count":10,"href":"https:\/\/vannelli.coffee\/it\/wp-json\/wp\/v2\/pages\/2792\/revisions"}],"predecessor-version":[{"id":3037,"href":"https:\/\/vannelli.coffee\/it\/wp-json\/wp\/v2\/pages\/2792\/revisions\/3037"}],"wp:attachment":[{"href":"https:\/\/vannelli.coffee\/it\/wp-json\/wp\/v2\/media?parent=2792"}],"curies":[{"name":"wp","href":"https:\/\/api.w.org\/{rel}","templated":true}]}}