{"id":368,"date":"2020-01-08T11:06:42","date_gmt":"2020-01-08T11:06:42","guid":{"rendered":"https:\/\/vannelli.coffee\/cookies-policy\/"},"modified":"2020-01-08T11:09:20","modified_gmt":"2020-01-08T11:09:20","slug":"cookies-policy","status":"publish","type":"page","link":"https:\/\/vannelli.coffee\/it\/cookies-policy\/","title":{"rendered":"Informativa Cookies"},"content":{"rendered":"<h1 class=\"wp-block-heading\">Informativa estesa sull\u2019uso dei cookie nel sito<\/h1><p>Con il presente documento, ai sensi del Regolamento UE 679\/2016 (GDPR) si forniscono agli utenti del sito alcune informazioni relative ai cookie utilizzati.<\/p><h2 class=\"wp-block-heading\">Che cosa sono i cookie<\/h2><p>I cookies sono files che tengono conto delle preferenze dell\u2019utente internet e vengono memorizzati nel browser utilizzato (Internet Explorer, Mozilla Firefox, Google Chrome, ecc.) per migliorare l\u2019esperienza di navigazione e personalizzare contenuti in base alle preferenze dell\u2019utente stesso.<\/p><p>Navigando su questo sito potrete ricevere nel vostro terminale anche cookie di \u201cterze parti\u201d poich\u00e9 sul sito web sono presenti elementi come che risiedono su server diversi da quello sul quale si trova la pagina richiesta.<\/p><p>I cookie sono usati per eseguire autenticazioni informatiche, monitoraggio di sessioni e memorizzazione di informazioni specifiche riguardanti gli utenti che accedono al server per migliorare l&#8217;esperienza di navigazione e renderla il pi\u00f9 personalizzata possibile.<\/p><h2 class=\"wp-block-heading\">Cookie utilizzati nel sito<\/h2><p>Questo sito utilizza solo cookie tecnici, rispetto ai quali, ai sensi del GDPR, non \u00e8 richiesto alcun consenso da parte dell\u2019interessato.<\/p><h3 class=\"wp-block-heading\">Il sito utilizza<\/h3><ul class=\"wp-block-list\"><li>Cookie tecnici necessari alla navigazione da parte dell\u2019utente, necessari per il corretto funzionamento di alcune aree del sito. In assenza di tali cookie, il sito o alcune porzioni di esso potrebbero non funzionare correttamente. Pertanto, vengono sempre utilizzati, indipendentemente dalle preferenze dall\u2019utente.<\/li><li>Cookie tecnici funzionali, che agevolano la navigazione dell\u2019utente.<\/li><li>Il cookie tecnico che, fino alla sua scadenza, non mostra il banner con l\u2019informativa breve all\u2019utente che ha gi\u00e0 visitato il sito e accettato il cookie.<\/li><\/ul><p>Tutti i cookie sopra elencati possono essere utilizzati senza chiedere il consenso dell\u2019utente, poich\u00e9 sono strettamente necessari per la fornitura del servizio.<\/p><h3 class=\"wp-block-heading\">Cookie di terze parti utilizzati nel sito<\/h3><p>Attraverso questo sono installati alcuni cookie di terze parti, anche profilanti, che si attivano cliccando \u201caccetto\u201d sul banner o proseguendo la navigazione nel sito. Riportiamo il dettaglio dei singoli cookie di terze parti ed i link attraverso i quali l\u2019utente pu\u00f2 ricevere maggiori informazioni e richiederne la disattivazione.<\/p><h3 class=\"wp-block-heading\">Google Analytics<\/h3><p>Il Sito utilizza Google Analytics, un servizio di analisi web fornito da Google Inc. che utilizza dei cookie che vengono depositati sul computer dell\u2019utente per consentire analisi statistiche in forma aggregata sull\u2019utilizzo del sito. I Dati generati da Google Analytics sono conservati da Google cos\u00ec come indicato nella Informativa reperibile <a href=\"https:\/\/developers.google.com\/analytics\/devguides\/collection\/analyticsjs\/cookie-usage\" target=\"_blank\" rel=\"noreferrer noopener\">qui<\/a>.<\/p><p>Per consultare l\u2019informativa privacy della societ\u00e0 Google Inc., titolare autonomo del trattamento dei dati relativi al servizio Google Analytics cliccare <a href=\"https:\/\/www.google.com\/intl\/it_ALL\/analytics\/learn\/privacy.html\" target=\"_blank\" rel=\"noreferrer noopener\">qui<\/a>.<\/p><p>Attraverso questo <a href=\"https:\/\/tools.google.com\/dlpage\/gaoptout?hl=it\" target=\"_blank\" rel=\"noreferrer noopener\">link<\/a> Google rende disponibile il componente aggiuntivo del browser per la disattivazione di Google Analytics.<\/p><h3 class=\"wp-block-heading\">Social network<\/h3><p>I Social buttons sono pulsanti presenti sul sito consentono agli utenti che stanno navigando di interagire con un \u201cclick\u201d direttamente con i social network.<\/p><p>Sono utilizzati da questo sito come link che rinviano agli account del titolare o del navigatore sul social network individuato. Tramite l\u2019utilizzo di tali pulsanti non sono pertanto installati su questo sito cookie di terze parti. Si riportano i link ove l\u2019utente pu\u00f2 prendere visione dell\u2019informativa privacy relativa alla gestione dei dati da parte dei Social cui i pulsanti rinviano.<\/p><p><a href=\"https:\/\/help.twitter.com\/it\/rules-and-policies\/twitter-cookies\" target=\"_blank\" rel=\"noreferrer noopener\">Twitter Policy Link<\/a><br>\n<a href=\"https:\/\/www.facebook.com\/policies\/cookies\/\" target=\"_blank\" rel=\"noreferrer noopener\">Facebook Policy Link<\/a><br>\n<a href=\"https:\/\/www.linkedin.com\/legal\/cookie_policy\" target=\"_blank\" rel=\"noreferrer noopener\">Linkedin Policy Link<\/a><br>\n<a href=\"https:\/\/policies.google.com\/privacy?hl=it\" target=\"_blank\" rel=\"noreferrer noopener\">Google+ Policy Link<\/a><br>\n<a href=\"https:\/\/policy.pinterest.com\/it\/privacy-policy\" target=\"_blank\" rel=\"noreferrer noopener\">Pinterest Policy Link<\/a><\/p><h3 class=\"wp-block-heading\">Web Fonts<\/h3><p>Google Fonts \u00e8 un servizio di Google Inc. che permette di inglobare e visualizzare stili di carattere personalizzati. Pu\u00f2 raccogliere nei cookies dati di utilizzo.<\/p><p><a href=\"https:\/\/policies.google.com\/privacy?hl=en&amp;gl=it\" target=\"_blank\" rel=\"noreferrer noopener\">Google Policy Link<\/a><\/p><h3 class=\"wp-block-heading\">YouTube e Vimeo<\/h3><p>YouTube (gestito da Google Inc.) e Vimeo sono servizi dedicati alla visualizzazione di contenuti video con la possibilit\u00e0 di integrare i filmati all\u2019interno delle pagine del proprio sito. Entrambi raccolgono nei cookies dati di utilizzo.<\/p><p><a href=\"https:\/\/policies.google.com\/privacy?hl=it&amp;gl=it\" target=\"_blank\" rel=\"noreferrer noopener\">YouTube Policy Link<\/a><br>\n<a href=\"https:\/\/vimeo.com\/privacy\" target=\"_blank\" rel=\"noreferrer noopener\">Vimeo Policy Link<\/a><\/p><h2 class=\"wp-block-heading\">Modalit\u00e0 del trattamento<\/h2><p>Il trattamento viene effettuato con strumenti automatizzati e non viene effettuata alcuna diffusione o comunicazione.<\/p><h2 class=\"wp-block-heading\">Conferimento dei dati<\/h2><p>Fatta eccezione per i cookie tecnici strettamente necessari alla normale navigazione, il conferimento dei dati \u00e8 rimesso alla volont\u00e0 dell\u2019interessato che decida di navigare sul sito dopo aver preso visione dell\u2019informativa breve contenuta nell\u2019apposito banner e di usufruire dei servizi che comportano l\u2019installazione di cookie.<\/p><h2 class=\"wp-block-heading\">Conservazione dei cookies<\/h2><p>L\u2019utilizzo dei cookies avverr\u00e0 nel pieno rispetto del GDPR per il tempo necessario al conseguimento degli scopi per cui i dati sono stati raccolti e, in ogni caso, non oltre 3 anni dalla loro raccolta.<\/p><h2 class=\"wp-block-heading\">Disabilitazione dei cookie<\/h2><p>Fermo restando quanto sopra indicato in ordine ai cookie strettamente necessari alla navigazione, l\u2019utente pu\u00f2 gestire o liminare gli altri cookie direttamente tramite il proprio browser.<\/p><p>Potrete gestire le tipologie di cookies per le quali fornire l\u2019autorizzazione all\u2019uso anche dopo averla concessa cliccando qui: <a href=\"javascript:;\">Impostazioni consenso cookie<\/a><\/p><p>Ciascun browser presenta comunque procedure diverse per la gestione delle impostazioni. L\u2019utente pu\u00f2 ottenere istruzioni specifiche attraverso i link sottostanti.<\/p><p><a href=\"https:\/\/support.microsoft.com\/en-us\/help\/17442\/windows-internet-explorer-delete-manage-cookies\" target=\"_blank\" rel=\"noreferrer noopener\">Microsoft Internet Explorer<\/a><br>\n<a href=\"https:\/\/support.google.com\/chrome\/answer\/95647?hl=it&amp;p=cpn_cookies\" target=\"_blank\" rel=\"noreferrer noopener\">Google Chrome<\/a><br>\n<a href=\"https:\/\/support.mozilla.org\/it\/kb\/Attivare%20e%20disattivare%20i%20cookie\" target=\"_blank\" rel=\"noreferrer noopener\">Mozilla Firefox<\/a><br>\n<a href=\"https:\/\/support.apple.com\/kb\/PH17191?viewlocale=it_IT&amp;locale=it_IT\" target=\"_blank\" rel=\"noreferrer noopener\">Apple Safari<\/a><br>\n<a href=\"http:\/\/help.opera.com\/Windows\/10.00\/it\/cookies.html\" target=\"_blank\" rel=\"noreferrer noopener\">Opera<\/a><\/p><p>La disattivazione dei cookie di terze parti \u00e8 inoltre possibile attraverso le modalit\u00e0 rese disponibili direttamente dalla societ\u00e0 terza titolare per detto trattamento, come indicato ai link riportati nel paragrafo \u201cCookie di terze parti utilizzati nel sito\u201d.<\/p><h2 class=\"wp-block-heading\">Diritti dell\u2019interessato<\/h2><p>L\u2019interessato potr\u00e0 far valere in ogni momento, rivolgendosi al titolare del trattamento tramite l\u2019invio di una mail i diritti di cui al Regolamento UE 679\/2016<\/p>","protected":false},"excerpt":{"rendered":"<p>Informativa estesa sull\u2019uso dei cookie nel sito Con il presente documento, ai sensi del Regolamento UE 679\/2016 (GDPR) si forniscono agli utenti del sito alcune informazioni relative ai cookie utilizzati. Che cosa sono i cookie I cookies sono files che tengono conto delle preferenze dell\u2019utente internet e vengono memorizzati nel browser utilizzato (Internet Explorer, Mozilla [&hellip;]<\/p>\n","protected":false},"author":7,"featured_media":0,"parent":0,"menu_order":0,"comment_status":"closed","ping_status":"closed","template":"","meta":{"_acf_changed":false,"_monsterinsights_skip_tracking":false,"_monsterinsights_sitenote_active":false,"_monsterinsights_sitenote_note":"","_monsterinsights_sitenote_category":0,"footnotes":""},"class_list":["post-368","page","type-page","status-publish","hentry"],"acf":[],"yoast_head":"<!-- This site is optimized with the Yoast SEO plugin v27.4 - https:\/\/yoast.com\/product\/yoast-seo-wordpress\/ -->\n<title>Informativa Cookies | Vannelli Coffee<\/title>\n<meta name=\"robots\" content=\"index, follow, max-snippet:-1, max-image-preview:large, max-video-preview:-1\" \/>\n<link rel=\"canonical\" href=\"https:\/\/vannelli.coffee\/it\/cookies-policy\/\" \/>\n<meta property=\"og:locale\" content=\"it_IT\" \/>\n<meta property=\"og:type\" content=\"article\" \/>\n<meta property=\"og:title\" content=\"Informativa Cookies | Vannelli Coffee\" \/>\n<meta property=\"og:description\" content=\"Informativa estesa sull\u2019uso dei cookie nel sito Con il presente documento, ai sensi del Regolamento UE 679\/2016 (GDPR) si forniscono agli utenti del sito alcune informazioni relative ai cookie utilizzati. Che cosa sono i cookie I cookies sono files che tengono conto delle preferenze dell\u2019utente internet e vengono memorizzati nel browser utilizzato (Internet Explorer, Mozilla [&hellip;]\" \/>\n<meta property=\"og:url\" content=\"https:\/\/vannelli.coffee\/it\/cookies-policy\/\" \/>\n<meta property=\"og:site_name\" content=\"Vannelli Coffee\" \/>\n<meta property=\"article:publisher\" content=\"https:\/\/www.facebook.com\/vannelli.coffee\/\" \/>\n<meta property=\"article:modified_time\" content=\"2020-01-08T11:09:20+00:00\" \/>\n<meta name=\"twitter:card\" content=\"summary_large_image\" \/>\n<meta name=\"twitter:label1\" content=\"Tempo di lettura stimato\" \/>\n\t<meta name=\"twitter:data1\" content=\"4 minuti\" \/>\n<script type=\"application\/ld+json\" class=\"yoast-schema-graph\">{\"@context\":\"https:\\\/\\\/schema.org\",\"@graph\":[{\"@type\":\"WebPage\",\"@id\":\"https:\\\/\\\/vannelli.coffee\\\/it\\\/cookies-policy\\\/\",\"url\":\"https:\\\/\\\/vannelli.coffee\\\/it\\\/cookies-policy\\\/\",\"name\":\"Informativa Cookies | Vannelli Coffee\",\"isPartOf\":{\"@id\":\"https:\\\/\\\/vannelli.coffee\\\/it\\\/#website\"},\"datePublished\":\"2020-01-08T11:06:42+00:00\",\"dateModified\":\"2020-01-08T11:09:20+00:00\",\"breadcrumb\":{\"@id\":\"https:\\\/\\\/vannelli.coffee\\\/it\\\/cookies-policy\\\/#breadcrumb\"},\"inLanguage\":\"it-IT\",\"potentialAction\":[{\"@type\":\"ReadAction\",\"target\":[\"https:\\\/\\\/vannelli.coffee\\\/it\\\/cookies-policy\\\/\"]}]},{\"@type\":\"BreadcrumbList\",\"@id\":\"https:\\\/\\\/vannelli.coffee\\\/it\\\/cookies-policy\\\/#breadcrumb\",\"itemListElement\":[{\"@type\":\"ListItem\",\"position\":1,\"name\":\"Home\",\"item\":\"https:\\\/\\\/vannelli.coffee\\\/it\\\/\"},{\"@type\":\"ListItem\",\"position\":2,\"name\":\"Informativa Cookies\"}]},{\"@type\":\"WebSite\",\"@id\":\"https:\\\/\\\/vannelli.coffee\\\/it\\\/#website\",\"url\":\"https:\\\/\\\/vannelli.coffee\\\/it\\\/\",\"name\":\"Vannelli Coffee\",\"description\":\"We Are What We Roast\",\"publisher\":{\"@id\":\"https:\\\/\\\/vannelli.coffee\\\/it\\\/#organization\"},\"potentialAction\":[{\"@type\":\"SearchAction\",\"target\":{\"@type\":\"EntryPoint\",\"urlTemplate\":\"https:\\\/\\\/vannelli.coffee\\\/it\\\/?s={search_term_string}\"},\"query-input\":{\"@type\":\"PropertyValueSpecification\",\"valueRequired\":true,\"valueName\":\"search_term_string\"}}],\"inLanguage\":\"it-IT\"},{\"@type\":\"Organization\",\"@id\":\"https:\\\/\\\/vannelli.coffee\\\/it\\\/#organization\",\"name\":\"Vannelli Coffee\",\"url\":\"https:\\\/\\\/vannelli.coffee\\\/it\\\/\",\"logo\":{\"@type\":\"ImageObject\",\"inLanguage\":\"it-IT\",\"@id\":\"https:\\\/\\\/vannelli.coffee\\\/it\\\/#\\\/schema\\\/logo\\\/image\\\/\",\"url\":\"https:\\\/\\\/vannelli.coffee\\\/wp-content\\\/uploads\\\/2020\\\/01\\\/logo-2.jpg\",\"contentUrl\":\"https:\\\/\\\/vannelli.coffee\\\/wp-content\\\/uploads\\\/2020\\\/01\\\/logo-2.jpg\",\"width\":150,\"height\":150,\"caption\":\"Vannelli Coffee\"},\"image\":{\"@id\":\"https:\\\/\\\/vannelli.coffee\\\/it\\\/#\\\/schema\\\/logo\\\/image\\\/\"},\"sameAs\":[\"https:\\\/\\\/www.facebook.com\\\/vannelli.coffee\\\/\",\"https:\\\/\\\/www.instagram.com\\\/vannelli.coffee\\\/\"]}]}<\/script>\n<!-- \/ Yoast SEO plugin. -->","yoast_head_json":{"title":"Informativa Cookies | Vannelli Coffee","robots":{"index":"index","follow":"follow","max-snippet":"max-snippet:-1","max-image-preview":"max-image-preview:large","max-video-preview":"max-video-preview:-1"},"canonical":"https:\/\/vannelli.coffee\/it\/cookies-policy\/","og_locale":"it_IT","og_type":"article","og_title":"Informativa Cookies | Vannelli Coffee","og_description":"Informativa estesa sull\u2019uso dei cookie nel sito Con il presente documento, ai sensi del Regolamento UE 679\/2016 (GDPR) si forniscono agli utenti del sito alcune informazioni relative ai cookie utilizzati. Che cosa sono i cookie I cookies sono files che tengono conto delle preferenze dell\u2019utente internet e vengono memorizzati nel browser utilizzato (Internet Explorer, Mozilla [&hellip;]","og_url":"https:\/\/vannelli.coffee\/it\/cookies-policy\/","og_site_name":"Vannelli Coffee","article_publisher":"https:\/\/www.facebook.com\/vannelli.coffee\/","article_modified_time":"2020-01-08T11:09:20+00:00","twitter_card":"summary_large_image","twitter_misc":{"Tempo di lettura stimato":"4 minuti"},"schema":{"@context":"https:\/\/schema.org","@graph":[{"@type":"WebPage","@id":"https:\/\/vannelli.coffee\/it\/cookies-policy\/","url":"https:\/\/vannelli.coffee\/it\/cookies-policy\/","name":"Informativa Cookies | Vannelli Coffee","isPartOf":{"@id":"https:\/\/vannelli.coffee\/it\/#website"},"datePublished":"2020-01-08T11:06:42+00:00","dateModified":"2020-01-08T11:09:20+00:00","breadcrumb":{"@id":"https:\/\/vannelli.coffee\/it\/cookies-policy\/#breadcrumb"},"inLanguage":"it-IT","potentialAction":[{"@type":"ReadAction","target":["https:\/\/vannelli.coffee\/it\/cookies-policy\/"]}]},{"@type":"BreadcrumbList","@id":"https:\/\/vannelli.coffee\/it\/cookies-policy\/#breadcrumb","itemListElement":[{"@type":"ListItem","position":1,"name":"Home","item":"https:\/\/vannelli.coffee\/it\/"},{"@type":"ListItem","position":2,"name":"Informativa Cookies"}]},{"@type":"WebSite","@id":"https:\/\/vannelli.coffee\/it\/#website","url":"https:\/\/vannelli.coffee\/it\/","name":"Vannelli Coffee","description":"We Are What We Roast","publisher":{"@id":"https:\/\/vannelli.coffee\/it\/#organization"},"potentialAction":[{"@type":"SearchAction","target":{"@type":"EntryPoint","urlTemplate":"https:\/\/vannelli.coffee\/it\/?s={search_term_string}"},"query-input":{"@type":"PropertyValueSpecification","valueRequired":true,"valueName":"search_term_string"}}],"inLanguage":"it-IT"},{"@type":"Organization","@id":"https:\/\/vannelli.coffee\/it\/#organization","name":"Vannelli Coffee","url":"https:\/\/vannelli.coffee\/it\/","logo":{"@type":"ImageObject","inLanguage":"it-IT","@id":"https:\/\/vannelli.coffee\/it\/#\/schema\/logo\/image\/","url":"https:\/\/vannelli.coffee\/wp-content\/uploads\/2020\/01\/logo-2.jpg","contentUrl":"https:\/\/vannelli.coffee\/wp-content\/uploads\/2020\/01\/logo-2.jpg","width":150,"height":150,"caption":"Vannelli Coffee"},"image":{"@id":"https:\/\/vannelli.coffee\/it\/#\/schema\/logo\/image\/"},"sameAs":["https:\/\/www.facebook.com\/vannelli.coffee\/","https:\/\/www.instagram.com\/vannelli.coffee\/"]}]}},"_links":{"self":[{"href":"https:\/\/vannelli.coffee\/it\/wp-json\/wp\/v2\/pages\/368","targetHints":{"allow":["GET"]}}],"collection":[{"href":"https:\/\/vannelli.coffee\/it\/wp-json\/wp\/v2\/pages"}],"about":[{"href":"https:\/\/vannelli.coffee\/it\/wp-json\/wp\/v2\/types\/page"}],"author":[{"embeddable":true,"href":"https:\/\/vannelli.coffee\/it\/wp-json\/wp\/v2\/users\/7"}],"replies":[{"embeddable":true,"href":"https:\/\/vannelli.coffee\/it\/wp-json\/wp\/v2\/comments?post=368"}],"version-history":[{"count":1,"href":"https:\/\/vannelli.coffee\/it\/wp-json\/wp\/v2\/pages\/368\/revisions"}],"predecessor-version":[{"id":371,"href":"https:\/\/vannelli.coffee\/it\/wp-json\/wp\/v2\/pages\/368\/revisions\/371"}],"wp:attachment":[{"href":"https:\/\/vannelli.coffee\/it\/wp-json\/wp\/v2\/media?parent=368"}],"curies":[{"name":"wp","href":"https:\/\/api.w.org\/{rel}","templated":true}]}}