{"id":5799,"date":"2022-03-17T16:50:25","date_gmt":"2022-03-17T15:50:25","guid":{"rendered":"https:\/\/vannelli.coffee\/?page_id=5799"},"modified":"2022-07-14T15:58:14","modified_gmt":"2022-07-14T14:58:14","slug":"about-us-test","status":"publish","type":"page","link":"https:\/\/vannelli.coffee\/it\/about-us-test\/","title":{"rendered":"About us"},"content":{"rendered":"<section id=\"vannelli-block-two-columns-block_5e67c7f442f0f\" class=\"grid-container vannelli-block-two-columns \">\n    <div>\n        <p><a href=\"https:\/\/vannelli.coffee\/wp-content\/uploads\/2022\/03\/IMG_4508.jpg\"><img loading=\"lazy\" decoding=\"async\" class=\"wp-image-2578 size-large\" src=\"https:\/\/vannelli.coffee\/wp-content\/uploads\/2022\/03\/IMG_4508.jpg\" alt=\"Vannelli - About Us\" width=\"1024\" height=\"683\" \/><\/a><\/p>\n    <\/div>\n    <div>\n        <h4>La Nostra Storia<em><br \/>\n<\/em><\/h4>\n<p>Siamo due fratelli, Giacomo e Pietro, che si vogliono bene da pi\u00f9 di trent\u2019anni. Noi siamo la terza generazione di una famiglia di Pasticceri: nostro padre e nostra sorella hanno portato avanti le orme dei nonni, noi invece, nonostante fossimo portati a fare \u201cpasticci\u201d, abbiamo intrapreso una strada diversa chiamata caff\u00e8.<\/p>\n<p>Da bambini correvamo dietro al bancone del bar di nostro padre, tra il rumore di tazzine, il profumo di brioches e i sorrisi della gente. Un luogo speciale: la caffetteria era il nostro Luna-Park e fare il caff\u00e8 era il nostro gioco preferito.<\/p>\n    <\/div>\n<\/section><section id=\"vannelli-block-two-columns-block_5e674c36a9c97\" class=\"grid-container vannelli-block-two-columns reverse-small\">\n    <div>\n        <h4>Il Progetto Vannelli Coffee<\/h4>\n<p>Una Micro torrefazione come sintesi di vita. Negli ultimi 10 anni abbiamo vissuto molte esperienze insieme, sia in Italia che all\u2019estero. Ci siamo confrontati con i migliori professionisti, abbiamo conosciuto pionieri dello Specialty Coffee, ci siamo arricchiti con culture diverse, abbiamo vinto Campionati Nazionali e rappresentato l\u2019Italia pi\u00f9 volte nelle Competizioni Mondiali di Caffetteria; abbiamo imparato quello che non sapevamo ed elaborato giorno dopo giorno la nostra visione dello Specialty Coffee.<\/p>\n<p>La Vannelli Coffee nasce cos\u00ec nel 2019 con l\u2019obiettivo di essere la sintesi del nostro percorso, l\u2019espressione dei nostri valori e il mezzo per diffondere le nostre idee dello Specialty Coffe.<\/p>\n    <\/div>\n    <div>\n        <p><a href=\"https:\/\/vannelli.coffee\/wp-content\/uploads\/2022\/03\/family-coffee-shop-1024x683.jpg\"><img loading=\"lazy\" decoding=\"async\" class=\"alignnone wp-image-2564 size-large\" src=\"https:\/\/vannelli.coffee\/wp-content\/uploads\/2022\/03\/family-coffee-shop-1024x683.jpg\" alt=\"Caff\u00e8 tostato Vannelli Coffee\" width=\"1024\" height=\"683\" \/><\/a><\/p>\n    <\/div>\n<\/section><section id=\"vannelli-block-two-columns-block_623360f921623\" class=\"grid-container vannelli-block-two-columns \">\n    <div>\n        <p><a href=\"https:\/\/vannelli.coffee\/wp-content\/uploads\/2022\/03\/vannelli-aboutus-03.jpg\"><img loading=\"lazy\" decoding=\"async\" class=\"wp-image-2578 size-large\" src=\"https:\/\/vannelli.coffee\/wp-content\/uploads\/2022\/03\/vannelli-aboutus-03.jpg\" alt=\"Vannelli - About Us\" width=\"1024\" height=\"683\" \/><\/a><\/p>\n    <\/div>\n    <div>\n        <h4>La Nostra Filosofia<em><br \/>\n<\/em><\/h4>\n<p>La Vannelli Coffee \u00e8 una Micro Torrefazione di Caff\u00e8 Specialty nata dalla passione di Giacomo e Pietro Vannelli, Campione Italiano Baristi e Campione Italiano di Latte art.<br \/>\nEssere una Micro Torrefazione significa poter garantire la qualit\u00e0, il rispetto e la trasparenza della filiera.<\/p>\n<h4>La Nostra Missione<em><br \/>\n<\/em><\/h4>\n<p>La nostra missione \u00e8 quella di diffondere la cultura del caff\u00e8 di qualit\u00e0, avvicinare le persone allo Specialty Coffee ed educarle giorno dopo giorno ad un consumo pi\u00f9 consapevole e sostenibile. Sensibilizzare le persone a bere Specialty Coffee significa migliorare la qualit\u00e0\u2000 del prodotto in tazza, ma anche combattere dinamiche di sfruttamento.<\/p>\n<h4>I Nostri Valori<\/h4>\n<p><strong>Qualit\u00e0 e Trasparenza:<\/strong> Sviluppiamo rapporti diretti con i paesi di origine per una filiera pi\u00f9\u2000 trasparente, per migliorare la qualit\u00e0\u2000 del caff\u00e8 e per valorizzare il lavoro e la vita dei farmers.<br \/>\n<strong>Formazione:<\/strong> Crediamo che la conoscenza si possa ottenere solamente attraverso metodo, passione e perseveranza.<br \/>\n<strong>Ambiente:<\/strong> Ci impegnano nella tutela dell\u2019ambiente, nell\u2019attuazione di politiche sostenibili e nello sviluppo di un&#8217;economia circolare.<br \/>\n<strong>Community:<\/strong> Crediamo nel valore della persona, del lavoro, dell\u2019amicizia e della famiglia.<\/p>\n    <\/div>\n<\/section>","protected":false},"excerpt":{"rendered":"","protected":false},"author":7,"featured_media":0,"parent":0,"menu_order":0,"comment_status":"closed","ping_status":"closed","template":"","meta":{"_acf_changed":false,"_monsterinsights_skip_tracking":false,"_monsterinsights_sitenote_active":false,"_monsterinsights_sitenote_note":"","_monsterinsights_sitenote_category":0,"footnotes":""},"class_list":["post-5799","page","type-page","status-publish","hentry"],"acf":[],"yoast_head":"<!-- This site is optimized with the Yoast SEO plugin v27.3 - https:\/\/yoast.com\/product\/yoast-seo-wordpress\/ -->\n<title>Vannelli Coffee | La nostra Storia: Tradizione, passione e famiglia<\/title>\n<meta name=\"description\" content=\"Due fratelli, Giacomo e Pietro, che sono la terza generazione di una famiglia di Pasticceri con una passione in comune: il mondo del caff\u00e8.\" \/>\n<meta name=\"robots\" content=\"index, follow, max-snippet:-1, max-image-preview:large, max-video-preview:-1\" \/>\n<link rel=\"canonical\" href=\"https:\/\/vannelli.coffee\/it\/about-us-test\/\" \/>\n<meta property=\"og:locale\" content=\"it_IT\" \/>\n<meta property=\"og:type\" content=\"article\" \/>\n<meta property=\"og:title\" content=\"Vannelli Coffee | La nostra Storia: Tradizione, passione e famiglia\" \/>\n<meta property=\"og:description\" content=\"Due fratelli, Giacomo e Pietro, che sono la terza generazione di una famiglia di Pasticceri con una passione in comune: il mondo del caff\u00e8.\" \/>\n<meta property=\"og:url\" content=\"https:\/\/vannelli.coffee\/it\/about-us-test\/\" \/>\n<meta property=\"og:site_name\" content=\"Vannelli Coffee\" \/>\n<meta property=\"article:publisher\" content=\"https:\/\/www.facebook.com\/vannelli.coffee\/\" \/>\n<meta property=\"article:modified_time\" content=\"2022-07-14T14:58:14+00:00\" \/>\n<meta name=\"twitter:card\" content=\"summary_large_image\" \/>\n<script type=\"application\/ld+json\" class=\"yoast-schema-graph\">{\"@context\":\"https:\\\/\\\/schema.org\",\"@graph\":[{\"@type\":\"WebPage\",\"@id\":\"https:\\\/\\\/vannelli.coffee\\\/it\\\/about-us-test\\\/\",\"url\":\"https:\\\/\\\/vannelli.coffee\\\/it\\\/about-us-test\\\/\",\"name\":\"Vannelli Coffee | La nostra Storia: Tradizione, passione e famiglia\",\"isPartOf\":{\"@id\":\"https:\\\/\\\/vannelli.coffee\\\/it\\\/#website\"},\"datePublished\":\"2022-03-17T15:50:25+00:00\",\"dateModified\":\"2022-07-14T14:58:14+00:00\",\"description\":\"Due fratelli, Giacomo e Pietro, che sono la terza generazione di una famiglia di Pasticceri con una passione in comune: il mondo del caff\u00e8.\",\"breadcrumb\":{\"@id\":\"https:\\\/\\\/vannelli.coffee\\\/it\\\/about-us-test\\\/#breadcrumb\"},\"inLanguage\":\"it-IT\",\"potentialAction\":[{\"@type\":\"ReadAction\",\"target\":[\"https:\\\/\\\/vannelli.coffee\\\/it\\\/about-us-test\\\/\"]}]},{\"@type\":\"BreadcrumbList\",\"@id\":\"https:\\\/\\\/vannelli.coffee\\\/it\\\/about-us-test\\\/#breadcrumb\",\"itemListElement\":[{\"@type\":\"ListItem\",\"position\":1,\"name\":\"Home\",\"item\":\"https:\\\/\\\/vannelli.coffee\\\/it\\\/\"},{\"@type\":\"ListItem\",\"position\":2,\"name\":\"About us\"}]},{\"@type\":\"WebSite\",\"@id\":\"https:\\\/\\\/vannelli.coffee\\\/it\\\/#website\",\"url\":\"https:\\\/\\\/vannelli.coffee\\\/it\\\/\",\"name\":\"Vannelli Coffee\",\"description\":\"We Are What We Roast\",\"publisher\":{\"@id\":\"https:\\\/\\\/vannelli.coffee\\\/it\\\/#organization\"},\"potentialAction\":[{\"@type\":\"SearchAction\",\"target\":{\"@type\":\"EntryPoint\",\"urlTemplate\":\"https:\\\/\\\/vannelli.coffee\\\/it\\\/?s={search_term_string}\"},\"query-input\":{\"@type\":\"PropertyValueSpecification\",\"valueRequired\":true,\"valueName\":\"search_term_string\"}}],\"inLanguage\":\"it-IT\"},{\"@type\":\"Organization\",\"@id\":\"https:\\\/\\\/vannelli.coffee\\\/it\\\/#organization\",\"name\":\"Vannelli Coffee\",\"url\":\"https:\\\/\\\/vannelli.coffee\\\/it\\\/\",\"logo\":{\"@type\":\"ImageObject\",\"inLanguage\":\"it-IT\",\"@id\":\"https:\\\/\\\/vannelli.coffee\\\/it\\\/#\\\/schema\\\/logo\\\/image\\\/\",\"url\":\"https:\\\/\\\/vannelli.coffee\\\/wp-content\\\/uploads\\\/2020\\\/01\\\/logo-2.jpg\",\"contentUrl\":\"https:\\\/\\\/vannelli.coffee\\\/wp-content\\\/uploads\\\/2020\\\/01\\\/logo-2.jpg\",\"width\":150,\"height\":150,\"caption\":\"Vannelli Coffee\"},\"image\":{\"@id\":\"https:\\\/\\\/vannelli.coffee\\\/it\\\/#\\\/schema\\\/logo\\\/image\\\/\"},\"sameAs\":[\"https:\\\/\\\/www.facebook.com\\\/vannelli.coffee\\\/\",\"https:\\\/\\\/www.instagram.com\\\/vannelli.coffee\\\/\"]}]}<\/script>\n<!-- \/ Yoast SEO plugin. -->","yoast_head_json":{"title":"Vannelli Coffee | La nostra Storia: Tradizione, passione e famiglia","description":"Due fratelli, Giacomo e Pietro, che sono la terza generazione di una famiglia di Pasticceri con una passione in comune: il mondo del caff\u00e8.","robots":{"index":"index","follow":"follow","max-snippet":"max-snippet:-1","max-image-preview":"max-image-preview:large","max-video-preview":"max-video-preview:-1"},"canonical":"https:\/\/vannelli.coffee\/it\/about-us-test\/","og_locale":"it_IT","og_type":"article","og_title":"Vannelli Coffee | La nostra Storia: Tradizione, passione e famiglia","og_description":"Due fratelli, Giacomo e Pietro, che sono la terza generazione di una famiglia di Pasticceri con una passione in comune: il mondo del caff\u00e8.","og_url":"https:\/\/vannelli.coffee\/it\/about-us-test\/","og_site_name":"Vannelli Coffee","article_publisher":"https:\/\/www.facebook.com\/vannelli.coffee\/","article_modified_time":"2022-07-14T14:58:14+00:00","twitter_card":"summary_large_image","schema":{"@context":"https:\/\/schema.org","@graph":[{"@type":"WebPage","@id":"https:\/\/vannelli.coffee\/it\/about-us-test\/","url":"https:\/\/vannelli.coffee\/it\/about-us-test\/","name":"Vannelli Coffee | La nostra Storia: Tradizione, passione e famiglia","isPartOf":{"@id":"https:\/\/vannelli.coffee\/it\/#website"},"datePublished":"2022-03-17T15:50:25+00:00","dateModified":"2022-07-14T14:58:14+00:00","description":"Due fratelli, Giacomo e Pietro, che sono la terza generazione di una famiglia di Pasticceri con una passione in comune: il mondo del caff\u00e8.","breadcrumb":{"@id":"https:\/\/vannelli.coffee\/it\/about-us-test\/#breadcrumb"},"inLanguage":"it-IT","potentialAction":[{"@type":"ReadAction","target":["https:\/\/vannelli.coffee\/it\/about-us-test\/"]}]},{"@type":"BreadcrumbList","@id":"https:\/\/vannelli.coffee\/it\/about-us-test\/#breadcrumb","itemListElement":[{"@type":"ListItem","position":1,"name":"Home","item":"https:\/\/vannelli.coffee\/it\/"},{"@type":"ListItem","position":2,"name":"About us"}]},{"@type":"WebSite","@id":"https:\/\/vannelli.coffee\/it\/#website","url":"https:\/\/vannelli.coffee\/it\/","name":"Vannelli Coffee","description":"We Are What We Roast","publisher":{"@id":"https:\/\/vannelli.coffee\/it\/#organization"},"potentialAction":[{"@type":"SearchAction","target":{"@type":"EntryPoint","urlTemplate":"https:\/\/vannelli.coffee\/it\/?s={search_term_string}"},"query-input":{"@type":"PropertyValueSpecification","valueRequired":true,"valueName":"search_term_string"}}],"inLanguage":"it-IT"},{"@type":"Organization","@id":"https:\/\/vannelli.coffee\/it\/#organization","name":"Vannelli Coffee","url":"https:\/\/vannelli.coffee\/it\/","logo":{"@type":"ImageObject","inLanguage":"it-IT","@id":"https:\/\/vannelli.coffee\/it\/#\/schema\/logo\/image\/","url":"https:\/\/vannelli.coffee\/wp-content\/uploads\/2020\/01\/logo-2.jpg","contentUrl":"https:\/\/vannelli.coffee\/wp-content\/uploads\/2020\/01\/logo-2.jpg","width":150,"height":150,"caption":"Vannelli Coffee"},"image":{"@id":"https:\/\/vannelli.coffee\/it\/#\/schema\/logo\/image\/"},"sameAs":["https:\/\/www.facebook.com\/vannelli.coffee\/","https:\/\/www.instagram.com\/vannelli.coffee\/"]}]}},"_links":{"self":[{"href":"https:\/\/vannelli.coffee\/it\/wp-json\/wp\/v2\/pages\/5799","targetHints":{"allow":["GET"]}}],"collection":[{"href":"https:\/\/vannelli.coffee\/it\/wp-json\/wp\/v2\/pages"}],"about":[{"href":"https:\/\/vannelli.coffee\/it\/wp-json\/wp\/v2\/types\/page"}],"author":[{"embeddable":true,"href":"https:\/\/vannelli.coffee\/it\/wp-json\/wp\/v2\/users\/7"}],"replies":[{"embeddable":true,"href":"https:\/\/vannelli.coffee\/it\/wp-json\/wp\/v2\/comments?post=5799"}],"version-history":[{"count":80,"href":"https:\/\/vannelli.coffee\/it\/wp-json\/wp\/v2\/pages\/5799\/revisions"}],"predecessor-version":[{"id":6038,"href":"https:\/\/vannelli.coffee\/it\/wp-json\/wp\/v2\/pages\/5799\/revisions\/6038"}],"wp:attachment":[{"href":"https:\/\/vannelli.coffee\/it\/wp-json\/wp\/v2\/media?parent=5799"}],"curies":[{"name":"wp","href":"https:\/\/api.w.org\/{rel}","templated":true}]}}