{"id":1062,"date":"2020-01-16T02:58:09","date_gmt":"2020-01-16T01:58:09","guid":{"rendered":"https:\/\/vannelli.coffee\/product\/vannelli-classic-blend\/"},"modified":"2025-12-18T15:10:29","modified_gmt":"2025-12-18T14:10:29","slug":"vannelli-miscela-classica","status":"publish","type":"product","link":"https:\/\/vannelli.coffee\/it\/prodotto\/vannelli-miscela-classica\/","title":{"rendered":"VANNELLI CLASSICO BLEND 2.O"},"content":{"rendered":"<p style=\"text-align: left;\"><span style=\"color: #7b6a5e;\"><strong><em>Una nuova visione del caff\u00e8 tradizionale italiano<br \/>\n<\/em><br \/>\nCup Profile: <\/strong><\/span><\/p>\n<p><i>Cioccolato | Caramello | Zucchero di canna |<\/i><\/p>\n<p style=\"text-align: left;\"><span style=\"color: #7b6a5e;\"><strong>Origine:<\/strong><\/span> Brasile \/ Etiopia<br \/>\n<span style=\"color: #7b6a5e;\"><strong>Processo:<\/strong><\/span>Naturale \/ Naturale<br \/>\n<span style=\"color: #7b6a5e;\"><strong>Altitudine: <\/strong><\/span>1500 m \/ 1800 m<br \/>\n<strong><span style=\"color: #7b6a5e;\">Head Roaster:<\/span><\/strong> <a href=\"https:\/\/vannelli.coffee\/en\/our-team\/\">Pietro Vannelli<\/a><\/p>\n<p>Bilanciato, dal gusto di cioccolato con una bassa acidit\u00e0, 100% arabica, si esprime al meglio in espresso e cappuccino.<\/p>\n<p><span style=\"color: #7b6a5e;\"><em><strong>Tostato per Espresso<\/strong><\/em><\/span><\/p>\n<p style=\"text-align: left;\">\n","protected":false},"excerpt":{"rendered":"<p style=\"text-align: left;\"><span style=\"color: #7b6a5e;\"><strong>Cup Profile: <\/strong><\/span><\/p>\n<p style=\"text-align: left;\"><i>Cioccolato | Caramello | Zucchero di canna |<\/i><\/p>\n<p style=\"text-align: left;\"><span style=\"color: #7b6a5e;\"><strong>Origine:<\/strong><\/span> Brasile \/ Etiopia<br \/>\n<span style=\"color: #7b6a5e;\"><strong>Processo:<\/strong><\/span>Naturale spolpato \/ Lavato<br \/>\n<span style=\"color: #7b6a5e;\"><strong>Altitudine: <\/strong><\/span>1500 m \/ 1800 m<br \/>\n<strong><span style=\"color: #7b6a5e;\">Head Roaster:<\/span><\/strong> <a href=\"https:\/\/vannelli.coffee\/en\/our-team\/\">Pietro Vannelli<\/a><\/p>\n","protected":false},"featured_media":7581,"template":"","meta":{"_acf_changed":false,"_monsterinsights_skip_tracking":false,"_monsterinsights_sitenote_active":false,"_monsterinsights_sitenote_note":"","_monsterinsights_sitenote_category":0},"product_brand":[],"product_cat":[41],"product_tag":[215,284,361,399,218,401,400],"class_list":{"0":"post-1062","1":"product","2":"type-product","3":"status-publish","4":"has-post-thumbnail","6":"product_cat-caffe-speciali","7":"product_tag-arabica-it","8":"product_tag-brazil-it","9":"product_tag-classico-it","10":"product_tag-espresso-it","11":"product_tag-ethiopia-it-2","12":"product_tag-houseblend-it","13":"product_tag-vannelli-coffee-it","15":"first","16":"instock","17":"shipping-taxable","18":"purchasable","19":"product-type-simple"},"acf":[],"yoast_head":"<!-- This site is optimized with the Yoast SEO plugin v27.3 - https:\/\/yoast.com\/product\/yoast-seo-wordpress\/ -->\n<title>VANNELLI CLASSICO BLEND 2.O | Vannelli Coffee | Specialty Coffee<\/title>\n<meta name=\"description\" content=\"Vannelli Classico \u00e8 un blend bilanciato, cioccolatoso con una bassa acidit\u00e0, 100% arabica. Una nuova visione del caff\u00e8 tradizionale italiano\" \/>\n<meta name=\"robots\" content=\"index, follow, max-snippet:-1, max-image-preview:large, max-video-preview:-1\" \/>\n<link rel=\"canonical\" href=\"https:\/\/vannelli.coffee\/it\/prodotto\/vannelli-miscela-classica\/\" \/>\n<meta property=\"og:locale\" content=\"it_IT\" \/>\n<meta property=\"og:type\" content=\"article\" \/>\n<meta property=\"og:title\" content=\"VANNELLI CLASSICO BLEND 2.O | Vannelli Coffee | Specialty Coffee\" \/>\n<meta property=\"og:description\" content=\"Vannelli Classico \u00e8 un blend bilanciato, cioccolatoso con una bassa acidit\u00e0, 100% arabica. Una nuova visione del caff\u00e8 tradizionale italiano\" \/>\n<meta property=\"og:url\" content=\"https:\/\/vannelli.coffee\/it\/prodotto\/vannelli-miscela-classica\/\" \/>\n<meta property=\"og:site_name\" content=\"Vannelli Coffee\" \/>\n<meta property=\"article:publisher\" content=\"https:\/\/www.facebook.com\/vannelli.coffee\/\" \/>\n<meta property=\"article:modified_time\" content=\"2025-12-18T14:10:29+00:00\" \/>\n<meta property=\"og:image\" content=\"https:\/\/vannelli.coffee\/wp-content\/uploads\/2020\/01\/1-scaled.jpg\" \/>\n\t<meta property=\"og:image:width\" content=\"2560\" \/>\n\t<meta property=\"og:image:height\" content=\"2560\" \/>\n\t<meta property=\"og:image:type\" content=\"image\/jpeg\" \/>\n<meta name=\"twitter:card\" content=\"summary_large_image\" \/>\n<meta name=\"twitter:label1\" content=\"Tempo di lettura stimato\" \/>\n\t<meta name=\"twitter:data1\" content=\"1 minuto\" \/>\n<script type=\"application\/ld+json\" class=\"yoast-schema-graph\">{\"@context\":\"https:\\\/\\\/schema.org\",\"@graph\":[{\"@type\":\"WebPage\",\"@id\":\"https:\\\/\\\/vannelli.coffee\\\/it\\\/prodotto\\\/vannelli-miscela-classica\\\/\",\"url\":\"https:\\\/\\\/vannelli.coffee\\\/it\\\/prodotto\\\/vannelli-miscela-classica\\\/\",\"name\":\"VANNELLI CLASSICO BLEND 2.O | Vannelli Coffee | Specialty Coffee\",\"isPartOf\":{\"@id\":\"https:\\\/\\\/vannelli.coffee\\\/it\\\/#website\"},\"primaryImageOfPage\":{\"@id\":\"https:\\\/\\\/vannelli.coffee\\\/it\\\/prodotto\\\/vannelli-miscela-classica\\\/#primaryimage\"},\"image\":{\"@id\":\"https:\\\/\\\/vannelli.coffee\\\/it\\\/prodotto\\\/vannelli-miscela-classica\\\/#primaryimage\"},\"thumbnailUrl\":\"https:\\\/\\\/vannelli.coffee\\\/wp-content\\\/uploads\\\/2020\\\/01\\\/1-scaled.jpg\",\"datePublished\":\"2020-01-16T01:58:09+00:00\",\"dateModified\":\"2025-12-18T14:10:29+00:00\",\"description\":\"Vannelli Classico \u00e8 un blend bilanciato, cioccolatoso con una bassa acidit\u00e0, 100% arabica. Una nuova visione del caff\u00e8 tradizionale italiano\",\"breadcrumb\":{\"@id\":\"https:\\\/\\\/vannelli.coffee\\\/it\\\/prodotto\\\/vannelli-miscela-classica\\\/#breadcrumb\"},\"inLanguage\":\"it-IT\",\"potentialAction\":[{\"@type\":\"ReadAction\",\"target\":[\"https:\\\/\\\/vannelli.coffee\\\/it\\\/prodotto\\\/vannelli-miscela-classica\\\/\"]}]},{\"@type\":\"ImageObject\",\"inLanguage\":\"it-IT\",\"@id\":\"https:\\\/\\\/vannelli.coffee\\\/it\\\/prodotto\\\/vannelli-miscela-classica\\\/#primaryimage\",\"url\":\"https:\\\/\\\/vannelli.coffee\\\/wp-content\\\/uploads\\\/2020\\\/01\\\/1-scaled.jpg\",\"contentUrl\":\"https:\\\/\\\/vannelli.coffee\\\/wp-content\\\/uploads\\\/2020\\\/01\\\/1-scaled.jpg\",\"width\":2560,\"height\":2560},{\"@type\":\"BreadcrumbList\",\"@id\":\"https:\\\/\\\/vannelli.coffee\\\/it\\\/prodotto\\\/vannelli-miscela-classica\\\/#breadcrumb\",\"itemListElement\":[{\"@type\":\"ListItem\",\"position\":1,\"name\":\"Home\",\"item\":\"https:\\\/\\\/vannelli.coffee\\\/it\\\/\"},{\"@type\":\"ListItem\",\"position\":2,\"name\":\"Negozio\",\"item\":\"https:\\\/\\\/vannelli.coffee\\\/it\\\/negozio\\\/\"},{\"@type\":\"ListItem\",\"position\":3,\"name\":\"VANNELLI CLASSICO BLEND 2.O\"}]},{\"@type\":\"WebSite\",\"@id\":\"https:\\\/\\\/vannelli.coffee\\\/it\\\/#website\",\"url\":\"https:\\\/\\\/vannelli.coffee\\\/it\\\/\",\"name\":\"Vannelli Coffee\",\"description\":\"We Are What We Roast\",\"publisher\":{\"@id\":\"https:\\\/\\\/vannelli.coffee\\\/it\\\/#organization\"},\"potentialAction\":[{\"@type\":\"SearchAction\",\"target\":{\"@type\":\"EntryPoint\",\"urlTemplate\":\"https:\\\/\\\/vannelli.coffee\\\/it\\\/?s={search_term_string}\"},\"query-input\":{\"@type\":\"PropertyValueSpecification\",\"valueRequired\":true,\"valueName\":\"search_term_string\"}}],\"inLanguage\":\"it-IT\"},{\"@type\":\"Organization\",\"@id\":\"https:\\\/\\\/vannelli.coffee\\\/it\\\/#organization\",\"name\":\"Vannelli Coffee\",\"url\":\"https:\\\/\\\/vannelli.coffee\\\/it\\\/\",\"logo\":{\"@type\":\"ImageObject\",\"inLanguage\":\"it-IT\",\"@id\":\"https:\\\/\\\/vannelli.coffee\\\/it\\\/#\\\/schema\\\/logo\\\/image\\\/\",\"url\":\"https:\\\/\\\/vannelli.coffee\\\/wp-content\\\/uploads\\\/2020\\\/01\\\/logo-2.jpg\",\"contentUrl\":\"https:\\\/\\\/vannelli.coffee\\\/wp-content\\\/uploads\\\/2020\\\/01\\\/logo-2.jpg\",\"width\":150,\"height\":150,\"caption\":\"Vannelli Coffee\"},\"image\":{\"@id\":\"https:\\\/\\\/vannelli.coffee\\\/it\\\/#\\\/schema\\\/logo\\\/image\\\/\"},\"sameAs\":[\"https:\\\/\\\/www.facebook.com\\\/vannelli.coffee\\\/\",\"https:\\\/\\\/www.instagram.com\\\/vannelli.coffee\\\/\"]}]}<\/script>\n<!-- \/ Yoast SEO plugin. -->","yoast_head_json":{"title":"VANNELLI CLASSICO BLEND 2.O | Vannelli Coffee | Specialty Coffee","description":"Vannelli Classico \u00e8 un blend bilanciato, cioccolatoso con una bassa acidit\u00e0, 100% arabica. Una nuova visione del caff\u00e8 tradizionale italiano","robots":{"index":"index","follow":"follow","max-snippet":"max-snippet:-1","max-image-preview":"max-image-preview:large","max-video-preview":"max-video-preview:-1"},"canonical":"https:\/\/vannelli.coffee\/it\/prodotto\/vannelli-miscela-classica\/","og_locale":"it_IT","og_type":"article","og_title":"VANNELLI CLASSICO BLEND 2.O | Vannelli Coffee | Specialty Coffee","og_description":"Vannelli Classico \u00e8 un blend bilanciato, cioccolatoso con una bassa acidit\u00e0, 100% arabica. Una nuova visione del caff\u00e8 tradizionale italiano","og_url":"https:\/\/vannelli.coffee\/it\/prodotto\/vannelli-miscela-classica\/","og_site_name":"Vannelli Coffee","article_publisher":"https:\/\/www.facebook.com\/vannelli.coffee\/","article_modified_time":"2025-12-18T14:10:29+00:00","og_image":[{"width":2560,"height":2560,"url":"https:\/\/vannelli.coffee\/wp-content\/uploads\/2020\/01\/1-scaled.jpg","type":"image\/jpeg"}],"twitter_card":"summary_large_image","twitter_misc":{"Tempo di lettura stimato":"1 minuto"},"schema":{"@context":"https:\/\/schema.org","@graph":[{"@type":"WebPage","@id":"https:\/\/vannelli.coffee\/it\/prodotto\/vannelli-miscela-classica\/","url":"https:\/\/vannelli.coffee\/it\/prodotto\/vannelli-miscela-classica\/","name":"VANNELLI CLASSICO BLEND 2.O | Vannelli Coffee | Specialty Coffee","isPartOf":{"@id":"https:\/\/vannelli.coffee\/it\/#website"},"primaryImageOfPage":{"@id":"https:\/\/vannelli.coffee\/it\/prodotto\/vannelli-miscela-classica\/#primaryimage"},"image":{"@id":"https:\/\/vannelli.coffee\/it\/prodotto\/vannelli-miscela-classica\/#primaryimage"},"thumbnailUrl":"https:\/\/vannelli.coffee\/wp-content\/uploads\/2020\/01\/1-scaled.jpg","datePublished":"2020-01-16T01:58:09+00:00","dateModified":"2025-12-18T14:10:29+00:00","description":"Vannelli Classico \u00e8 un blend bilanciato, cioccolatoso con una bassa acidit\u00e0, 100% arabica. Una nuova visione del caff\u00e8 tradizionale italiano","breadcrumb":{"@id":"https:\/\/vannelli.coffee\/it\/prodotto\/vannelli-miscela-classica\/#breadcrumb"},"inLanguage":"it-IT","potentialAction":[{"@type":"ReadAction","target":["https:\/\/vannelli.coffee\/it\/prodotto\/vannelli-miscela-classica\/"]}]},{"@type":"ImageObject","inLanguage":"it-IT","@id":"https:\/\/vannelli.coffee\/it\/prodotto\/vannelli-miscela-classica\/#primaryimage","url":"https:\/\/vannelli.coffee\/wp-content\/uploads\/2020\/01\/1-scaled.jpg","contentUrl":"https:\/\/vannelli.coffee\/wp-content\/uploads\/2020\/01\/1-scaled.jpg","width":2560,"height":2560},{"@type":"BreadcrumbList","@id":"https:\/\/vannelli.coffee\/it\/prodotto\/vannelli-miscela-classica\/#breadcrumb","itemListElement":[{"@type":"ListItem","position":1,"name":"Home","item":"https:\/\/vannelli.coffee\/it\/"},{"@type":"ListItem","position":2,"name":"Negozio","item":"https:\/\/vannelli.coffee\/it\/negozio\/"},{"@type":"ListItem","position":3,"name":"VANNELLI CLASSICO BLEND 2.O"}]},{"@type":"WebSite","@id":"https:\/\/vannelli.coffee\/it\/#website","url":"https:\/\/vannelli.coffee\/it\/","name":"Vannelli Coffee","description":"We Are What We Roast","publisher":{"@id":"https:\/\/vannelli.coffee\/it\/#organization"},"potentialAction":[{"@type":"SearchAction","target":{"@type":"EntryPoint","urlTemplate":"https:\/\/vannelli.coffee\/it\/?s={search_term_string}"},"query-input":{"@type":"PropertyValueSpecification","valueRequired":true,"valueName":"search_term_string"}}],"inLanguage":"it-IT"},{"@type":"Organization","@id":"https:\/\/vannelli.coffee\/it\/#organization","name":"Vannelli Coffee","url":"https:\/\/vannelli.coffee\/it\/","logo":{"@type":"ImageObject","inLanguage":"it-IT","@id":"https:\/\/vannelli.coffee\/it\/#\/schema\/logo\/image\/","url":"https:\/\/vannelli.coffee\/wp-content\/uploads\/2020\/01\/logo-2.jpg","contentUrl":"https:\/\/vannelli.coffee\/wp-content\/uploads\/2020\/01\/logo-2.jpg","width":150,"height":150,"caption":"Vannelli Coffee"},"image":{"@id":"https:\/\/vannelli.coffee\/it\/#\/schema\/logo\/image\/"},"sameAs":["https:\/\/www.facebook.com\/vannelli.coffee\/","https:\/\/www.instagram.com\/vannelli.coffee\/"]}]}},"_links":{"self":[{"href":"https:\/\/vannelli.coffee\/it\/wp-json\/wp\/v2\/product\/1062","targetHints":{"allow":["GET"]}}],"collection":[{"href":"https:\/\/vannelli.coffee\/it\/wp-json\/wp\/v2\/product"}],"about":[{"href":"https:\/\/vannelli.coffee\/it\/wp-json\/wp\/v2\/types\/product"}],"wp:featuredmedia":[{"embeddable":true,"href":"https:\/\/vannelli.coffee\/it\/wp-json\/wp\/v2\/media\/7581"}],"wp:attachment":[{"href":"https:\/\/vannelli.coffee\/it\/wp-json\/wp\/v2\/media?parent=1062"}],"wp:term":[{"taxonomy":"product_brand","embeddable":true,"href":"https:\/\/vannelli.coffee\/it\/wp-json\/wp\/v2\/product_brand?post=1062"},{"taxonomy":"product_cat","embeddable":true,"href":"https:\/\/vannelli.coffee\/it\/wp-json\/wp\/v2\/product_cat?post=1062"},{"taxonomy":"product_tag","embeddable":true,"href":"https:\/\/vannelli.coffee\/it\/wp-json\/wp\/v2\/product_tag?post=1062"}],"curies":[{"name":"wp","href":"https:\/\/api.w.org\/{rel}","templated":true}]}}