{"id":1068,"date":"2020-01-13T12:37:17","date_gmt":"2020-01-13T11:37:17","guid":{"rendered":"https:\/\/vannelli.coffee\/product\/mahlkonig-grinder-ek43\/"},"modified":"2020-04-09T09:17:44","modified_gmt":"2020-04-09T08:17:44","slug":"mahlkonig-macinacaffe-ek43","status":"publish","type":"product","link":"https:\/\/vannelli.coffee\/it\/prodotto\/mahlkonig-macinacaffe-ek43\/","title":{"rendered":"Macinacaff\u00e8 EK43 Mahlkoenig"},"content":{"rendered":"<h5 style=\"text-align: left;\">Macinacaff\u00e8 EK43 Mahlkoenig<\/h5>\n<p style=\"text-align: left;\"><strong>Tensione \/ Frequenza \/ Fase*:<\/strong><br \/>\n100-120 V \/\/ 50 Hz \/\/ 1~<br \/>\n100-120 V \/\/ 60 Hz \/\/ 1~<br \/>\n200-240 V \/\/ 50 Hz \/\/ 1~<br \/>\n200-240 V \/\/ 60 Hz \/\/ 1~<\/p>\n<p style=\"text-align: left;\"><strong>Giri motore:<\/strong> 1450 rpm (50 Hz); 1760 rpm (60 Hz)<\/p>\n<p style=\"text-align: left;\"><strong>Diametro macine:<\/strong> 98 mm \/ 3.86 in<\/p>\n<p style=\"text-align: left;\"><strong>Materiale macine:<\/strong> acciaio speciale<\/p>\n<p style=\"text-align: left;\"><strong>Capacit\u00e0 macinatura:<\/strong> ca. 25 g \/ s<\/p>\n<p style=\"text-align: left;\"><strong>Capacit\u00e0<\/strong> <strong>tramoggia:<\/strong> ca. 1500 g<\/p>\n<p style=\"text-align: left;\"><strong>Max. potenza nominale:<\/strong> 1300 W<\/p>\n<p style=\"text-align: left;\">\n","protected":false},"excerpt":{"rendered":"<h4><strong>EK43 Mahlkoenig<\/strong> \u00e8 il macinacaff\u00e8 che ogni coffeshop dovrebbe avere!<\/h4>\n<p>Il <strong>macinacaff\u00e8 EK43<\/strong> \u00e8 perfetto per macinare caff\u00e8 per filtro, espresso e rivendita. \u00c8 versatile, facile da usare e da calibrare.<\/p>\n","protected":false},"featured_media":192,"template":"","meta":{"_acf_changed":false,"_monsterinsights_skip_tracking":false,"_monsterinsights_sitenote_active":false,"_monsterinsights_sitenote_note":"","_monsterinsights_sitenote_category":0},"product_brand":[],"product_cat":[51],"product_tag":[],"class_list":{"0":"post-1068","1":"product","2":"type-product","3":"status-publish","4":"has-post-thumbnail","6":"product_cat-macina-caffe","8":"first","9":"outofstock","10":"shipping-taxable","11":"purchasable","12":"product-type-simple"},"acf":[],"yoast_head":"<!-- This site is optimized with the Yoast SEO plugin v27.3 - https:\/\/yoast.com\/product\/yoast-seo-wordpress\/ -->\n<title>Macinacaff\u00e8 EK43 Mahlkoenig | Macinacaff\u00e8 | Vannelli Coffee<\/title>\n<meta name=\"description\" content=\"EK43 Mahlkoenig \u00e8 il macinacaff\u00e8 che ogni coffeshop dovrebbe avere! EK43 \u00e8 perfetto per macinare caff\u00e8 per filtro, espresso e rivendita.\" \/>\n<meta name=\"robots\" content=\"index, follow, max-snippet:-1, max-image-preview:large, max-video-preview:-1\" \/>\n<link rel=\"canonical\" href=\"https:\/\/vannelli.coffee\/it\/prodotto\/mahlkonig-macinacaffe-ek43\/\" \/>\n<meta property=\"og:locale\" content=\"it_IT\" \/>\n<meta property=\"og:type\" content=\"article\" \/>\n<meta property=\"og:title\" content=\"Macinacaff\u00e8 EK43 Mahlkoenig | Macinacaff\u00e8 | Vannelli Coffee\" \/>\n<meta property=\"og:description\" content=\"EK43 Mahlkoenig \u00e8 il macinacaff\u00e8 che ogni coffeshop dovrebbe avere! EK43 \u00e8 perfetto per macinare caff\u00e8 per filtro, espresso e rivendita.\" \/>\n<meta property=\"og:url\" content=\"https:\/\/vannelli.coffee\/it\/prodotto\/mahlkonig-macinacaffe-ek43\/\" \/>\n<meta property=\"og:site_name\" content=\"Vannelli Coffee\" \/>\n<meta property=\"article:publisher\" content=\"https:\/\/www.facebook.com\/vannelli.coffee\/\" \/>\n<meta property=\"article:modified_time\" content=\"2020-04-09T08:17:44+00:00\" \/>\n<meta property=\"og:image\" content=\"https:\/\/vannelli.coffee\/wp-content\/uploads\/2020\/01\/MACINACAFFE-SITO.003.jpeg\" \/>\n\t<meta property=\"og:image:width\" content=\"1024\" \/>\n\t<meta property=\"og:image:height\" content=\"768\" \/>\n\t<meta property=\"og:image:type\" content=\"image\/jpeg\" \/>\n<meta name=\"twitter:card\" content=\"summary_large_image\" \/>\n<script type=\"application\/ld+json\" class=\"yoast-schema-graph\">{\"@context\":\"https:\\\/\\\/schema.org\",\"@graph\":[{\"@type\":\"WebPage\",\"@id\":\"https:\\\/\\\/vannelli.coffee\\\/it\\\/prodotto\\\/mahlkonig-macinacaffe-ek43\\\/\",\"url\":\"https:\\\/\\\/vannelli.coffee\\\/it\\\/prodotto\\\/mahlkonig-macinacaffe-ek43\\\/\",\"name\":\"Macinacaff\u00e8 EK43 Mahlkoenig | Macinacaff\u00e8 | Vannelli Coffee\",\"isPartOf\":{\"@id\":\"https:\\\/\\\/vannelli.coffee\\\/it\\\/#website\"},\"primaryImageOfPage\":{\"@id\":\"https:\\\/\\\/vannelli.coffee\\\/it\\\/prodotto\\\/mahlkonig-macinacaffe-ek43\\\/#primaryimage\"},\"image\":{\"@id\":\"https:\\\/\\\/vannelli.coffee\\\/it\\\/prodotto\\\/mahlkonig-macinacaffe-ek43\\\/#primaryimage\"},\"thumbnailUrl\":\"https:\\\/\\\/vannelli.coffee\\\/wp-content\\\/uploads\\\/2020\\\/01\\\/MACINACAFFE-SITO.003.jpeg\",\"datePublished\":\"2020-01-13T11:37:17+00:00\",\"dateModified\":\"2020-04-09T08:17:44+00:00\",\"description\":\"EK43 Mahlkoenig \u00e8 il macinacaff\u00e8 che ogni coffeshop dovrebbe avere! EK43 \u00e8 perfetto per macinare caff\u00e8 per filtro, espresso e rivendita.\",\"breadcrumb\":{\"@id\":\"https:\\\/\\\/vannelli.coffee\\\/it\\\/prodotto\\\/mahlkonig-macinacaffe-ek43\\\/#breadcrumb\"},\"inLanguage\":\"it-IT\",\"potentialAction\":[{\"@type\":\"ReadAction\",\"target\":[\"https:\\\/\\\/vannelli.coffee\\\/it\\\/prodotto\\\/mahlkonig-macinacaffe-ek43\\\/\"]}]},{\"@type\":\"ImageObject\",\"inLanguage\":\"it-IT\",\"@id\":\"https:\\\/\\\/vannelli.coffee\\\/it\\\/prodotto\\\/mahlkonig-macinacaffe-ek43\\\/#primaryimage\",\"url\":\"https:\\\/\\\/vannelli.coffee\\\/wp-content\\\/uploads\\\/2020\\\/01\\\/MACINACAFFE-SITO.003.jpeg\",\"contentUrl\":\"https:\\\/\\\/vannelli.coffee\\\/wp-content\\\/uploads\\\/2020\\\/01\\\/MACINACAFFE-SITO.003.jpeg\",\"width\":1024,\"height\":768},{\"@type\":\"BreadcrumbList\",\"@id\":\"https:\\\/\\\/vannelli.coffee\\\/it\\\/prodotto\\\/mahlkonig-macinacaffe-ek43\\\/#breadcrumb\",\"itemListElement\":[{\"@type\":\"ListItem\",\"position\":1,\"name\":\"Home\",\"item\":\"https:\\\/\\\/vannelli.coffee\\\/it\\\/\"},{\"@type\":\"ListItem\",\"position\":2,\"name\":\"Negozio\",\"item\":\"https:\\\/\\\/vannelli.coffee\\\/it\\\/negozio\\\/\"},{\"@type\":\"ListItem\",\"position\":3,\"name\":\"Macinacaff\u00e8 EK43 Mahlkoenig\"}]},{\"@type\":\"WebSite\",\"@id\":\"https:\\\/\\\/vannelli.coffee\\\/it\\\/#website\",\"url\":\"https:\\\/\\\/vannelli.coffee\\\/it\\\/\",\"name\":\"Vannelli Coffee\",\"description\":\"We Are What We Roast\",\"publisher\":{\"@id\":\"https:\\\/\\\/vannelli.coffee\\\/it\\\/#organization\"},\"potentialAction\":[{\"@type\":\"SearchAction\",\"target\":{\"@type\":\"EntryPoint\",\"urlTemplate\":\"https:\\\/\\\/vannelli.coffee\\\/it\\\/?s={search_term_string}\"},\"query-input\":{\"@type\":\"PropertyValueSpecification\",\"valueRequired\":true,\"valueName\":\"search_term_string\"}}],\"inLanguage\":\"it-IT\"},{\"@type\":\"Organization\",\"@id\":\"https:\\\/\\\/vannelli.coffee\\\/it\\\/#organization\",\"name\":\"Vannelli Coffee\",\"url\":\"https:\\\/\\\/vannelli.coffee\\\/it\\\/\",\"logo\":{\"@type\":\"ImageObject\",\"inLanguage\":\"it-IT\",\"@id\":\"https:\\\/\\\/vannelli.coffee\\\/it\\\/#\\\/schema\\\/logo\\\/image\\\/\",\"url\":\"https:\\\/\\\/vannelli.coffee\\\/wp-content\\\/uploads\\\/2020\\\/01\\\/logo-2.jpg\",\"contentUrl\":\"https:\\\/\\\/vannelli.coffee\\\/wp-content\\\/uploads\\\/2020\\\/01\\\/logo-2.jpg\",\"width\":150,\"height\":150,\"caption\":\"Vannelli Coffee\"},\"image\":{\"@id\":\"https:\\\/\\\/vannelli.coffee\\\/it\\\/#\\\/schema\\\/logo\\\/image\\\/\"},\"sameAs\":[\"https:\\\/\\\/www.facebook.com\\\/vannelli.coffee\\\/\",\"https:\\\/\\\/www.instagram.com\\\/vannelli.coffee\\\/\"]}]}<\/script>\n<!-- \/ Yoast SEO plugin. -->","yoast_head_json":{"title":"Macinacaff\u00e8 EK43 Mahlkoenig | Macinacaff\u00e8 | Vannelli Coffee","description":"EK43 Mahlkoenig \u00e8 il macinacaff\u00e8 che ogni coffeshop dovrebbe avere! EK43 \u00e8 perfetto per macinare caff\u00e8 per filtro, espresso e rivendita.","robots":{"index":"index","follow":"follow","max-snippet":"max-snippet:-1","max-image-preview":"max-image-preview:large","max-video-preview":"max-video-preview:-1"},"canonical":"https:\/\/vannelli.coffee\/it\/prodotto\/mahlkonig-macinacaffe-ek43\/","og_locale":"it_IT","og_type":"article","og_title":"Macinacaff\u00e8 EK43 Mahlkoenig | Macinacaff\u00e8 | Vannelli Coffee","og_description":"EK43 Mahlkoenig \u00e8 il macinacaff\u00e8 che ogni coffeshop dovrebbe avere! EK43 \u00e8 perfetto per macinare caff\u00e8 per filtro, espresso e rivendita.","og_url":"https:\/\/vannelli.coffee\/it\/prodotto\/mahlkonig-macinacaffe-ek43\/","og_site_name":"Vannelli Coffee","article_publisher":"https:\/\/www.facebook.com\/vannelli.coffee\/","article_modified_time":"2020-04-09T08:17:44+00:00","og_image":[{"width":1024,"height":768,"url":"https:\/\/vannelli.coffee\/wp-content\/uploads\/2020\/01\/MACINACAFFE-SITO.003.jpeg","type":"image\/jpeg"}],"twitter_card":"summary_large_image","schema":{"@context":"https:\/\/schema.org","@graph":[{"@type":"WebPage","@id":"https:\/\/vannelli.coffee\/it\/prodotto\/mahlkonig-macinacaffe-ek43\/","url":"https:\/\/vannelli.coffee\/it\/prodotto\/mahlkonig-macinacaffe-ek43\/","name":"Macinacaff\u00e8 EK43 Mahlkoenig | Macinacaff\u00e8 | Vannelli Coffee","isPartOf":{"@id":"https:\/\/vannelli.coffee\/it\/#website"},"primaryImageOfPage":{"@id":"https:\/\/vannelli.coffee\/it\/prodotto\/mahlkonig-macinacaffe-ek43\/#primaryimage"},"image":{"@id":"https:\/\/vannelli.coffee\/it\/prodotto\/mahlkonig-macinacaffe-ek43\/#primaryimage"},"thumbnailUrl":"https:\/\/vannelli.coffee\/wp-content\/uploads\/2020\/01\/MACINACAFFE-SITO.003.jpeg","datePublished":"2020-01-13T11:37:17+00:00","dateModified":"2020-04-09T08:17:44+00:00","description":"EK43 Mahlkoenig \u00e8 il macinacaff\u00e8 che ogni coffeshop dovrebbe avere! EK43 \u00e8 perfetto per macinare caff\u00e8 per filtro, espresso e rivendita.","breadcrumb":{"@id":"https:\/\/vannelli.coffee\/it\/prodotto\/mahlkonig-macinacaffe-ek43\/#breadcrumb"},"inLanguage":"it-IT","potentialAction":[{"@type":"ReadAction","target":["https:\/\/vannelli.coffee\/it\/prodotto\/mahlkonig-macinacaffe-ek43\/"]}]},{"@type":"ImageObject","inLanguage":"it-IT","@id":"https:\/\/vannelli.coffee\/it\/prodotto\/mahlkonig-macinacaffe-ek43\/#primaryimage","url":"https:\/\/vannelli.coffee\/wp-content\/uploads\/2020\/01\/MACINACAFFE-SITO.003.jpeg","contentUrl":"https:\/\/vannelli.coffee\/wp-content\/uploads\/2020\/01\/MACINACAFFE-SITO.003.jpeg","width":1024,"height":768},{"@type":"BreadcrumbList","@id":"https:\/\/vannelli.coffee\/it\/prodotto\/mahlkonig-macinacaffe-ek43\/#breadcrumb","itemListElement":[{"@type":"ListItem","position":1,"name":"Home","item":"https:\/\/vannelli.coffee\/it\/"},{"@type":"ListItem","position":2,"name":"Negozio","item":"https:\/\/vannelli.coffee\/it\/negozio\/"},{"@type":"ListItem","position":3,"name":"Macinacaff\u00e8 EK43 Mahlkoenig"}]},{"@type":"WebSite","@id":"https:\/\/vannelli.coffee\/it\/#website","url":"https:\/\/vannelli.coffee\/it\/","name":"Vannelli Coffee","description":"We Are What We Roast","publisher":{"@id":"https:\/\/vannelli.coffee\/it\/#organization"},"potentialAction":[{"@type":"SearchAction","target":{"@type":"EntryPoint","urlTemplate":"https:\/\/vannelli.coffee\/it\/?s={search_term_string}"},"query-input":{"@type":"PropertyValueSpecification","valueRequired":true,"valueName":"search_term_string"}}],"inLanguage":"it-IT"},{"@type":"Organization","@id":"https:\/\/vannelli.coffee\/it\/#organization","name":"Vannelli Coffee","url":"https:\/\/vannelli.coffee\/it\/","logo":{"@type":"ImageObject","inLanguage":"it-IT","@id":"https:\/\/vannelli.coffee\/it\/#\/schema\/logo\/image\/","url":"https:\/\/vannelli.coffee\/wp-content\/uploads\/2020\/01\/logo-2.jpg","contentUrl":"https:\/\/vannelli.coffee\/wp-content\/uploads\/2020\/01\/logo-2.jpg","width":150,"height":150,"caption":"Vannelli Coffee"},"image":{"@id":"https:\/\/vannelli.coffee\/it\/#\/schema\/logo\/image\/"},"sameAs":["https:\/\/www.facebook.com\/vannelli.coffee\/","https:\/\/www.instagram.com\/vannelli.coffee\/"]}]}},"_links":{"self":[{"href":"https:\/\/vannelli.coffee\/it\/wp-json\/wp\/v2\/product\/1068","targetHints":{"allow":["GET"]}}],"collection":[{"href":"https:\/\/vannelli.coffee\/it\/wp-json\/wp\/v2\/product"}],"about":[{"href":"https:\/\/vannelli.coffee\/it\/wp-json\/wp\/v2\/types\/product"}],"wp:featuredmedia":[{"embeddable":true,"href":"https:\/\/vannelli.coffee\/it\/wp-json\/wp\/v2\/media\/192"}],"wp:attachment":[{"href":"https:\/\/vannelli.coffee\/it\/wp-json\/wp\/v2\/media?parent=1068"}],"wp:term":[{"taxonomy":"product_brand","embeddable":true,"href":"https:\/\/vannelli.coffee\/it\/wp-json\/wp\/v2\/product_brand?post=1068"},{"taxonomy":"product_cat","embeddable":true,"href":"https:\/\/vannelli.coffee\/it\/wp-json\/wp\/v2\/product_cat?post=1068"},{"taxonomy":"product_tag","embeddable":true,"href":"https:\/\/vannelli.coffee\/it\/wp-json\/wp\/v2\/product_tag?post=1068"}],"curies":[{"name":"wp","href":"https:\/\/api.w.org\/{rel}","templated":true}]}}