{"id":1069,"date":"2020-01-13T12:04:14","date_gmt":"2020-01-13T11:04:14","guid":{"rendered":"https:\/\/vannelli.coffee\/product\/anfim-grinder-pratica\/"},"modified":"2020-04-09T09:20:30","modified_gmt":"2020-04-09T08:20:30","slug":"anfim-macinacaffe-pratica","status":"publish","type":"product","link":"https:\/\/vannelli.coffee\/it\/prodotto\/anfim-macinacaffe-pratica\/","title":{"rendered":"Macinacaff\u00e8 Pratica Anfim"},"content":{"rendered":"<h4 style=\"text-align: left;\">Macinacaff\u00e8 professionale on-demand Anfim Pratica<\/h4>\n<p style=\"text-align: left;\"><strong>Diametro macine:<\/strong> 65 \u00d8 mm<\/p>\n<p style=\"text-align: left;\"><strong>Materiale<\/strong> <strong>macine:<\/strong> acciaio temperato<\/p>\n<p style=\"text-align: left;\"><strong>Tensione \/ Frequenza \/ Fase*:<\/strong><br \/>\n100 V \/ 50 Hz \/ 1<br \/>\n100 V \/ 60 Hz \/ 1<br \/>\n110 \u2013 127 V \/ 60 Hz \/ 1<br \/>\n220 \u2013 240 V \/ 50 Hz \/ 1<br \/>\n220 \u2013 240 V \/ 60 Hz \/ 1<\/p>\n<p style=\"text-align: left;\"><strong>Max. potenza nominale:<\/strong><br \/>\n220 \u2013 240 V drive: 440 W<br \/>\n100 V drive: 510 W<br \/>\n110-127 V drive: 580 W<\/p>\n<p style=\"text-align: left;\"><strong>Giri motore:<\/strong> 1400 rpm (50 Hz); 1650 rpm (60 Hz)<\/p>\n<p style=\"text-align: left;\"><strong>Capacit\u00e0 di macinazione:<\/strong> regolabile 4-7 g\/s<\/p>\n<p style=\"text-align: left;\"><strong>Capacit\u00e0 della tramoggia:<\/strong> 1,2 kg<\/p>\n<p style=\"text-align: left;\"><a href=\"https:\/\/vannelli.coffee\/wp-content\/uploads\/2020\/01\/Anfim_Pratica_espresso_grinder_productsheet.pdf\">Anfim_Pratica_espresso_grinder_productsheet<\/a><\/p>\n","protected":false},"excerpt":{"rendered":"<h5><strong>Anfim Macinacaff\u00e8 Pratica<\/strong><\/h5>\n<p>Il <strong>macinacaff\u00e8 professionale Pratica di Anfim<\/strong> \u00e8 la giusta combinazione tra design tradizionale italiano e un innovativo sistema di macinazione. Pratica \u00e8 uno tra i macinini preferiti tra professionisti e baristi.<\/p>\n","protected":false},"featured_media":3767,"template":"","meta":{"_acf_changed":false,"_monsterinsights_skip_tracking":false,"_monsterinsights_sitenote_active":false,"_monsterinsights_sitenote_note":"","_monsterinsights_sitenote_category":0},"product_brand":[],"product_cat":[51],"product_tag":[100,98,59,60],"class_list":{"0":"post-1069","1":"product","2":"type-product","3":"status-publish","4":"has-post-thumbnail","6":"product_cat-macina-caffe","7":"product_tag-anfim","8":"product_tag-macinacaffe","9":"product_tag-specialtycoffee-it","10":"product_tag-vannellicoffee-it","12":"first","13":"outofstock","14":"shipping-taxable","15":"purchasable","16":"product-type-simple"},"acf":[],"yoast_head":"<!-- This site is optimized with the Yoast SEO plugin v27.3 - https:\/\/yoast.com\/product\/yoast-seo-wordpress\/ -->\n<title>Macinacaff\u00e8 Pratica Anfim | Macinacaff\u00e8 | Vannelli Coffee<\/title>\n<meta name=\"description\" content=\"Il macinacaff\u00e8 professionale Pratica di Anfim \u00e8 la giusta combinazione tra design tradizionale italiano e un innovativo sistema di macinazione.\" \/>\n<meta name=\"robots\" content=\"index, follow, max-snippet:-1, max-image-preview:large, max-video-preview:-1\" \/>\n<link rel=\"canonical\" href=\"https:\/\/vannelli.coffee\/it\/prodotto\/anfim-macinacaffe-pratica\/\" \/>\n<meta property=\"og:locale\" content=\"it_IT\" \/>\n<meta property=\"og:type\" content=\"article\" \/>\n<meta property=\"og:title\" content=\"Macinacaff\u00e8 Pratica Anfim | Macinacaff\u00e8 | Vannelli Coffee\" \/>\n<meta property=\"og:description\" content=\"Il macinacaff\u00e8 professionale Pratica di Anfim \u00e8 la giusta combinazione tra design tradizionale italiano e un innovativo sistema di macinazione.\" \/>\n<meta property=\"og:url\" content=\"https:\/\/vannelli.coffee\/it\/prodotto\/anfim-macinacaffe-pratica\/\" \/>\n<meta property=\"og:site_name\" content=\"Vannelli Coffee\" \/>\n<meta property=\"article:publisher\" content=\"https:\/\/www.facebook.com\/vannelli.coffee\/\" \/>\n<meta property=\"article:modified_time\" content=\"2020-04-09T08:20:30+00:00\" \/>\n<meta property=\"og:image\" content=\"https:\/\/vannelli.coffee\/wp-content\/uploads\/2020\/01\/pratica.jpg\" \/>\n\t<meta property=\"og:image:width\" content=\"1600\" \/>\n\t<meta property=\"og:image:height\" content=\"1600\" \/>\n\t<meta property=\"og:image:type\" content=\"image\/jpeg\" \/>\n<meta name=\"twitter:card\" content=\"summary_large_image\" \/>\n<script type=\"application\/ld+json\" class=\"yoast-schema-graph\">{\"@context\":\"https:\\\/\\\/schema.org\",\"@graph\":[{\"@type\":\"WebPage\",\"@id\":\"https:\\\/\\\/vannelli.coffee\\\/it\\\/prodotto\\\/anfim-macinacaffe-pratica\\\/\",\"url\":\"https:\\\/\\\/vannelli.coffee\\\/it\\\/prodotto\\\/anfim-macinacaffe-pratica\\\/\",\"name\":\"Macinacaff\u00e8 Pratica Anfim | Macinacaff\u00e8 | Vannelli Coffee\",\"isPartOf\":{\"@id\":\"https:\\\/\\\/vannelli.coffee\\\/it\\\/#website\"},\"primaryImageOfPage\":{\"@id\":\"https:\\\/\\\/vannelli.coffee\\\/it\\\/prodotto\\\/anfim-macinacaffe-pratica\\\/#primaryimage\"},\"image\":{\"@id\":\"https:\\\/\\\/vannelli.coffee\\\/it\\\/prodotto\\\/anfim-macinacaffe-pratica\\\/#primaryimage\"},\"thumbnailUrl\":\"https:\\\/\\\/vannelli.coffee\\\/wp-content\\\/uploads\\\/2020\\\/01\\\/pratica.jpg\",\"datePublished\":\"2020-01-13T11:04:14+00:00\",\"dateModified\":\"2020-04-09T08:20:30+00:00\",\"description\":\"Il macinacaff\u00e8 professionale Pratica di Anfim \u00e8 la giusta combinazione tra design tradizionale italiano e un innovativo sistema di macinazione.\",\"breadcrumb\":{\"@id\":\"https:\\\/\\\/vannelli.coffee\\\/it\\\/prodotto\\\/anfim-macinacaffe-pratica\\\/#breadcrumb\"},\"inLanguage\":\"it-IT\",\"potentialAction\":[{\"@type\":\"ReadAction\",\"target\":[\"https:\\\/\\\/vannelli.coffee\\\/it\\\/prodotto\\\/anfim-macinacaffe-pratica\\\/\"]}]},{\"@type\":\"ImageObject\",\"inLanguage\":\"it-IT\",\"@id\":\"https:\\\/\\\/vannelli.coffee\\\/it\\\/prodotto\\\/anfim-macinacaffe-pratica\\\/#primaryimage\",\"url\":\"https:\\\/\\\/vannelli.coffee\\\/wp-content\\\/uploads\\\/2020\\\/01\\\/pratica.jpg\",\"contentUrl\":\"https:\\\/\\\/vannelli.coffee\\\/wp-content\\\/uploads\\\/2020\\\/01\\\/pratica.jpg\",\"width\":1600,\"height\":1600,\"caption\":\"Anfim Pratica\"},{\"@type\":\"BreadcrumbList\",\"@id\":\"https:\\\/\\\/vannelli.coffee\\\/it\\\/prodotto\\\/anfim-macinacaffe-pratica\\\/#breadcrumb\",\"itemListElement\":[{\"@type\":\"ListItem\",\"position\":1,\"name\":\"Home\",\"item\":\"https:\\\/\\\/vannelli.coffee\\\/it\\\/\"},{\"@type\":\"ListItem\",\"position\":2,\"name\":\"Negozio\",\"item\":\"https:\\\/\\\/vannelli.coffee\\\/it\\\/negozio\\\/\"},{\"@type\":\"ListItem\",\"position\":3,\"name\":\"Macinacaff\u00e8 Pratica Anfim\"}]},{\"@type\":\"WebSite\",\"@id\":\"https:\\\/\\\/vannelli.coffee\\\/it\\\/#website\",\"url\":\"https:\\\/\\\/vannelli.coffee\\\/it\\\/\",\"name\":\"Vannelli Coffee\",\"description\":\"We Are What We Roast\",\"publisher\":{\"@id\":\"https:\\\/\\\/vannelli.coffee\\\/it\\\/#organization\"},\"potentialAction\":[{\"@type\":\"SearchAction\",\"target\":{\"@type\":\"EntryPoint\",\"urlTemplate\":\"https:\\\/\\\/vannelli.coffee\\\/it\\\/?s={search_term_string}\"},\"query-input\":{\"@type\":\"PropertyValueSpecification\",\"valueRequired\":true,\"valueName\":\"search_term_string\"}}],\"inLanguage\":\"it-IT\"},{\"@type\":\"Organization\",\"@id\":\"https:\\\/\\\/vannelli.coffee\\\/it\\\/#organization\",\"name\":\"Vannelli Coffee\",\"url\":\"https:\\\/\\\/vannelli.coffee\\\/it\\\/\",\"logo\":{\"@type\":\"ImageObject\",\"inLanguage\":\"it-IT\",\"@id\":\"https:\\\/\\\/vannelli.coffee\\\/it\\\/#\\\/schema\\\/logo\\\/image\\\/\",\"url\":\"https:\\\/\\\/vannelli.coffee\\\/wp-content\\\/uploads\\\/2020\\\/01\\\/logo-2.jpg\",\"contentUrl\":\"https:\\\/\\\/vannelli.coffee\\\/wp-content\\\/uploads\\\/2020\\\/01\\\/logo-2.jpg\",\"width\":150,\"height\":150,\"caption\":\"Vannelli Coffee\"},\"image\":{\"@id\":\"https:\\\/\\\/vannelli.coffee\\\/it\\\/#\\\/schema\\\/logo\\\/image\\\/\"},\"sameAs\":[\"https:\\\/\\\/www.facebook.com\\\/vannelli.coffee\\\/\",\"https:\\\/\\\/www.instagram.com\\\/vannelli.coffee\\\/\"]}]}<\/script>\n<!-- \/ Yoast SEO plugin. -->","yoast_head_json":{"title":"Macinacaff\u00e8 Pratica Anfim | Macinacaff\u00e8 | Vannelli Coffee","description":"Il macinacaff\u00e8 professionale Pratica di Anfim \u00e8 la giusta combinazione tra design tradizionale italiano e un innovativo sistema di macinazione.","robots":{"index":"index","follow":"follow","max-snippet":"max-snippet:-1","max-image-preview":"max-image-preview:large","max-video-preview":"max-video-preview:-1"},"canonical":"https:\/\/vannelli.coffee\/it\/prodotto\/anfim-macinacaffe-pratica\/","og_locale":"it_IT","og_type":"article","og_title":"Macinacaff\u00e8 Pratica Anfim | Macinacaff\u00e8 | Vannelli Coffee","og_description":"Il macinacaff\u00e8 professionale Pratica di Anfim \u00e8 la giusta combinazione tra design tradizionale italiano e un innovativo sistema di macinazione.","og_url":"https:\/\/vannelli.coffee\/it\/prodotto\/anfim-macinacaffe-pratica\/","og_site_name":"Vannelli Coffee","article_publisher":"https:\/\/www.facebook.com\/vannelli.coffee\/","article_modified_time":"2020-04-09T08:20:30+00:00","og_image":[{"width":1600,"height":1600,"url":"https:\/\/vannelli.coffee\/wp-content\/uploads\/2020\/01\/pratica.jpg","type":"image\/jpeg"}],"twitter_card":"summary_large_image","schema":{"@context":"https:\/\/schema.org","@graph":[{"@type":"WebPage","@id":"https:\/\/vannelli.coffee\/it\/prodotto\/anfim-macinacaffe-pratica\/","url":"https:\/\/vannelli.coffee\/it\/prodotto\/anfim-macinacaffe-pratica\/","name":"Macinacaff\u00e8 Pratica Anfim | Macinacaff\u00e8 | Vannelli Coffee","isPartOf":{"@id":"https:\/\/vannelli.coffee\/it\/#website"},"primaryImageOfPage":{"@id":"https:\/\/vannelli.coffee\/it\/prodotto\/anfim-macinacaffe-pratica\/#primaryimage"},"image":{"@id":"https:\/\/vannelli.coffee\/it\/prodotto\/anfim-macinacaffe-pratica\/#primaryimage"},"thumbnailUrl":"https:\/\/vannelli.coffee\/wp-content\/uploads\/2020\/01\/pratica.jpg","datePublished":"2020-01-13T11:04:14+00:00","dateModified":"2020-04-09T08:20:30+00:00","description":"Il macinacaff\u00e8 professionale Pratica di Anfim \u00e8 la giusta combinazione tra design tradizionale italiano e un innovativo sistema di macinazione.","breadcrumb":{"@id":"https:\/\/vannelli.coffee\/it\/prodotto\/anfim-macinacaffe-pratica\/#breadcrumb"},"inLanguage":"it-IT","potentialAction":[{"@type":"ReadAction","target":["https:\/\/vannelli.coffee\/it\/prodotto\/anfim-macinacaffe-pratica\/"]}]},{"@type":"ImageObject","inLanguage":"it-IT","@id":"https:\/\/vannelli.coffee\/it\/prodotto\/anfim-macinacaffe-pratica\/#primaryimage","url":"https:\/\/vannelli.coffee\/wp-content\/uploads\/2020\/01\/pratica.jpg","contentUrl":"https:\/\/vannelli.coffee\/wp-content\/uploads\/2020\/01\/pratica.jpg","width":1600,"height":1600,"caption":"Anfim Pratica"},{"@type":"BreadcrumbList","@id":"https:\/\/vannelli.coffee\/it\/prodotto\/anfim-macinacaffe-pratica\/#breadcrumb","itemListElement":[{"@type":"ListItem","position":1,"name":"Home","item":"https:\/\/vannelli.coffee\/it\/"},{"@type":"ListItem","position":2,"name":"Negozio","item":"https:\/\/vannelli.coffee\/it\/negozio\/"},{"@type":"ListItem","position":3,"name":"Macinacaff\u00e8 Pratica Anfim"}]},{"@type":"WebSite","@id":"https:\/\/vannelli.coffee\/it\/#website","url":"https:\/\/vannelli.coffee\/it\/","name":"Vannelli Coffee","description":"We Are What We Roast","publisher":{"@id":"https:\/\/vannelli.coffee\/it\/#organization"},"potentialAction":[{"@type":"SearchAction","target":{"@type":"EntryPoint","urlTemplate":"https:\/\/vannelli.coffee\/it\/?s={search_term_string}"},"query-input":{"@type":"PropertyValueSpecification","valueRequired":true,"valueName":"search_term_string"}}],"inLanguage":"it-IT"},{"@type":"Organization","@id":"https:\/\/vannelli.coffee\/it\/#organization","name":"Vannelli Coffee","url":"https:\/\/vannelli.coffee\/it\/","logo":{"@type":"ImageObject","inLanguage":"it-IT","@id":"https:\/\/vannelli.coffee\/it\/#\/schema\/logo\/image\/","url":"https:\/\/vannelli.coffee\/wp-content\/uploads\/2020\/01\/logo-2.jpg","contentUrl":"https:\/\/vannelli.coffee\/wp-content\/uploads\/2020\/01\/logo-2.jpg","width":150,"height":150,"caption":"Vannelli Coffee"},"image":{"@id":"https:\/\/vannelli.coffee\/it\/#\/schema\/logo\/image\/"},"sameAs":["https:\/\/www.facebook.com\/vannelli.coffee\/","https:\/\/www.instagram.com\/vannelli.coffee\/"]}]}},"_links":{"self":[{"href":"https:\/\/vannelli.coffee\/it\/wp-json\/wp\/v2\/product\/1069","targetHints":{"allow":["GET"]}}],"collection":[{"href":"https:\/\/vannelli.coffee\/it\/wp-json\/wp\/v2\/product"}],"about":[{"href":"https:\/\/vannelli.coffee\/it\/wp-json\/wp\/v2\/types\/product"}],"wp:featuredmedia":[{"embeddable":true,"href":"https:\/\/vannelli.coffee\/it\/wp-json\/wp\/v2\/media\/3767"}],"wp:attachment":[{"href":"https:\/\/vannelli.coffee\/it\/wp-json\/wp\/v2\/media?parent=1069"}],"wp:term":[{"taxonomy":"product_brand","embeddable":true,"href":"https:\/\/vannelli.coffee\/it\/wp-json\/wp\/v2\/product_brand?post=1069"},{"taxonomy":"product_cat","embeddable":true,"href":"https:\/\/vannelli.coffee\/it\/wp-json\/wp\/v2\/product_cat?post=1069"},{"taxonomy":"product_tag","embeddable":true,"href":"https:\/\/vannelli.coffee\/it\/wp-json\/wp\/v2\/product_tag?post=1069"}],"curies":[{"name":"wp","href":"https:\/\/api.w.org\/{rel}","templated":true}]}}