{"id":1071,"date":"2020-01-13T10:20:36","date_gmt":"2020-01-13T09:20:36","guid":{"rendered":"https:\/\/vannelli.coffee\/product\/moccamaster-filter-brewer\/"},"modified":"2020-04-16T10:11:59","modified_gmt":"2020-04-16T09:11:59","slug":"moccamaster-macchina-caffe-filtro","status":"publish","type":"product","link":"https:\/\/vannelli.coffee\/it\/prodotto\/moccamaster-macchina-caffe-filtro\/","title":{"rendered":"Macchina automatica per caff\u00e8 filtro Moccamaster"},"content":{"rendered":"<h5>Macchina automatica per caff\u00e8 filtro Moccamaster<\/h5>\n<p style=\"text-align: left;\"><strong>Temperatura di estrazione:<\/strong> stabile tra 92\u00b0-96\u00b0 C<\/p>\n<p style=\"text-align: left;\"><strong>Rapido processo di estrazione<\/strong>: 10 tazze in 6 minuti<\/p>\n<p style=\"text-align: left;\">La <strong>piastra<\/strong> mantiene il caff\u00e8 alla giusta temperatura (80\u00b0-85\u00b0 C) si spegne automaticamente dopo 40 minuti di stand-by<\/p>\n<p style=\"text-align: left;\"><strong>Potenza:<\/strong> 1.520W<\/p>\n<p style=\"text-align: left;\"><strong>Garanzia:<\/strong> 5 anni<\/p>\n<p style=\"text-align: left;\">\n","protected":false},"excerpt":{"rendered":"<p><strong>Moccamaster KBG<\/strong> \u00e8 una macchina per il caff\u00e8 filtro che ti permette di fare un caff\u00e8 delizioso. La temperatura di estrazione \u00e8 omogenea, la macchina \u00e8 veloce in quanto pu\u00f2 preparare 10 tazze in soli 6 minuti e la piastra riscaldante permette di mantenere la giusta temperatura del caff\u00e8 nella caraffa.<\/p>\n","protected":false},"featured_media":3641,"template":"","meta":{"_acf_changed":false,"_monsterinsights_skip_tracking":false,"_monsterinsights_sitenote_active":false,"_monsterinsights_sitenote_note":"","_monsterinsights_sitenote_category":0},"product_brand":[],"product_cat":[53],"product_tag":[365,59,60],"class_list":{"0":"post-1071","1":"product","2":"type-product","3":"status-publish","4":"has-post-thumbnail","6":"product_cat-brewing-it","7":"product_tag-accessori-per-caffe","8":"product_tag-specialtycoffee-it","9":"product_tag-vannellicoffee-it","11":"first","12":"instock","13":"shipping-taxable","14":"purchasable","15":"product-type-variable"},"acf":[],"yoast_head":"<!-- This site is optimized with the Yoast SEO plugin v27.3 - https:\/\/yoast.com\/product\/yoast-seo-wordpress\/ -->\n<title>Macchina automatica per caff\u00e8 filtro Moccamaster | Vannelli Coffee<\/title>\n<meta name=\"description\" content=\"La macchina automatica per caff\u00e8 filtro Moccamaster ti permette di fare un caff\u00e8 delizioso: pu\u00f2 preparare 10 tazze in soli 6 minuti.\" \/>\n<meta name=\"robots\" content=\"index, follow, max-snippet:-1, max-image-preview:large, max-video-preview:-1\" \/>\n<link rel=\"canonical\" href=\"https:\/\/vannelli.coffee\/it\/prodotto\/moccamaster-macchina-caffe-filtro\/\" \/>\n<meta property=\"og:locale\" content=\"it_IT\" \/>\n<meta property=\"og:type\" content=\"article\" \/>\n<meta property=\"og:title\" content=\"Macchina automatica per caff\u00e8 filtro Moccamaster | Vannelli Coffee\" \/>\n<meta property=\"og:description\" content=\"La macchina automatica per caff\u00e8 filtro Moccamaster ti permette di fare un caff\u00e8 delizioso: pu\u00f2 preparare 10 tazze in soli 6 minuti.\" \/>\n<meta property=\"og:url\" content=\"https:\/\/vannelli.coffee\/it\/prodotto\/moccamaster-macchina-caffe-filtro\/\" \/>\n<meta property=\"og:site_name\" content=\"Vannelli Coffee\" \/>\n<meta property=\"article:publisher\" content=\"https:\/\/www.facebook.com\/vannelli.coffee\/\" \/>\n<meta property=\"article:modified_time\" content=\"2020-04-16T09:11:59+00:00\" \/>\n<meta property=\"og:image\" content=\"https:\/\/vannelli.coffee\/wp-content\/uploads\/2020\/01\/matte-black.jpg\" \/>\n\t<meta property=\"og:image:width\" content=\"1600\" \/>\n\t<meta property=\"og:image:height\" content=\"1600\" \/>\n\t<meta property=\"og:image:type\" content=\"image\/jpeg\" \/>\n<meta name=\"twitter:card\" content=\"summary_large_image\" \/>\n<script type=\"application\/ld+json\" class=\"yoast-schema-graph\">{\"@context\":\"https:\\\/\\\/schema.org\",\"@graph\":[{\"@type\":\"WebPage\",\"@id\":\"https:\\\/\\\/vannelli.coffee\\\/it\\\/prodotto\\\/moccamaster-macchina-caffe-filtro\\\/\",\"url\":\"https:\\\/\\\/vannelli.coffee\\\/it\\\/prodotto\\\/moccamaster-macchina-caffe-filtro\\\/\",\"name\":\"Macchina automatica per caff\u00e8 filtro Moccamaster | Vannelli Coffee\",\"isPartOf\":{\"@id\":\"https:\\\/\\\/vannelli.coffee\\\/it\\\/#website\"},\"primaryImageOfPage\":{\"@id\":\"https:\\\/\\\/vannelli.coffee\\\/it\\\/prodotto\\\/moccamaster-macchina-caffe-filtro\\\/#primaryimage\"},\"image\":{\"@id\":\"https:\\\/\\\/vannelli.coffee\\\/it\\\/prodotto\\\/moccamaster-macchina-caffe-filtro\\\/#primaryimage\"},\"thumbnailUrl\":\"https:\\\/\\\/vannelli.coffee\\\/wp-content\\\/uploads\\\/2020\\\/01\\\/matte-black.jpg\",\"datePublished\":\"2020-01-13T09:20:36+00:00\",\"dateModified\":\"2020-04-16T09:11:59+00:00\",\"description\":\"La macchina automatica per caff\u00e8 filtro Moccamaster ti permette di fare un caff\u00e8 delizioso: pu\u00f2 preparare 10 tazze in soli 6 minuti.\",\"breadcrumb\":{\"@id\":\"https:\\\/\\\/vannelli.coffee\\\/it\\\/prodotto\\\/moccamaster-macchina-caffe-filtro\\\/#breadcrumb\"},\"inLanguage\":\"it-IT\",\"potentialAction\":[{\"@type\":\"ReadAction\",\"target\":[\"https:\\\/\\\/vannelli.coffee\\\/it\\\/prodotto\\\/moccamaster-macchina-caffe-filtro\\\/\"]}]},{\"@type\":\"ImageObject\",\"inLanguage\":\"it-IT\",\"@id\":\"https:\\\/\\\/vannelli.coffee\\\/it\\\/prodotto\\\/moccamaster-macchina-caffe-filtro\\\/#primaryimage\",\"url\":\"https:\\\/\\\/vannelli.coffee\\\/wp-content\\\/uploads\\\/2020\\\/01\\\/matte-black.jpg\",\"contentUrl\":\"https:\\\/\\\/vannelli.coffee\\\/wp-content\\\/uploads\\\/2020\\\/01\\\/matte-black.jpg\",\"width\":1600,\"height\":1600,\"caption\":\"Moccamaster Filter Brewer matt black\"},{\"@type\":\"BreadcrumbList\",\"@id\":\"https:\\\/\\\/vannelli.coffee\\\/it\\\/prodotto\\\/moccamaster-macchina-caffe-filtro\\\/#breadcrumb\",\"itemListElement\":[{\"@type\":\"ListItem\",\"position\":1,\"name\":\"Home\",\"item\":\"https:\\\/\\\/vannelli.coffee\\\/it\\\/\"},{\"@type\":\"ListItem\",\"position\":2,\"name\":\"Negozio\",\"item\":\"https:\\\/\\\/vannelli.coffee\\\/it\\\/negozio\\\/\"},{\"@type\":\"ListItem\",\"position\":3,\"name\":\"Macchina automatica per caff\u00e8 filtro Moccamaster\"}]},{\"@type\":\"WebSite\",\"@id\":\"https:\\\/\\\/vannelli.coffee\\\/it\\\/#website\",\"url\":\"https:\\\/\\\/vannelli.coffee\\\/it\\\/\",\"name\":\"Vannelli Coffee\",\"description\":\"We Are What We Roast\",\"publisher\":{\"@id\":\"https:\\\/\\\/vannelli.coffee\\\/it\\\/#organization\"},\"potentialAction\":[{\"@type\":\"SearchAction\",\"target\":{\"@type\":\"EntryPoint\",\"urlTemplate\":\"https:\\\/\\\/vannelli.coffee\\\/it\\\/?s={search_term_string}\"},\"query-input\":{\"@type\":\"PropertyValueSpecification\",\"valueRequired\":true,\"valueName\":\"search_term_string\"}}],\"inLanguage\":\"it-IT\"},{\"@type\":\"Organization\",\"@id\":\"https:\\\/\\\/vannelli.coffee\\\/it\\\/#organization\",\"name\":\"Vannelli Coffee\",\"url\":\"https:\\\/\\\/vannelli.coffee\\\/it\\\/\",\"logo\":{\"@type\":\"ImageObject\",\"inLanguage\":\"it-IT\",\"@id\":\"https:\\\/\\\/vannelli.coffee\\\/it\\\/#\\\/schema\\\/logo\\\/image\\\/\",\"url\":\"https:\\\/\\\/vannelli.coffee\\\/wp-content\\\/uploads\\\/2020\\\/01\\\/logo-2.jpg\",\"contentUrl\":\"https:\\\/\\\/vannelli.coffee\\\/wp-content\\\/uploads\\\/2020\\\/01\\\/logo-2.jpg\",\"width\":150,\"height\":150,\"caption\":\"Vannelli Coffee\"},\"image\":{\"@id\":\"https:\\\/\\\/vannelli.coffee\\\/it\\\/#\\\/schema\\\/logo\\\/image\\\/\"},\"sameAs\":[\"https:\\\/\\\/www.facebook.com\\\/vannelli.coffee\\\/\",\"https:\\\/\\\/www.instagram.com\\\/vannelli.coffee\\\/\"]}]}<\/script>\n<!-- \/ Yoast SEO plugin. -->","yoast_head_json":{"title":"Macchina automatica per caff\u00e8 filtro Moccamaster | Vannelli Coffee","description":"La macchina automatica per caff\u00e8 filtro Moccamaster ti permette di fare un caff\u00e8 delizioso: pu\u00f2 preparare 10 tazze in soli 6 minuti.","robots":{"index":"index","follow":"follow","max-snippet":"max-snippet:-1","max-image-preview":"max-image-preview:large","max-video-preview":"max-video-preview:-1"},"canonical":"https:\/\/vannelli.coffee\/it\/prodotto\/moccamaster-macchina-caffe-filtro\/","og_locale":"it_IT","og_type":"article","og_title":"Macchina automatica per caff\u00e8 filtro Moccamaster | Vannelli Coffee","og_description":"La macchina automatica per caff\u00e8 filtro Moccamaster ti permette di fare un caff\u00e8 delizioso: pu\u00f2 preparare 10 tazze in soli 6 minuti.","og_url":"https:\/\/vannelli.coffee\/it\/prodotto\/moccamaster-macchina-caffe-filtro\/","og_site_name":"Vannelli Coffee","article_publisher":"https:\/\/www.facebook.com\/vannelli.coffee\/","article_modified_time":"2020-04-16T09:11:59+00:00","og_image":[{"width":1600,"height":1600,"url":"https:\/\/vannelli.coffee\/wp-content\/uploads\/2020\/01\/matte-black.jpg","type":"image\/jpeg"}],"twitter_card":"summary_large_image","schema":{"@context":"https:\/\/schema.org","@graph":[{"@type":"WebPage","@id":"https:\/\/vannelli.coffee\/it\/prodotto\/moccamaster-macchina-caffe-filtro\/","url":"https:\/\/vannelli.coffee\/it\/prodotto\/moccamaster-macchina-caffe-filtro\/","name":"Macchina automatica per caff\u00e8 filtro Moccamaster | Vannelli Coffee","isPartOf":{"@id":"https:\/\/vannelli.coffee\/it\/#website"},"primaryImageOfPage":{"@id":"https:\/\/vannelli.coffee\/it\/prodotto\/moccamaster-macchina-caffe-filtro\/#primaryimage"},"image":{"@id":"https:\/\/vannelli.coffee\/it\/prodotto\/moccamaster-macchina-caffe-filtro\/#primaryimage"},"thumbnailUrl":"https:\/\/vannelli.coffee\/wp-content\/uploads\/2020\/01\/matte-black.jpg","datePublished":"2020-01-13T09:20:36+00:00","dateModified":"2020-04-16T09:11:59+00:00","description":"La macchina automatica per caff\u00e8 filtro Moccamaster ti permette di fare un caff\u00e8 delizioso: pu\u00f2 preparare 10 tazze in soli 6 minuti.","breadcrumb":{"@id":"https:\/\/vannelli.coffee\/it\/prodotto\/moccamaster-macchina-caffe-filtro\/#breadcrumb"},"inLanguage":"it-IT","potentialAction":[{"@type":"ReadAction","target":["https:\/\/vannelli.coffee\/it\/prodotto\/moccamaster-macchina-caffe-filtro\/"]}]},{"@type":"ImageObject","inLanguage":"it-IT","@id":"https:\/\/vannelli.coffee\/it\/prodotto\/moccamaster-macchina-caffe-filtro\/#primaryimage","url":"https:\/\/vannelli.coffee\/wp-content\/uploads\/2020\/01\/matte-black.jpg","contentUrl":"https:\/\/vannelli.coffee\/wp-content\/uploads\/2020\/01\/matte-black.jpg","width":1600,"height":1600,"caption":"Moccamaster Filter Brewer matt black"},{"@type":"BreadcrumbList","@id":"https:\/\/vannelli.coffee\/it\/prodotto\/moccamaster-macchina-caffe-filtro\/#breadcrumb","itemListElement":[{"@type":"ListItem","position":1,"name":"Home","item":"https:\/\/vannelli.coffee\/it\/"},{"@type":"ListItem","position":2,"name":"Negozio","item":"https:\/\/vannelli.coffee\/it\/negozio\/"},{"@type":"ListItem","position":3,"name":"Macchina automatica per caff\u00e8 filtro Moccamaster"}]},{"@type":"WebSite","@id":"https:\/\/vannelli.coffee\/it\/#website","url":"https:\/\/vannelli.coffee\/it\/","name":"Vannelli Coffee","description":"We Are What We Roast","publisher":{"@id":"https:\/\/vannelli.coffee\/it\/#organization"},"potentialAction":[{"@type":"SearchAction","target":{"@type":"EntryPoint","urlTemplate":"https:\/\/vannelli.coffee\/it\/?s={search_term_string}"},"query-input":{"@type":"PropertyValueSpecification","valueRequired":true,"valueName":"search_term_string"}}],"inLanguage":"it-IT"},{"@type":"Organization","@id":"https:\/\/vannelli.coffee\/it\/#organization","name":"Vannelli Coffee","url":"https:\/\/vannelli.coffee\/it\/","logo":{"@type":"ImageObject","inLanguage":"it-IT","@id":"https:\/\/vannelli.coffee\/it\/#\/schema\/logo\/image\/","url":"https:\/\/vannelli.coffee\/wp-content\/uploads\/2020\/01\/logo-2.jpg","contentUrl":"https:\/\/vannelli.coffee\/wp-content\/uploads\/2020\/01\/logo-2.jpg","width":150,"height":150,"caption":"Vannelli Coffee"},"image":{"@id":"https:\/\/vannelli.coffee\/it\/#\/schema\/logo\/image\/"},"sameAs":["https:\/\/www.facebook.com\/vannelli.coffee\/","https:\/\/www.instagram.com\/vannelli.coffee\/"]}]}},"_links":{"self":[{"href":"https:\/\/vannelli.coffee\/it\/wp-json\/wp\/v2\/product\/1071","targetHints":{"allow":["GET"]}}],"collection":[{"href":"https:\/\/vannelli.coffee\/it\/wp-json\/wp\/v2\/product"}],"about":[{"href":"https:\/\/vannelli.coffee\/it\/wp-json\/wp\/v2\/types\/product"}],"wp:featuredmedia":[{"embeddable":true,"href":"https:\/\/vannelli.coffee\/it\/wp-json\/wp\/v2\/media\/3641"}],"wp:attachment":[{"href":"https:\/\/vannelli.coffee\/it\/wp-json\/wp\/v2\/media?parent=1071"}],"wp:term":[{"taxonomy":"product_brand","embeddable":true,"href":"https:\/\/vannelli.coffee\/it\/wp-json\/wp\/v2\/product_brand?post=1071"},{"taxonomy":"product_cat","embeddable":true,"href":"https:\/\/vannelli.coffee\/it\/wp-json\/wp\/v2\/product_cat?post=1071"},{"taxonomy":"product_tag","embeddable":true,"href":"https:\/\/vannelli.coffee\/it\/wp-json\/wp\/v2\/product_tag?post=1071"}],"curies":[{"name":"wp","href":"https:\/\/api.w.org\/{rel}","templated":true}]}}