{"id":4042,"date":"2020-10-01T11:57:07","date_gmt":"2020-10-01T10:57:08","guid":{"rendered":"https:\/\/vannelli.coffee\/?post_type=product&#038;p=4042"},"modified":"2022-05-06T15:13:31","modified_gmt":"2022-05-06T14:13:31","slug":"panama-geisha-nirvana","status":"publish","type":"product","link":"https:\/\/vannelli.coffee\/it\/prodotto\/panama-geisha-nirvana\/","title":{"rendered":"Panama Geisha Nirvana"},"content":{"rendered":"<h5 id=\"tw-target-text\" class=\"tw-data-text tw-text-large XcVN5d tw-ta\" dir=\"ltr\" data-placeholder=\"Traduzione\"><span lang=\"it\">Finca Deborah<\/span><\/h5>\n<p class=\"tw-data-text tw-text-large XcVN5d tw-ta\" dir=\"ltr\" data-placeholder=\"Traduzione\"><span lang=\"it\"><em>Finca Deborah<\/em> si trova a Panama, pi\u00f9 precisamente nella regione di Volcan, nella provincia di Chiriqui. L<\/span><span lang=\"it\">a piantagione si trova a oltre 1900 metri sul livello del mare ed \u00e8 una delle piantagioni di caff\u00e8 pi\u00f9 remote nel territorio Panamense. Questa regione \u00e8 ideale per la produzione di caff\u00e8: il suolo vulcanico, l&#8217;alta quota, il perfetto equilibrio tra pioggia e sole tropicale permettono di dare vita a piante di caff\u00e8 uniche. <\/span><\/p>\n<p class=\"tw-data-text tw-text-large XcVN5d tw-ta\" dir=\"ltr\" data-placeholder=\"Traduzione\"><span lang=\"it\">L&#8217;impegno di <em>Finca Deborah<\/em> per l&#8217;ambiente \u00e8 notevole: la farm \u00e8 completamente alimentata da pannelli solari e conta di un personale estramente attento ed incentrato sulla salvaguardia dell&#8217;ecologia. La coltivazione delle piantagioni di caff\u00e8 <em>Geisha<\/em> \u00e8 una cosa seria ed i lavoratori di Finca Deborah non potevano che essere professionisti devoti, centrati sull&#8217;eccellenza. <\/span><\/p>\n<p class=\"tw-data-text tw-text-large XcVN5d tw-ta\" dir=\"ltr\" data-placeholder=\"Traduzione\"><span lang=\"it\"><img decoding=\"async\" class=\"alignleft\" src=\"https:\/\/vannelli.coffee\/wp-content\/uploads\/2020\/09\/Photo-Apr-23-1-10-29-PM-300x225.jpg\" \/>La raccolta viene effettuata <\/span>meticolosamente, rigorosamente a mano, una per una, e vengono selezionate solo le pi\u00f9 mature.<\/p>\n","protected":false},"excerpt":{"rendered":"<h5><strong><em><span style=\"color: #800000;\">SOLD OUT<\/span> <\/em><\/strong><\/h5>\n<h5><em>Esplosione di frutti di bosco, Frutta tropicale matura, Panela, Cherry wine, Caramella al lychee<\/em><\/h5>\n<p id=\"tw-target-text\" class=\"tw-data-text tw-text-large XcVN5d tw-ta\" dir=\"ltr\" data-placeholder=\"Traduzione\"><span lang=\"it\">Siamo orgogliosi di presentare <em><strong>Panama Geisha Nirvana<\/strong><\/em>, uno dei migliori caff\u00e8 del nostro caro amico <strong>Jamison Savage.<\/strong> \u00c8 uno dei pi\u00f9 grandi agricoltori che abbiamo mai incontrato e i suoi caff\u00e8 sono semplicemente incredibili! <\/span><\/p>\n<p id=\"tw-target-text\" class=\"tw-data-text tw-text-large XcVN5d tw-ta\" dir=\"ltr\" data-placeholder=\"Traduzione\"><span lang=\"it\"><strong><em>Nirvana<\/em> <\/strong>inizia con la raccolta delle ciliegie pi\u00f9 mature, solamente dopo i rigidi controlli, le ciliegie posso essere depositate all&#8217;interno di taniche le quali vengono chiuse ermeticamente. E&#8217; cos\u00ec che inizia la fermentazione anaerobica: viene aggiunto azoto ed estratto ossigeno.<\/span><\/p>\n<p id=\"tw-target-text\" class=\"tw-data-text tw-text-large XcVN5d tw-ta\" dir=\"ltr\" data-placeholder=\"Traduzione\"><span lang=\"it\">Le ciliegie vengono tenute all&#8217;interno delle taniche per un periodo prolungato di 50 ore dove ph e temperatura vengono costantemente monitorati. Questo metodo permette di esaltare sapori unici.<\/span><img loading=\"lazy\" decoding=\"async\" class=\" wp-image-3971 alignright\" src=\"https:\/\/vannelli.coffee\/wp-content\/uploads\/2020\/09\/Photo-Feb-02-2-56-08-PM-1-300x225.jpg\" alt=\"nirvana drying bed\" width=\"263\" height=\"197\" srcset=\"https:\/\/vannelli.coffee\/wp-content\/uploads\/2020\/09\/Photo-Feb-02-2-56-08-PM-1-300x225.jpg 300w, https:\/\/vannelli.coffee\/wp-content\/uploads\/2020\/09\/Photo-Feb-02-2-56-08-PM-1-1024x768.jpg 1024w, https:\/\/vannelli.coffee\/wp-content\/uploads\/2020\/09\/Photo-Feb-02-2-56-08-PM-1-768x576.jpg 768w, https:\/\/vannelli.coffee\/wp-content\/uploads\/2020\/09\/Photo-Feb-02-2-56-08-PM-1-1536x1152.jpg 1536w, https:\/\/vannelli.coffee\/wp-content\/uploads\/2020\/09\/Photo-Feb-02-2-56-08-PM-1-2048x1536.jpg 2048w, https:\/\/vannelli.coffee\/wp-content\/uploads\/2020\/09\/Photo-Feb-02-2-56-08-PM-1-560x420.jpg 560w, https:\/\/vannelli.coffee\/wp-content\/uploads\/2020\/09\/Photo-Feb-02-2-56-08-PM-1-210x158.jpg 210w, https:\/\/vannelli.coffee\/wp-content\/uploads\/2020\/09\/Photo-Feb-02-2-56-08-PM-1-600x450.jpg 600w\" sizes=\"auto, (max-width: 263px) 100vw, 263px\" \/><\/p>\n<p id=\"tw-target-text\" class=\"tw-data-text tw-text-large XcVN5d tw-ta\" dir=\"ltr\" data-placeholder=\"Traduzione\"><span lang=\"it\">Dopo questo periodo di fermentazione, il caff\u00e8 viene rimosso e posto su letti africani ombreggiati e rialzati per un totale di 20 giorni. Il caff\u00e8 viene in seguito messo all&#8217;interno di sacchi grain-pro\u00ae e conservato accuratamente nelle Bodega, dove il clima \u00e8 stabile. Il <em>reposo<\/em>\u00a0\u00e8 una delle fase pi\u00f9 critiche e di conseguenza avvengono svariati controlli di qualit\u00e0 di Finca Deborah.<\/span><\/p>\n<p id=\"tw-target-text\" class=\"tw-data-text tw-text-large XcVN5d tw-ta\" dir=\"ltr\" data-placeholder=\"Traduzione\"><span lang=\"it\">Al termine del <em>reposo<\/em>, il caff\u00e8 viene selezionato per dimensione, colore e densit\u00e0 ed \u00e8 finalmente pronto per essere confezionato sottovuoto e messo in scatole da 15 kg e spedito in tutto il mondo.<\/span><\/p>\n<p style=\"text-align: left;\"><strong>Origine:<\/strong> Panama<\/p>\n<p style=\"text-align: left;\"><strong>Produttore: <\/strong><a href=\"http:\/\/www.fincadeborah.com\/\">Finca Deborah<\/a><\/p>\n<p style=\"text-align: left;\"><strong>Regione:<\/strong> <a href=\"http:\/\/www.fincadeborah.com\/volcan-boquete-region\/\">Volcan, Boquete Valley<\/a><\/p>\n<p style=\"text-align: left;\"><strong>Variet\u00e0:<\/strong> Geisha<\/p>\n<p style=\"text-align: left;\"><strong>Processo:<\/strong> Nitrogen Anaerobic Fermentation<\/p>\n<p style=\"text-align: left;\"><strong>Altitudine: <\/strong>1900 mt<\/p>\n<p style=\"text-align: left;\"><strong>Cup Profile: <\/strong>Esplosione di frutti di bosco, Frutta tropicale matura, Panela, Cherry wine, Caramella al Lychee<\/p>\n<p style=\"text-align: left;\"><strong>Head Roaster:<\/strong> Pietro Vannelli<\/p>\n","protected":false},"featured_media":6084,"template":"","meta":{"_acf_changed":false,"_monsterinsights_skip_tracking":false,"_monsterinsights_sitenote_active":false,"_monsterinsights_sitenote_note":"","_monsterinsights_sitenote_category":0},"product_brand":[],"product_cat":[41],"product_tag":[248,228,249,57,59],"class_list":{"0":"post-4042","1":"product","2":"type-product","3":"status-publish","4":"has-post-thumbnail","6":"product_cat-caffe-speciali","7":"product_tag-fincadeborah-it","8":"product_tag-geisha-it-2","9":"product_tag-nitrogenanaerobic-it","10":"product_tag-panama-it","11":"product_tag-specialtycoffee-it","13":"first","14":"outofstock","15":"shipping-taxable","16":"purchasable","17":"product-type-variable"},"acf":[],"yoast_head":"<!-- This site is optimized with the Yoast SEO plugin v27.4 - https:\/\/yoast.com\/product\/yoast-seo-wordpress\/ -->\n<title>Caff\u00e8 di Panama | Geisha Specialty Coffee | Vannelli Coffee<\/title>\n<meta name=\"description\" content=\"Caff\u00e8 Geisha Nirvana, Finca Deborah. Il caff\u00e8 pi\u00f9 pregiato della Vannelli Cofffe, uniche note di frutta, Cherry wine, caramella al lychee.\" \/>\n<meta name=\"robots\" content=\"index, follow, max-snippet:-1, max-image-preview:large, max-video-preview:-1\" \/>\n<link rel=\"canonical\" href=\"https:\/\/vannelli.coffee\/it\/prodotto\/panama-geisha-nirvana\/\" \/>\n<meta property=\"og:locale\" content=\"it_IT\" \/>\n<meta property=\"og:type\" content=\"article\" \/>\n<meta property=\"og:title\" content=\"Caff\u00e8 di Panama | Geisha Specialty Coffee | Vannelli Coffee\" \/>\n<meta property=\"og:description\" content=\"Caff\u00e8 Geisha Nirvana, Finca Deborah. Il caff\u00e8 pi\u00f9 pregiato della Vannelli Cofffe, uniche note di frutta, Cherry wine, caramella al lychee.\" \/>\n<meta property=\"og:url\" content=\"https:\/\/vannelli.coffee\/it\/prodotto\/panama-geisha-nirvana\/\" \/>\n<meta property=\"og:site_name\" content=\"Vannelli Coffee\" \/>\n<meta property=\"article:publisher\" content=\"https:\/\/www.facebook.com\/vannelli.coffee\/\" \/>\n<meta property=\"article:modified_time\" content=\"2022-05-06T14:13:31+00:00\" \/>\n<meta property=\"og:image\" content=\"https:\/\/vannelli.coffee\/wp-content\/uploads\/2020\/10\/Photo-Apr-07-2-21-15-PM-scaled.jpg\" \/>\n\t<meta property=\"og:image:width\" content=\"1920\" \/>\n\t<meta property=\"og:image:height\" content=\"2560\" \/>\n\t<meta property=\"og:image:type\" content=\"image\/jpeg\" \/>\n<meta name=\"twitter:card\" content=\"summary_large_image\" \/>\n<meta name=\"twitter:label1\" content=\"Tempo di lettura stimato\" \/>\n\t<meta name=\"twitter:data1\" content=\"1 minuto\" \/>\n<script type=\"application\/ld+json\" class=\"yoast-schema-graph\">{\"@context\":\"https:\\\/\\\/schema.org\",\"@graph\":[{\"@type\":\"WebPage\",\"@id\":\"https:\\\/\\\/vannelli.coffee\\\/it\\\/prodotto\\\/panama-geisha-nirvana\\\/\",\"url\":\"https:\\\/\\\/vannelli.coffee\\\/it\\\/prodotto\\\/panama-geisha-nirvana\\\/\",\"name\":\"Caff\u00e8 di Panama | Geisha Specialty Coffee | Vannelli Coffee\",\"isPartOf\":{\"@id\":\"https:\\\/\\\/vannelli.coffee\\\/it\\\/#website\"},\"primaryImageOfPage\":{\"@id\":\"https:\\\/\\\/vannelli.coffee\\\/it\\\/prodotto\\\/panama-geisha-nirvana\\\/#primaryimage\"},\"image\":{\"@id\":\"https:\\\/\\\/vannelli.coffee\\\/it\\\/prodotto\\\/panama-geisha-nirvana\\\/#primaryimage\"},\"thumbnailUrl\":\"https:\\\/\\\/vannelli.coffee\\\/wp-content\\\/uploads\\\/2020\\\/10\\\/Photo-Apr-07-2-21-15-PM-scaled.jpg\",\"datePublished\":\"2020-10-01T10:57:08+00:00\",\"dateModified\":\"2022-05-06T14:13:31+00:00\",\"description\":\"Caff\u00e8 Geisha Nirvana, Finca Deborah. Il caff\u00e8 pi\u00f9 pregiato della Vannelli Cofffe, uniche note di frutta, Cherry wine, caramella al lychee.\",\"breadcrumb\":{\"@id\":\"https:\\\/\\\/vannelli.coffee\\\/it\\\/prodotto\\\/panama-geisha-nirvana\\\/#breadcrumb\"},\"inLanguage\":\"it-IT\",\"potentialAction\":[{\"@type\":\"ReadAction\",\"target\":[\"https:\\\/\\\/vannelli.coffee\\\/it\\\/prodotto\\\/panama-geisha-nirvana\\\/\"]}]},{\"@type\":\"ImageObject\",\"inLanguage\":\"it-IT\",\"@id\":\"https:\\\/\\\/vannelli.coffee\\\/it\\\/prodotto\\\/panama-geisha-nirvana\\\/#primaryimage\",\"url\":\"https:\\\/\\\/vannelli.coffee\\\/wp-content\\\/uploads\\\/2020\\\/10\\\/Photo-Apr-07-2-21-15-PM-scaled.jpg\",\"contentUrl\":\"https:\\\/\\\/vannelli.coffee\\\/wp-content\\\/uploads\\\/2020\\\/10\\\/Photo-Apr-07-2-21-15-PM-scaled.jpg\",\"width\":1920,\"height\":2560},{\"@type\":\"BreadcrumbList\",\"@id\":\"https:\\\/\\\/vannelli.coffee\\\/it\\\/prodotto\\\/panama-geisha-nirvana\\\/#breadcrumb\",\"itemListElement\":[{\"@type\":\"ListItem\",\"position\":1,\"name\":\"Home\",\"item\":\"https:\\\/\\\/vannelli.coffee\\\/it\\\/\"},{\"@type\":\"ListItem\",\"position\":2,\"name\":\"Negozio\",\"item\":\"https:\\\/\\\/vannelli.coffee\\\/it\\\/negozio\\\/\"},{\"@type\":\"ListItem\",\"position\":3,\"name\":\"Panama Geisha Nirvana\"}]},{\"@type\":\"WebSite\",\"@id\":\"https:\\\/\\\/vannelli.coffee\\\/it\\\/#website\",\"url\":\"https:\\\/\\\/vannelli.coffee\\\/it\\\/\",\"name\":\"Vannelli Coffee\",\"description\":\"We Are What We Roast\",\"publisher\":{\"@id\":\"https:\\\/\\\/vannelli.coffee\\\/it\\\/#organization\"},\"potentialAction\":[{\"@type\":\"SearchAction\",\"target\":{\"@type\":\"EntryPoint\",\"urlTemplate\":\"https:\\\/\\\/vannelli.coffee\\\/it\\\/?s={search_term_string}\"},\"query-input\":{\"@type\":\"PropertyValueSpecification\",\"valueRequired\":true,\"valueName\":\"search_term_string\"}}],\"inLanguage\":\"it-IT\"},{\"@type\":\"Organization\",\"@id\":\"https:\\\/\\\/vannelli.coffee\\\/it\\\/#organization\",\"name\":\"Vannelli Coffee\",\"url\":\"https:\\\/\\\/vannelli.coffee\\\/it\\\/\",\"logo\":{\"@type\":\"ImageObject\",\"inLanguage\":\"it-IT\",\"@id\":\"https:\\\/\\\/vannelli.coffee\\\/it\\\/#\\\/schema\\\/logo\\\/image\\\/\",\"url\":\"https:\\\/\\\/vannelli.coffee\\\/wp-content\\\/uploads\\\/2020\\\/01\\\/logo-2.jpg\",\"contentUrl\":\"https:\\\/\\\/vannelli.coffee\\\/wp-content\\\/uploads\\\/2020\\\/01\\\/logo-2.jpg\",\"width\":150,\"height\":150,\"caption\":\"Vannelli Coffee\"},\"image\":{\"@id\":\"https:\\\/\\\/vannelli.coffee\\\/it\\\/#\\\/schema\\\/logo\\\/image\\\/\"},\"sameAs\":[\"https:\\\/\\\/www.facebook.com\\\/vannelli.coffee\\\/\",\"https:\\\/\\\/www.instagram.com\\\/vannelli.coffee\\\/\"]}]}<\/script>\n<!-- \/ Yoast SEO plugin. -->","yoast_head_json":{"title":"Caff\u00e8 di Panama | Geisha Specialty Coffee | Vannelli Coffee","description":"Caff\u00e8 Geisha Nirvana, Finca Deborah. Il caff\u00e8 pi\u00f9 pregiato della Vannelli Cofffe, uniche note di frutta, Cherry wine, caramella al lychee.","robots":{"index":"index","follow":"follow","max-snippet":"max-snippet:-1","max-image-preview":"max-image-preview:large","max-video-preview":"max-video-preview:-1"},"canonical":"https:\/\/vannelli.coffee\/it\/prodotto\/panama-geisha-nirvana\/","og_locale":"it_IT","og_type":"article","og_title":"Caff\u00e8 di Panama | Geisha Specialty Coffee | Vannelli Coffee","og_description":"Caff\u00e8 Geisha Nirvana, Finca Deborah. Il caff\u00e8 pi\u00f9 pregiato della Vannelli Cofffe, uniche note di frutta, Cherry wine, caramella al lychee.","og_url":"https:\/\/vannelli.coffee\/it\/prodotto\/panama-geisha-nirvana\/","og_site_name":"Vannelli Coffee","article_publisher":"https:\/\/www.facebook.com\/vannelli.coffee\/","article_modified_time":"2022-05-06T14:13:31+00:00","og_image":[{"width":1920,"height":2560,"url":"https:\/\/vannelli.coffee\/wp-content\/uploads\/2020\/10\/Photo-Apr-07-2-21-15-PM-scaled.jpg","type":"image\/jpeg"}],"twitter_card":"summary_large_image","twitter_misc":{"Tempo di lettura stimato":"1 minuto"},"schema":{"@context":"https:\/\/schema.org","@graph":[{"@type":"WebPage","@id":"https:\/\/vannelli.coffee\/it\/prodotto\/panama-geisha-nirvana\/","url":"https:\/\/vannelli.coffee\/it\/prodotto\/panama-geisha-nirvana\/","name":"Caff\u00e8 di Panama | Geisha Specialty Coffee | Vannelli Coffee","isPartOf":{"@id":"https:\/\/vannelli.coffee\/it\/#website"},"primaryImageOfPage":{"@id":"https:\/\/vannelli.coffee\/it\/prodotto\/panama-geisha-nirvana\/#primaryimage"},"image":{"@id":"https:\/\/vannelli.coffee\/it\/prodotto\/panama-geisha-nirvana\/#primaryimage"},"thumbnailUrl":"https:\/\/vannelli.coffee\/wp-content\/uploads\/2020\/10\/Photo-Apr-07-2-21-15-PM-scaled.jpg","datePublished":"2020-10-01T10:57:08+00:00","dateModified":"2022-05-06T14:13:31+00:00","description":"Caff\u00e8 Geisha Nirvana, Finca Deborah. Il caff\u00e8 pi\u00f9 pregiato della Vannelli Cofffe, uniche note di frutta, Cherry wine, caramella al lychee.","breadcrumb":{"@id":"https:\/\/vannelli.coffee\/it\/prodotto\/panama-geisha-nirvana\/#breadcrumb"},"inLanguage":"it-IT","potentialAction":[{"@type":"ReadAction","target":["https:\/\/vannelli.coffee\/it\/prodotto\/panama-geisha-nirvana\/"]}]},{"@type":"ImageObject","inLanguage":"it-IT","@id":"https:\/\/vannelli.coffee\/it\/prodotto\/panama-geisha-nirvana\/#primaryimage","url":"https:\/\/vannelli.coffee\/wp-content\/uploads\/2020\/10\/Photo-Apr-07-2-21-15-PM-scaled.jpg","contentUrl":"https:\/\/vannelli.coffee\/wp-content\/uploads\/2020\/10\/Photo-Apr-07-2-21-15-PM-scaled.jpg","width":1920,"height":2560},{"@type":"BreadcrumbList","@id":"https:\/\/vannelli.coffee\/it\/prodotto\/panama-geisha-nirvana\/#breadcrumb","itemListElement":[{"@type":"ListItem","position":1,"name":"Home","item":"https:\/\/vannelli.coffee\/it\/"},{"@type":"ListItem","position":2,"name":"Negozio","item":"https:\/\/vannelli.coffee\/it\/negozio\/"},{"@type":"ListItem","position":3,"name":"Panama Geisha Nirvana"}]},{"@type":"WebSite","@id":"https:\/\/vannelli.coffee\/it\/#website","url":"https:\/\/vannelli.coffee\/it\/","name":"Vannelli Coffee","description":"We Are What We Roast","publisher":{"@id":"https:\/\/vannelli.coffee\/it\/#organization"},"potentialAction":[{"@type":"SearchAction","target":{"@type":"EntryPoint","urlTemplate":"https:\/\/vannelli.coffee\/it\/?s={search_term_string}"},"query-input":{"@type":"PropertyValueSpecification","valueRequired":true,"valueName":"search_term_string"}}],"inLanguage":"it-IT"},{"@type":"Organization","@id":"https:\/\/vannelli.coffee\/it\/#organization","name":"Vannelli Coffee","url":"https:\/\/vannelli.coffee\/it\/","logo":{"@type":"ImageObject","inLanguage":"it-IT","@id":"https:\/\/vannelli.coffee\/it\/#\/schema\/logo\/image\/","url":"https:\/\/vannelli.coffee\/wp-content\/uploads\/2020\/01\/logo-2.jpg","contentUrl":"https:\/\/vannelli.coffee\/wp-content\/uploads\/2020\/01\/logo-2.jpg","width":150,"height":150,"caption":"Vannelli Coffee"},"image":{"@id":"https:\/\/vannelli.coffee\/it\/#\/schema\/logo\/image\/"},"sameAs":["https:\/\/www.facebook.com\/vannelli.coffee\/","https:\/\/www.instagram.com\/vannelli.coffee\/"]}]}},"_links":{"self":[{"href":"https:\/\/vannelli.coffee\/it\/wp-json\/wp\/v2\/product\/4042","targetHints":{"allow":["GET"]}}],"collection":[{"href":"https:\/\/vannelli.coffee\/it\/wp-json\/wp\/v2\/product"}],"about":[{"href":"https:\/\/vannelli.coffee\/it\/wp-json\/wp\/v2\/types\/product"}],"wp:featuredmedia":[{"embeddable":true,"href":"https:\/\/vannelli.coffee\/it\/wp-json\/wp\/v2\/media\/6084"}],"wp:attachment":[{"href":"https:\/\/vannelli.coffee\/it\/wp-json\/wp\/v2\/media?parent=4042"}],"wp:term":[{"taxonomy":"product_brand","embeddable":true,"href":"https:\/\/vannelli.coffee\/it\/wp-json\/wp\/v2\/product_brand?post=4042"},{"taxonomy":"product_cat","embeddable":true,"href":"https:\/\/vannelli.coffee\/it\/wp-json\/wp\/v2\/product_cat?post=4042"},{"taxonomy":"product_tag","embeddable":true,"href":"https:\/\/vannelli.coffee\/it\/wp-json\/wp\/v2\/product_tag?post=4042"}],"curies":[{"name":"wp","href":"https:\/\/api.w.org\/{rel}","templated":true}]}}