{"id":5346,"date":"2021-07-02T15:46:41","date_gmt":"2021-07-06T13:35:39","guid":{"rendered":"https:\/\/vannelli.coffee\/product\/colombia-wush-wush-finca-monteverde\/"},"modified":"2022-05-06T15:11:49","modified_gmt":"2022-05-06T14:11:49","slug":"colombia-wushwush-finca-monteverde","status":"publish","type":"product","link":"https:\/\/vannelli.coffee\/it\/prodotto\/colombia-wushwush-finca-monteverde\/","title":{"rendered":"Colombia Wush Wush Finca Monteverde"},"content":{"rendered":"<h5 style=\"text-align: left;\"><strong>Finca Monteverde<\/strong><\/h5>\n<p style=\"text-align: left;\"><strong>QUALCOSA IN PIU&#8217; SUL PRODUTTORE:<\/strong><\/p>\n<p style=\"text-align: left;\"><span data-preserver-spaces=\"true\">La famiglia Gutierrez \u00e8 giunta alla quinta generazione di produttori di caff\u00e8. Nel 2010 avvenne un cambio di rotta: la famiglia Gutierrez, guidata da Newerley Gutierrez (Q-grader e Quality processor), inizi\u00f2 a sperimentare diversi metodi di processi e fermentazione, raggiungendo in poco tempo risultati soddisfacenti.<\/span><\/p>\n","protected":false},"excerpt":{"rendered":"<h5><em><span style=\"color: #800000;\">SOLD OUT<\/span><\/em><\/h5>\n<hr \/>\n<h5><em><span data-preserver-spaces=\"true\">Ribes Nero, Fico, Noce Moscata, Chiodi di Garofano, Granella di Fava di Cacao<\/span><\/em><\/h5>\n<p><span data-preserver-spaces=\"true\">E&#8217; la prima volta che proponiamo la variet\u00e0 <em>Wush Wush\u00a0<\/em>e ne siamo rimasti estremamente colpiti!<\/span><\/p>\n<p><span data-preserver-spaces=\"true\"> La qualit\u00e0 di questo caff\u00e8 \u00e8 eccezionale e il processo utilizzato \u00e8 sicuramente degno di nota. Questo caff\u00e8 proviene dalla Colombia, pi\u00f9 precisamente dalla regione di Tolima e la piantagione sorge a 1700-1900 mt sopra il livello del mare. Finca Monteverde \u00e8 di propriet\u00e0 della famiglia Gutierrez, la quale, negli ultimi 10 anni, ha implementato le tecniche di fermentazione e sperimentato tipologie di processi differenti; raggiungendo una qualit\u00e0 sempre pi\u00f9 alta.<\/span><\/p>\n<p><span data-preserver-spaces=\"true\">Le drupe vengono raccolte quando sono perfettamente mature, per poi essere sciacquate per eliminare quelle meno dense quindi, con difetti. Dopo l&#8217;immersione, il caff\u00e8 viene inserito all&#8217;interno delle taniche e viene lasciato a fermentare per 120 ore dove viene costantemente monitorato ph e temperatura. Quando arriva alla fermentazione desiderata, il caff\u00e8 viene essiccato in due fasi differenti. Durante il primo step, il caff\u00e8 viene lasciato ad essiccare naturalmente all&#8217;aria aperta su dei letti rialzati coperti da una protezione in plastica per la durata di 3 giorni, con movimenti ogni 4 ore. Il secondo step avviene all&#8217;interno di un silo meccanico per ulteriori 4 giorni al fine di completare il ciclo di essiccazione. <\/span><\/p>\n<p><span data-preserver-spaces=\"true\">Questo processo permette di tenere sotto controllo la fermentazione. Le ciliegie continuano il loro ciclo di fermentazione fino al raggiungimento del valore ideale di umidit\u00e0 (10-11.5%). Le ciliegie quindi vengono selezionate manualmente due volte: durante la raccolta e durante il primo step di essiccazione su letti rialzati. Un ulteriore scrupoloso controllo viene fatto presso lo stabilimento sul caff\u00e8 verde. Dopo l&#8217;essiccatura, quando il caff\u00e8 raggiunge un&#8217;umidit\u00e0 tra il 9-11% viene confezionato in sacchetti GrainPro dove vengono stoccati e lasciati riposare per almeno un mese prima di essere venduti.<\/span><\/p>\n<p>Questo processo conferisce un&#8217;intensit\u00e0 unica ad un chicco gi\u00e0 eccezionale: emergono note speziate di noce moscata e chiodi di garofano, frutta nera matura come fico e ribes, per concludere con un retrogusto piacevole di cacao. Tutti questi flavours rendono il caff\u00e8 irresistibile!<\/p>\n<p style=\"text-align: left;\"><strong>Origine: Colombia<\/strong><\/p>\n<p style=\"text-align: left;\"><strong>Farm: <\/strong><a href=\"http:\/\/fincamonteverde.coffee\/\">Finca Monteverde<\/a><\/p>\n<p style=\"text-align: left;\"><strong>Regione: <\/strong>Tolima<\/p>\n<p style=\"text-align: left;\"><strong>Variet\u00e0:<\/strong> Wush Wush<\/p>\n<p style=\"text-align: left;\"><strong>Processo:<\/strong>Natural, 120h di fermentazione<\/p>\n<p style=\"text-align: left;\"><strong>Altitudine: <\/strong>1750 &#8211; 1900 mt<\/p>\n<p style=\"text-align: left;\"><strong>Cup Profile: <\/strong>Ribes Nero, Fico, Noce Moscata, Chiodi di Garofano, Granella di Fava di Cacao<\/p>\n<p style=\"text-align: left;\"><strong>Head Roaster:<\/strong> <a href=\"https:\/\/vannelli.coffee\/en\/our-team\/\">Pietro Vannelli<\/a><\/p>\n","protected":false},"featured_media":6019,"template":"","meta":{"_acf_changed":false,"_monsterinsights_skip_tracking":false,"_monsterinsights_sitenote_active":false,"_monsterinsights_sitenote_note":"","_monsterinsights_sitenote_category":0},"product_brand":[],"product_cat":[41],"product_tag":[243,242,245,229,244],"class_list":{"0":"post-5346","1":"product","2":"type-product","3":"status-publish","4":"has-post-thumbnail","6":"product_cat-caffe-speciali","7":"product_tag-120h-di-fermentazione","8":"product_tag-colombia-it","9":"product_tag-fincamonteverde-it","10":"product_tag-naturalprocess-it","11":"product_tag-wushwush-it","13":"first","14":"outofstock","15":"shipping-taxable","16":"purchasable","17":"product-type-variable"},"acf":[],"yoast_head":"<!-- This site is optimized with the Yoast SEO plugin v27.3 - https:\/\/yoast.com\/product\/yoast-seo-wordpress\/ -->\n<title>Colombia Wush Wush Finca Monteverde | Vannelli Coffee<\/title>\n<meta name=\"description\" content=\"Colombia wush wush Finca Monteverde, 100% caff\u00e8 arabica. Note di: Ribes Nero, Fico, Noce Moscata, Chiodi di Garofano, Fava di Cacao.\" \/>\n<meta name=\"robots\" content=\"index, follow, max-snippet:-1, max-image-preview:large, max-video-preview:-1\" \/>\n<link rel=\"canonical\" href=\"https:\/\/vannelli.coffee\/it\/prodotto\/colombia-wushwush-finca-monteverde\/\" \/>\n<meta property=\"og:locale\" content=\"it_IT\" \/>\n<meta property=\"og:type\" content=\"article\" \/>\n<meta property=\"og:title\" content=\"Colombia Wush Wush Finca Monteverde | Vannelli Coffee\" \/>\n<meta property=\"og:description\" content=\"Colombia wush wush Finca Monteverde, 100% caff\u00e8 arabica. Note di: Ribes Nero, Fico, Noce Moscata, Chiodi di Garofano, Fava di Cacao.\" \/>\n<meta property=\"og:url\" content=\"https:\/\/vannelli.coffee\/it\/prodotto\/colombia-wushwush-finca-monteverde\/\" \/>\n<meta property=\"og:site_name\" content=\"Vannelli Coffee\" \/>\n<meta property=\"article:publisher\" content=\"https:\/\/www.facebook.com\/vannelli.coffee\/\" \/>\n<meta property=\"article:modified_time\" content=\"2022-05-06T14:11:49+00:00\" \/>\n<meta property=\"og:image\" content=\"https:\/\/vannelli.coffee\/wp-content\/uploads\/2021\/12\/Finca-Monteverde-1024x1024.png\" \/>\n\t<meta property=\"og:image:width\" content=\"1024\" \/>\n\t<meta property=\"og:image:height\" content=\"1024\" \/>\n\t<meta property=\"og:image:type\" content=\"image\/png\" \/>\n<meta name=\"twitter:card\" content=\"summary_large_image\" \/>\n<meta name=\"twitter:label1\" content=\"Tempo di lettura stimato\" \/>\n\t<meta name=\"twitter:data1\" content=\"1 minuto\" \/>\n<script type=\"application\/ld+json\" class=\"yoast-schema-graph\">{\"@context\":\"https:\\\/\\\/schema.org\",\"@graph\":[{\"@type\":\"WebPage\",\"@id\":\"https:\\\/\\\/vannelli.coffee\\\/it\\\/prodotto\\\/colombia-wushwush-finca-monteverde\\\/\",\"url\":\"https:\\\/\\\/vannelli.coffee\\\/it\\\/prodotto\\\/colombia-wushwush-finca-monteverde\\\/\",\"name\":\"Colombia Wush Wush Finca Monteverde | Vannelli Coffee\",\"isPartOf\":{\"@id\":\"https:\\\/\\\/vannelli.coffee\\\/it\\\/#website\"},\"primaryImageOfPage\":{\"@id\":\"https:\\\/\\\/vannelli.coffee\\\/it\\\/prodotto\\\/colombia-wushwush-finca-monteverde\\\/#primaryimage\"},\"image\":{\"@id\":\"https:\\\/\\\/vannelli.coffee\\\/it\\\/prodotto\\\/colombia-wushwush-finca-monteverde\\\/#primaryimage\"},\"thumbnailUrl\":\"https:\\\/\\\/vannelli.coffee\\\/wp-content\\\/uploads\\\/2021\\\/12\\\/Finca-Monteverde.png\",\"datePublished\":\"2021-07-06T13:35:39+00:00\",\"dateModified\":\"2022-05-06T14:11:49+00:00\",\"description\":\"Colombia wush wush Finca Monteverde, 100% caff\u00e8 arabica. Note di: Ribes Nero, Fico, Noce Moscata, Chiodi di Garofano, Fava di Cacao.\",\"breadcrumb\":{\"@id\":\"https:\\\/\\\/vannelli.coffee\\\/it\\\/prodotto\\\/colombia-wushwush-finca-monteverde\\\/#breadcrumb\"},\"inLanguage\":\"it-IT\",\"potentialAction\":[{\"@type\":\"ReadAction\",\"target\":[\"https:\\\/\\\/vannelli.coffee\\\/it\\\/prodotto\\\/colombia-wushwush-finca-monteverde\\\/\"]}]},{\"@type\":\"ImageObject\",\"inLanguage\":\"it-IT\",\"@id\":\"https:\\\/\\\/vannelli.coffee\\\/it\\\/prodotto\\\/colombia-wushwush-finca-monteverde\\\/#primaryimage\",\"url\":\"https:\\\/\\\/vannelli.coffee\\\/wp-content\\\/uploads\\\/2021\\\/12\\\/Finca-Monteverde.png\",\"contentUrl\":\"https:\\\/\\\/vannelli.coffee\\\/wp-content\\\/uploads\\\/2021\\\/12\\\/Finca-Monteverde.png\",\"width\":1600,\"height\":1600},{\"@type\":\"BreadcrumbList\",\"@id\":\"https:\\\/\\\/vannelli.coffee\\\/it\\\/prodotto\\\/colombia-wushwush-finca-monteverde\\\/#breadcrumb\",\"itemListElement\":[{\"@type\":\"ListItem\",\"position\":1,\"name\":\"Home\",\"item\":\"https:\\\/\\\/vannelli.coffee\\\/it\\\/\"},{\"@type\":\"ListItem\",\"position\":2,\"name\":\"Negozio\",\"item\":\"https:\\\/\\\/vannelli.coffee\\\/it\\\/negozio\\\/\"},{\"@type\":\"ListItem\",\"position\":3,\"name\":\"Colombia Wush Wush Finca Monteverde\"}]},{\"@type\":\"WebSite\",\"@id\":\"https:\\\/\\\/vannelli.coffee\\\/it\\\/#website\",\"url\":\"https:\\\/\\\/vannelli.coffee\\\/it\\\/\",\"name\":\"Vannelli Coffee\",\"description\":\"We Are What We Roast\",\"publisher\":{\"@id\":\"https:\\\/\\\/vannelli.coffee\\\/it\\\/#organization\"},\"potentialAction\":[{\"@type\":\"SearchAction\",\"target\":{\"@type\":\"EntryPoint\",\"urlTemplate\":\"https:\\\/\\\/vannelli.coffee\\\/it\\\/?s={search_term_string}\"},\"query-input\":{\"@type\":\"PropertyValueSpecification\",\"valueRequired\":true,\"valueName\":\"search_term_string\"}}],\"inLanguage\":\"it-IT\"},{\"@type\":\"Organization\",\"@id\":\"https:\\\/\\\/vannelli.coffee\\\/it\\\/#organization\",\"name\":\"Vannelli Coffee\",\"url\":\"https:\\\/\\\/vannelli.coffee\\\/it\\\/\",\"logo\":{\"@type\":\"ImageObject\",\"inLanguage\":\"it-IT\",\"@id\":\"https:\\\/\\\/vannelli.coffee\\\/it\\\/#\\\/schema\\\/logo\\\/image\\\/\",\"url\":\"https:\\\/\\\/vannelli.coffee\\\/wp-content\\\/uploads\\\/2020\\\/01\\\/logo-2.jpg\",\"contentUrl\":\"https:\\\/\\\/vannelli.coffee\\\/wp-content\\\/uploads\\\/2020\\\/01\\\/logo-2.jpg\",\"width\":150,\"height\":150,\"caption\":\"Vannelli Coffee\"},\"image\":{\"@id\":\"https:\\\/\\\/vannelli.coffee\\\/it\\\/#\\\/schema\\\/logo\\\/image\\\/\"},\"sameAs\":[\"https:\\\/\\\/www.facebook.com\\\/vannelli.coffee\\\/\",\"https:\\\/\\\/www.instagram.com\\\/vannelli.coffee\\\/\"]}]}<\/script>\n<!-- \/ Yoast SEO plugin. -->","yoast_head_json":{"title":"Colombia Wush Wush Finca Monteverde | Vannelli Coffee","description":"Colombia wush wush Finca Monteverde, 100% caff\u00e8 arabica. Note di: Ribes Nero, Fico, Noce Moscata, Chiodi di Garofano, Fava di Cacao.","robots":{"index":"index","follow":"follow","max-snippet":"max-snippet:-1","max-image-preview":"max-image-preview:large","max-video-preview":"max-video-preview:-1"},"canonical":"https:\/\/vannelli.coffee\/it\/prodotto\/colombia-wushwush-finca-monteverde\/","og_locale":"it_IT","og_type":"article","og_title":"Colombia Wush Wush Finca Monteverde | Vannelli Coffee","og_description":"Colombia wush wush Finca Monteverde, 100% caff\u00e8 arabica. Note di: Ribes Nero, Fico, Noce Moscata, Chiodi di Garofano, Fava di Cacao.","og_url":"https:\/\/vannelli.coffee\/it\/prodotto\/colombia-wushwush-finca-monteverde\/","og_site_name":"Vannelli Coffee","article_publisher":"https:\/\/www.facebook.com\/vannelli.coffee\/","article_modified_time":"2022-05-06T14:11:49+00:00","og_image":[{"width":1024,"height":1024,"url":"https:\/\/vannelli.coffee\/wp-content\/uploads\/2021\/12\/Finca-Monteverde-1024x1024.png","type":"image\/png"}],"twitter_card":"summary_large_image","twitter_misc":{"Tempo di lettura stimato":"1 minuto"},"schema":{"@context":"https:\/\/schema.org","@graph":[{"@type":"WebPage","@id":"https:\/\/vannelli.coffee\/it\/prodotto\/colombia-wushwush-finca-monteverde\/","url":"https:\/\/vannelli.coffee\/it\/prodotto\/colombia-wushwush-finca-monteverde\/","name":"Colombia Wush Wush Finca Monteverde | Vannelli Coffee","isPartOf":{"@id":"https:\/\/vannelli.coffee\/it\/#website"},"primaryImageOfPage":{"@id":"https:\/\/vannelli.coffee\/it\/prodotto\/colombia-wushwush-finca-monteverde\/#primaryimage"},"image":{"@id":"https:\/\/vannelli.coffee\/it\/prodotto\/colombia-wushwush-finca-monteverde\/#primaryimage"},"thumbnailUrl":"https:\/\/vannelli.coffee\/wp-content\/uploads\/2021\/12\/Finca-Monteverde.png","datePublished":"2021-07-06T13:35:39+00:00","dateModified":"2022-05-06T14:11:49+00:00","description":"Colombia wush wush Finca Monteverde, 100% caff\u00e8 arabica. Note di: Ribes Nero, Fico, Noce Moscata, Chiodi di Garofano, Fava di Cacao.","breadcrumb":{"@id":"https:\/\/vannelli.coffee\/it\/prodotto\/colombia-wushwush-finca-monteverde\/#breadcrumb"},"inLanguage":"it-IT","potentialAction":[{"@type":"ReadAction","target":["https:\/\/vannelli.coffee\/it\/prodotto\/colombia-wushwush-finca-monteverde\/"]}]},{"@type":"ImageObject","inLanguage":"it-IT","@id":"https:\/\/vannelli.coffee\/it\/prodotto\/colombia-wushwush-finca-monteverde\/#primaryimage","url":"https:\/\/vannelli.coffee\/wp-content\/uploads\/2021\/12\/Finca-Monteverde.png","contentUrl":"https:\/\/vannelli.coffee\/wp-content\/uploads\/2021\/12\/Finca-Monteverde.png","width":1600,"height":1600},{"@type":"BreadcrumbList","@id":"https:\/\/vannelli.coffee\/it\/prodotto\/colombia-wushwush-finca-monteverde\/#breadcrumb","itemListElement":[{"@type":"ListItem","position":1,"name":"Home","item":"https:\/\/vannelli.coffee\/it\/"},{"@type":"ListItem","position":2,"name":"Negozio","item":"https:\/\/vannelli.coffee\/it\/negozio\/"},{"@type":"ListItem","position":3,"name":"Colombia Wush Wush Finca Monteverde"}]},{"@type":"WebSite","@id":"https:\/\/vannelli.coffee\/it\/#website","url":"https:\/\/vannelli.coffee\/it\/","name":"Vannelli Coffee","description":"We Are What We Roast","publisher":{"@id":"https:\/\/vannelli.coffee\/it\/#organization"},"potentialAction":[{"@type":"SearchAction","target":{"@type":"EntryPoint","urlTemplate":"https:\/\/vannelli.coffee\/it\/?s={search_term_string}"},"query-input":{"@type":"PropertyValueSpecification","valueRequired":true,"valueName":"search_term_string"}}],"inLanguage":"it-IT"},{"@type":"Organization","@id":"https:\/\/vannelli.coffee\/it\/#organization","name":"Vannelli Coffee","url":"https:\/\/vannelli.coffee\/it\/","logo":{"@type":"ImageObject","inLanguage":"it-IT","@id":"https:\/\/vannelli.coffee\/it\/#\/schema\/logo\/image\/","url":"https:\/\/vannelli.coffee\/wp-content\/uploads\/2020\/01\/logo-2.jpg","contentUrl":"https:\/\/vannelli.coffee\/wp-content\/uploads\/2020\/01\/logo-2.jpg","width":150,"height":150,"caption":"Vannelli Coffee"},"image":{"@id":"https:\/\/vannelli.coffee\/it\/#\/schema\/logo\/image\/"},"sameAs":["https:\/\/www.facebook.com\/vannelli.coffee\/","https:\/\/www.instagram.com\/vannelli.coffee\/"]}]}},"_links":{"self":[{"href":"https:\/\/vannelli.coffee\/it\/wp-json\/wp\/v2\/product\/5346","targetHints":{"allow":["GET"]}}],"collection":[{"href":"https:\/\/vannelli.coffee\/it\/wp-json\/wp\/v2\/product"}],"about":[{"href":"https:\/\/vannelli.coffee\/it\/wp-json\/wp\/v2\/types\/product"}],"wp:featuredmedia":[{"embeddable":true,"href":"https:\/\/vannelli.coffee\/it\/wp-json\/wp\/v2\/media\/6019"}],"wp:attachment":[{"href":"https:\/\/vannelli.coffee\/it\/wp-json\/wp\/v2\/media?parent=5346"}],"wp:term":[{"taxonomy":"product_brand","embeddable":true,"href":"https:\/\/vannelli.coffee\/it\/wp-json\/wp\/v2\/product_brand?post=5346"},{"taxonomy":"product_cat","embeddable":true,"href":"https:\/\/vannelli.coffee\/it\/wp-json\/wp\/v2\/product_cat?post=5346"},{"taxonomy":"product_tag","embeddable":true,"href":"https:\/\/vannelli.coffee\/it\/wp-json\/wp\/v2\/product_tag?post=5346"}],"curies":[{"name":"wp","href":"https:\/\/api.w.org\/{rel}","templated":true}]}}