{"id":5349,"date":"2021-07-02T15:59:07","date_gmt":"2021-07-06T16:29:42","guid":{"rendered":"https:\/\/vannelli.coffee\/product\/colombia-sudan-rume-naturale-finca-inmaculada\/"},"modified":"2022-05-06T15:12:00","modified_gmt":"2022-05-06T14:12:00","slug":"colombia-sudanrume-natural-finca-inmaculada-2","status":"publish","type":"product","link":"https:\/\/vannelli.coffee\/it\/prodotto\/colombia-sudanrume-natural-finca-inmaculada-2\/","title":{"rendered":"Colombia Sudan Rume Naturale Finca Inmaculada"},"content":{"rendered":"<h5 style=\"text-align: left;\">Finca Inmaculada<\/h5>\n<p style=\"text-align: left;\"><strong>QUALCOSA IN PIU&#8217; SUL PRODUTTORE:<\/strong><\/p>\n<p style=\"text-align: left;\">Inmaculada Coffee Farms ha una storia abbastanza recente ma appassionante.<\/p>\n<p style=\"text-align: left;\">La famiglia colombiana Holguin decise di intraprendere una nuova avventura e cos\u00ec, nel 2010, inizi\u00f2 a coltivare caff\u00e8. La famiglia, da sempre legata al mondo agricolo, (sono agricoltori da pi\u00f9 di 70 anni, prima del caff\u00e8 coltivavano per di pi\u00f9 zucchero di canna e palma da olio) decise di iniziare a coltivare caff\u00e8 all&#8217;interno delle proprie terre. Una piccola foresta di appena 5 ettari, unicamente destinata al pascolo, fu il punto di partenza di questa avventura.<\/p>\n<p style=\"text-align: left;\">Dopo anni di duro lavoro e dedizione, la famiglia \u00e8 riuscita ad allargare i propri terreni e da 5 ettari hanno raggiunto quota 50 ettari. Grazie alla straordinaria competenza in campo agricolo e botanico, la famiglia \u00e8 riuscita a raggiungere risultati sorprendenti in un tempo relativamente breve.<\/p>\n<p style=\"text-align: left;\">Le piante di caff\u00e8 sono circondate da moltissime altre specie di piante come guamo, acace, limoni, guabos, citronella e un arbusto legumenoso chiamato tephrosia. Le piante di caff\u00e8 godono di ombra naturale e di terreno assai ricco grazie alla coesistenza con altre piante. In queste aree sono state piantate variet\u00e0 di caff\u00e8 assai rare come Rume Sudan, Eugenioides, Laurina, Gesha, Maragesha; vengono sperimentate tecniche innovative di fermentazione al fine di raggiungere risultati eccelsi.<\/p>\n","protected":false},"excerpt":{"rendered":"<h5><span style=\"color: #800000;\"><em>SOLD OUT<\/em><\/span><\/h5>\n<hr \/>\n<h5><em>Mela Rossa, Zucchero Grezzo, Uva Nera, Lychee, Cacao<\/em><\/h5>\n<p>Una delle variet\u00e0 pi\u00f9 esotiche che abbiamo mai avuto \u00e8, senza dubbio, questo Sudan Rume della Colombia coltivato presso la Finca Inmaculada. Come suggerito dal nome stesso, questa variet\u00e0 \u00e8 originaria del Sudan ed oggigiorno \u00e8 uno dei caff\u00e8 pi\u00f9 rari da trovare e da coltivare. Questo Sudan Rume cresce a 1750 mt sopra il livello del mare in un ambiente naturale splendido e rigoglioso sull&#8217;altipiano delle Ande in Colombia. Le ciliegie vengono raccolte a mano a maturazione ottimale e vengono messe ad essiccare per 27 giorni su letti rialzati.<\/p>\n<p>Il gusto intenso di questo caff\u00e8 rimanda alla dolcezza zuccherina della mela rossa, a ciliegie succose, a lychee profumato con un retrogusto persistente di cacao.<\/p>\n<p>Ovviamente sono raccolti limitati, quindi non perderti questa gemma!<\/p>\n<p style=\"text-align: left;\"><strong>Origine: <\/strong>Colombia<\/p>\n<p style=\"text-align: left;\"><strong>Farm: <\/strong><a href=\"https:\/\/cafeinmaculada.com\/\">Finca Inmaculada<\/a><\/p>\n<p style=\"text-align: left;\"><strong>Regione: <\/strong>Valle del Cauca, Pinchind\u00e8<\/p>\n<p style=\"text-align: left;\"><strong>Variet\u00e0:<\/strong> Sudan Rume<\/p>\n<p style=\"text-align: left;\"><strong>Processo: <\/strong>Naturale<\/p>\n<p style=\"text-align: left;\"><strong>Altitudine: <\/strong>1700 &#8211; 2000 mt<\/p>\n<p style=\"text-align: left;\"><strong>Cup Profile:<\/strong> Mela Rossa, Zucchero Grezzo, Uva Nera, Lychee, Cacao<\/p>\n<p style=\"text-align: left;\"><strong>Head Roaster:<\/strong> <a href=\"https:\/\/vannelli.coffee\/en\/our-team\/\">Pietro Vannelli<\/a><\/p>\n","protected":false},"featured_media":6027,"template":"","meta":{"_acf_changed":false,"_monsterinsights_skip_tracking":false,"_monsterinsights_sitenote_active":false,"_monsterinsights_sitenote_note":"","_monsterinsights_sitenote_category":0},"product_brand":[],"product_cat":[41],"product_tag":[242,246,229,247],"class_list":{"0":"post-5349","1":"product","2":"type-product","3":"status-publish","4":"has-post-thumbnail","6":"product_cat-caffe-speciali","7":"product_tag-colombia-it","8":"product_tag-finca-inmaculada-it","9":"product_tag-naturalprocess-it","10":"product_tag-sudanrume-it","12":"first","13":"outofstock","14":"shipping-taxable","15":"purchasable","16":"product-type-variable"},"acf":[],"yoast_head":"<!-- This site is optimized with the Yoast SEO plugin v27.4 - https:\/\/yoast.com\/product\/yoast-seo-wordpress\/ -->\n<title>Colombia Sudan Rume Naturale Finca Inmaculada | Vannelli Coffee<\/title>\n<meta name=\"description\" content=\"Colombia Sudan Rume Finca Inmaculada, 100% caff\u00e8 arabica. Tasting notes di: Mela Rossa, Zucchero Grezzo, Uva Nera, Lychee, Cacao.\" \/>\n<meta name=\"robots\" content=\"index, follow, max-snippet:-1, max-image-preview:large, max-video-preview:-1\" \/>\n<link rel=\"canonical\" href=\"https:\/\/vannelli.coffee\/it\/prodotto\/colombia-sudanrume-natural-finca-inmaculada-2\/\" \/>\n<meta property=\"og:locale\" content=\"it_IT\" \/>\n<meta property=\"og:type\" content=\"article\" \/>\n<meta property=\"og:title\" content=\"Colombia Sudan Rume Naturale Finca Inmaculada | Vannelli Coffee\" \/>\n<meta property=\"og:description\" content=\"Colombia Sudan Rume Finca Inmaculada, 100% caff\u00e8 arabica. Tasting notes di: Mela Rossa, Zucchero Grezzo, Uva Nera, Lychee, Cacao.\" \/>\n<meta property=\"og:url\" content=\"https:\/\/vannelli.coffee\/it\/prodotto\/colombia-sudanrume-natural-finca-inmaculada-2\/\" \/>\n<meta property=\"og:site_name\" content=\"Vannelli Coffee\" \/>\n<meta property=\"article:publisher\" content=\"https:\/\/www.facebook.com\/vannelli.coffee\/\" \/>\n<meta property=\"article:modified_time\" content=\"2022-05-06T14:12:00+00:00\" \/>\n<meta property=\"og:image\" content=\"https:\/\/vannelli.coffee\/wp-content\/uploads\/2021\/07\/Finca-Inmaculada-1024x1024.png\" \/>\n\t<meta property=\"og:image:width\" content=\"1024\" \/>\n\t<meta property=\"og:image:height\" content=\"1024\" \/>\n\t<meta property=\"og:image:type\" content=\"image\/png\" \/>\n<meta name=\"twitter:card\" content=\"summary_large_image\" \/>\n<meta name=\"twitter:label1\" content=\"Tempo di lettura stimato\" \/>\n\t<meta name=\"twitter:data1\" content=\"2 minuti\" \/>\n<script type=\"application\/ld+json\" class=\"yoast-schema-graph\">{\"@context\":\"https:\\\/\\\/schema.org\",\"@graph\":[{\"@type\":\"WebPage\",\"@id\":\"https:\\\/\\\/vannelli.coffee\\\/it\\\/prodotto\\\/colombia-sudanrume-natural-finca-inmaculada-2\\\/\",\"url\":\"https:\\\/\\\/vannelli.coffee\\\/it\\\/prodotto\\\/colombia-sudanrume-natural-finca-inmaculada-2\\\/\",\"name\":\"Colombia Sudan Rume Naturale Finca Inmaculada | Vannelli Coffee\",\"isPartOf\":{\"@id\":\"https:\\\/\\\/vannelli.coffee\\\/it\\\/#website\"},\"primaryImageOfPage\":{\"@id\":\"https:\\\/\\\/vannelli.coffee\\\/it\\\/prodotto\\\/colombia-sudanrume-natural-finca-inmaculada-2\\\/#primaryimage\"},\"image\":{\"@id\":\"https:\\\/\\\/vannelli.coffee\\\/it\\\/prodotto\\\/colombia-sudanrume-natural-finca-inmaculada-2\\\/#primaryimage\"},\"thumbnailUrl\":\"https:\\\/\\\/vannelli.coffee\\\/wp-content\\\/uploads\\\/2021\\\/07\\\/Finca-Inmaculada.png\",\"datePublished\":\"2021-07-06T16:29:42+00:00\",\"dateModified\":\"2022-05-06T14:12:00+00:00\",\"description\":\"Colombia Sudan Rume Finca Inmaculada, 100% caff\u00e8 arabica. Tasting notes di: Mela Rossa, Zucchero Grezzo, Uva Nera, Lychee, Cacao.\",\"breadcrumb\":{\"@id\":\"https:\\\/\\\/vannelli.coffee\\\/it\\\/prodotto\\\/colombia-sudanrume-natural-finca-inmaculada-2\\\/#breadcrumb\"},\"inLanguage\":\"it-IT\",\"potentialAction\":[{\"@type\":\"ReadAction\",\"target\":[\"https:\\\/\\\/vannelli.coffee\\\/it\\\/prodotto\\\/colombia-sudanrume-natural-finca-inmaculada-2\\\/\"]}]},{\"@type\":\"ImageObject\",\"inLanguage\":\"it-IT\",\"@id\":\"https:\\\/\\\/vannelli.coffee\\\/it\\\/prodotto\\\/colombia-sudanrume-natural-finca-inmaculada-2\\\/#primaryimage\",\"url\":\"https:\\\/\\\/vannelli.coffee\\\/wp-content\\\/uploads\\\/2021\\\/07\\\/Finca-Inmaculada.png\",\"contentUrl\":\"https:\\\/\\\/vannelli.coffee\\\/wp-content\\\/uploads\\\/2021\\\/07\\\/Finca-Inmaculada.png\",\"width\":1600,\"height\":1600},{\"@type\":\"BreadcrumbList\",\"@id\":\"https:\\\/\\\/vannelli.coffee\\\/it\\\/prodotto\\\/colombia-sudanrume-natural-finca-inmaculada-2\\\/#breadcrumb\",\"itemListElement\":[{\"@type\":\"ListItem\",\"position\":1,\"name\":\"Home\",\"item\":\"https:\\\/\\\/vannelli.coffee\\\/it\\\/\"},{\"@type\":\"ListItem\",\"position\":2,\"name\":\"Negozio\",\"item\":\"https:\\\/\\\/vannelli.coffee\\\/it\\\/negozio\\\/\"},{\"@type\":\"ListItem\",\"position\":3,\"name\":\"Colombia Sudan Rume Naturale Finca Inmaculada\"}]},{\"@type\":\"WebSite\",\"@id\":\"https:\\\/\\\/vannelli.coffee\\\/it\\\/#website\",\"url\":\"https:\\\/\\\/vannelli.coffee\\\/it\\\/\",\"name\":\"Vannelli Coffee\",\"description\":\"We Are What We Roast\",\"publisher\":{\"@id\":\"https:\\\/\\\/vannelli.coffee\\\/it\\\/#organization\"},\"potentialAction\":[{\"@type\":\"SearchAction\",\"target\":{\"@type\":\"EntryPoint\",\"urlTemplate\":\"https:\\\/\\\/vannelli.coffee\\\/it\\\/?s={search_term_string}\"},\"query-input\":{\"@type\":\"PropertyValueSpecification\",\"valueRequired\":true,\"valueName\":\"search_term_string\"}}],\"inLanguage\":\"it-IT\"},{\"@type\":\"Organization\",\"@id\":\"https:\\\/\\\/vannelli.coffee\\\/it\\\/#organization\",\"name\":\"Vannelli Coffee\",\"url\":\"https:\\\/\\\/vannelli.coffee\\\/it\\\/\",\"logo\":{\"@type\":\"ImageObject\",\"inLanguage\":\"it-IT\",\"@id\":\"https:\\\/\\\/vannelli.coffee\\\/it\\\/#\\\/schema\\\/logo\\\/image\\\/\",\"url\":\"https:\\\/\\\/vannelli.coffee\\\/wp-content\\\/uploads\\\/2020\\\/01\\\/logo-2.jpg\",\"contentUrl\":\"https:\\\/\\\/vannelli.coffee\\\/wp-content\\\/uploads\\\/2020\\\/01\\\/logo-2.jpg\",\"width\":150,\"height\":150,\"caption\":\"Vannelli Coffee\"},\"image\":{\"@id\":\"https:\\\/\\\/vannelli.coffee\\\/it\\\/#\\\/schema\\\/logo\\\/image\\\/\"},\"sameAs\":[\"https:\\\/\\\/www.facebook.com\\\/vannelli.coffee\\\/\",\"https:\\\/\\\/www.instagram.com\\\/vannelli.coffee\\\/\"]}]}<\/script>\n<!-- \/ Yoast SEO plugin. -->","yoast_head_json":{"title":"Colombia Sudan Rume Naturale Finca Inmaculada | Vannelli Coffee","description":"Colombia Sudan Rume Finca Inmaculada, 100% caff\u00e8 arabica. Tasting notes di: Mela Rossa, Zucchero Grezzo, Uva Nera, Lychee, Cacao.","robots":{"index":"index","follow":"follow","max-snippet":"max-snippet:-1","max-image-preview":"max-image-preview:large","max-video-preview":"max-video-preview:-1"},"canonical":"https:\/\/vannelli.coffee\/it\/prodotto\/colombia-sudanrume-natural-finca-inmaculada-2\/","og_locale":"it_IT","og_type":"article","og_title":"Colombia Sudan Rume Naturale Finca Inmaculada | Vannelli Coffee","og_description":"Colombia Sudan Rume Finca Inmaculada, 100% caff\u00e8 arabica. Tasting notes di: Mela Rossa, Zucchero Grezzo, Uva Nera, Lychee, Cacao.","og_url":"https:\/\/vannelli.coffee\/it\/prodotto\/colombia-sudanrume-natural-finca-inmaculada-2\/","og_site_name":"Vannelli Coffee","article_publisher":"https:\/\/www.facebook.com\/vannelli.coffee\/","article_modified_time":"2022-05-06T14:12:00+00:00","og_image":[{"width":1024,"height":1024,"url":"https:\/\/vannelli.coffee\/wp-content\/uploads\/2021\/07\/Finca-Inmaculada-1024x1024.png","type":"image\/png"}],"twitter_card":"summary_large_image","twitter_misc":{"Tempo di lettura stimato":"2 minuti"},"schema":{"@context":"https:\/\/schema.org","@graph":[{"@type":"WebPage","@id":"https:\/\/vannelli.coffee\/it\/prodotto\/colombia-sudanrume-natural-finca-inmaculada-2\/","url":"https:\/\/vannelli.coffee\/it\/prodotto\/colombia-sudanrume-natural-finca-inmaculada-2\/","name":"Colombia Sudan Rume Naturale Finca Inmaculada | Vannelli Coffee","isPartOf":{"@id":"https:\/\/vannelli.coffee\/it\/#website"},"primaryImageOfPage":{"@id":"https:\/\/vannelli.coffee\/it\/prodotto\/colombia-sudanrume-natural-finca-inmaculada-2\/#primaryimage"},"image":{"@id":"https:\/\/vannelli.coffee\/it\/prodotto\/colombia-sudanrume-natural-finca-inmaculada-2\/#primaryimage"},"thumbnailUrl":"https:\/\/vannelli.coffee\/wp-content\/uploads\/2021\/07\/Finca-Inmaculada.png","datePublished":"2021-07-06T16:29:42+00:00","dateModified":"2022-05-06T14:12:00+00:00","description":"Colombia Sudan Rume Finca Inmaculada, 100% caff\u00e8 arabica. Tasting notes di: Mela Rossa, Zucchero Grezzo, Uva Nera, Lychee, Cacao.","breadcrumb":{"@id":"https:\/\/vannelli.coffee\/it\/prodotto\/colombia-sudanrume-natural-finca-inmaculada-2\/#breadcrumb"},"inLanguage":"it-IT","potentialAction":[{"@type":"ReadAction","target":["https:\/\/vannelli.coffee\/it\/prodotto\/colombia-sudanrume-natural-finca-inmaculada-2\/"]}]},{"@type":"ImageObject","inLanguage":"it-IT","@id":"https:\/\/vannelli.coffee\/it\/prodotto\/colombia-sudanrume-natural-finca-inmaculada-2\/#primaryimage","url":"https:\/\/vannelli.coffee\/wp-content\/uploads\/2021\/07\/Finca-Inmaculada.png","contentUrl":"https:\/\/vannelli.coffee\/wp-content\/uploads\/2021\/07\/Finca-Inmaculada.png","width":1600,"height":1600},{"@type":"BreadcrumbList","@id":"https:\/\/vannelli.coffee\/it\/prodotto\/colombia-sudanrume-natural-finca-inmaculada-2\/#breadcrumb","itemListElement":[{"@type":"ListItem","position":1,"name":"Home","item":"https:\/\/vannelli.coffee\/it\/"},{"@type":"ListItem","position":2,"name":"Negozio","item":"https:\/\/vannelli.coffee\/it\/negozio\/"},{"@type":"ListItem","position":3,"name":"Colombia Sudan Rume Naturale Finca Inmaculada"}]},{"@type":"WebSite","@id":"https:\/\/vannelli.coffee\/it\/#website","url":"https:\/\/vannelli.coffee\/it\/","name":"Vannelli Coffee","description":"We Are What We Roast","publisher":{"@id":"https:\/\/vannelli.coffee\/it\/#organization"},"potentialAction":[{"@type":"SearchAction","target":{"@type":"EntryPoint","urlTemplate":"https:\/\/vannelli.coffee\/it\/?s={search_term_string}"},"query-input":{"@type":"PropertyValueSpecification","valueRequired":true,"valueName":"search_term_string"}}],"inLanguage":"it-IT"},{"@type":"Organization","@id":"https:\/\/vannelli.coffee\/it\/#organization","name":"Vannelli Coffee","url":"https:\/\/vannelli.coffee\/it\/","logo":{"@type":"ImageObject","inLanguage":"it-IT","@id":"https:\/\/vannelli.coffee\/it\/#\/schema\/logo\/image\/","url":"https:\/\/vannelli.coffee\/wp-content\/uploads\/2020\/01\/logo-2.jpg","contentUrl":"https:\/\/vannelli.coffee\/wp-content\/uploads\/2020\/01\/logo-2.jpg","width":150,"height":150,"caption":"Vannelli Coffee"},"image":{"@id":"https:\/\/vannelli.coffee\/it\/#\/schema\/logo\/image\/"},"sameAs":["https:\/\/www.facebook.com\/vannelli.coffee\/","https:\/\/www.instagram.com\/vannelli.coffee\/"]}]}},"_links":{"self":[{"href":"https:\/\/vannelli.coffee\/it\/wp-json\/wp\/v2\/product\/5349","targetHints":{"allow":["GET"]}}],"collection":[{"href":"https:\/\/vannelli.coffee\/it\/wp-json\/wp\/v2\/product"}],"about":[{"href":"https:\/\/vannelli.coffee\/it\/wp-json\/wp\/v2\/types\/product"}],"wp:featuredmedia":[{"embeddable":true,"href":"https:\/\/vannelli.coffee\/it\/wp-json\/wp\/v2\/media\/6027"}],"wp:attachment":[{"href":"https:\/\/vannelli.coffee\/it\/wp-json\/wp\/v2\/media?parent=5349"}],"wp:term":[{"taxonomy":"product_brand","embeddable":true,"href":"https:\/\/vannelli.coffee\/it\/wp-json\/wp\/v2\/product_brand?post=5349"},{"taxonomy":"product_cat","embeddable":true,"href":"https:\/\/vannelli.coffee\/it\/wp-json\/wp\/v2\/product_cat?post=5349"},{"taxonomy":"product_tag","embeddable":true,"href":"https:\/\/vannelli.coffee\/it\/wp-json\/wp\/v2\/product_tag?post=5349"}],"curies":[{"name":"wp","href":"https:\/\/api.w.org\/{rel}","templated":true}]}}