{"id":5358,"date":"2021-07-02T15:37:13","date_gmt":"2021-07-16T10:38:01","guid":{"rendered":"https:\/\/vannelli.coffee\/product\/colombia-geisha-naturale-finca-inmaculada\/"},"modified":"2021-08-03T10:58:44","modified_gmt":"2021-08-03T09:58:44","slug":"colombia-geisha-natural-finca-inmaculada","status":"publish","type":"product","link":"https:\/\/vannelli.coffee\/it\/prodotto\/colombia-geisha-natural-finca-inmaculada\/","title":{"rendered":"Colombia Geisha Naturale Finca Inmaculada"},"content":{"rendered":"<h5 class=\"product_title entry-title\">Colombia Geisha Naturale Finca Inmaculada<\/h5>\n<p style=\"text-align: left;\"><strong>Origine:<\/strong> Colombia<\/p>\n<p style=\"text-align: left;\"><strong>Farm: <\/strong><a href=\"https:\/\/cafeinmaculada.com\/\">Finca Inmaculada<\/a><\/p>\n<p style=\"text-align: left;\"><strong>Regione: <\/strong>Valle del Cauca, Pichind\u00e8<\/p>\n<p style=\"text-align: left;\"><strong>Variet\u00e0:<\/strong> Geisha<\/p>\n<p style=\"text-align: left;\"><strong>Processo:<\/strong> Naturale<\/p>\n<p style=\"text-align: left;\"><strong>Altitudine: <\/strong>1750 mt<\/p>\n<p style=\"text-align: left;\"><strong>Cup Profile: <\/strong>Lemongrass, Gelsomino, Citronella, Arancia Candita, Miele<\/p>\n<p style=\"text-align: left;\"><strong>Head Roaster:<\/strong> <a href=\"https:\/\/vannelli.coffee\/en\/our-team\/\">Pietro Vannelli<\/a><\/p>\n","protected":false},"excerpt":{"rendered":"<h5><em><strong>Lemongrass, Gelsomino, Citronella, Arancia Candita, Miele<\/strong><\/em><\/h5>\n<p>Questo caff\u00e8 eccelso \u00e8 una variet\u00e0 Geisha, proveniente dalla Colombia. Finca Inmaculada si trova nel villaggio di Pinchind\u00e8, nella regione della Valle del Cauca, non molto distante dalla citt\u00e0 di Cal\u00ec. La piantagione di questo Geisha sorge a 1750 mt sopra il livello del mare e l&#8217;ambiente \u00e8 assolutamente perfetto per la coltivazione di caff\u00e8: buona altitudine, clima appropriato e piogge adeguate. Questo caff\u00e8 viene raccolto a mano e lasciato ad essiccare per 18 giorni su letti africani rialzati. Questo caff\u00e8 ha sapore di lemongrass e citronella molto spiccati, in tazza \u00e8 cremoso e avvolgente e il retrogusto floreale \u00e8 sublime.<\/p>\n<p>Non perdere l&#8217;occasione di bere un caff\u00e8 cos\u00ec speciale!<\/p>\n<p><strong>QUALCOSA IN PIU&#8217; SUL PRODUTTORE:<\/strong><\/p>\n<p>Inmaculada Coffee Farms ha una storia recente ma allo stesso tempo appassionante. La famiglia colombiana Holguin decise di intraprendere una nuova avventura e cos\u00ec, nel 2010, inizi\u00f2 a coltivare caff\u00e8. La famiglia, da sempre legata al mondo agricolo, (sono agricoltori da pi\u00f9 di 70 anni, prima del caff\u00e8 coltivavano per di pi\u00f9 zucchero di canna e palma da olio) decise di iniziare a coltivare caff\u00e8 all\u2019interno delle proprie terre. Una piccola foresta di appena 5 ettari, unicamente destinata al pascolo, fu il punto di partenza di questa avventura.<\/p>\n<p>Dopo anni di duro lavoro e dedizione, la famiglia \u00e8 riuscita ad allargare i propri terreni e da 5 ettari hanno raggiunto quota 50 ettari. Grazie alla straordinaria competenza in campo agricolo e botanico, la famiglia \u00e8 riuscita a raggiungere risultati sorprendenti in un tempo relativamente breve.<\/p>\n<p>Le piante di caff\u00e8 sono circondate da moltissime altre specie di piante come guamo, acace, limoni, guabos, citronella e un arbusto legumenoso chiamato tephrosia. Le piante di caff\u00e8 godono di ombra naturale e di terreno assai ricco grazie alla coesistenza con altre piante. In queste aree sono state piantate variet\u00e0 di caff\u00e8 assai rare come Rume Sudan, Eugenioides, Laurina, Gesha, Maragesha; vengono sperimentate tecniche innovative di fermentazione al fine di raggiungere risultati eccelsi.<\/p>\n","protected":false},"featured_media":5343,"template":"","meta":{"_acf_changed":false,"_monsterinsights_skip_tracking":false,"_monsterinsights_sitenote_active":false,"_monsterinsights_sitenote_note":"","_monsterinsights_sitenote_category":0},"product_brand":[],"product_cat":[41],"product_tag":[242,246,228,229],"class_list":{"0":"post-5358","1":"product","2":"type-product","3":"status-publish","4":"has-post-thumbnail","6":"product_cat-caffe-speciali","7":"product_tag-colombia-it","8":"product_tag-finca-inmaculada-it","9":"product_tag-geisha-it-2","10":"product_tag-naturalprocess-it","12":"first","13":"outofstock","14":"shipping-taxable","15":"purchasable","16":"product-type-variable"},"acf":[],"yoast_head":"<!-- This site is optimized with the Yoast SEO plugin v27.4 - https:\/\/yoast.com\/product\/yoast-seo-wordpress\/ -->\n<title>Colombia Geisha Naturale Finca Inmaculada | Vannelli Coffee<\/title>\n<meta name=\"description\" content=\"Colombia Geisha Naturale Finca Inmaculada, 100% caff\u00e8 Arabica. Note di: Lemongrass, Gelsomino, Citronella, Arancia Candita, Miele\" \/>\n<meta name=\"robots\" content=\"index, follow, max-snippet:-1, max-image-preview:large, max-video-preview:-1\" \/>\n<link rel=\"canonical\" href=\"https:\/\/vannelli.coffee\/it\/prodotto\/colombia-geisha-natural-finca-inmaculada\/\" \/>\n<meta property=\"og:locale\" content=\"it_IT\" \/>\n<meta property=\"og:type\" content=\"article\" \/>\n<meta property=\"og:title\" content=\"Colombia Geisha Naturale Finca Inmaculada | Vannelli Coffee\" \/>\n<meta property=\"og:description\" content=\"Colombia Geisha Naturale Finca Inmaculada, 100% caff\u00e8 Arabica. Note di: Lemongrass, Gelsomino, Citronella, Arancia Candita, Miele\" \/>\n<meta property=\"og:url\" content=\"https:\/\/vannelli.coffee\/it\/prodotto\/colombia-geisha-natural-finca-inmaculada\/\" \/>\n<meta property=\"og:site_name\" content=\"Vannelli Coffee\" \/>\n<meta property=\"article:publisher\" content=\"https:\/\/www.facebook.com\/vannelli.coffee\/\" \/>\n<meta property=\"article:modified_time\" content=\"2021-08-03T09:58:44+00:00\" \/>\n<meta property=\"og:image\" content=\"https:\/\/vannelli.coffee\/wp-content\/uploads\/2021\/07\/Mockup-3-quarti_finca-inmaculada-natural.jpg\" \/>\n\t<meta property=\"og:image:width\" content=\"1600\" \/>\n\t<meta property=\"og:image:height\" content=\"1600\" \/>\n\t<meta property=\"og:image:type\" content=\"image\/jpeg\" \/>\n<meta name=\"twitter:card\" content=\"summary_large_image\" \/>\n<script type=\"application\/ld+json\" class=\"yoast-schema-graph\">{\"@context\":\"https:\\\/\\\/schema.org\",\"@graph\":[{\"@type\":\"WebPage\",\"@id\":\"https:\\\/\\\/vannelli.coffee\\\/it\\\/prodotto\\\/colombia-geisha-natural-finca-inmaculada\\\/\",\"url\":\"https:\\\/\\\/vannelli.coffee\\\/it\\\/prodotto\\\/colombia-geisha-natural-finca-inmaculada\\\/\",\"name\":\"Colombia Geisha Naturale Finca Inmaculada | Vannelli Coffee\",\"isPartOf\":{\"@id\":\"https:\\\/\\\/vannelli.coffee\\\/it\\\/#website\"},\"primaryImageOfPage\":{\"@id\":\"https:\\\/\\\/vannelli.coffee\\\/it\\\/prodotto\\\/colombia-geisha-natural-finca-inmaculada\\\/#primaryimage\"},\"image\":{\"@id\":\"https:\\\/\\\/vannelli.coffee\\\/it\\\/prodotto\\\/colombia-geisha-natural-finca-inmaculada\\\/#primaryimage\"},\"thumbnailUrl\":\"https:\\\/\\\/vannelli.coffee\\\/wp-content\\\/uploads\\\/2021\\\/07\\\/Mockup-3-quarti_finca-inmaculada-natural.jpg\",\"datePublished\":\"2021-07-16T10:38:01+00:00\",\"dateModified\":\"2021-08-03T09:58:44+00:00\",\"description\":\"Colombia Geisha Naturale Finca Inmaculada, 100% caff\u00e8 Arabica. Note di: Lemongrass, Gelsomino, Citronella, Arancia Candita, Miele\",\"breadcrumb\":{\"@id\":\"https:\\\/\\\/vannelli.coffee\\\/it\\\/prodotto\\\/colombia-geisha-natural-finca-inmaculada\\\/#breadcrumb\"},\"inLanguage\":\"it-IT\",\"potentialAction\":[{\"@type\":\"ReadAction\",\"target\":[\"https:\\\/\\\/vannelli.coffee\\\/it\\\/prodotto\\\/colombia-geisha-natural-finca-inmaculada\\\/\"]}]},{\"@type\":\"ImageObject\",\"inLanguage\":\"it-IT\",\"@id\":\"https:\\\/\\\/vannelli.coffee\\\/it\\\/prodotto\\\/colombia-geisha-natural-finca-inmaculada\\\/#primaryimage\",\"url\":\"https:\\\/\\\/vannelli.coffee\\\/wp-content\\\/uploads\\\/2021\\\/07\\\/Mockup-3-quarti_finca-inmaculada-natural.jpg\",\"contentUrl\":\"https:\\\/\\\/vannelli.coffee\\\/wp-content\\\/uploads\\\/2021\\\/07\\\/Mockup-3-quarti_finca-inmaculada-natural.jpg\",\"width\":1600,\"height\":1600,\"caption\":\"Colombia Inmaculada geisha 3\\\/4\"},{\"@type\":\"BreadcrumbList\",\"@id\":\"https:\\\/\\\/vannelli.coffee\\\/it\\\/prodotto\\\/colombia-geisha-natural-finca-inmaculada\\\/#breadcrumb\",\"itemListElement\":[{\"@type\":\"ListItem\",\"position\":1,\"name\":\"Home\",\"item\":\"https:\\\/\\\/vannelli.coffee\\\/it\\\/\"},{\"@type\":\"ListItem\",\"position\":2,\"name\":\"Negozio\",\"item\":\"https:\\\/\\\/vannelli.coffee\\\/it\\\/negozio\\\/\"},{\"@type\":\"ListItem\",\"position\":3,\"name\":\"Colombia Geisha Naturale Finca Inmaculada\"}]},{\"@type\":\"WebSite\",\"@id\":\"https:\\\/\\\/vannelli.coffee\\\/it\\\/#website\",\"url\":\"https:\\\/\\\/vannelli.coffee\\\/it\\\/\",\"name\":\"Vannelli Coffee\",\"description\":\"We Are What We Roast\",\"publisher\":{\"@id\":\"https:\\\/\\\/vannelli.coffee\\\/it\\\/#organization\"},\"potentialAction\":[{\"@type\":\"SearchAction\",\"target\":{\"@type\":\"EntryPoint\",\"urlTemplate\":\"https:\\\/\\\/vannelli.coffee\\\/it\\\/?s={search_term_string}\"},\"query-input\":{\"@type\":\"PropertyValueSpecification\",\"valueRequired\":true,\"valueName\":\"search_term_string\"}}],\"inLanguage\":\"it-IT\"},{\"@type\":\"Organization\",\"@id\":\"https:\\\/\\\/vannelli.coffee\\\/it\\\/#organization\",\"name\":\"Vannelli Coffee\",\"url\":\"https:\\\/\\\/vannelli.coffee\\\/it\\\/\",\"logo\":{\"@type\":\"ImageObject\",\"inLanguage\":\"it-IT\",\"@id\":\"https:\\\/\\\/vannelli.coffee\\\/it\\\/#\\\/schema\\\/logo\\\/image\\\/\",\"url\":\"https:\\\/\\\/vannelli.coffee\\\/wp-content\\\/uploads\\\/2020\\\/01\\\/logo-2.jpg\",\"contentUrl\":\"https:\\\/\\\/vannelli.coffee\\\/wp-content\\\/uploads\\\/2020\\\/01\\\/logo-2.jpg\",\"width\":150,\"height\":150,\"caption\":\"Vannelli Coffee\"},\"image\":{\"@id\":\"https:\\\/\\\/vannelli.coffee\\\/it\\\/#\\\/schema\\\/logo\\\/image\\\/\"},\"sameAs\":[\"https:\\\/\\\/www.facebook.com\\\/vannelli.coffee\\\/\",\"https:\\\/\\\/www.instagram.com\\\/vannelli.coffee\\\/\"]}]}<\/script>\n<!-- \/ Yoast SEO plugin. -->","yoast_head_json":{"title":"Colombia Geisha Naturale Finca Inmaculada | Vannelli Coffee","description":"Colombia Geisha Naturale Finca Inmaculada, 100% caff\u00e8 Arabica. Note di: Lemongrass, Gelsomino, Citronella, Arancia Candita, Miele","robots":{"index":"index","follow":"follow","max-snippet":"max-snippet:-1","max-image-preview":"max-image-preview:large","max-video-preview":"max-video-preview:-1"},"canonical":"https:\/\/vannelli.coffee\/it\/prodotto\/colombia-geisha-natural-finca-inmaculada\/","og_locale":"it_IT","og_type":"article","og_title":"Colombia Geisha Naturale Finca Inmaculada | Vannelli Coffee","og_description":"Colombia Geisha Naturale Finca Inmaculada, 100% caff\u00e8 Arabica. Note di: Lemongrass, Gelsomino, Citronella, Arancia Candita, Miele","og_url":"https:\/\/vannelli.coffee\/it\/prodotto\/colombia-geisha-natural-finca-inmaculada\/","og_site_name":"Vannelli Coffee","article_publisher":"https:\/\/www.facebook.com\/vannelli.coffee\/","article_modified_time":"2021-08-03T09:58:44+00:00","og_image":[{"width":1600,"height":1600,"url":"https:\/\/vannelli.coffee\/wp-content\/uploads\/2021\/07\/Mockup-3-quarti_finca-inmaculada-natural.jpg","type":"image\/jpeg"}],"twitter_card":"summary_large_image","schema":{"@context":"https:\/\/schema.org","@graph":[{"@type":"WebPage","@id":"https:\/\/vannelli.coffee\/it\/prodotto\/colombia-geisha-natural-finca-inmaculada\/","url":"https:\/\/vannelli.coffee\/it\/prodotto\/colombia-geisha-natural-finca-inmaculada\/","name":"Colombia Geisha Naturale Finca Inmaculada | Vannelli Coffee","isPartOf":{"@id":"https:\/\/vannelli.coffee\/it\/#website"},"primaryImageOfPage":{"@id":"https:\/\/vannelli.coffee\/it\/prodotto\/colombia-geisha-natural-finca-inmaculada\/#primaryimage"},"image":{"@id":"https:\/\/vannelli.coffee\/it\/prodotto\/colombia-geisha-natural-finca-inmaculada\/#primaryimage"},"thumbnailUrl":"https:\/\/vannelli.coffee\/wp-content\/uploads\/2021\/07\/Mockup-3-quarti_finca-inmaculada-natural.jpg","datePublished":"2021-07-16T10:38:01+00:00","dateModified":"2021-08-03T09:58:44+00:00","description":"Colombia Geisha Naturale Finca Inmaculada, 100% caff\u00e8 Arabica. Note di: Lemongrass, Gelsomino, Citronella, Arancia Candita, Miele","breadcrumb":{"@id":"https:\/\/vannelli.coffee\/it\/prodotto\/colombia-geisha-natural-finca-inmaculada\/#breadcrumb"},"inLanguage":"it-IT","potentialAction":[{"@type":"ReadAction","target":["https:\/\/vannelli.coffee\/it\/prodotto\/colombia-geisha-natural-finca-inmaculada\/"]}]},{"@type":"ImageObject","inLanguage":"it-IT","@id":"https:\/\/vannelli.coffee\/it\/prodotto\/colombia-geisha-natural-finca-inmaculada\/#primaryimage","url":"https:\/\/vannelli.coffee\/wp-content\/uploads\/2021\/07\/Mockup-3-quarti_finca-inmaculada-natural.jpg","contentUrl":"https:\/\/vannelli.coffee\/wp-content\/uploads\/2021\/07\/Mockup-3-quarti_finca-inmaculada-natural.jpg","width":1600,"height":1600,"caption":"Colombia Inmaculada geisha 3\/4"},{"@type":"BreadcrumbList","@id":"https:\/\/vannelli.coffee\/it\/prodotto\/colombia-geisha-natural-finca-inmaculada\/#breadcrumb","itemListElement":[{"@type":"ListItem","position":1,"name":"Home","item":"https:\/\/vannelli.coffee\/it\/"},{"@type":"ListItem","position":2,"name":"Negozio","item":"https:\/\/vannelli.coffee\/it\/negozio\/"},{"@type":"ListItem","position":3,"name":"Colombia Geisha Naturale Finca Inmaculada"}]},{"@type":"WebSite","@id":"https:\/\/vannelli.coffee\/it\/#website","url":"https:\/\/vannelli.coffee\/it\/","name":"Vannelli Coffee","description":"We Are What We Roast","publisher":{"@id":"https:\/\/vannelli.coffee\/it\/#organization"},"potentialAction":[{"@type":"SearchAction","target":{"@type":"EntryPoint","urlTemplate":"https:\/\/vannelli.coffee\/it\/?s={search_term_string}"},"query-input":{"@type":"PropertyValueSpecification","valueRequired":true,"valueName":"search_term_string"}}],"inLanguage":"it-IT"},{"@type":"Organization","@id":"https:\/\/vannelli.coffee\/it\/#organization","name":"Vannelli Coffee","url":"https:\/\/vannelli.coffee\/it\/","logo":{"@type":"ImageObject","inLanguage":"it-IT","@id":"https:\/\/vannelli.coffee\/it\/#\/schema\/logo\/image\/","url":"https:\/\/vannelli.coffee\/wp-content\/uploads\/2020\/01\/logo-2.jpg","contentUrl":"https:\/\/vannelli.coffee\/wp-content\/uploads\/2020\/01\/logo-2.jpg","width":150,"height":150,"caption":"Vannelli Coffee"},"image":{"@id":"https:\/\/vannelli.coffee\/it\/#\/schema\/logo\/image\/"},"sameAs":["https:\/\/www.facebook.com\/vannelli.coffee\/","https:\/\/www.instagram.com\/vannelli.coffee\/"]}]}},"_links":{"self":[{"href":"https:\/\/vannelli.coffee\/it\/wp-json\/wp\/v2\/product\/5358","targetHints":{"allow":["GET"]}}],"collection":[{"href":"https:\/\/vannelli.coffee\/it\/wp-json\/wp\/v2\/product"}],"about":[{"href":"https:\/\/vannelli.coffee\/it\/wp-json\/wp\/v2\/types\/product"}],"wp:featuredmedia":[{"embeddable":true,"href":"https:\/\/vannelli.coffee\/it\/wp-json\/wp\/v2\/media\/5343"}],"wp:attachment":[{"href":"https:\/\/vannelli.coffee\/it\/wp-json\/wp\/v2\/media?parent=5358"}],"wp:term":[{"taxonomy":"product_brand","embeddable":true,"href":"https:\/\/vannelli.coffee\/it\/wp-json\/wp\/v2\/product_brand?post=5358"},{"taxonomy":"product_cat","embeddable":true,"href":"https:\/\/vannelli.coffee\/it\/wp-json\/wp\/v2\/product_cat?post=5358"},{"taxonomy":"product_tag","embeddable":true,"href":"https:\/\/vannelli.coffee\/it\/wp-json\/wp\/v2\/product_tag?post=5358"}],"curies":[{"name":"wp","href":"https:\/\/api.w.org\/{rel}","templated":true}]}}