{"id":5384,"date":"2021-08-30T14:49:26","date_gmt":"2021-08-30T13:49:27","guid":{"rendered":"https:\/\/vannelli.coffee\/?post_type=product&#038;p=5384"},"modified":"2022-04-28T14:50:35","modified_gmt":"2022-04-28T13:50:35","slug":"etiopia-q1-bombe-naturale","status":"publish","type":"product","link":"https:\/\/vannelli.coffee\/it\/prodotto\/etiopia-q1-bombe-naturale\/","title":{"rendered":"Ethiopia Q1 Bombe Naturale"},"content":{"rendered":"<p style=\"text-align: left;\"><strong>Origine:<\/strong> Ethiopia<\/p>\n<p style=\"text-align: left;\"><strong>Regione: <\/strong>Sidama, villaggio Bombe<\/p>\n<p style=\"text-align: left;\"><strong>Farm: <\/strong>DWD, Wax General Trading station<\/p>\n<p style=\"text-align: left;\"><strong>Variet\u00e0:<\/strong> Heirloom<\/p>\n<p style=\"text-align: left;\"><strong>Processo:<\/strong> Naturale<\/p>\n<p style=\"text-align: left;\"><strong>Altitudine: <\/strong>1950 mt<\/p>\n<p style=\"text-align: left;\"><strong>Cup Profile: <\/strong>Mora, Prugna, Passion Fruit, Cocomero<\/p>\n<p style=\"text-align: left;\"><strong>Head Roaster:<\/strong> <a href=\"https:\/\/vannelli.coffee\/en\/our-team\/\">Pietro Vannelli<\/a><\/p>\n","protected":false},"excerpt":{"rendered":"<h5 style=\"text-align: left;\"><em>Mora, Prugna, Passion Fruit, Cocomero<\/em><\/h5>\n<p style=\"text-align: left;\">La qualit\u00e0 di questo caff\u00e8 \u00e8 notevole: note di frutta matura e succosa come mora e susina, passion fruit acidulo e cocomero dolcissimo, una vera esplosione di frutta!<\/p>\n<p style=\"text-align: left;\">Questo caff\u00e8 proviene dall&#8217;Etiopia, pi\u00f9 precisamente dal villaggio Bombe, nella regione di Sidama. E&#8217; una variet\u00e0 heirloom che cresce a 1950 mt sopra il livello del mare in un ambiente verde e rigoglioso. Il caff\u00e8 \u00e8 preparato da DWD nella washing station e viene essiccato all&#8217;ombra.<\/p>\n<p style=\"text-align: left;\"><strong>QUALCOSA IN PIU&#8217; SUL PRODUTTORE:<\/strong><\/p>\n<p style=\"text-align: left;\">Il signor Dukale \u00e8 nato nel villaggio Bensa in una famiglia di coltivatori, nella regione di Sidama, situata a sud-ovest dell&#8217;Etiopia. Da giovane era un commerciante di canna da zucchero, poi apr\u00ec un negozio ed in seguito inizi\u00f2 a comprare caff\u00e8 dai villaggi vicini. A fine degli anni &#8217;80 apr\u00ec il primo centro di lavorazione di caff\u00e8 chiamato &#8220;Awraja e le sue famiglie&#8221; nel villaggio Daye Bensa. Il nome Awraja deriva da il soprannome che significa letteralmente &#8220;zona&#8221;: il signor Dukale \u00e8 stato un famoso giocatore di pallavolo che rappresent\u00f2 la propria area amministrativa chiamata Bensa Awraja\/Sidama area, durante il governo militare Derg.<br \/>\nOggigiorno si \u00e8 nettamente ingrandito e possiede 16 centri di lavorazione nelle regioni di Sidama, Gedeo e Guji occidentale e i suoi caff\u00e8 sono sempre sinonimo di qualit\u00e0.<\/p>\n","protected":false},"featured_media":5477,"template":"","meta":{"_acf_changed":false,"_monsterinsights_skip_tracking":false,"_monsterinsights_sitenote_active":false,"_monsterinsights_sitenote_note":"","_monsterinsights_sitenote_category":0},"product_brand":[],"product_cat":[41],"product_tag":[242,246,229,247],"class_list":{"0":"post-5384","1":"product","2":"type-product","3":"status-publish","4":"has-post-thumbnail","6":"product_cat-caffe-speciali","7":"product_tag-colombia-it","8":"product_tag-finca-inmaculada-it","9":"product_tag-naturalprocess-it","10":"product_tag-sudanrume-it","12":"first","13":"outofstock","14":"shipping-taxable","15":"purchasable","16":"product-type-variable"},"acf":[],"yoast_head":"<!-- This site is optimized with the Yoast SEO plugin v27.4 - https:\/\/yoast.com\/product\/yoast-seo-wordpress\/ -->\n<title>Ethiopia Q1 Bombe Naturale | Specialty Coffee | Vannelli Coffee<\/title>\n<meta name=\"description\" content=\"Ethiopia Q1 Bombe Naturale, 100% Arabica. Note di: Mora, Prugna, Passion Fruit, Cocomero\" \/>\n<meta name=\"robots\" content=\"index, follow, max-snippet:-1, max-image-preview:large, max-video-preview:-1\" \/>\n<link rel=\"canonical\" href=\"https:\/\/vannelli.coffee\/it\/prodotto\/etiopia-q1-bombe-naturale\/\" \/>\n<meta property=\"og:locale\" content=\"it_IT\" \/>\n<meta property=\"og:type\" content=\"article\" \/>\n<meta property=\"og:title\" content=\"Ethiopia Q1 Bombe Naturale | Specialty Coffee | Vannelli Coffee\" \/>\n<meta property=\"og:description\" content=\"Ethiopia Q1 Bombe Naturale, 100% Arabica. Note di: Mora, Prugna, Passion Fruit, Cocomero\" \/>\n<meta property=\"og:url\" content=\"https:\/\/vannelli.coffee\/it\/prodotto\/etiopia-q1-bombe-naturale\/\" \/>\n<meta property=\"og:site_name\" content=\"Vannelli Coffee\" \/>\n<meta property=\"article:publisher\" content=\"https:\/\/www.facebook.com\/vannelli.coffee\/\" \/>\n<meta property=\"article:modified_time\" content=\"2022-04-28T13:50:35+00:00\" \/>\n<meta property=\"og:image\" content=\"https:\/\/vannelli.coffee\/wp-content\/uploads\/2021\/08\/Q1-Bombe-Natural-3-quarti.jpg\" \/>\n\t<meta property=\"og:image:width\" content=\"1600\" \/>\n\t<meta property=\"og:image:height\" content=\"1600\" \/>\n\t<meta property=\"og:image:type\" content=\"image\/jpeg\" \/>\n<meta name=\"twitter:card\" content=\"summary_large_image\" \/>\n<meta name=\"twitter:label1\" content=\"Tempo di lettura stimato\" \/>\n\t<meta name=\"twitter:data1\" content=\"1 minuto\" \/>\n<script type=\"application\/ld+json\" class=\"yoast-schema-graph\">{\"@context\":\"https:\\\/\\\/schema.org\",\"@graph\":[{\"@type\":\"WebPage\",\"@id\":\"https:\\\/\\\/vannelli.coffee\\\/it\\\/prodotto\\\/etiopia-q1-bombe-naturale\\\/\",\"url\":\"https:\\\/\\\/vannelli.coffee\\\/it\\\/prodotto\\\/etiopia-q1-bombe-naturale\\\/\",\"name\":\"Ethiopia Q1 Bombe Naturale | Specialty Coffee | Vannelli Coffee\",\"isPartOf\":{\"@id\":\"https:\\\/\\\/vannelli.coffee\\\/it\\\/#website\"},\"primaryImageOfPage\":{\"@id\":\"https:\\\/\\\/vannelli.coffee\\\/it\\\/prodotto\\\/etiopia-q1-bombe-naturale\\\/#primaryimage\"},\"image\":{\"@id\":\"https:\\\/\\\/vannelli.coffee\\\/it\\\/prodotto\\\/etiopia-q1-bombe-naturale\\\/#primaryimage\"},\"thumbnailUrl\":\"https:\\\/\\\/vannelli.coffee\\\/wp-content\\\/uploads\\\/2021\\\/08\\\/Q1-Bombe-Natural-3-quarti.jpg\",\"datePublished\":\"2021-08-30T13:49:27+00:00\",\"dateModified\":\"2022-04-28T13:50:35+00:00\",\"description\":\"Ethiopia Q1 Bombe Naturale, 100% Arabica. Note di: Mora, Prugna, Passion Fruit, Cocomero\",\"breadcrumb\":{\"@id\":\"https:\\\/\\\/vannelli.coffee\\\/it\\\/prodotto\\\/etiopia-q1-bombe-naturale\\\/#breadcrumb\"},\"inLanguage\":\"it-IT\",\"potentialAction\":[{\"@type\":\"ReadAction\",\"target\":[\"https:\\\/\\\/vannelli.coffee\\\/it\\\/prodotto\\\/etiopia-q1-bombe-naturale\\\/\"]}]},{\"@type\":\"ImageObject\",\"inLanguage\":\"it-IT\",\"@id\":\"https:\\\/\\\/vannelli.coffee\\\/it\\\/prodotto\\\/etiopia-q1-bombe-naturale\\\/#primaryimage\",\"url\":\"https:\\\/\\\/vannelli.coffee\\\/wp-content\\\/uploads\\\/2021\\\/08\\\/Q1-Bombe-Natural-3-quarti.jpg\",\"contentUrl\":\"https:\\\/\\\/vannelli.coffee\\\/wp-content\\\/uploads\\\/2021\\\/08\\\/Q1-Bombe-Natural-3-quarti.jpg\",\"width\":1600,\"height\":1600,\"caption\":\"ethiopia-bombe-q1\"},{\"@type\":\"BreadcrumbList\",\"@id\":\"https:\\\/\\\/vannelli.coffee\\\/it\\\/prodotto\\\/etiopia-q1-bombe-naturale\\\/#breadcrumb\",\"itemListElement\":[{\"@type\":\"ListItem\",\"position\":1,\"name\":\"Home\",\"item\":\"https:\\\/\\\/vannelli.coffee\\\/it\\\/\"},{\"@type\":\"ListItem\",\"position\":2,\"name\":\"Negozio\",\"item\":\"https:\\\/\\\/vannelli.coffee\\\/it\\\/negozio\\\/\"},{\"@type\":\"ListItem\",\"position\":3,\"name\":\"Ethiopia Q1 Bombe Naturale\"}]},{\"@type\":\"WebSite\",\"@id\":\"https:\\\/\\\/vannelli.coffee\\\/it\\\/#website\",\"url\":\"https:\\\/\\\/vannelli.coffee\\\/it\\\/\",\"name\":\"Vannelli Coffee\",\"description\":\"We Are What We Roast\",\"publisher\":{\"@id\":\"https:\\\/\\\/vannelli.coffee\\\/it\\\/#organization\"},\"potentialAction\":[{\"@type\":\"SearchAction\",\"target\":{\"@type\":\"EntryPoint\",\"urlTemplate\":\"https:\\\/\\\/vannelli.coffee\\\/it\\\/?s={search_term_string}\"},\"query-input\":{\"@type\":\"PropertyValueSpecification\",\"valueRequired\":true,\"valueName\":\"search_term_string\"}}],\"inLanguage\":\"it-IT\"},{\"@type\":\"Organization\",\"@id\":\"https:\\\/\\\/vannelli.coffee\\\/it\\\/#organization\",\"name\":\"Vannelli Coffee\",\"url\":\"https:\\\/\\\/vannelli.coffee\\\/it\\\/\",\"logo\":{\"@type\":\"ImageObject\",\"inLanguage\":\"it-IT\",\"@id\":\"https:\\\/\\\/vannelli.coffee\\\/it\\\/#\\\/schema\\\/logo\\\/image\\\/\",\"url\":\"https:\\\/\\\/vannelli.coffee\\\/wp-content\\\/uploads\\\/2020\\\/01\\\/logo-2.jpg\",\"contentUrl\":\"https:\\\/\\\/vannelli.coffee\\\/wp-content\\\/uploads\\\/2020\\\/01\\\/logo-2.jpg\",\"width\":150,\"height\":150,\"caption\":\"Vannelli Coffee\"},\"image\":{\"@id\":\"https:\\\/\\\/vannelli.coffee\\\/it\\\/#\\\/schema\\\/logo\\\/image\\\/\"},\"sameAs\":[\"https:\\\/\\\/www.facebook.com\\\/vannelli.coffee\\\/\",\"https:\\\/\\\/www.instagram.com\\\/vannelli.coffee\\\/\"]}]}<\/script>\n<!-- \/ Yoast SEO plugin. -->","yoast_head_json":{"title":"Ethiopia Q1 Bombe Naturale | Specialty Coffee | Vannelli Coffee","description":"Ethiopia Q1 Bombe Naturale, 100% Arabica. Note di: Mora, Prugna, Passion Fruit, Cocomero","robots":{"index":"index","follow":"follow","max-snippet":"max-snippet:-1","max-image-preview":"max-image-preview:large","max-video-preview":"max-video-preview:-1"},"canonical":"https:\/\/vannelli.coffee\/it\/prodotto\/etiopia-q1-bombe-naturale\/","og_locale":"it_IT","og_type":"article","og_title":"Ethiopia Q1 Bombe Naturale | Specialty Coffee | Vannelli Coffee","og_description":"Ethiopia Q1 Bombe Naturale, 100% Arabica. Note di: Mora, Prugna, Passion Fruit, Cocomero","og_url":"https:\/\/vannelli.coffee\/it\/prodotto\/etiopia-q1-bombe-naturale\/","og_site_name":"Vannelli Coffee","article_publisher":"https:\/\/www.facebook.com\/vannelli.coffee\/","article_modified_time":"2022-04-28T13:50:35+00:00","og_image":[{"width":1600,"height":1600,"url":"https:\/\/vannelli.coffee\/wp-content\/uploads\/2021\/08\/Q1-Bombe-Natural-3-quarti.jpg","type":"image\/jpeg"}],"twitter_card":"summary_large_image","twitter_misc":{"Tempo di lettura stimato":"1 minuto"},"schema":{"@context":"https:\/\/schema.org","@graph":[{"@type":"WebPage","@id":"https:\/\/vannelli.coffee\/it\/prodotto\/etiopia-q1-bombe-naturale\/","url":"https:\/\/vannelli.coffee\/it\/prodotto\/etiopia-q1-bombe-naturale\/","name":"Ethiopia Q1 Bombe Naturale | Specialty Coffee | Vannelli Coffee","isPartOf":{"@id":"https:\/\/vannelli.coffee\/it\/#website"},"primaryImageOfPage":{"@id":"https:\/\/vannelli.coffee\/it\/prodotto\/etiopia-q1-bombe-naturale\/#primaryimage"},"image":{"@id":"https:\/\/vannelli.coffee\/it\/prodotto\/etiopia-q1-bombe-naturale\/#primaryimage"},"thumbnailUrl":"https:\/\/vannelli.coffee\/wp-content\/uploads\/2021\/08\/Q1-Bombe-Natural-3-quarti.jpg","datePublished":"2021-08-30T13:49:27+00:00","dateModified":"2022-04-28T13:50:35+00:00","description":"Ethiopia Q1 Bombe Naturale, 100% Arabica. Note di: Mora, Prugna, Passion Fruit, Cocomero","breadcrumb":{"@id":"https:\/\/vannelli.coffee\/it\/prodotto\/etiopia-q1-bombe-naturale\/#breadcrumb"},"inLanguage":"it-IT","potentialAction":[{"@type":"ReadAction","target":["https:\/\/vannelli.coffee\/it\/prodotto\/etiopia-q1-bombe-naturale\/"]}]},{"@type":"ImageObject","inLanguage":"it-IT","@id":"https:\/\/vannelli.coffee\/it\/prodotto\/etiopia-q1-bombe-naturale\/#primaryimage","url":"https:\/\/vannelli.coffee\/wp-content\/uploads\/2021\/08\/Q1-Bombe-Natural-3-quarti.jpg","contentUrl":"https:\/\/vannelli.coffee\/wp-content\/uploads\/2021\/08\/Q1-Bombe-Natural-3-quarti.jpg","width":1600,"height":1600,"caption":"ethiopia-bombe-q1"},{"@type":"BreadcrumbList","@id":"https:\/\/vannelli.coffee\/it\/prodotto\/etiopia-q1-bombe-naturale\/#breadcrumb","itemListElement":[{"@type":"ListItem","position":1,"name":"Home","item":"https:\/\/vannelli.coffee\/it\/"},{"@type":"ListItem","position":2,"name":"Negozio","item":"https:\/\/vannelli.coffee\/it\/negozio\/"},{"@type":"ListItem","position":3,"name":"Ethiopia Q1 Bombe Naturale"}]},{"@type":"WebSite","@id":"https:\/\/vannelli.coffee\/it\/#website","url":"https:\/\/vannelli.coffee\/it\/","name":"Vannelli Coffee","description":"We Are What We Roast","publisher":{"@id":"https:\/\/vannelli.coffee\/it\/#organization"},"potentialAction":[{"@type":"SearchAction","target":{"@type":"EntryPoint","urlTemplate":"https:\/\/vannelli.coffee\/it\/?s={search_term_string}"},"query-input":{"@type":"PropertyValueSpecification","valueRequired":true,"valueName":"search_term_string"}}],"inLanguage":"it-IT"},{"@type":"Organization","@id":"https:\/\/vannelli.coffee\/it\/#organization","name":"Vannelli Coffee","url":"https:\/\/vannelli.coffee\/it\/","logo":{"@type":"ImageObject","inLanguage":"it-IT","@id":"https:\/\/vannelli.coffee\/it\/#\/schema\/logo\/image\/","url":"https:\/\/vannelli.coffee\/wp-content\/uploads\/2020\/01\/logo-2.jpg","contentUrl":"https:\/\/vannelli.coffee\/wp-content\/uploads\/2020\/01\/logo-2.jpg","width":150,"height":150,"caption":"Vannelli Coffee"},"image":{"@id":"https:\/\/vannelli.coffee\/it\/#\/schema\/logo\/image\/"},"sameAs":["https:\/\/www.facebook.com\/vannelli.coffee\/","https:\/\/www.instagram.com\/vannelli.coffee\/"]}]}},"_links":{"self":[{"href":"https:\/\/vannelli.coffee\/it\/wp-json\/wp\/v2\/product\/5384","targetHints":{"allow":["GET"]}}],"collection":[{"href":"https:\/\/vannelli.coffee\/it\/wp-json\/wp\/v2\/product"}],"about":[{"href":"https:\/\/vannelli.coffee\/it\/wp-json\/wp\/v2\/types\/product"}],"wp:featuredmedia":[{"embeddable":true,"href":"https:\/\/vannelli.coffee\/it\/wp-json\/wp\/v2\/media\/5477"}],"wp:attachment":[{"href":"https:\/\/vannelli.coffee\/it\/wp-json\/wp\/v2\/media?parent=5384"}],"wp:term":[{"taxonomy":"product_brand","embeddable":true,"href":"https:\/\/vannelli.coffee\/it\/wp-json\/wp\/v2\/product_brand?post=5384"},{"taxonomy":"product_cat","embeddable":true,"href":"https:\/\/vannelli.coffee\/it\/wp-json\/wp\/v2\/product_cat?post=5384"},{"taxonomy":"product_tag","embeddable":true,"href":"https:\/\/vannelli.coffee\/it\/wp-json\/wp\/v2\/product_tag?post=5384"}],"curies":[{"name":"wp","href":"https:\/\/api.w.org\/{rel}","templated":true}]}}