{"id":5422,"date":"2021-09-10T16:09:45","date_gmt":"2021-09-10T15:09:45","guid":{"rendered":"https:\/\/vannelli.coffee\/?post_type=product&#038;p=5422"},"modified":"2022-07-12T11:36:57","modified_gmt":"2022-07-12T10:36:57","slug":"ethiopia-hambela-wamena-anaerobic","status":"publish","type":"product","link":"https:\/\/vannelli.coffee\/it\/prodotto\/ethiopia-hambela-wamena-anaerobic\/","title":{"rendered":"Etiopia Hambela Wamena Anaerobic"},"content":{"rendered":"<h5 style=\"text-align: left;\">Etiopia Hambela Wamena Anaerobic #2<\/h5>\n<h5 style=\"text-align: left;\">QUALCOSA IN PIU&#8217; SUL PRODUTTORE:<img loading=\"lazy\" decoding=\"async\" class=\"size-medium wp-image-5432 alignright\" style=\"font-size: 16px;\" src=\"https:\/\/vannelli.coffee\/wp-content\/uploads\/2021\/09\/94723be75ba92c1feafe6173ae724a94-300x225.jpg\" alt=\"\" width=\"300\" height=\"225\" srcset=\"https:\/\/vannelli.coffee\/wp-content\/uploads\/2021\/09\/94723be75ba92c1feafe6173ae724a94-300x225.jpg 300w, https:\/\/vannelli.coffee\/wp-content\/uploads\/2021\/09\/94723be75ba92c1feafe6173ae724a94-1024x768.jpg 1024w, https:\/\/vannelli.coffee\/wp-content\/uploads\/2021\/09\/94723be75ba92c1feafe6173ae724a94-768x576.jpg 768w, https:\/\/vannelli.coffee\/wp-content\/uploads\/2021\/09\/94723be75ba92c1feafe6173ae724a94-560x420.jpg 560w, https:\/\/vannelli.coffee\/wp-content\/uploads\/2021\/09\/94723be75ba92c1feafe6173ae724a94-210x158.jpg 210w, https:\/\/vannelli.coffee\/wp-content\/uploads\/2021\/09\/94723be75ba92c1feafe6173ae724a94-600x450.jpg 600w, https:\/\/vannelli.coffee\/wp-content\/uploads\/2021\/09\/94723be75ba92c1feafe6173ae724a94-80x60.jpg 80w, https:\/\/vannelli.coffee\/wp-content\/uploads\/2021\/09\/94723be75ba92c1feafe6173ae724a94-120x90.jpg 120w, https:\/\/vannelli.coffee\/wp-content\/uploads\/2021\/09\/94723be75ba92c1feafe6173ae724a94.jpg 1080w\" sizes=\"auto, (max-width: 300px) 100vw, 300px\" \/><\/h5>\n<p style=\"text-align: left;\">Mekuria Merga lavora nel settore del caff\u00e8 da ben 23 anni ed \u00e8 conosciuto in scala mondiale per la produzione di caff\u00e8 di altissima qualit\u00e0.<\/p>\n<p style=\"text-align: left;\">Nel 2018 decise di fondare la propria azienda di esportazione di nome &#8220;Wete Ambela&#8221; e di vendere direttamente il caff\u00e8 dei suoi centri agli importatori di tutto il mondo.<\/p>\n<p style=\"text-align: left;\">\n","protected":false},"excerpt":{"rendered":"<h5><span style=\"color: #800000;\"><em>SOLD OUT<\/em><\/span><\/h5>\n<hr \/>\n<h5><em>Mirtillo, Milkshake alla fragola, Bubble Gum e Vino Ros\u00e8<\/em><\/h5>\n<p>Questo caff\u00e8 cresce a circa 2000 mt sopra il livello del mare nella regione Guji, in Ethiopia. Le drupe vengono raccolte dai produttori locali, i quali poi selezionano a mano le ciliegie mature e rimuovono le ciliegie acerbe o troppo mature.<\/p>\n<p>Questo processo avviene in loco, prima del trasporto delle drupe alle washing station. Le ciliegie vengono lavorate ad Hambela, nella washing station Mekuria Merga, la quale prende nome dal proprietario del centro di lavorazione.<\/p>\n<p style=\"text-align: left;\"><strong>Origine:<\/strong> Etiopia<\/p>\n<p style=\"text-align: left;\"><strong>Regione: <\/strong>Guji<\/p>\n<p style=\"text-align: left;\"><strong>Farm: <\/strong>produttori vari, Mekuria Merga washing station<\/p>\n<p style=\"text-align: left;\"><strong>Variet\u00e0:<\/strong> Wolisho, Kurume<\/p>\n<p style=\"text-align: left;\"><strong>Processo: <\/strong>Naturale, Fermentazione anaerobica con nitrogeno<\/p>\n<p style=\"text-align: left;\"><strong>Altitudine: <\/strong>1900-2000 mt<\/p>\n<p style=\"text-align: left;\"><strong>Cup Profile: <\/strong>Mirtillo Alcolico, Milkshake alla Fragola, Gomma da Masticare e Vino Ros\u00e8.<\/p>\n<p style=\"text-align: left;\"><strong>Head Roaster:<\/strong> <a href=\"https:\/\/vannelli.coffee\/en\/our-team\/\">Pietro Vannelli<\/a><\/p>\n","protected":false},"featured_media":6122,"template":"","meta":{"_acf_changed":false,"_monsterinsights_skip_tracking":false,"_monsterinsights_sitenote_active":false,"_monsterinsights_sitenote_note":"","_monsterinsights_sitenote_category":0},"product_brand":[],"product_cat":[41],"product_tag":[257,258,54,259,229,59],"class_list":{"0":"post-5422","1":"product","2":"type-product","3":"status-publish","4":"has-post-thumbnail","6":"product_cat-caffe-speciali","7":"product_tag-arabicacoffee-it","8":"product_tag-caballerofarm-it","9":"product_tag-catuai-it","10":"product_tag-honduras-it","11":"product_tag-naturalprocess-it","12":"product_tag-specialtycoffee-it","14":"first","15":"outofstock","16":"shipping-taxable","17":"purchasable","18":"product-type-variable","19":"has-default-attributes"},"acf":[],"yoast_head":"<!-- This site is optimized with the Yoast SEO plugin v27.4 - https:\/\/yoast.com\/product\/yoast-seo-wordpress\/ -->\n<title>Etiopia Hambela Wamena Anaerobic | Specialty Coffee | Vannelli Coffee<\/title>\n<meta name=\"description\" content=\"Etiopia Hambela Wamena Anaerobic, 100% Arabica beans. Note di mirtillo alcolico, Milkshake alla fragola, Gomma da masticare e vino ros\u00e8.\" \/>\n<meta name=\"robots\" content=\"index, follow, max-snippet:-1, max-image-preview:large, max-video-preview:-1\" \/>\n<link rel=\"canonical\" href=\"https:\/\/vannelli.coffee\/it\/prodotto\/ethiopia-hambela-wamena-anaerobic\/\" \/>\n<meta property=\"og:locale\" content=\"it_IT\" \/>\n<meta property=\"og:type\" content=\"article\" \/>\n<meta property=\"og:title\" content=\"Etiopia Hambela Wamena Anaerobic | Specialty Coffee | Vannelli Coffee\" \/>\n<meta property=\"og:description\" content=\"Etiopia Hambela Wamena Anaerobic, 100% Arabica beans. Note di mirtillo alcolico, Milkshake alla fragola, Gomma da masticare e vino ros\u00e8.\" \/>\n<meta property=\"og:url\" content=\"https:\/\/vannelli.coffee\/it\/prodotto\/ethiopia-hambela-wamena-anaerobic\/\" \/>\n<meta property=\"og:site_name\" content=\"Vannelli Coffee\" \/>\n<meta property=\"article:publisher\" content=\"https:\/\/www.facebook.com\/vannelli.coffee\/\" \/>\n<meta property=\"article:modified_time\" content=\"2022-07-12T10:36:57+00:00\" \/>\n<meta property=\"og:image\" content=\"https:\/\/vannelli.coffee\/wp-content\/uploads\/2021\/09\/HAMBELA.png\" \/>\n\t<meta property=\"og:image:width\" content=\"1600\" \/>\n\t<meta property=\"og:image:height\" content=\"1600\" \/>\n\t<meta property=\"og:image:type\" content=\"image\/png\" \/>\n<meta name=\"twitter:card\" content=\"summary_large_image\" \/>\n<meta name=\"twitter:label1\" content=\"Tempo di lettura stimato\" \/>\n\t<meta name=\"twitter:data1\" content=\"1 minuto\" \/>\n<script type=\"application\/ld+json\" class=\"yoast-schema-graph\">{\"@context\":\"https:\\\/\\\/schema.org\",\"@graph\":[{\"@type\":\"WebPage\",\"@id\":\"https:\\\/\\\/vannelli.coffee\\\/it\\\/prodotto\\\/ethiopia-hambela-wamena-anaerobic\\\/\",\"url\":\"https:\\\/\\\/vannelli.coffee\\\/it\\\/prodotto\\\/ethiopia-hambela-wamena-anaerobic\\\/\",\"name\":\"Etiopia Hambela Wamena Anaerobic | Specialty Coffee | Vannelli Coffee\",\"isPartOf\":{\"@id\":\"https:\\\/\\\/vannelli.coffee\\\/it\\\/#website\"},\"primaryImageOfPage\":{\"@id\":\"https:\\\/\\\/vannelli.coffee\\\/it\\\/prodotto\\\/ethiopia-hambela-wamena-anaerobic\\\/#primaryimage\"},\"image\":{\"@id\":\"https:\\\/\\\/vannelli.coffee\\\/it\\\/prodotto\\\/ethiopia-hambela-wamena-anaerobic\\\/#primaryimage\"},\"thumbnailUrl\":\"https:\\\/\\\/vannelli.coffee\\\/wp-content\\\/uploads\\\/2021\\\/09\\\/HAMBELA.png\",\"datePublished\":\"2021-09-10T15:09:45+00:00\",\"dateModified\":\"2022-07-12T10:36:57+00:00\",\"description\":\"Etiopia Hambela Wamena Anaerobic, 100% Arabica beans. Note di mirtillo alcolico, Milkshake alla fragola, Gomma da masticare e vino ros\u00e8.\",\"breadcrumb\":{\"@id\":\"https:\\\/\\\/vannelli.coffee\\\/it\\\/prodotto\\\/ethiopia-hambela-wamena-anaerobic\\\/#breadcrumb\"},\"inLanguage\":\"it-IT\",\"potentialAction\":[{\"@type\":\"ReadAction\",\"target\":[\"https:\\\/\\\/vannelli.coffee\\\/it\\\/prodotto\\\/ethiopia-hambela-wamena-anaerobic\\\/\"]}]},{\"@type\":\"ImageObject\",\"inLanguage\":\"it-IT\",\"@id\":\"https:\\\/\\\/vannelli.coffee\\\/it\\\/prodotto\\\/ethiopia-hambela-wamena-anaerobic\\\/#primaryimage\",\"url\":\"https:\\\/\\\/vannelli.coffee\\\/wp-content\\\/uploads\\\/2021\\\/09\\\/HAMBELA.png\",\"contentUrl\":\"https:\\\/\\\/vannelli.coffee\\\/wp-content\\\/uploads\\\/2021\\\/09\\\/HAMBELA.png\",\"width\":1600,\"height\":1600},{\"@type\":\"BreadcrumbList\",\"@id\":\"https:\\\/\\\/vannelli.coffee\\\/it\\\/prodotto\\\/ethiopia-hambela-wamena-anaerobic\\\/#breadcrumb\",\"itemListElement\":[{\"@type\":\"ListItem\",\"position\":1,\"name\":\"Home\",\"item\":\"https:\\\/\\\/vannelli.coffee\\\/it\\\/\"},{\"@type\":\"ListItem\",\"position\":2,\"name\":\"Negozio\",\"item\":\"https:\\\/\\\/vannelli.coffee\\\/it\\\/negozio\\\/\"},{\"@type\":\"ListItem\",\"position\":3,\"name\":\"Etiopia Hambela Wamena Anaerobic\"}]},{\"@type\":\"WebSite\",\"@id\":\"https:\\\/\\\/vannelli.coffee\\\/it\\\/#website\",\"url\":\"https:\\\/\\\/vannelli.coffee\\\/it\\\/\",\"name\":\"Vannelli Coffee\",\"description\":\"We Are What We Roast\",\"publisher\":{\"@id\":\"https:\\\/\\\/vannelli.coffee\\\/it\\\/#organization\"},\"potentialAction\":[{\"@type\":\"SearchAction\",\"target\":{\"@type\":\"EntryPoint\",\"urlTemplate\":\"https:\\\/\\\/vannelli.coffee\\\/it\\\/?s={search_term_string}\"},\"query-input\":{\"@type\":\"PropertyValueSpecification\",\"valueRequired\":true,\"valueName\":\"search_term_string\"}}],\"inLanguage\":\"it-IT\"},{\"@type\":\"Organization\",\"@id\":\"https:\\\/\\\/vannelli.coffee\\\/it\\\/#organization\",\"name\":\"Vannelli Coffee\",\"url\":\"https:\\\/\\\/vannelli.coffee\\\/it\\\/\",\"logo\":{\"@type\":\"ImageObject\",\"inLanguage\":\"it-IT\",\"@id\":\"https:\\\/\\\/vannelli.coffee\\\/it\\\/#\\\/schema\\\/logo\\\/image\\\/\",\"url\":\"https:\\\/\\\/vannelli.coffee\\\/wp-content\\\/uploads\\\/2020\\\/01\\\/logo-2.jpg\",\"contentUrl\":\"https:\\\/\\\/vannelli.coffee\\\/wp-content\\\/uploads\\\/2020\\\/01\\\/logo-2.jpg\",\"width\":150,\"height\":150,\"caption\":\"Vannelli Coffee\"},\"image\":{\"@id\":\"https:\\\/\\\/vannelli.coffee\\\/it\\\/#\\\/schema\\\/logo\\\/image\\\/\"},\"sameAs\":[\"https:\\\/\\\/www.facebook.com\\\/vannelli.coffee\\\/\",\"https:\\\/\\\/www.instagram.com\\\/vannelli.coffee\\\/\"]}]}<\/script>\n<!-- \/ Yoast SEO plugin. -->","yoast_head_json":{"title":"Etiopia Hambela Wamena Anaerobic | Specialty Coffee | Vannelli Coffee","description":"Etiopia Hambela Wamena Anaerobic, 100% Arabica beans. Note di mirtillo alcolico, Milkshake alla fragola, Gomma da masticare e vino ros\u00e8.","robots":{"index":"index","follow":"follow","max-snippet":"max-snippet:-1","max-image-preview":"max-image-preview:large","max-video-preview":"max-video-preview:-1"},"canonical":"https:\/\/vannelli.coffee\/it\/prodotto\/ethiopia-hambela-wamena-anaerobic\/","og_locale":"it_IT","og_type":"article","og_title":"Etiopia Hambela Wamena Anaerobic | Specialty Coffee | Vannelli Coffee","og_description":"Etiopia Hambela Wamena Anaerobic, 100% Arabica beans. Note di mirtillo alcolico, Milkshake alla fragola, Gomma da masticare e vino ros\u00e8.","og_url":"https:\/\/vannelli.coffee\/it\/prodotto\/ethiopia-hambela-wamena-anaerobic\/","og_site_name":"Vannelli Coffee","article_publisher":"https:\/\/www.facebook.com\/vannelli.coffee\/","article_modified_time":"2022-07-12T10:36:57+00:00","og_image":[{"width":1600,"height":1600,"url":"https:\/\/vannelli.coffee\/wp-content\/uploads\/2021\/09\/HAMBELA.png","type":"image\/png"}],"twitter_card":"summary_large_image","twitter_misc":{"Tempo di lettura stimato":"1 minuto"},"schema":{"@context":"https:\/\/schema.org","@graph":[{"@type":"WebPage","@id":"https:\/\/vannelli.coffee\/it\/prodotto\/ethiopia-hambela-wamena-anaerobic\/","url":"https:\/\/vannelli.coffee\/it\/prodotto\/ethiopia-hambela-wamena-anaerobic\/","name":"Etiopia Hambela Wamena Anaerobic | Specialty Coffee | Vannelli Coffee","isPartOf":{"@id":"https:\/\/vannelli.coffee\/it\/#website"},"primaryImageOfPage":{"@id":"https:\/\/vannelli.coffee\/it\/prodotto\/ethiopia-hambela-wamena-anaerobic\/#primaryimage"},"image":{"@id":"https:\/\/vannelli.coffee\/it\/prodotto\/ethiopia-hambela-wamena-anaerobic\/#primaryimage"},"thumbnailUrl":"https:\/\/vannelli.coffee\/wp-content\/uploads\/2021\/09\/HAMBELA.png","datePublished":"2021-09-10T15:09:45+00:00","dateModified":"2022-07-12T10:36:57+00:00","description":"Etiopia Hambela Wamena Anaerobic, 100% Arabica beans. Note di mirtillo alcolico, Milkshake alla fragola, Gomma da masticare e vino ros\u00e8.","breadcrumb":{"@id":"https:\/\/vannelli.coffee\/it\/prodotto\/ethiopia-hambela-wamena-anaerobic\/#breadcrumb"},"inLanguage":"it-IT","potentialAction":[{"@type":"ReadAction","target":["https:\/\/vannelli.coffee\/it\/prodotto\/ethiopia-hambela-wamena-anaerobic\/"]}]},{"@type":"ImageObject","inLanguage":"it-IT","@id":"https:\/\/vannelli.coffee\/it\/prodotto\/ethiopia-hambela-wamena-anaerobic\/#primaryimage","url":"https:\/\/vannelli.coffee\/wp-content\/uploads\/2021\/09\/HAMBELA.png","contentUrl":"https:\/\/vannelli.coffee\/wp-content\/uploads\/2021\/09\/HAMBELA.png","width":1600,"height":1600},{"@type":"BreadcrumbList","@id":"https:\/\/vannelli.coffee\/it\/prodotto\/ethiopia-hambela-wamena-anaerobic\/#breadcrumb","itemListElement":[{"@type":"ListItem","position":1,"name":"Home","item":"https:\/\/vannelli.coffee\/it\/"},{"@type":"ListItem","position":2,"name":"Negozio","item":"https:\/\/vannelli.coffee\/it\/negozio\/"},{"@type":"ListItem","position":3,"name":"Etiopia Hambela Wamena Anaerobic"}]},{"@type":"WebSite","@id":"https:\/\/vannelli.coffee\/it\/#website","url":"https:\/\/vannelli.coffee\/it\/","name":"Vannelli Coffee","description":"We Are What We Roast","publisher":{"@id":"https:\/\/vannelli.coffee\/it\/#organization"},"potentialAction":[{"@type":"SearchAction","target":{"@type":"EntryPoint","urlTemplate":"https:\/\/vannelli.coffee\/it\/?s={search_term_string}"},"query-input":{"@type":"PropertyValueSpecification","valueRequired":true,"valueName":"search_term_string"}}],"inLanguage":"it-IT"},{"@type":"Organization","@id":"https:\/\/vannelli.coffee\/it\/#organization","name":"Vannelli Coffee","url":"https:\/\/vannelli.coffee\/it\/","logo":{"@type":"ImageObject","inLanguage":"it-IT","@id":"https:\/\/vannelli.coffee\/it\/#\/schema\/logo\/image\/","url":"https:\/\/vannelli.coffee\/wp-content\/uploads\/2020\/01\/logo-2.jpg","contentUrl":"https:\/\/vannelli.coffee\/wp-content\/uploads\/2020\/01\/logo-2.jpg","width":150,"height":150,"caption":"Vannelli Coffee"},"image":{"@id":"https:\/\/vannelli.coffee\/it\/#\/schema\/logo\/image\/"},"sameAs":["https:\/\/www.facebook.com\/vannelli.coffee\/","https:\/\/www.instagram.com\/vannelli.coffee\/"]}]}},"_links":{"self":[{"href":"https:\/\/vannelli.coffee\/it\/wp-json\/wp\/v2\/product\/5422","targetHints":{"allow":["GET"]}}],"collection":[{"href":"https:\/\/vannelli.coffee\/it\/wp-json\/wp\/v2\/product"}],"about":[{"href":"https:\/\/vannelli.coffee\/it\/wp-json\/wp\/v2\/types\/product"}],"wp:featuredmedia":[{"embeddable":true,"href":"https:\/\/vannelli.coffee\/it\/wp-json\/wp\/v2\/media\/6122"}],"wp:attachment":[{"href":"https:\/\/vannelli.coffee\/it\/wp-json\/wp\/v2\/media?parent=5422"}],"wp:term":[{"taxonomy":"product_brand","embeddable":true,"href":"https:\/\/vannelli.coffee\/it\/wp-json\/wp\/v2\/product_brand?post=5422"},{"taxonomy":"product_cat","embeddable":true,"href":"https:\/\/vannelli.coffee\/it\/wp-json\/wp\/v2\/product_cat?post=5422"},{"taxonomy":"product_tag","embeddable":true,"href":"https:\/\/vannelli.coffee\/it\/wp-json\/wp\/v2\/product_tag?post=5422"}],"curies":[{"name":"wp","href":"https:\/\/api.w.org\/{rel}","templated":true}]}}