{"id":5506,"date":"2021-10-12T11:21:28","date_gmt":"2021-10-12T10:21:28","guid":{"rendered":"https:\/\/vannelli.coffee\/?post_type=product&#038;p=5506"},"modified":"2022-08-05T17:16:14","modified_gmt":"2022-08-05T16:16:14","slug":"kenya-thika-peaberry-washed","status":"publish","type":"product","link":"https:\/\/vannelli.coffee\/it\/prodotto\/kenya-thika-peaberry-washed\/","title":{"rendered":"Kenya Thika Peaberry Lavato"},"content":{"rendered":"<h5 style=\"text-align: left;\">Kenya Thika Peaberry Lavato<\/h5>\n<p><strong>QUALCOSA IN PIU&#8217; SUL PRODUTTORE:<\/strong><\/p>\n<p>La famiglia Harries si \u00e8 stabilita in Kenya nel lontano 1904 e oggigiorno, Boyce Harris, rapprensenta la quinta generazione di coltivatori di caff\u00e8. Possiede due farm nella regione centrale del Kenya, Thika, chiamate rispettivamente Oreti e Chania.<\/p>\n<p>Il 50% delle variet\u00e0 coltivate sono Bourbon rosso (singolare per gli ambienti kenioti) ed il restante 50% invece \u00e8 composto da SL 14, SL 28 (delicato e suscettibile a malattie, ma molto buono), SL 3, Ruiri 11 (variet\u00e0 molto forte), K7 e Batian. La raccolta, che impiega 300 lavoratori, viene effettuata rigorosamente a mano e i caff\u00e8 vengono processati sul campo.<\/p>\n","protected":false},"excerpt":{"rendered":"<h5><span style=\"color: #800000;\"><em><strong>SOLD OUT<\/strong><\/em><\/span><\/h5>\n<hr \/>\n<h5><em>Bloody mary, Pompelmo Rosa, Floreale, Vaniglia<\/em><\/h5>\n<p>Questo caff\u00e8 viene prodotto nel cuore della Oreti farm, di propriet\u00e0 della famiglia Harries da molte generazioni. \u00c8 una delle ultime due farm di medie dimensioni rimaste oggi in Kenya.<\/p>\n<p>Il caff\u00e8 cresce in terreni rossi vulcanici, a 1600 mt sopra in livello del mare, in una vasta area di oltre 35 ettari.<\/p>\n<p>Questo caff\u00e8 \u00e8 un peaberry: significa che una ciliegia ha all&#8217;interno solo un seme anzich\u00e8 due. Il seme quindi \u00e8 pi\u00f9 piccolo, pi\u00f9 rotondo e anche pi\u00f9 denso rispetto ai chicchi di caff\u00e8 normale. Inoltre \u00e8 anche pi\u00f9 carino!<\/p>\n<p>Le ciligie vengono raccolte a mano e ricevono una doppia fermentazione prima del processo di essiccazione sopra ai letti rialzati.<\/p>\n<p>L&#8217;aroma di questo piccolo peaberry \u00e8 fruttato e floreale, delicato, con un retrogusto molto dolce che ricorda la vaniglia.<\/p>\n<p style=\"text-align: left;\"><strong>Origine:<\/strong> Kenya<\/p>\n<p style=\"text-align: left;\"><strong>Regione:<\/strong> Regione centrale, Thika<\/p>\n<p style=\"text-align: left;\"><strong>Farm: <\/strong>Oreti estate<\/p>\n<p style=\"text-align: left;\"><strong>Variet\u00e0:<\/strong>Bourbon rosso, SL 14, SL 28<\/p>\n<p style=\"text-align: left;\"><strong>Processo<\/strong>: Lavato<\/p>\n<p style=\"text-align: left;\"><strong>Altitudine: <\/strong>1600 mt<\/p>\n<p style=\"text-align: left;\"><strong>Cup Profile: <\/strong>Bloody mary, Pompelmo Rosa, Floreale, Vaniglia.<\/p>\n<p style=\"text-align: left;\"><strong>Head Roaster:<\/strong> <a href=\"https:\/\/vannelli.coffee\/en\/our-team\/\">Pietro Vannelli<\/a><\/p>\n","protected":false},"featured_media":6118,"template":"","meta":{"_acf_changed":false,"_monsterinsights_skip_tracking":false,"_monsterinsights_sitenote_active":false,"_monsterinsights_sitenote_note":"","_monsterinsights_sitenote_category":0},"product_brand":[],"product_cat":[41],"product_tag":[257,260,242,59,60],"class_list":{"0":"post-5506","1":"product","2":"type-product","3":"status-publish","4":"has-post-thumbnail","6":"product_cat-caffe-speciali","7":"product_tag-arabicacoffee-it","8":"product_tag-buenavista-it","9":"product_tag-colombia-it","10":"product_tag-specialtycoffee-it","11":"product_tag-vannellicoffee-it","13":"first","14":"outofstock","15":"shipping-taxable","16":"purchasable","17":"product-type-variable","18":"has-default-attributes"},"acf":[],"yoast_head":"<!-- This site is optimized with the Yoast SEO plugin v27.4 - https:\/\/yoast.com\/product\/yoast-seo-wordpress\/ -->\n<title>Kenya Thika Peaberry Lavato | Specialty Coffee | Vannelli Coffee<\/title>\n<meta name=\"description\" content=\"Kenya Thika Peaberry Lavato, 100% Arabica. Note di Bloody mary, Pompelmo Rosa, Floreale, Vaniglia.\" \/>\n<meta name=\"robots\" content=\"index, follow, max-snippet:-1, max-image-preview:large, max-video-preview:-1\" \/>\n<link rel=\"canonical\" href=\"https:\/\/vannelli.coffee\/it\/prodotto\/kenya-thika-peaberry-washed\/\" \/>\n<meta property=\"og:locale\" content=\"it_IT\" \/>\n<meta property=\"og:type\" content=\"article\" \/>\n<meta property=\"og:title\" content=\"Kenya Thika Peaberry Lavato | Specialty Coffee | Vannelli Coffee\" \/>\n<meta property=\"og:description\" content=\"Kenya Thika Peaberry Lavato, 100% Arabica. Note di Bloody mary, Pompelmo Rosa, Floreale, Vaniglia.\" \/>\n<meta property=\"og:url\" content=\"https:\/\/vannelli.coffee\/it\/prodotto\/kenya-thika-peaberry-washed\/\" \/>\n<meta property=\"og:site_name\" content=\"Vannelli Coffee\" \/>\n<meta property=\"article:publisher\" content=\"https:\/\/www.facebook.com\/vannelli.coffee\/\" \/>\n<meta property=\"article:modified_time\" content=\"2022-08-05T16:16:14+00:00\" \/>\n<meta property=\"og:image\" content=\"https:\/\/vannelli.coffee\/wp-content\/uploads\/2021\/10\/KENYA.png\" \/>\n\t<meta property=\"og:image:width\" content=\"1600\" \/>\n\t<meta property=\"og:image:height\" content=\"1600\" \/>\n\t<meta property=\"og:image:type\" content=\"image\/png\" \/>\n<meta name=\"twitter:card\" content=\"summary_large_image\" \/>\n<meta name=\"twitter:label1\" content=\"Tempo di lettura stimato\" \/>\n\t<meta name=\"twitter:data1\" content=\"1 minuto\" \/>\n<script type=\"application\/ld+json\" class=\"yoast-schema-graph\">{\"@context\":\"https:\\\/\\\/schema.org\",\"@graph\":[{\"@type\":\"WebPage\",\"@id\":\"https:\\\/\\\/vannelli.coffee\\\/it\\\/prodotto\\\/kenya-thika-peaberry-washed\\\/\",\"url\":\"https:\\\/\\\/vannelli.coffee\\\/it\\\/prodotto\\\/kenya-thika-peaberry-washed\\\/\",\"name\":\"Kenya Thika Peaberry Lavato | Specialty Coffee | Vannelli Coffee\",\"isPartOf\":{\"@id\":\"https:\\\/\\\/vannelli.coffee\\\/it\\\/#website\"},\"primaryImageOfPage\":{\"@id\":\"https:\\\/\\\/vannelli.coffee\\\/it\\\/prodotto\\\/kenya-thika-peaberry-washed\\\/#primaryimage\"},\"image\":{\"@id\":\"https:\\\/\\\/vannelli.coffee\\\/it\\\/prodotto\\\/kenya-thika-peaberry-washed\\\/#primaryimage\"},\"thumbnailUrl\":\"https:\\\/\\\/vannelli.coffee\\\/wp-content\\\/uploads\\\/2021\\\/10\\\/KENYA.png\",\"datePublished\":\"2021-10-12T10:21:28+00:00\",\"dateModified\":\"2022-08-05T16:16:14+00:00\",\"description\":\"Kenya Thika Peaberry Lavato, 100% Arabica. Note di Bloody mary, Pompelmo Rosa, Floreale, Vaniglia.\",\"breadcrumb\":{\"@id\":\"https:\\\/\\\/vannelli.coffee\\\/it\\\/prodotto\\\/kenya-thika-peaberry-washed\\\/#breadcrumb\"},\"inLanguage\":\"it-IT\",\"potentialAction\":[{\"@type\":\"ReadAction\",\"target\":[\"https:\\\/\\\/vannelli.coffee\\\/it\\\/prodotto\\\/kenya-thika-peaberry-washed\\\/\"]}]},{\"@type\":\"ImageObject\",\"inLanguage\":\"it-IT\",\"@id\":\"https:\\\/\\\/vannelli.coffee\\\/it\\\/prodotto\\\/kenya-thika-peaberry-washed\\\/#primaryimage\",\"url\":\"https:\\\/\\\/vannelli.coffee\\\/wp-content\\\/uploads\\\/2021\\\/10\\\/KENYA.png\",\"contentUrl\":\"https:\\\/\\\/vannelli.coffee\\\/wp-content\\\/uploads\\\/2021\\\/10\\\/KENYA.png\",\"width\":1600,\"height\":1600},{\"@type\":\"BreadcrumbList\",\"@id\":\"https:\\\/\\\/vannelli.coffee\\\/it\\\/prodotto\\\/kenya-thika-peaberry-washed\\\/#breadcrumb\",\"itemListElement\":[{\"@type\":\"ListItem\",\"position\":1,\"name\":\"Home\",\"item\":\"https:\\\/\\\/vannelli.coffee\\\/it\\\/\"},{\"@type\":\"ListItem\",\"position\":2,\"name\":\"Negozio\",\"item\":\"https:\\\/\\\/vannelli.coffee\\\/it\\\/negozio\\\/\"},{\"@type\":\"ListItem\",\"position\":3,\"name\":\"Kenya Thika Peaberry Lavato\"}]},{\"@type\":\"WebSite\",\"@id\":\"https:\\\/\\\/vannelli.coffee\\\/it\\\/#website\",\"url\":\"https:\\\/\\\/vannelli.coffee\\\/it\\\/\",\"name\":\"Vannelli Coffee\",\"description\":\"We Are What We Roast\",\"publisher\":{\"@id\":\"https:\\\/\\\/vannelli.coffee\\\/it\\\/#organization\"},\"potentialAction\":[{\"@type\":\"SearchAction\",\"target\":{\"@type\":\"EntryPoint\",\"urlTemplate\":\"https:\\\/\\\/vannelli.coffee\\\/it\\\/?s={search_term_string}\"},\"query-input\":{\"@type\":\"PropertyValueSpecification\",\"valueRequired\":true,\"valueName\":\"search_term_string\"}}],\"inLanguage\":\"it-IT\"},{\"@type\":\"Organization\",\"@id\":\"https:\\\/\\\/vannelli.coffee\\\/it\\\/#organization\",\"name\":\"Vannelli Coffee\",\"url\":\"https:\\\/\\\/vannelli.coffee\\\/it\\\/\",\"logo\":{\"@type\":\"ImageObject\",\"inLanguage\":\"it-IT\",\"@id\":\"https:\\\/\\\/vannelli.coffee\\\/it\\\/#\\\/schema\\\/logo\\\/image\\\/\",\"url\":\"https:\\\/\\\/vannelli.coffee\\\/wp-content\\\/uploads\\\/2020\\\/01\\\/logo-2.jpg\",\"contentUrl\":\"https:\\\/\\\/vannelli.coffee\\\/wp-content\\\/uploads\\\/2020\\\/01\\\/logo-2.jpg\",\"width\":150,\"height\":150,\"caption\":\"Vannelli Coffee\"},\"image\":{\"@id\":\"https:\\\/\\\/vannelli.coffee\\\/it\\\/#\\\/schema\\\/logo\\\/image\\\/\"},\"sameAs\":[\"https:\\\/\\\/www.facebook.com\\\/vannelli.coffee\\\/\",\"https:\\\/\\\/www.instagram.com\\\/vannelli.coffee\\\/\"]}]}<\/script>\n<!-- \/ Yoast SEO plugin. -->","yoast_head_json":{"title":"Kenya Thika Peaberry Lavato | Specialty Coffee | Vannelli Coffee","description":"Kenya Thika Peaberry Lavato, 100% Arabica. Note di Bloody mary, Pompelmo Rosa, Floreale, Vaniglia.","robots":{"index":"index","follow":"follow","max-snippet":"max-snippet:-1","max-image-preview":"max-image-preview:large","max-video-preview":"max-video-preview:-1"},"canonical":"https:\/\/vannelli.coffee\/it\/prodotto\/kenya-thika-peaberry-washed\/","og_locale":"it_IT","og_type":"article","og_title":"Kenya Thika Peaberry Lavato | Specialty Coffee | Vannelli Coffee","og_description":"Kenya Thika Peaberry Lavato, 100% Arabica. Note di Bloody mary, Pompelmo Rosa, Floreale, Vaniglia.","og_url":"https:\/\/vannelli.coffee\/it\/prodotto\/kenya-thika-peaberry-washed\/","og_site_name":"Vannelli Coffee","article_publisher":"https:\/\/www.facebook.com\/vannelli.coffee\/","article_modified_time":"2022-08-05T16:16:14+00:00","og_image":[{"width":1600,"height":1600,"url":"https:\/\/vannelli.coffee\/wp-content\/uploads\/2021\/10\/KENYA.png","type":"image\/png"}],"twitter_card":"summary_large_image","twitter_misc":{"Tempo di lettura stimato":"1 minuto"},"schema":{"@context":"https:\/\/schema.org","@graph":[{"@type":"WebPage","@id":"https:\/\/vannelli.coffee\/it\/prodotto\/kenya-thika-peaberry-washed\/","url":"https:\/\/vannelli.coffee\/it\/prodotto\/kenya-thika-peaberry-washed\/","name":"Kenya Thika Peaberry Lavato | Specialty Coffee | Vannelli Coffee","isPartOf":{"@id":"https:\/\/vannelli.coffee\/it\/#website"},"primaryImageOfPage":{"@id":"https:\/\/vannelli.coffee\/it\/prodotto\/kenya-thika-peaberry-washed\/#primaryimage"},"image":{"@id":"https:\/\/vannelli.coffee\/it\/prodotto\/kenya-thika-peaberry-washed\/#primaryimage"},"thumbnailUrl":"https:\/\/vannelli.coffee\/wp-content\/uploads\/2021\/10\/KENYA.png","datePublished":"2021-10-12T10:21:28+00:00","dateModified":"2022-08-05T16:16:14+00:00","description":"Kenya Thika Peaberry Lavato, 100% Arabica. Note di Bloody mary, Pompelmo Rosa, Floreale, Vaniglia.","breadcrumb":{"@id":"https:\/\/vannelli.coffee\/it\/prodotto\/kenya-thika-peaberry-washed\/#breadcrumb"},"inLanguage":"it-IT","potentialAction":[{"@type":"ReadAction","target":["https:\/\/vannelli.coffee\/it\/prodotto\/kenya-thika-peaberry-washed\/"]}]},{"@type":"ImageObject","inLanguage":"it-IT","@id":"https:\/\/vannelli.coffee\/it\/prodotto\/kenya-thika-peaberry-washed\/#primaryimage","url":"https:\/\/vannelli.coffee\/wp-content\/uploads\/2021\/10\/KENYA.png","contentUrl":"https:\/\/vannelli.coffee\/wp-content\/uploads\/2021\/10\/KENYA.png","width":1600,"height":1600},{"@type":"BreadcrumbList","@id":"https:\/\/vannelli.coffee\/it\/prodotto\/kenya-thika-peaberry-washed\/#breadcrumb","itemListElement":[{"@type":"ListItem","position":1,"name":"Home","item":"https:\/\/vannelli.coffee\/it\/"},{"@type":"ListItem","position":2,"name":"Negozio","item":"https:\/\/vannelli.coffee\/it\/negozio\/"},{"@type":"ListItem","position":3,"name":"Kenya Thika Peaberry Lavato"}]},{"@type":"WebSite","@id":"https:\/\/vannelli.coffee\/it\/#website","url":"https:\/\/vannelli.coffee\/it\/","name":"Vannelli Coffee","description":"We Are What We Roast","publisher":{"@id":"https:\/\/vannelli.coffee\/it\/#organization"},"potentialAction":[{"@type":"SearchAction","target":{"@type":"EntryPoint","urlTemplate":"https:\/\/vannelli.coffee\/it\/?s={search_term_string}"},"query-input":{"@type":"PropertyValueSpecification","valueRequired":true,"valueName":"search_term_string"}}],"inLanguage":"it-IT"},{"@type":"Organization","@id":"https:\/\/vannelli.coffee\/it\/#organization","name":"Vannelli Coffee","url":"https:\/\/vannelli.coffee\/it\/","logo":{"@type":"ImageObject","inLanguage":"it-IT","@id":"https:\/\/vannelli.coffee\/it\/#\/schema\/logo\/image\/","url":"https:\/\/vannelli.coffee\/wp-content\/uploads\/2020\/01\/logo-2.jpg","contentUrl":"https:\/\/vannelli.coffee\/wp-content\/uploads\/2020\/01\/logo-2.jpg","width":150,"height":150,"caption":"Vannelli Coffee"},"image":{"@id":"https:\/\/vannelli.coffee\/it\/#\/schema\/logo\/image\/"},"sameAs":["https:\/\/www.facebook.com\/vannelli.coffee\/","https:\/\/www.instagram.com\/vannelli.coffee\/"]}]}},"_links":{"self":[{"href":"https:\/\/vannelli.coffee\/it\/wp-json\/wp\/v2\/product\/5506","targetHints":{"allow":["GET"]}}],"collection":[{"href":"https:\/\/vannelli.coffee\/it\/wp-json\/wp\/v2\/product"}],"about":[{"href":"https:\/\/vannelli.coffee\/it\/wp-json\/wp\/v2\/types\/product"}],"wp:featuredmedia":[{"embeddable":true,"href":"https:\/\/vannelli.coffee\/it\/wp-json\/wp\/v2\/media\/6118"}],"wp:attachment":[{"href":"https:\/\/vannelli.coffee\/it\/wp-json\/wp\/v2\/media?parent=5506"}],"wp:term":[{"taxonomy":"product_brand","embeddable":true,"href":"https:\/\/vannelli.coffee\/it\/wp-json\/wp\/v2\/product_brand?post=5506"},{"taxonomy":"product_cat","embeddable":true,"href":"https:\/\/vannelli.coffee\/it\/wp-json\/wp\/v2\/product_cat?post=5506"},{"taxonomy":"product_tag","embeddable":true,"href":"https:\/\/vannelli.coffee\/it\/wp-json\/wp\/v2\/product_tag?post=5506"}],"curies":[{"name":"wp","href":"https:\/\/api.w.org\/{rel}","templated":true}]}}