{"id":5924,"date":"2022-03-28T11:29:02","date_gmt":"2022-03-28T10:29:03","guid":{"rendered":"https:\/\/vannelli.coffee\/?post_type=product&#038;p=5924"},"modified":"2022-09-01T10:40:26","modified_gmt":"2022-09-01T09:40:26","slug":"costa-rica-colima","status":"publish","type":"product","link":"https:\/\/vannelli.coffee\/it\/prodotto\/costa-rica-colima\/","title":{"rendered":"Costa Rica Colima"},"content":{"rendered":"<h5>Costa Rica Colima<\/h5>\n<h5 style=\"text-align: left;\"><strong>HACIENDA COLIMA:<\/strong><\/h5>\n<p style=\"text-align: left;\">All&#8217;inizio del 19\u00b0 secolo, agli albori della produzione di caff\u00e8 in America, due pionieri e imprenditori di nome Alejo C. Jim\u00e9nez in Costa Rica e Wilhelm Kahle nel sud del Messico, fondarono insieme una nuova azienda agricola, per soddisfare la richiesta di caff\u00e8 da parte dell&#8217;Europa.<\/p>\n<p style=\"text-align: left;\">Oggi, i discendenti di questi due coltivatori visionari, ancora producono caff\u00e8, condividendo gli stessi ideali di eccellenza ed alta qualit\u00e0.<\/p>\n<p style=\"text-align: left;\">Alejo fa parte della quinta generazione della famiglia Castro-Kahle, la quale coltiva caff\u00e8 da pi\u00f9 di 100 anni. Le variet\u00e0 che vengono coltivate sono: Caturra, Catuai, Geisha, SL28, Villasarchi, Sarchimor, Obata, San Isidro e Venecia. Degna di nota \u00e8 la salvaguardia delle risorse naturali, molto cara a Finca Colima.<\/p>\n","protected":false},"excerpt":{"rendered":"<h5 style=\"text-align: left;\"><em>Pesca Sciroppata, Uva, Zucchero Filato, Miele<\/em><\/h5>\n<p>Il caff\u00e8 proviene dall&#8217;azienda Colima, situata sulle pendici del vulcano Barva, Valle Centrale, a 1500 metri sopra il livello del mare.<\/p>\n<p>Il terreno vulcano, assai fertile, gioca un ruolo fondamentale per la riuscita di un questo caff\u00e8 variet\u00e0 caturra, molto bilanciato e &#8220;cioccolatoso&#8221;.<\/p>\n<p>La storia di quest&#8217;azienda ha origini antiche: venne fondata all&#8217;inizio del 1800.<\/p>\n<p style=\"text-align: left;\"><strong>Origine:<\/strong> Costa Rica<\/p>\n<p style=\"text-align: left;\"><strong>Regione: <\/strong>Naranjo, Alajuela<\/p>\n<p style=\"text-align: left;\"><strong>Farm: <\/strong><a href=\"https:\/\/volcanazul.com\/en#our-coffee\">Finca Colima<\/a>, Alejo Castro Kahle<\/p>\n<p style=\"text-align: left;\"><strong>Variet\u00e0:<\/strong> Red Caturra<\/p>\n<p style=\"text-align: left;\"><strong>Processo:<\/strong> Naturale<\/p>\n<p style=\"text-align: left;\"><strong>Altitudine: <\/strong>1400 &#8211; 1500 mt<\/p>\n<p style=\"text-align: left;\"><strong>Cup Profile: <\/strong>Pesca Sciroppata, Uva, Zucchero Filato, Miele<\/p>\n<p style=\"text-align: left;\"><strong>Head Roaster:<\/strong> <a href=\"https:\/\/vannelli.coffee\/en\/our-team\/\">Pietro Vannelli<\/a><\/p>\n","protected":false},"featured_media":6112,"template":"","meta":{"_acf_changed":false,"_monsterinsights_skip_tracking":false,"_monsterinsights_sitenote_active":false,"_monsterinsights_sitenote_note":"","_monsterinsights_sitenote_category":0},"product_brand":[],"product_cat":[41],"product_tag":[257,229,59,60],"class_list":{"0":"post-5924","1":"product","2":"type-product","3":"status-publish","4":"has-post-thumbnail","6":"product_cat-caffe-speciali","7":"product_tag-arabicacoffee-it","8":"product_tag-naturalprocess-it","9":"product_tag-specialtycoffee-it","10":"product_tag-vannellicoffee-it","12":"first","13":"outofstock","14":"shipping-taxable","15":"purchasable","16":"product-type-variable","17":"has-default-attributes"},"acf":[],"yoast_head":"<!-- This site is optimized with the Yoast SEO plugin v27.4 - https:\/\/yoast.com\/product\/yoast-seo-wordpress\/ -->\n<title>Costa Rica Colima | Specialty Coffee | Vannelli Coffee<\/title>\n<meta name=\"description\" content=\"Costa Rica Colima, Specialty Coffee, 100 % caff\u00e8 arabica. Note di Pesca Sciroppata, Uva, Zucchero Filato, Miele.\" \/>\n<meta name=\"robots\" content=\"index, follow, max-snippet:-1, max-image-preview:large, max-video-preview:-1\" \/>\n<link rel=\"canonical\" href=\"https:\/\/vannelli.coffee\/it\/prodotto\/costa-rica-colima\/\" \/>\n<meta property=\"og:locale\" content=\"it_IT\" \/>\n<meta property=\"og:type\" content=\"article\" \/>\n<meta property=\"og:title\" content=\"Costa Rica Colima | Specialty Coffee | Vannelli Coffee\" \/>\n<meta property=\"og:description\" content=\"Costa Rica Colima, Specialty Coffee, 100 % caff\u00e8 arabica. Note di Pesca Sciroppata, Uva, Zucchero Filato, Miele.\" \/>\n<meta property=\"og:url\" content=\"https:\/\/vannelli.coffee\/it\/prodotto\/costa-rica-colima\/\" \/>\n<meta property=\"og:site_name\" content=\"Vannelli Coffee\" \/>\n<meta property=\"article:publisher\" content=\"https:\/\/www.facebook.com\/vannelli.coffee\/\" \/>\n<meta property=\"article:modified_time\" content=\"2022-09-01T09:40:26+00:00\" \/>\n<meta property=\"og:image\" content=\"https:\/\/vannelli.coffee\/wp-content\/uploads\/2022\/03\/COSTA-RICA.png\" \/>\n\t<meta property=\"og:image:width\" content=\"1600\" \/>\n\t<meta property=\"og:image:height\" content=\"1600\" \/>\n\t<meta property=\"og:image:type\" content=\"image\/png\" \/>\n<meta name=\"twitter:card\" content=\"summary_large_image\" \/>\n<meta name=\"twitter:label1\" content=\"Tempo di lettura stimato\" \/>\n\t<meta name=\"twitter:data1\" content=\"1 minuto\" \/>\n<script type=\"application\/ld+json\" class=\"yoast-schema-graph\">{\"@context\":\"https:\\\/\\\/schema.org\",\"@graph\":[{\"@type\":\"WebPage\",\"@id\":\"https:\\\/\\\/vannelli.coffee\\\/it\\\/prodotto\\\/costa-rica-colima\\\/\",\"url\":\"https:\\\/\\\/vannelli.coffee\\\/it\\\/prodotto\\\/costa-rica-colima\\\/\",\"name\":\"Costa Rica Colima | Specialty Coffee | Vannelli Coffee\",\"isPartOf\":{\"@id\":\"https:\\\/\\\/vannelli.coffee\\\/it\\\/#website\"},\"primaryImageOfPage\":{\"@id\":\"https:\\\/\\\/vannelli.coffee\\\/it\\\/prodotto\\\/costa-rica-colima\\\/#primaryimage\"},\"image\":{\"@id\":\"https:\\\/\\\/vannelli.coffee\\\/it\\\/prodotto\\\/costa-rica-colima\\\/#primaryimage\"},\"thumbnailUrl\":\"https:\\\/\\\/vannelli.coffee\\\/wp-content\\\/uploads\\\/2022\\\/03\\\/COSTA-RICA.png\",\"datePublished\":\"2022-03-28T10:29:03+00:00\",\"dateModified\":\"2022-09-01T09:40:26+00:00\",\"description\":\"Costa Rica Colima, Specialty Coffee, 100 % caff\u00e8 arabica. Note di Pesca Sciroppata, Uva, Zucchero Filato, Miele.\",\"breadcrumb\":{\"@id\":\"https:\\\/\\\/vannelli.coffee\\\/it\\\/prodotto\\\/costa-rica-colima\\\/#breadcrumb\"},\"inLanguage\":\"it-IT\",\"potentialAction\":[{\"@type\":\"ReadAction\",\"target\":[\"https:\\\/\\\/vannelli.coffee\\\/it\\\/prodotto\\\/costa-rica-colima\\\/\"]}]},{\"@type\":\"ImageObject\",\"inLanguage\":\"it-IT\",\"@id\":\"https:\\\/\\\/vannelli.coffee\\\/it\\\/prodotto\\\/costa-rica-colima\\\/#primaryimage\",\"url\":\"https:\\\/\\\/vannelli.coffee\\\/wp-content\\\/uploads\\\/2022\\\/03\\\/COSTA-RICA.png\",\"contentUrl\":\"https:\\\/\\\/vannelli.coffee\\\/wp-content\\\/uploads\\\/2022\\\/03\\\/COSTA-RICA.png\",\"width\":1600,\"height\":1600},{\"@type\":\"BreadcrumbList\",\"@id\":\"https:\\\/\\\/vannelli.coffee\\\/it\\\/prodotto\\\/costa-rica-colima\\\/#breadcrumb\",\"itemListElement\":[{\"@type\":\"ListItem\",\"position\":1,\"name\":\"Home\",\"item\":\"https:\\\/\\\/vannelli.coffee\\\/it\\\/\"},{\"@type\":\"ListItem\",\"position\":2,\"name\":\"Negozio\",\"item\":\"https:\\\/\\\/vannelli.coffee\\\/it\\\/negozio\\\/\"},{\"@type\":\"ListItem\",\"position\":3,\"name\":\"Costa Rica Colima\"}]},{\"@type\":\"WebSite\",\"@id\":\"https:\\\/\\\/vannelli.coffee\\\/it\\\/#website\",\"url\":\"https:\\\/\\\/vannelli.coffee\\\/it\\\/\",\"name\":\"Vannelli Coffee\",\"description\":\"We Are What We Roast\",\"publisher\":{\"@id\":\"https:\\\/\\\/vannelli.coffee\\\/it\\\/#organization\"},\"potentialAction\":[{\"@type\":\"SearchAction\",\"target\":{\"@type\":\"EntryPoint\",\"urlTemplate\":\"https:\\\/\\\/vannelli.coffee\\\/it\\\/?s={search_term_string}\"},\"query-input\":{\"@type\":\"PropertyValueSpecification\",\"valueRequired\":true,\"valueName\":\"search_term_string\"}}],\"inLanguage\":\"it-IT\"},{\"@type\":\"Organization\",\"@id\":\"https:\\\/\\\/vannelli.coffee\\\/it\\\/#organization\",\"name\":\"Vannelli Coffee\",\"url\":\"https:\\\/\\\/vannelli.coffee\\\/it\\\/\",\"logo\":{\"@type\":\"ImageObject\",\"inLanguage\":\"it-IT\",\"@id\":\"https:\\\/\\\/vannelli.coffee\\\/it\\\/#\\\/schema\\\/logo\\\/image\\\/\",\"url\":\"https:\\\/\\\/vannelli.coffee\\\/wp-content\\\/uploads\\\/2020\\\/01\\\/logo-2.jpg\",\"contentUrl\":\"https:\\\/\\\/vannelli.coffee\\\/wp-content\\\/uploads\\\/2020\\\/01\\\/logo-2.jpg\",\"width\":150,\"height\":150,\"caption\":\"Vannelli Coffee\"},\"image\":{\"@id\":\"https:\\\/\\\/vannelli.coffee\\\/it\\\/#\\\/schema\\\/logo\\\/image\\\/\"},\"sameAs\":[\"https:\\\/\\\/www.facebook.com\\\/vannelli.coffee\\\/\",\"https:\\\/\\\/www.instagram.com\\\/vannelli.coffee\\\/\"]}]}<\/script>\n<!-- \/ Yoast SEO plugin. -->","yoast_head_json":{"title":"Costa Rica Colima | Specialty Coffee | Vannelli Coffee","description":"Costa Rica Colima, Specialty Coffee, 100 % caff\u00e8 arabica. Note di Pesca Sciroppata, Uva, Zucchero Filato, Miele.","robots":{"index":"index","follow":"follow","max-snippet":"max-snippet:-1","max-image-preview":"max-image-preview:large","max-video-preview":"max-video-preview:-1"},"canonical":"https:\/\/vannelli.coffee\/it\/prodotto\/costa-rica-colima\/","og_locale":"it_IT","og_type":"article","og_title":"Costa Rica Colima | Specialty Coffee | Vannelli Coffee","og_description":"Costa Rica Colima, Specialty Coffee, 100 % caff\u00e8 arabica. Note di Pesca Sciroppata, Uva, Zucchero Filato, Miele.","og_url":"https:\/\/vannelli.coffee\/it\/prodotto\/costa-rica-colima\/","og_site_name":"Vannelli Coffee","article_publisher":"https:\/\/www.facebook.com\/vannelli.coffee\/","article_modified_time":"2022-09-01T09:40:26+00:00","og_image":[{"width":1600,"height":1600,"url":"https:\/\/vannelli.coffee\/wp-content\/uploads\/2022\/03\/COSTA-RICA.png","type":"image\/png"}],"twitter_card":"summary_large_image","twitter_misc":{"Tempo di lettura stimato":"1 minuto"},"schema":{"@context":"https:\/\/schema.org","@graph":[{"@type":"WebPage","@id":"https:\/\/vannelli.coffee\/it\/prodotto\/costa-rica-colima\/","url":"https:\/\/vannelli.coffee\/it\/prodotto\/costa-rica-colima\/","name":"Costa Rica Colima | Specialty Coffee | Vannelli Coffee","isPartOf":{"@id":"https:\/\/vannelli.coffee\/it\/#website"},"primaryImageOfPage":{"@id":"https:\/\/vannelli.coffee\/it\/prodotto\/costa-rica-colima\/#primaryimage"},"image":{"@id":"https:\/\/vannelli.coffee\/it\/prodotto\/costa-rica-colima\/#primaryimage"},"thumbnailUrl":"https:\/\/vannelli.coffee\/wp-content\/uploads\/2022\/03\/COSTA-RICA.png","datePublished":"2022-03-28T10:29:03+00:00","dateModified":"2022-09-01T09:40:26+00:00","description":"Costa Rica Colima, Specialty Coffee, 100 % caff\u00e8 arabica. Note di Pesca Sciroppata, Uva, Zucchero Filato, Miele.","breadcrumb":{"@id":"https:\/\/vannelli.coffee\/it\/prodotto\/costa-rica-colima\/#breadcrumb"},"inLanguage":"it-IT","potentialAction":[{"@type":"ReadAction","target":["https:\/\/vannelli.coffee\/it\/prodotto\/costa-rica-colima\/"]}]},{"@type":"ImageObject","inLanguage":"it-IT","@id":"https:\/\/vannelli.coffee\/it\/prodotto\/costa-rica-colima\/#primaryimage","url":"https:\/\/vannelli.coffee\/wp-content\/uploads\/2022\/03\/COSTA-RICA.png","contentUrl":"https:\/\/vannelli.coffee\/wp-content\/uploads\/2022\/03\/COSTA-RICA.png","width":1600,"height":1600},{"@type":"BreadcrumbList","@id":"https:\/\/vannelli.coffee\/it\/prodotto\/costa-rica-colima\/#breadcrumb","itemListElement":[{"@type":"ListItem","position":1,"name":"Home","item":"https:\/\/vannelli.coffee\/it\/"},{"@type":"ListItem","position":2,"name":"Negozio","item":"https:\/\/vannelli.coffee\/it\/negozio\/"},{"@type":"ListItem","position":3,"name":"Costa Rica Colima"}]},{"@type":"WebSite","@id":"https:\/\/vannelli.coffee\/it\/#website","url":"https:\/\/vannelli.coffee\/it\/","name":"Vannelli Coffee","description":"We Are What We Roast","publisher":{"@id":"https:\/\/vannelli.coffee\/it\/#organization"},"potentialAction":[{"@type":"SearchAction","target":{"@type":"EntryPoint","urlTemplate":"https:\/\/vannelli.coffee\/it\/?s={search_term_string}"},"query-input":{"@type":"PropertyValueSpecification","valueRequired":true,"valueName":"search_term_string"}}],"inLanguage":"it-IT"},{"@type":"Organization","@id":"https:\/\/vannelli.coffee\/it\/#organization","name":"Vannelli Coffee","url":"https:\/\/vannelli.coffee\/it\/","logo":{"@type":"ImageObject","inLanguage":"it-IT","@id":"https:\/\/vannelli.coffee\/it\/#\/schema\/logo\/image\/","url":"https:\/\/vannelli.coffee\/wp-content\/uploads\/2020\/01\/logo-2.jpg","contentUrl":"https:\/\/vannelli.coffee\/wp-content\/uploads\/2020\/01\/logo-2.jpg","width":150,"height":150,"caption":"Vannelli Coffee"},"image":{"@id":"https:\/\/vannelli.coffee\/it\/#\/schema\/logo\/image\/"},"sameAs":["https:\/\/www.facebook.com\/vannelli.coffee\/","https:\/\/www.instagram.com\/vannelli.coffee\/"]}]}},"_links":{"self":[{"href":"https:\/\/vannelli.coffee\/it\/wp-json\/wp\/v2\/product\/5924","targetHints":{"allow":["GET"]}}],"collection":[{"href":"https:\/\/vannelli.coffee\/it\/wp-json\/wp\/v2\/product"}],"about":[{"href":"https:\/\/vannelli.coffee\/it\/wp-json\/wp\/v2\/types\/product"}],"wp:featuredmedia":[{"embeddable":true,"href":"https:\/\/vannelli.coffee\/it\/wp-json\/wp\/v2\/media\/6112"}],"wp:attachment":[{"href":"https:\/\/vannelli.coffee\/it\/wp-json\/wp\/v2\/media?parent=5924"}],"wp:term":[{"taxonomy":"product_brand","embeddable":true,"href":"https:\/\/vannelli.coffee\/it\/wp-json\/wp\/v2\/product_brand?post=5924"},{"taxonomy":"product_cat","embeddable":true,"href":"https:\/\/vannelli.coffee\/it\/wp-json\/wp\/v2\/product_cat?post=5924"},{"taxonomy":"product_tag","embeddable":true,"href":"https:\/\/vannelli.coffee\/it\/wp-json\/wp\/v2\/product_tag?post=5924"}],"curies":[{"name":"wp","href":"https:\/\/api.w.org\/{rel}","templated":true}]}}