{"id":6045,"date":"2021-12-16T10:22:10","date_gmt":"2022-04-22T09:34:10","guid":{"rendered":"https:\/\/vannelli.coffee\/?post_type=product&#038;p=6045"},"modified":"2023-07-03T15:22:17","modified_gmt":"2023-07-03T14:22:17","slug":"colombia-laestrella-geisha-natural","status":"publish","type":"product","link":"https:\/\/vannelli.coffee\/it\/prodotto\/colombia-laestrella-geisha-natural\/","title":{"rendered":"Colombia La Estrella Geisha"},"content":{"rendered":"<h6><strong>Colombia La Estrella Geisha<\/strong><\/h6>\n<p>&nbsp;<\/p>\n<p>Il caff\u00e8 cresce a 1700 mt sopra il livello del mare, nella regione di Quind\u00eco in Colombia presso la farm La Estrella, di propriet\u00e0 di Jario Lopez. In questa farm vengono coltivate variet\u00e0 Geisha, Castillo e Java, le quali crescono rigogliose insieme a piante di avocado e platano.<br \/>\nLe ciliegie vengono raccolte a mano e trasportate lo stesso giorno della raccolta presso la farm La Cristalina, dove avviene il processo naturale: le drupe vengono inserite all&#8217;interno di contenitori ermetici senza ossigeno per 48 ore, dove la temperatura viene costantemente controllata. Dopo queste ore, il caff\u00e8 viene messo ad essiccare su letti rialzati all&#8217;interno di tunnel. La parte di essiccazione \u00e8 cruciale per questo caff\u00e8: l&#8217;umidit\u00e0 deve raggiungere almeno l&#8217;11% prima di poter iniziare ad inserire il caff\u00e8 nelle buste GrainPro. Il caff\u00e8 poi deve riposare al chiuso per circa un mese a 20\u00b0.<br \/>\nQuesto processo riesce ad esaltare dei flavours intensi e spiccati di frutta tropicale e frutta nera, un retrogusto eccezionale di cioccolato fondente; una vera bomba!<br \/>\nQuesto caff\u00e8 incredibile \u00e8 stato presentato nel blend di Giacomo Vannelli per il campionato Brewers Cup 2022.<\/p>\n<h6><strong>QUALCOSA IN PIU&#8217; SUL PRODUTTORE:<\/strong><\/h6>\n<p style=\"text-align: left;\">La farm Estrella, posseduta dalla famiglia Lopez da 80 anni, nel 2005 ha subito una scissione. Dal 2019 il signor Jario Lopez \u00e8 l&#8217;unico proprietario di Puerte Alegre. Le variet\u00e0 che vengono coltivate sono principalmente Castillo, Geisha e Java. Le piante di caff\u00e8 crescono rigogliose insieme a piante di platano e avocado.<\/p>\n","protected":false},"excerpt":{"rendered":"<h5><span style=\"color: #800000;\">CURRENTLY OUT OF STOCK<\/span><\/h5>\n<p style=\"text-align: left;\"><strong><span style=\"color: #7b6a5e;\">Cup Profile:<\/span>\u00a0<\/strong><\/p>\n<p style=\"text-align: left;\"><img loading=\"lazy\" decoding=\"async\" class=\"alignnone wp-image-6910 \" src=\"https:\/\/vannelli.coffee\/wp-content\/uploads\/2021\/12\/Colombia-la-Estrella-1024x220.png\" alt=\"\" width=\"409\" height=\"88\" srcset=\"https:\/\/vannelli.coffee\/wp-content\/uploads\/2021\/12\/Colombia-la-Estrella-1024x220.png 1024w, https:\/\/vannelli.coffee\/wp-content\/uploads\/2021\/12\/Colombia-la-Estrella-300x65.png 300w, https:\/\/vannelli.coffee\/wp-content\/uploads\/2021\/12\/Colombia-la-Estrella-768x165.png 768w, https:\/\/vannelli.coffee\/wp-content\/uploads\/2021\/12\/Colombia-la-Estrella-1536x331.png 1536w, https:\/\/vannelli.coffee\/wp-content\/uploads\/2021\/12\/Colombia-la-Estrella-2048x441.png 2048w, https:\/\/vannelli.coffee\/wp-content\/uploads\/2021\/12\/Colombia-la-Estrella-560x121.png 560w, https:\/\/vannelli.coffee\/wp-content\/uploads\/2021\/12\/Colombia-la-Estrella-210x45.png 210w, https:\/\/vannelli.coffee\/wp-content\/uploads\/2021\/12\/Colombia-la-Estrella-600x129.png 600w\" sizes=\"auto, (max-width: 409px) 100vw, 409px\" \/><br \/>\n<span style=\"color: #7b6a5e;\"><strong>Origine:<\/strong><\/span> Colombia<br \/>\n<strong><span style=\"color: #7b6a5e;\">Regione:<\/span> <\/strong>Quind\u00edo, Pijao<br \/>\n<span style=\"color: #7b6a5e;\"><strong>Farm: <\/strong><\/span>La Estrella, Jario Lopez &#8211; La Cristalina washing station<br \/>\n<span style=\"color: #7b6a5e;\"><strong>Variet\u00e0:<\/strong><\/span> Geisha<br \/>\n<span style=\"color: #7b6a5e;\"><strong>Processo: <\/strong><span style=\"color: #000000;\">Naturale<\/span><\/span><br \/>\n<span style=\"color: #7b6a5e;\"><strong>Altitudine: <\/strong><\/span>1700-1750 m<br \/>\n<span style=\"color: #7b6a5e;\"><strong>Head Roaster:<\/strong><\/span> <a href=\"https:\/\/vannelli.coffee\/en\/our-team\/\">Pietro Vannelli<\/a><\/p>\n","protected":false},"featured_media":6740,"template":"","meta":{"_acf_changed":false,"_monsterinsights_skip_tracking":false,"_monsterinsights_sitenote_active":false,"_monsterinsights_sitenote_note":"","_monsterinsights_sitenote_category":0},"product_brand":[],"product_cat":[41],"product_tag":[257,242,228,277,59,60],"class_list":{"0":"post-6045","1":"product","2":"type-product","3":"status-publish","4":"has-post-thumbnail","6":"product_cat-caffe-speciali","7":"product_tag-arabicacoffee-it","8":"product_tag-colombia-it","9":"product_tag-geisha-it-2","10":"product_tag-laestrella-it","11":"product_tag-specialtycoffee-it","12":"product_tag-vannellicoffee-it","14":"first","15":"outofstock","16":"shipping-taxable","17":"purchasable","18":"product-type-variable","19":"has-default-attributes"},"acf":[],"yoast_head":"<!-- This site is optimized with the Yoast SEO plugin v27.4 - https:\/\/yoast.com\/product\/yoast-seo-wordpress\/ -->\n<title>Colombia La Estrella Geisha | Specialty Coffee | Vannelli Coffee<\/title>\n<meta name=\"description\" content=\"Colombia La Estrella Geisha di Finca Las Estrella. Giacomo Vannelli ha presentato questo caff\u00e8 nel suo blend per il campionato italiano Brewers Cup 2022.\" \/>\n<meta name=\"robots\" content=\"index, follow, max-snippet:-1, max-image-preview:large, max-video-preview:-1\" \/>\n<link rel=\"canonical\" href=\"https:\/\/vannelli.coffee\/it\/prodotto\/colombia-laestrella-geisha-natural\/\" \/>\n<meta property=\"og:locale\" content=\"it_IT\" \/>\n<meta property=\"og:type\" content=\"article\" \/>\n<meta property=\"og:title\" content=\"Colombia La Estrella Geisha | Specialty Coffee | Vannelli Coffee\" \/>\n<meta property=\"og:description\" content=\"Colombia La Estrella Geisha di Finca Las Estrella. Giacomo Vannelli ha presentato questo caff\u00e8 nel suo blend per il campionato italiano Brewers Cup 2022.\" \/>\n<meta property=\"og:url\" content=\"https:\/\/vannelli.coffee\/it\/prodotto\/colombia-laestrella-geisha-natural\/\" \/>\n<meta property=\"og:site_name\" content=\"Vannelli Coffee\" \/>\n<meta property=\"article:publisher\" content=\"https:\/\/www.facebook.com\/vannelli.coffee\/\" \/>\n<meta property=\"article:modified_time\" content=\"2023-07-03T14:22:17+00:00\" \/>\n<meta property=\"og:image\" content=\"https:\/\/vannelli.coffee\/wp-content\/uploads\/2022\/11\/Colombia-la-estrella_Tavola-disegno-1-e1670329580514.png\" \/>\n\t<meta property=\"og:image:width\" content=\"2913\" \/>\n\t<meta property=\"og:image:height\" content=\"2914\" \/>\n\t<meta property=\"og:image:type\" content=\"image\/png\" \/>\n<meta name=\"twitter:card\" content=\"summary_large_image\" \/>\n<meta name=\"twitter:label1\" content=\"Tempo di lettura stimato\" \/>\n\t<meta name=\"twitter:data1\" content=\"2 minuti\" \/>\n<script type=\"application\/ld+json\" class=\"yoast-schema-graph\">{\"@context\":\"https:\\\/\\\/schema.org\",\"@graph\":[{\"@type\":\"WebPage\",\"@id\":\"https:\\\/\\\/vannelli.coffee\\\/it\\\/prodotto\\\/colombia-laestrella-geisha-natural\\\/\",\"url\":\"https:\\\/\\\/vannelli.coffee\\\/it\\\/prodotto\\\/colombia-laestrella-geisha-natural\\\/\",\"name\":\"Colombia La Estrella Geisha | Specialty Coffee | Vannelli Coffee\",\"isPartOf\":{\"@id\":\"https:\\\/\\\/vannelli.coffee\\\/it\\\/#website\"},\"primaryImageOfPage\":{\"@id\":\"https:\\\/\\\/vannelli.coffee\\\/it\\\/prodotto\\\/colombia-laestrella-geisha-natural\\\/#primaryimage\"},\"image\":{\"@id\":\"https:\\\/\\\/vannelli.coffee\\\/it\\\/prodotto\\\/colombia-laestrella-geisha-natural\\\/#primaryimage\"},\"thumbnailUrl\":\"https:\\\/\\\/vannelli.coffee\\\/wp-content\\\/uploads\\\/2022\\\/11\\\/Colombia-la-estrella_Tavola-disegno-1-e1670329580514.png\",\"datePublished\":\"2022-04-22T09:34:10+00:00\",\"dateModified\":\"2023-07-03T14:22:17+00:00\",\"description\":\"Colombia La Estrella Geisha di Finca Las Estrella. Giacomo Vannelli ha presentato questo caff\u00e8 nel suo blend per il campionato italiano Brewers Cup 2022.\",\"breadcrumb\":{\"@id\":\"https:\\\/\\\/vannelli.coffee\\\/it\\\/prodotto\\\/colombia-laestrella-geisha-natural\\\/#breadcrumb\"},\"inLanguage\":\"it-IT\",\"potentialAction\":[{\"@type\":\"ReadAction\",\"target\":[\"https:\\\/\\\/vannelli.coffee\\\/it\\\/prodotto\\\/colombia-laestrella-geisha-natural\\\/\"]}]},{\"@type\":\"ImageObject\",\"inLanguage\":\"it-IT\",\"@id\":\"https:\\\/\\\/vannelli.coffee\\\/it\\\/prodotto\\\/colombia-laestrella-geisha-natural\\\/#primaryimage\",\"url\":\"https:\\\/\\\/vannelli.coffee\\\/wp-content\\\/uploads\\\/2022\\\/11\\\/Colombia-la-estrella_Tavola-disegno-1-e1670329580514.png\",\"contentUrl\":\"https:\\\/\\\/vannelli.coffee\\\/wp-content\\\/uploads\\\/2022\\\/11\\\/Colombia-la-estrella_Tavola-disegno-1-e1670329580514.png\",\"width\":2913,\"height\":2914},{\"@type\":\"BreadcrumbList\",\"@id\":\"https:\\\/\\\/vannelli.coffee\\\/it\\\/prodotto\\\/colombia-laestrella-geisha-natural\\\/#breadcrumb\",\"itemListElement\":[{\"@type\":\"ListItem\",\"position\":1,\"name\":\"Home\",\"item\":\"https:\\\/\\\/vannelli.coffee\\\/it\\\/\"},{\"@type\":\"ListItem\",\"position\":2,\"name\":\"Negozio\",\"item\":\"https:\\\/\\\/vannelli.coffee\\\/it\\\/negozio\\\/\"},{\"@type\":\"ListItem\",\"position\":3,\"name\":\"Colombia La Estrella Geisha\"}]},{\"@type\":\"WebSite\",\"@id\":\"https:\\\/\\\/vannelli.coffee\\\/it\\\/#website\",\"url\":\"https:\\\/\\\/vannelli.coffee\\\/it\\\/\",\"name\":\"Vannelli Coffee\",\"description\":\"We Are What We Roast\",\"publisher\":{\"@id\":\"https:\\\/\\\/vannelli.coffee\\\/it\\\/#organization\"},\"potentialAction\":[{\"@type\":\"SearchAction\",\"target\":{\"@type\":\"EntryPoint\",\"urlTemplate\":\"https:\\\/\\\/vannelli.coffee\\\/it\\\/?s={search_term_string}\"},\"query-input\":{\"@type\":\"PropertyValueSpecification\",\"valueRequired\":true,\"valueName\":\"search_term_string\"}}],\"inLanguage\":\"it-IT\"},{\"@type\":\"Organization\",\"@id\":\"https:\\\/\\\/vannelli.coffee\\\/it\\\/#organization\",\"name\":\"Vannelli Coffee\",\"url\":\"https:\\\/\\\/vannelli.coffee\\\/it\\\/\",\"logo\":{\"@type\":\"ImageObject\",\"inLanguage\":\"it-IT\",\"@id\":\"https:\\\/\\\/vannelli.coffee\\\/it\\\/#\\\/schema\\\/logo\\\/image\\\/\",\"url\":\"https:\\\/\\\/vannelli.coffee\\\/wp-content\\\/uploads\\\/2020\\\/01\\\/logo-2.jpg\",\"contentUrl\":\"https:\\\/\\\/vannelli.coffee\\\/wp-content\\\/uploads\\\/2020\\\/01\\\/logo-2.jpg\",\"width\":150,\"height\":150,\"caption\":\"Vannelli Coffee\"},\"image\":{\"@id\":\"https:\\\/\\\/vannelli.coffee\\\/it\\\/#\\\/schema\\\/logo\\\/image\\\/\"},\"sameAs\":[\"https:\\\/\\\/www.facebook.com\\\/vannelli.coffee\\\/\",\"https:\\\/\\\/www.instagram.com\\\/vannelli.coffee\\\/\"]}]}<\/script>\n<!-- \/ Yoast SEO plugin. -->","yoast_head_json":{"title":"Colombia La Estrella Geisha | Specialty Coffee | Vannelli Coffee","description":"Colombia La Estrella Geisha di Finca Las Estrella. Giacomo Vannelli ha presentato questo caff\u00e8 nel suo blend per il campionato italiano Brewers Cup 2022.","robots":{"index":"index","follow":"follow","max-snippet":"max-snippet:-1","max-image-preview":"max-image-preview:large","max-video-preview":"max-video-preview:-1"},"canonical":"https:\/\/vannelli.coffee\/it\/prodotto\/colombia-laestrella-geisha-natural\/","og_locale":"it_IT","og_type":"article","og_title":"Colombia La Estrella Geisha | Specialty Coffee | Vannelli Coffee","og_description":"Colombia La Estrella Geisha di Finca Las Estrella. Giacomo Vannelli ha presentato questo caff\u00e8 nel suo blend per il campionato italiano Brewers Cup 2022.","og_url":"https:\/\/vannelli.coffee\/it\/prodotto\/colombia-laestrella-geisha-natural\/","og_site_name":"Vannelli Coffee","article_publisher":"https:\/\/www.facebook.com\/vannelli.coffee\/","article_modified_time":"2023-07-03T14:22:17+00:00","og_image":[{"width":2913,"height":2914,"url":"https:\/\/vannelli.coffee\/wp-content\/uploads\/2022\/11\/Colombia-la-estrella_Tavola-disegno-1-e1670329580514.png","type":"image\/png"}],"twitter_card":"summary_large_image","twitter_misc":{"Tempo di lettura stimato":"2 minuti"},"schema":{"@context":"https:\/\/schema.org","@graph":[{"@type":"WebPage","@id":"https:\/\/vannelli.coffee\/it\/prodotto\/colombia-laestrella-geisha-natural\/","url":"https:\/\/vannelli.coffee\/it\/prodotto\/colombia-laestrella-geisha-natural\/","name":"Colombia La Estrella Geisha | Specialty Coffee | Vannelli Coffee","isPartOf":{"@id":"https:\/\/vannelli.coffee\/it\/#website"},"primaryImageOfPage":{"@id":"https:\/\/vannelli.coffee\/it\/prodotto\/colombia-laestrella-geisha-natural\/#primaryimage"},"image":{"@id":"https:\/\/vannelli.coffee\/it\/prodotto\/colombia-laestrella-geisha-natural\/#primaryimage"},"thumbnailUrl":"https:\/\/vannelli.coffee\/wp-content\/uploads\/2022\/11\/Colombia-la-estrella_Tavola-disegno-1-e1670329580514.png","datePublished":"2022-04-22T09:34:10+00:00","dateModified":"2023-07-03T14:22:17+00:00","description":"Colombia La Estrella Geisha di Finca Las Estrella. Giacomo Vannelli ha presentato questo caff\u00e8 nel suo blend per il campionato italiano Brewers Cup 2022.","breadcrumb":{"@id":"https:\/\/vannelli.coffee\/it\/prodotto\/colombia-laestrella-geisha-natural\/#breadcrumb"},"inLanguage":"it-IT","potentialAction":[{"@type":"ReadAction","target":["https:\/\/vannelli.coffee\/it\/prodotto\/colombia-laestrella-geisha-natural\/"]}]},{"@type":"ImageObject","inLanguage":"it-IT","@id":"https:\/\/vannelli.coffee\/it\/prodotto\/colombia-laestrella-geisha-natural\/#primaryimage","url":"https:\/\/vannelli.coffee\/wp-content\/uploads\/2022\/11\/Colombia-la-estrella_Tavola-disegno-1-e1670329580514.png","contentUrl":"https:\/\/vannelli.coffee\/wp-content\/uploads\/2022\/11\/Colombia-la-estrella_Tavola-disegno-1-e1670329580514.png","width":2913,"height":2914},{"@type":"BreadcrumbList","@id":"https:\/\/vannelli.coffee\/it\/prodotto\/colombia-laestrella-geisha-natural\/#breadcrumb","itemListElement":[{"@type":"ListItem","position":1,"name":"Home","item":"https:\/\/vannelli.coffee\/it\/"},{"@type":"ListItem","position":2,"name":"Negozio","item":"https:\/\/vannelli.coffee\/it\/negozio\/"},{"@type":"ListItem","position":3,"name":"Colombia La Estrella Geisha"}]},{"@type":"WebSite","@id":"https:\/\/vannelli.coffee\/it\/#website","url":"https:\/\/vannelli.coffee\/it\/","name":"Vannelli Coffee","description":"We Are What We Roast","publisher":{"@id":"https:\/\/vannelli.coffee\/it\/#organization"},"potentialAction":[{"@type":"SearchAction","target":{"@type":"EntryPoint","urlTemplate":"https:\/\/vannelli.coffee\/it\/?s={search_term_string}"},"query-input":{"@type":"PropertyValueSpecification","valueRequired":true,"valueName":"search_term_string"}}],"inLanguage":"it-IT"},{"@type":"Organization","@id":"https:\/\/vannelli.coffee\/it\/#organization","name":"Vannelli Coffee","url":"https:\/\/vannelli.coffee\/it\/","logo":{"@type":"ImageObject","inLanguage":"it-IT","@id":"https:\/\/vannelli.coffee\/it\/#\/schema\/logo\/image\/","url":"https:\/\/vannelli.coffee\/wp-content\/uploads\/2020\/01\/logo-2.jpg","contentUrl":"https:\/\/vannelli.coffee\/wp-content\/uploads\/2020\/01\/logo-2.jpg","width":150,"height":150,"caption":"Vannelli Coffee"},"image":{"@id":"https:\/\/vannelli.coffee\/it\/#\/schema\/logo\/image\/"},"sameAs":["https:\/\/www.facebook.com\/vannelli.coffee\/","https:\/\/www.instagram.com\/vannelli.coffee\/"]}]}},"_links":{"self":[{"href":"https:\/\/vannelli.coffee\/it\/wp-json\/wp\/v2\/product\/6045","targetHints":{"allow":["GET"]}}],"collection":[{"href":"https:\/\/vannelli.coffee\/it\/wp-json\/wp\/v2\/product"}],"about":[{"href":"https:\/\/vannelli.coffee\/it\/wp-json\/wp\/v2\/types\/product"}],"wp:featuredmedia":[{"embeddable":true,"href":"https:\/\/vannelli.coffee\/it\/wp-json\/wp\/v2\/media\/6740"}],"wp:attachment":[{"href":"https:\/\/vannelli.coffee\/it\/wp-json\/wp\/v2\/media?parent=6045"}],"wp:term":[{"taxonomy":"product_brand","embeddable":true,"href":"https:\/\/vannelli.coffee\/it\/wp-json\/wp\/v2\/product_brand?post=6045"},{"taxonomy":"product_cat","embeddable":true,"href":"https:\/\/vannelli.coffee\/it\/wp-json\/wp\/v2\/product_cat?post=6045"},{"taxonomy":"product_tag","embeddable":true,"href":"https:\/\/vannelli.coffee\/it\/wp-json\/wp\/v2\/product_tag?post=6045"}],"curies":[{"name":"wp","href":"https:\/\/api.w.org\/{rel}","templated":true}]}}