{"id":6295,"date":"2022-11-07T11:53:55","date_gmt":"2022-11-07T10:53:56","guid":{"rendered":"https:\/\/vannelli.coffee\/?post_type=product&#038;p=6295"},"modified":"2026-02-16T13:55:41","modified_gmt":"2026-02-16T12:55:41","slug":"sugar-candy-blend","status":"publish","type":"product","link":"https:\/\/vannelli.coffee\/it\/prodotto\/sugar-candy-blend\/","title":{"rendered":"FRUITY BLEND 26"},"content":{"rendered":"<h6><strong>SUGAR CANDY BLEND:<\/strong><\/h6>\n<p>Diamo il benvenuto ad un blend per espresso molto fruttato, ricco e rotondo!\u00a0Abbiamo selezionato due caff\u00e8 eccezionali, tostati separatamente e poi miscelati per creare un gusto unico. Il mix tra l&#8217;esplosione di frutta matura del caff\u00e8 Colombia naturale e l&#8217;acidit\u00e0 elegante e raffinata dell&#8217;Etiopia lavato da vita ad un blend assolutamente perfetto.Questo caff\u00e8 funziona perfettamente come espresso e nelle bevande al latte e vegetali \u00e8 veramente una scoperta!<\/p>\n<h6 style=\"text-align: left;\"><strong>QUALCOSA IN PIU&#8217; SUI PRODUTTORI:<\/strong><\/h6>\n<p style=\"text-align: left;\"><span style=\"color: #7b6a5e;\"><em>LA CRISTALINA<\/em><\/span><\/p>\n<p style=\"text-align: left;\">La Cristalina \u00e8 una piantagione familiare di circa 15 ettari, situata a Quind\u00edo, ed appartiene alla famiglia Grajales da pi\u00f9 di 100 anni. L&#8217;azienda agricola si trova nella regione centro-occidentale del paese, attraversata dalla catena montuosa delle Ande. Il dipartimento di Quind\u00edo \u00e8 una zona montana fitta di foresta tropicale e di bamb\u00f9. Il terreno, grazie alle eruzioni vulcaniche, detiene una fertilit\u00e0 unica nel suo genere. Ci sono molti fiumi e torrenti, tra i quali il fiume Quind\u00edo, il quale nasce nella valle di Cocora. Maria Mercedes Grajales, la proprietaria attuale della farm, \u00e8 la quinta generazione di coltivatori di caff\u00e8. La variet\u00e0 predominante della farm, \u00e8 la variet\u00e0 Castillo. Insieme alle piante di caff\u00e8, crescono anche alberi di platani, mandarini e arance. 5 ettari della farm sfruttano l&#8217;ombra degli alberi Nogal cafetero.<br \/>\nLe ciliegie vengono raccolte e selezionate a mano e una seconda cernita avviene durante il galleggiamento e l&#8217;essiccazione. La selezione finale viene fatta considerando la grandezza del chicco e i difetti. Viene fatta a mano per garantire una precisione maggiore poich\u00e9 i macchinari non sono sufficientemente accurati.<\/p>\n<p style=\"text-align: left;\"><span style=\"color: #7b6a5e;\"><em>ECHEMO<\/em><\/span><\/p>\n<p style=\"text-align: left;\">La farm di Khalid ha una lunga storia: apparteneva a suo padre, i quale a sua volta l&#8217;aveva ereditata da suo padre. Al tempo, la piantagione era molto piccola ed era composta da piante selvatiche prese direttamente dalla foresta di Cloch\u00e8 dal nonno di Khalid. Molte leggende narrano che questa foresta \u00e8 stata la culla del caff\u00e8 etiope e ci piace credere che sia vero! Khalid e suo fratello sono profondamente attaccati alla piantagione e ogni giorno si prendono cura delle piante ereditate dal loro nonno.<br \/>\nLa farm di Echemo, che si estende oggi oltre 35 ettari, \u00e8 il risultato degli sforzi delle tradizioni familiari. La farm oggi ha 25 letti africani, 6 dei quali destinati al processo honey e una nursery per le nuove piantine.<\/p>\n","protected":false},"excerpt":{"rendered":"<h5>SOLD OUT<\/h5>\n<p><span style=\"color: #7b6a5e;\"><strong>Profilo in tazza:\u00a0<\/strong><\/span><\/p>\n<p><img loading=\"lazy\" decoding=\"async\" class=\"alignnone wp-image-6900 \" src=\"https:\/\/vannelli.coffee\/wp-content\/uploads\/2022\/11\/Sugar-Candy-Blend-1024x184.png\" alt=\"\" width=\"406\" height=\"73\" srcset=\"https:\/\/vannelli.coffee\/wp-content\/uploads\/2022\/11\/Sugar-Candy-Blend-1024x184.png 1024w, https:\/\/vannelli.coffee\/wp-content\/uploads\/2022\/11\/Sugar-Candy-Blend-300x54.png 300w, https:\/\/vannelli.coffee\/wp-content\/uploads\/2022\/11\/Sugar-Candy-Blend-768x138.png 768w, https:\/\/vannelli.coffee\/wp-content\/uploads\/2022\/11\/Sugar-Candy-Blend-1536x275.png 1536w, https:\/\/vannelli.coffee\/wp-content\/uploads\/2022\/11\/Sugar-Candy-Blend-2048x367.png 2048w, https:\/\/vannelli.coffee\/wp-content\/uploads\/2022\/11\/Sugar-Candy-Blend-560x100.png 560w, https:\/\/vannelli.coffee\/wp-content\/uploads\/2022\/11\/Sugar-Candy-Blend-210x38.png 210w, https:\/\/vannelli.coffee\/wp-content\/uploads\/2022\/11\/Sugar-Candy-Blend-600x108.png 600w\" sizes=\"auto, (max-width: 406px) 100vw, 406px\" \/><\/p>\n<p><span style=\"color: #7b6a5e;\"><strong>Origine:<\/strong> <\/span>Colombia \/ Etiopia<br \/>\n<span style=\"color: #7b6a5e;\"><strong>Regione:<\/strong> <\/span>Quindio \/ Jimma<br \/>\n<span style=\"color: #7b6a5e;\"><strong>Farm: <\/strong><\/span>La Cristalina \/ Echemo<br \/>\n<span style=\"color: #7b6a5e;\"><strong>Variet\u00e0:<\/strong><\/span> Castillo \/ Heirloom<br \/>\n<span style=\"color: #7b6a5e;\"><strong>Processo: <\/strong><\/span>Naturale \/ lavato<br \/>\n<span style=\"color: #7b6a5e;\"><strong>Altitudine: <\/strong><\/span>1500 mt \/ 2100 mt.<br \/>\n<span style=\"color: #7b6a5e;\"><strong>Head Roaster:<\/strong><\/span> <a href=\"https:\/\/vannelli.coffee\/en\/our-team\/\">Pietro Vannelli<\/a><\/p>\n","protected":false},"featured_media":7579,"template":"","meta":{"_acf_changed":false,"_monsterinsights_skip_tracking":false,"_monsterinsights_sitenote_active":false,"_monsterinsights_sitenote_note":"","_monsterinsights_sitenote_category":0},"product_brand":[],"product_cat":[41],"product_tag":[242,312,218,316,313,314,315],"class_list":{"0":"post-6295","1":"product","2":"type-product","3":"status-publish","4":"has-post-thumbnail","6":"product_cat-caffe-speciali","7":"product_tag-colombia-it","8":"product_tag-espresso-blend-it","9":"product_tag-ethiopia-it-2","10":"product_tag-fiore-di-caffe","11":"product_tag-frutta","12":"product_tag-mango-it","13":"product_tag-papaya-it","15":"first","16":"instock","17":"featured","18":"shipping-taxable","19":"purchasable","20":"product-type-variable","21":"has-default-attributes"},"acf":[],"yoast_head":"<!-- This site is optimized with the Yoast SEO plugin v27.4 - https:\/\/yoast.com\/product\/yoast-seo-wordpress\/ -->\n<title>FRUITY BLEND 26 | Specialty Coffee | Vannelli Coffee<\/title>\n<meta name=\"description\" content=\"Sugar Candy, blend 100% arabica. Super fruttato con note di mango, frutto della passione, papaya e fiori di caff\u00e8. Tostati artigianalmente in Toscana, Cortona.\" \/>\n<meta name=\"robots\" content=\"index, follow, max-snippet:-1, max-image-preview:large, max-video-preview:-1\" \/>\n<link rel=\"canonical\" href=\"https:\/\/vannelli.coffee\/it\/prodotto\/sugar-candy-blend\/\" \/>\n<meta property=\"og:locale\" content=\"it_IT\" \/>\n<meta property=\"og:type\" content=\"article\" \/>\n<meta property=\"og:title\" content=\"FRUITY BLEND 26 | Specialty Coffee | Vannelli Coffee\" \/>\n<meta property=\"og:description\" content=\"Sugar Candy, blend 100% arabica. Super fruttato con note di mango, frutto della passione, papaya e fiori di caff\u00e8. Tostati artigianalmente in Toscana, Cortona.\" \/>\n<meta property=\"og:url\" content=\"https:\/\/vannelli.coffee\/it\/prodotto\/sugar-candy-blend\/\" \/>\n<meta property=\"og:site_name\" content=\"Vannelli Coffee\" \/>\n<meta property=\"article:publisher\" content=\"https:\/\/www.facebook.com\/vannelli.coffee\/\" \/>\n<meta property=\"article:modified_time\" content=\"2026-02-16T12:55:41+00:00\" \/>\n<meta property=\"og:image\" content=\"https:\/\/vannelli.coffee\/wp-content\/uploads\/2022\/11\/1-1-scaled.jpg\" \/>\n\t<meta property=\"og:image:width\" content=\"2560\" \/>\n\t<meta property=\"og:image:height\" content=\"2560\" \/>\n\t<meta property=\"og:image:type\" content=\"image\/jpeg\" \/>\n<meta name=\"twitter:card\" content=\"summary_large_image\" \/>\n<meta name=\"twitter:label1\" content=\"Tempo di lettura stimato\" \/>\n\t<meta name=\"twitter:data1\" content=\"3 minuti\" \/>\n<script type=\"application\/ld+json\" class=\"yoast-schema-graph\">{\"@context\":\"https:\\\/\\\/schema.org\",\"@graph\":[{\"@type\":\"WebPage\",\"@id\":\"https:\\\/\\\/vannelli.coffee\\\/it\\\/prodotto\\\/sugar-candy-blend\\\/\",\"url\":\"https:\\\/\\\/vannelli.coffee\\\/it\\\/prodotto\\\/sugar-candy-blend\\\/\",\"name\":\"FRUITY BLEND 26 | Specialty Coffee | Vannelli Coffee\",\"isPartOf\":{\"@id\":\"https:\\\/\\\/vannelli.coffee\\\/it\\\/#website\"},\"primaryImageOfPage\":{\"@id\":\"https:\\\/\\\/vannelli.coffee\\\/it\\\/prodotto\\\/sugar-candy-blend\\\/#primaryimage\"},\"image\":{\"@id\":\"https:\\\/\\\/vannelli.coffee\\\/it\\\/prodotto\\\/sugar-candy-blend\\\/#primaryimage\"},\"thumbnailUrl\":\"https:\\\/\\\/vannelli.coffee\\\/wp-content\\\/uploads\\\/2022\\\/11\\\/1-1-scaled.jpg\",\"datePublished\":\"2022-11-07T10:53:56+00:00\",\"dateModified\":\"2026-02-16T12:55:41+00:00\",\"description\":\"Sugar Candy, blend 100% arabica. Super fruttato con note di mango, frutto della passione, papaya e fiori di caff\u00e8. Tostati artigianalmente in Toscana, Cortona.\",\"breadcrumb\":{\"@id\":\"https:\\\/\\\/vannelli.coffee\\\/it\\\/prodotto\\\/sugar-candy-blend\\\/#breadcrumb\"},\"inLanguage\":\"it-IT\",\"potentialAction\":[{\"@type\":\"ReadAction\",\"target\":[\"https:\\\/\\\/vannelli.coffee\\\/it\\\/prodotto\\\/sugar-candy-blend\\\/\"]}]},{\"@type\":\"ImageObject\",\"inLanguage\":\"it-IT\",\"@id\":\"https:\\\/\\\/vannelli.coffee\\\/it\\\/prodotto\\\/sugar-candy-blend\\\/#primaryimage\",\"url\":\"https:\\\/\\\/vannelli.coffee\\\/wp-content\\\/uploads\\\/2022\\\/11\\\/1-1-scaled.jpg\",\"contentUrl\":\"https:\\\/\\\/vannelli.coffee\\\/wp-content\\\/uploads\\\/2022\\\/11\\\/1-1-scaled.jpg\",\"width\":2560,\"height\":2560},{\"@type\":\"BreadcrumbList\",\"@id\":\"https:\\\/\\\/vannelli.coffee\\\/it\\\/prodotto\\\/sugar-candy-blend\\\/#breadcrumb\",\"itemListElement\":[{\"@type\":\"ListItem\",\"position\":1,\"name\":\"Home\",\"item\":\"https:\\\/\\\/vannelli.coffee\\\/it\\\/\"},{\"@type\":\"ListItem\",\"position\":2,\"name\":\"Negozio\",\"item\":\"https:\\\/\\\/vannelli.coffee\\\/it\\\/negozio\\\/\"},{\"@type\":\"ListItem\",\"position\":3,\"name\":\"FRUITY BLEND 26\"}]},{\"@type\":\"WebSite\",\"@id\":\"https:\\\/\\\/vannelli.coffee\\\/it\\\/#website\",\"url\":\"https:\\\/\\\/vannelli.coffee\\\/it\\\/\",\"name\":\"Vannelli Coffee\",\"description\":\"We Are What We Roast\",\"publisher\":{\"@id\":\"https:\\\/\\\/vannelli.coffee\\\/it\\\/#organization\"},\"potentialAction\":[{\"@type\":\"SearchAction\",\"target\":{\"@type\":\"EntryPoint\",\"urlTemplate\":\"https:\\\/\\\/vannelli.coffee\\\/it\\\/?s={search_term_string}\"},\"query-input\":{\"@type\":\"PropertyValueSpecification\",\"valueRequired\":true,\"valueName\":\"search_term_string\"}}],\"inLanguage\":\"it-IT\"},{\"@type\":\"Organization\",\"@id\":\"https:\\\/\\\/vannelli.coffee\\\/it\\\/#organization\",\"name\":\"Vannelli Coffee\",\"url\":\"https:\\\/\\\/vannelli.coffee\\\/it\\\/\",\"logo\":{\"@type\":\"ImageObject\",\"inLanguage\":\"it-IT\",\"@id\":\"https:\\\/\\\/vannelli.coffee\\\/it\\\/#\\\/schema\\\/logo\\\/image\\\/\",\"url\":\"https:\\\/\\\/vannelli.coffee\\\/wp-content\\\/uploads\\\/2020\\\/01\\\/logo-2.jpg\",\"contentUrl\":\"https:\\\/\\\/vannelli.coffee\\\/wp-content\\\/uploads\\\/2020\\\/01\\\/logo-2.jpg\",\"width\":150,\"height\":150,\"caption\":\"Vannelli Coffee\"},\"image\":{\"@id\":\"https:\\\/\\\/vannelli.coffee\\\/it\\\/#\\\/schema\\\/logo\\\/image\\\/\"},\"sameAs\":[\"https:\\\/\\\/www.facebook.com\\\/vannelli.coffee\\\/\",\"https:\\\/\\\/www.instagram.com\\\/vannelli.coffee\\\/\"]}]}<\/script>\n<!-- \/ Yoast SEO plugin. -->","yoast_head_json":{"title":"FRUITY BLEND 26 | Specialty Coffee | Vannelli Coffee","description":"Sugar Candy, blend 100% arabica. Super fruttato con note di mango, frutto della passione, papaya e fiori di caff\u00e8. Tostati artigianalmente in Toscana, Cortona.","robots":{"index":"index","follow":"follow","max-snippet":"max-snippet:-1","max-image-preview":"max-image-preview:large","max-video-preview":"max-video-preview:-1"},"canonical":"https:\/\/vannelli.coffee\/it\/prodotto\/sugar-candy-blend\/","og_locale":"it_IT","og_type":"article","og_title":"FRUITY BLEND 26 | Specialty Coffee | Vannelli Coffee","og_description":"Sugar Candy, blend 100% arabica. Super fruttato con note di mango, frutto della passione, papaya e fiori di caff\u00e8. Tostati artigianalmente in Toscana, Cortona.","og_url":"https:\/\/vannelli.coffee\/it\/prodotto\/sugar-candy-blend\/","og_site_name":"Vannelli Coffee","article_publisher":"https:\/\/www.facebook.com\/vannelli.coffee\/","article_modified_time":"2026-02-16T12:55:41+00:00","og_image":[{"width":2560,"height":2560,"url":"https:\/\/vannelli.coffee\/wp-content\/uploads\/2022\/11\/1-1-scaled.jpg","type":"image\/jpeg"}],"twitter_card":"summary_large_image","twitter_misc":{"Tempo di lettura stimato":"3 minuti"},"schema":{"@context":"https:\/\/schema.org","@graph":[{"@type":"WebPage","@id":"https:\/\/vannelli.coffee\/it\/prodotto\/sugar-candy-blend\/","url":"https:\/\/vannelli.coffee\/it\/prodotto\/sugar-candy-blend\/","name":"FRUITY BLEND 26 | Specialty Coffee | Vannelli Coffee","isPartOf":{"@id":"https:\/\/vannelli.coffee\/it\/#website"},"primaryImageOfPage":{"@id":"https:\/\/vannelli.coffee\/it\/prodotto\/sugar-candy-blend\/#primaryimage"},"image":{"@id":"https:\/\/vannelli.coffee\/it\/prodotto\/sugar-candy-blend\/#primaryimage"},"thumbnailUrl":"https:\/\/vannelli.coffee\/wp-content\/uploads\/2022\/11\/1-1-scaled.jpg","datePublished":"2022-11-07T10:53:56+00:00","dateModified":"2026-02-16T12:55:41+00:00","description":"Sugar Candy, blend 100% arabica. Super fruttato con note di mango, frutto della passione, papaya e fiori di caff\u00e8. Tostati artigianalmente in Toscana, Cortona.","breadcrumb":{"@id":"https:\/\/vannelli.coffee\/it\/prodotto\/sugar-candy-blend\/#breadcrumb"},"inLanguage":"it-IT","potentialAction":[{"@type":"ReadAction","target":["https:\/\/vannelli.coffee\/it\/prodotto\/sugar-candy-blend\/"]}]},{"@type":"ImageObject","inLanguage":"it-IT","@id":"https:\/\/vannelli.coffee\/it\/prodotto\/sugar-candy-blend\/#primaryimage","url":"https:\/\/vannelli.coffee\/wp-content\/uploads\/2022\/11\/1-1-scaled.jpg","contentUrl":"https:\/\/vannelli.coffee\/wp-content\/uploads\/2022\/11\/1-1-scaled.jpg","width":2560,"height":2560},{"@type":"BreadcrumbList","@id":"https:\/\/vannelli.coffee\/it\/prodotto\/sugar-candy-blend\/#breadcrumb","itemListElement":[{"@type":"ListItem","position":1,"name":"Home","item":"https:\/\/vannelli.coffee\/it\/"},{"@type":"ListItem","position":2,"name":"Negozio","item":"https:\/\/vannelli.coffee\/it\/negozio\/"},{"@type":"ListItem","position":3,"name":"FRUITY BLEND 26"}]},{"@type":"WebSite","@id":"https:\/\/vannelli.coffee\/it\/#website","url":"https:\/\/vannelli.coffee\/it\/","name":"Vannelli Coffee","description":"We Are What We Roast","publisher":{"@id":"https:\/\/vannelli.coffee\/it\/#organization"},"potentialAction":[{"@type":"SearchAction","target":{"@type":"EntryPoint","urlTemplate":"https:\/\/vannelli.coffee\/it\/?s={search_term_string}"},"query-input":{"@type":"PropertyValueSpecification","valueRequired":true,"valueName":"search_term_string"}}],"inLanguage":"it-IT"},{"@type":"Organization","@id":"https:\/\/vannelli.coffee\/it\/#organization","name":"Vannelli Coffee","url":"https:\/\/vannelli.coffee\/it\/","logo":{"@type":"ImageObject","inLanguage":"it-IT","@id":"https:\/\/vannelli.coffee\/it\/#\/schema\/logo\/image\/","url":"https:\/\/vannelli.coffee\/wp-content\/uploads\/2020\/01\/logo-2.jpg","contentUrl":"https:\/\/vannelli.coffee\/wp-content\/uploads\/2020\/01\/logo-2.jpg","width":150,"height":150,"caption":"Vannelli Coffee"},"image":{"@id":"https:\/\/vannelli.coffee\/it\/#\/schema\/logo\/image\/"},"sameAs":["https:\/\/www.facebook.com\/vannelli.coffee\/","https:\/\/www.instagram.com\/vannelli.coffee\/"]}]}},"_links":{"self":[{"href":"https:\/\/vannelli.coffee\/it\/wp-json\/wp\/v2\/product\/6295","targetHints":{"allow":["GET"]}}],"collection":[{"href":"https:\/\/vannelli.coffee\/it\/wp-json\/wp\/v2\/product"}],"about":[{"href":"https:\/\/vannelli.coffee\/it\/wp-json\/wp\/v2\/types\/product"}],"wp:featuredmedia":[{"embeddable":true,"href":"https:\/\/vannelli.coffee\/it\/wp-json\/wp\/v2\/media\/7579"}],"wp:attachment":[{"href":"https:\/\/vannelli.coffee\/it\/wp-json\/wp\/v2\/media?parent=6295"}],"wp:term":[{"taxonomy":"product_brand","embeddable":true,"href":"https:\/\/vannelli.coffee\/it\/wp-json\/wp\/v2\/product_brand?post=6295"},{"taxonomy":"product_cat","embeddable":true,"href":"https:\/\/vannelli.coffee\/it\/wp-json\/wp\/v2\/product_cat?post=6295"},{"taxonomy":"product_tag","embeddable":true,"href":"https:\/\/vannelli.coffee\/it\/wp-json\/wp\/v2\/product_tag?post=6295"}],"curies":[{"name":"wp","href":"https:\/\/api.w.org\/{rel}","templated":true}]}}