{"id":6635,"date":"2022-11-30T10:15:20","date_gmt":"2022-11-30T16:16:48","guid":{"rendered":"https:\/\/vannelli.coffee\/?post_type=product&p=6635"},"modified":"2022-12-17T19:49:41","modified_gmt":"2022-12-17T18:49:41","slug":"box-caffe-filtro","status":"publish","type":"product","link":"https:\/\/vannelli.coffee\/it\/prodotto\/box-caffe-filtro\/","title":{"rendered":"Box Caff\u00e8 Filtro"},"content":{"rendered":"<h5 style=\"text-align: left;\">COSA C&#8217;E&#8217; NELLA TUA BOX:<\/h5>\n<ul style=\"text-align: left;\">\n<li><strong>v60 Hario<\/strong><\/li>\n<\/ul>\n<p style=\"text-align: left;\">Materiale: ceramica &#8211; colore: rosso &#8211; capienza: 1-2 tazze<\/p>\n<ul style=\"text-align: left;\">\n<li><strong>Server Hario<\/strong><\/li>\n<\/ul>\n<p style=\"text-align: left;\">Materiale: vetro &#8211; colore: trasparente &#8211; capacit\u00e0: 360 ml<\/p>\n<ul style=\"text-align: left;\">\n<li><strong>Filtri Hario<\/strong><\/li>\n<\/ul>\n<p style=\"text-align: left;\">Materiale: carta riciclata &#8211; non sbiancata &#8211; colore: grezzo &#8211; capacit\u00e0: 1-2 tazze<\/p>\n<ul style=\"text-align: left;\">\n<li><strong>Specialty Coffee<\/strong><\/li>\n<\/ul>\n<p style=\"text-align: left;\">250 gr<\/p>\n<p style=\"text-align: left;\">Caff\u00e8 in grani o macinato per v60<\/p>\n","protected":false},"excerpt":{"rendered":"<p>La Box caff\u00e8 filtro \u00e8 perfetta come regalo di Natale!<\/p>\n<p>La Box contiene un v60 di ceramica rosso, un server di vetro, un pacco di filtri in carta riciclata e una confezione di caff\u00e8 Specialty, tostatura filtro.<\/p>\n<p>Puoi selezionare il caff\u00e8 in grani o macinato.<\/p>\n<p>&nbsp;<\/p>\n","protected":false},"featured_media":6624,"template":"","meta":{"_acf_changed":false,"_monsterinsights_skip_tracking":false,"_monsterinsights_sitenote_active":false,"_monsterinsights_sitenote_note":"","_monsterinsights_sitenote_category":0},"product_brand":[],"product_cat":[74,53],"product_tag":[],"class_list":{"0":"post-6635","1":"product","2":"type-product","3":"status-publish","4":"has-post-thumbnail","6":"product_cat-attrezzature","7":"product_cat-brewing-it","9":"first","10":"outofstock","11":"sale","12":"shipping-taxable","13":"purchasable","14":"product-type-variable"},"acf":[],"yoast_head":"<!-- This site is optimized with the Yoast SEO plugin v27.3 - https:\/\/yoast.com\/product\/yoast-seo-wordpress\/ -->\n<title>Box Caff\u00e8 Filtro | Christmas Gift | Vannelli Coffee<\/title>\n<meta name=\"description\" content=\"La Box caff\u00e8 filtro \u00e8 perfetta per chi si vuole avvicinare al mondo del caff\u00e8 filtrato! Perfetto come regalo natalizio!\" \/>\n<meta name=\"robots\" content=\"index, follow, max-snippet:-1, max-image-preview:large, max-video-preview:-1\" \/>\n<link rel=\"canonical\" href=\"https:\/\/vannelli.coffee\/it\/prodotto\/box-caffe-filtro\/\" \/>\n<meta property=\"og:locale\" content=\"it_IT\" \/>\n<meta property=\"og:type\" content=\"article\" \/>\n<meta property=\"og:title\" content=\"Box Caff\u00e8 Filtro | Christmas Gift | Vannelli Coffee\" \/>\n<meta property=\"og:description\" content=\"La Box caff\u00e8 filtro \u00e8 perfetta per chi si vuole avvicinare al mondo del caff\u00e8 filtrato! Perfetto come regalo natalizio!\" \/>\n<meta property=\"og:url\" content=\"https:\/\/vannelli.coffee\/it\/prodotto\/box-caffe-filtro\/\" \/>\n<meta property=\"og:site_name\" content=\"Vannelli Coffee\" \/>\n<meta property=\"article:publisher\" content=\"https:\/\/www.facebook.com\/vannelli.coffee\/\" \/>\n<meta property=\"article:modified_time\" content=\"2022-12-17T18:49:41+00:00\" \/>\n<meta property=\"og:image\" content=\"https:\/\/vannelli.coffee\/wp-content\/uploads\/2022\/11\/9N9A7510.jpg\" \/>\n\t<meta property=\"og:image:width\" content=\"2548\" \/>\n\t<meta property=\"og:image:height\" content=\"2548\" \/>\n\t<meta property=\"og:image:type\" content=\"image\/jpeg\" \/>\n<meta name=\"twitter:card\" content=\"summary_large_image\" \/>\n<script type=\"application\/ld+json\" class=\"yoast-schema-graph\">{\"@context\":\"https:\\\/\\\/schema.org\",\"@graph\":[{\"@type\":\"WebPage\",\"@id\":\"https:\\\/\\\/vannelli.coffee\\\/it\\\/prodotto\\\/box-caffe-filtro\\\/\",\"url\":\"https:\\\/\\\/vannelli.coffee\\\/it\\\/prodotto\\\/box-caffe-filtro\\\/\",\"name\":\"Box Caff\u00e8 Filtro | Christmas Gift | Vannelli Coffee\",\"isPartOf\":{\"@id\":\"https:\\\/\\\/vannelli.coffee\\\/it\\\/#website\"},\"primaryImageOfPage\":{\"@id\":\"https:\\\/\\\/vannelli.coffee\\\/it\\\/prodotto\\\/box-caffe-filtro\\\/#primaryimage\"},\"image\":{\"@id\":\"https:\\\/\\\/vannelli.coffee\\\/it\\\/prodotto\\\/box-caffe-filtro\\\/#primaryimage\"},\"thumbnailUrl\":\"https:\\\/\\\/vannelli.coffee\\\/wp-content\\\/uploads\\\/2022\\\/11\\\/9N9A7510.jpg\",\"datePublished\":\"2022-11-30T16:16:48+00:00\",\"dateModified\":\"2022-12-17T18:49:41+00:00\",\"description\":\"La Box caff\u00e8 filtro \u00e8 perfetta per chi si vuole avvicinare al mondo del caff\u00e8 filtrato! Perfetto come regalo natalizio!\",\"breadcrumb\":{\"@id\":\"https:\\\/\\\/vannelli.coffee\\\/it\\\/prodotto\\\/box-caffe-filtro\\\/#breadcrumb\"},\"inLanguage\":\"it-IT\",\"potentialAction\":[{\"@type\":\"ReadAction\",\"target\":[\"https:\\\/\\\/vannelli.coffee\\\/it\\\/prodotto\\\/box-caffe-filtro\\\/\"]}]},{\"@type\":\"ImageObject\",\"inLanguage\":\"it-IT\",\"@id\":\"https:\\\/\\\/vannelli.coffee\\\/it\\\/prodotto\\\/box-caffe-filtro\\\/#primaryimage\",\"url\":\"https:\\\/\\\/vannelli.coffee\\\/wp-content\\\/uploads\\\/2022\\\/11\\\/9N9A7510.jpg\",\"contentUrl\":\"https:\\\/\\\/vannelli.coffee\\\/wp-content\\\/uploads\\\/2022\\\/11\\\/9N9A7510.jpg\",\"width\":2548,\"height\":2548},{\"@type\":\"BreadcrumbList\",\"@id\":\"https:\\\/\\\/vannelli.coffee\\\/it\\\/prodotto\\\/box-caffe-filtro\\\/#breadcrumb\",\"itemListElement\":[{\"@type\":\"ListItem\",\"position\":1,\"name\":\"Home\",\"item\":\"https:\\\/\\\/vannelli.coffee\\\/it\\\/\"},{\"@type\":\"ListItem\",\"position\":2,\"name\":\"Negozio\",\"item\":\"https:\\\/\\\/vannelli.coffee\\\/it\\\/negozio\\\/\"},{\"@type\":\"ListItem\",\"position\":3,\"name\":\"Private: Box Caff\u00e8 Filtro\"}]},{\"@type\":\"WebSite\",\"@id\":\"https:\\\/\\\/vannelli.coffee\\\/it\\\/#website\",\"url\":\"https:\\\/\\\/vannelli.coffee\\\/it\\\/\",\"name\":\"Vannelli Coffee\",\"description\":\"We Are What We Roast\",\"publisher\":{\"@id\":\"https:\\\/\\\/vannelli.coffee\\\/it\\\/#organization\"},\"potentialAction\":[{\"@type\":\"SearchAction\",\"target\":{\"@type\":\"EntryPoint\",\"urlTemplate\":\"https:\\\/\\\/vannelli.coffee\\\/it\\\/?s={search_term_string}\"},\"query-input\":{\"@type\":\"PropertyValueSpecification\",\"valueRequired\":true,\"valueName\":\"search_term_string\"}}],\"inLanguage\":\"it-IT\"},{\"@type\":\"Organization\",\"@id\":\"https:\\\/\\\/vannelli.coffee\\\/it\\\/#organization\",\"name\":\"Vannelli Coffee\",\"url\":\"https:\\\/\\\/vannelli.coffee\\\/it\\\/\",\"logo\":{\"@type\":\"ImageObject\",\"inLanguage\":\"it-IT\",\"@id\":\"https:\\\/\\\/vannelli.coffee\\\/it\\\/#\\\/schema\\\/logo\\\/image\\\/\",\"url\":\"https:\\\/\\\/vannelli.coffee\\\/wp-content\\\/uploads\\\/2020\\\/01\\\/logo-2.jpg\",\"contentUrl\":\"https:\\\/\\\/vannelli.coffee\\\/wp-content\\\/uploads\\\/2020\\\/01\\\/logo-2.jpg\",\"width\":150,\"height\":150,\"caption\":\"Vannelli Coffee\"},\"image\":{\"@id\":\"https:\\\/\\\/vannelli.coffee\\\/it\\\/#\\\/schema\\\/logo\\\/image\\\/\"},\"sameAs\":[\"https:\\\/\\\/www.facebook.com\\\/vannelli.coffee\\\/\",\"https:\\\/\\\/www.instagram.com\\\/vannelli.coffee\\\/\"]}]}<\/script>\n<!-- \/ Yoast SEO plugin. -->","yoast_head_json":{"title":"Box Caff\u00e8 Filtro | Christmas Gift | Vannelli Coffee","description":"La Box caff\u00e8 filtro \u00e8 perfetta per chi si vuole avvicinare al mondo del caff\u00e8 filtrato! Perfetto come regalo natalizio!","robots":{"index":"index","follow":"follow","max-snippet":"max-snippet:-1","max-image-preview":"max-image-preview:large","max-video-preview":"max-video-preview:-1"},"canonical":"https:\/\/vannelli.coffee\/it\/prodotto\/box-caffe-filtro\/","og_locale":"it_IT","og_type":"article","og_title":"Box Caff\u00e8 Filtro | Christmas Gift | Vannelli Coffee","og_description":"La Box caff\u00e8 filtro \u00e8 perfetta per chi si vuole avvicinare al mondo del caff\u00e8 filtrato! Perfetto come regalo natalizio!","og_url":"https:\/\/vannelli.coffee\/it\/prodotto\/box-caffe-filtro\/","og_site_name":"Vannelli Coffee","article_publisher":"https:\/\/www.facebook.com\/vannelli.coffee\/","article_modified_time":"2022-12-17T18:49:41+00:00","og_image":[{"width":2548,"height":2548,"url":"https:\/\/vannelli.coffee\/wp-content\/uploads\/2022\/11\/9N9A7510.jpg","type":"image\/jpeg"}],"twitter_card":"summary_large_image","schema":{"@context":"https:\/\/schema.org","@graph":[{"@type":"WebPage","@id":"https:\/\/vannelli.coffee\/it\/prodotto\/box-caffe-filtro\/","url":"https:\/\/vannelli.coffee\/it\/prodotto\/box-caffe-filtro\/","name":"Box Caff\u00e8 Filtro | Christmas Gift | Vannelli Coffee","isPartOf":{"@id":"https:\/\/vannelli.coffee\/it\/#website"},"primaryImageOfPage":{"@id":"https:\/\/vannelli.coffee\/it\/prodotto\/box-caffe-filtro\/#primaryimage"},"image":{"@id":"https:\/\/vannelli.coffee\/it\/prodotto\/box-caffe-filtro\/#primaryimage"},"thumbnailUrl":"https:\/\/vannelli.coffee\/wp-content\/uploads\/2022\/11\/9N9A7510.jpg","datePublished":"2022-11-30T16:16:48+00:00","dateModified":"2022-12-17T18:49:41+00:00","description":"La Box caff\u00e8 filtro \u00e8 perfetta per chi si vuole avvicinare al mondo del caff\u00e8 filtrato! Perfetto come regalo natalizio!","breadcrumb":{"@id":"https:\/\/vannelli.coffee\/it\/prodotto\/box-caffe-filtro\/#breadcrumb"},"inLanguage":"it-IT","potentialAction":[{"@type":"ReadAction","target":["https:\/\/vannelli.coffee\/it\/prodotto\/box-caffe-filtro\/"]}]},{"@type":"ImageObject","inLanguage":"it-IT","@id":"https:\/\/vannelli.coffee\/it\/prodotto\/box-caffe-filtro\/#primaryimage","url":"https:\/\/vannelli.coffee\/wp-content\/uploads\/2022\/11\/9N9A7510.jpg","contentUrl":"https:\/\/vannelli.coffee\/wp-content\/uploads\/2022\/11\/9N9A7510.jpg","width":2548,"height":2548},{"@type":"BreadcrumbList","@id":"https:\/\/vannelli.coffee\/it\/prodotto\/box-caffe-filtro\/#breadcrumb","itemListElement":[{"@type":"ListItem","position":1,"name":"Home","item":"https:\/\/vannelli.coffee\/it\/"},{"@type":"ListItem","position":2,"name":"Negozio","item":"https:\/\/vannelli.coffee\/it\/negozio\/"},{"@type":"ListItem","position":3,"name":"Private: Box Caff\u00e8 Filtro"}]},{"@type":"WebSite","@id":"https:\/\/vannelli.coffee\/it\/#website","url":"https:\/\/vannelli.coffee\/it\/","name":"Vannelli Coffee","description":"We Are What We Roast","publisher":{"@id":"https:\/\/vannelli.coffee\/it\/#organization"},"potentialAction":[{"@type":"SearchAction","target":{"@type":"EntryPoint","urlTemplate":"https:\/\/vannelli.coffee\/it\/?s={search_term_string}"},"query-input":{"@type":"PropertyValueSpecification","valueRequired":true,"valueName":"search_term_string"}}],"inLanguage":"it-IT"},{"@type":"Organization","@id":"https:\/\/vannelli.coffee\/it\/#organization","name":"Vannelli Coffee","url":"https:\/\/vannelli.coffee\/it\/","logo":{"@type":"ImageObject","inLanguage":"it-IT","@id":"https:\/\/vannelli.coffee\/it\/#\/schema\/logo\/image\/","url":"https:\/\/vannelli.coffee\/wp-content\/uploads\/2020\/01\/logo-2.jpg","contentUrl":"https:\/\/vannelli.coffee\/wp-content\/uploads\/2020\/01\/logo-2.jpg","width":150,"height":150,"caption":"Vannelli Coffee"},"image":{"@id":"https:\/\/vannelli.coffee\/it\/#\/schema\/logo\/image\/"},"sameAs":["https:\/\/www.facebook.com\/vannelli.coffee\/","https:\/\/www.instagram.com\/vannelli.coffee\/"]}]}},"_links":{"self":[{"href":"https:\/\/vannelli.coffee\/it\/wp-json\/wp\/v2\/product\/6635","targetHints":{"allow":["GET"]}}],"collection":[{"href":"https:\/\/vannelli.coffee\/it\/wp-json\/wp\/v2\/product"}],"about":[{"href":"https:\/\/vannelli.coffee\/it\/wp-json\/wp\/v2\/types\/product"}],"wp:featuredmedia":[{"embeddable":true,"href":"https:\/\/vannelli.coffee\/it\/wp-json\/wp\/v2\/media\/6624"}],"wp:attachment":[{"href":"https:\/\/vannelli.coffee\/it\/wp-json\/wp\/v2\/media?parent=6635"}],"wp:term":[{"taxonomy":"product_brand","embeddable":true,"href":"https:\/\/vannelli.coffee\/it\/wp-json\/wp\/v2\/product_brand?post=6635"},{"taxonomy":"product_cat","embeddable":true,"href":"https:\/\/vannelli.coffee\/it\/wp-json\/wp\/v2\/product_cat?post=6635"},{"taxonomy":"product_tag","embeddable":true,"href":"https:\/\/vannelli.coffee\/it\/wp-json\/wp\/v2\/product_tag?post=6635"}],"curies":[{"name":"wp","href":"https:\/\/api.w.org\/{rel}","templated":true}]}}