{"id":6658,"date":"2022-12-01T11:41:46","date_gmt":"2022-12-01T10:41:47","guid":{"rendered":"https:\/\/vannelli.coffee\/?post_type=product&#038;p=6658"},"modified":"2022-12-01T12:57:06","modified_gmt":"2022-12-01T11:57:06","slug":"box-aeropress-mini","status":"publish","type":"product","link":"https:\/\/vannelli.coffee\/it\/prodotto\/box-aeropress-mini\/","title":{"rendered":"AeroPress Go Box"},"content":{"rendered":"<h5 style=\"text-align: left;\">COSA C&#8217;E&#8217; NELLA TUA BOX:<\/h5>\n<ul style=\"text-align: left;\">\n<li><strong>set AeroPress<\/strong><\/li>\n<\/ul>\n<p>Camera e stantuffo AeroPress Go, tazza con coperchio, 350 microfiltri AeroPress, stick per mescolare, misurino<\/p>\n<ul style=\"text-align: left;\">\n<li><strong>Specialty Coffee<\/strong><\/li>\n<\/ul>\n<p style=\"text-align: left;\">250 gr<\/p>\n<p style=\"text-align: left;\">In grani o macinato per AeroPress.<\/p>\n<p>&nbsp;<\/p>\n","protected":false},"excerpt":{"rendered":"<div class=\"pretext\">\n<p><span style=\"font-weight: 400;\">Il box AeroPress Go \u00e8 perfetto per chi ama viaggiare ma non vuole rinunciare ad una buona tazza di caff\u00e8. La Box viene fornita con il set AeroPress GO e un pacchetto di caff\u00e8 specialty appena tostato.<\/span><\/p>\n<p><span style=\"font-weight: 400;\">With this coffee maker, coffee lovers can conveniently brew superb coffee anywhere. Proprio come con l&#8217;AeroPress Originale, con l&#8217;AeroPress Go puoi preparare un ottimo caff\u00e8.<\/span><\/p>\n<\/div>\n<div id=\"product-7197546643699-tabs\" class=\"anchor\">\n<div class=\"product-tabs\">\n<div id=\"block-template--16694430040307__main-a653ff64-bfbb-4a7d-8b24-9c020db3eff7-1\" class=\"product-tabs__tab-item-wrapper always\">Il regalo perfetto per i travellers!<\/p>\n<div class=\"product-tabs__tab-item-content rte\">\n<p>&nbsp;<\/p>\n<\/div>\n<\/div>\n<\/div>\n<\/div>\n<p>&nbsp;<\/p>\n","protected":false},"featured_media":6664,"template":"","meta":{"_acf_changed":false,"_monsterinsights_skip_tracking":false,"_monsterinsights_sitenote_active":false,"_monsterinsights_sitenote_note":"","_monsterinsights_sitenote_category":0},"product_brand":[],"product_cat":[74,53],"product_tag":[],"class_list":{"0":"post-6658","1":"product","2":"type-product","3":"status-publish","4":"has-post-thumbnail","6":"product_cat-attrezzature","7":"product_cat-brewing-it","9":"first","10":"outofstock","11":"sale","12":"shipping-taxable","13":"purchasable","14":"product-type-variable"},"acf":[],"yoast_head":"<!-- This site is optimized with the Yoast SEO plugin v27.3 - https:\/\/yoast.com\/product\/yoast-seo-wordpress\/ -->\n<title>AeroPress Go Box | Christmas Gift | Vannelli Coffee<\/title>\n<meta name=\"description\" content=\"La box AeroPress Go \u00e8 perfetta per chi vuole una macchina da caff\u00e8 facile da usare, di piccole dimensioni, indistruttibile e sempre pronta all&#039;uso! Con questo set potrete prepararvi un caff\u00e8 buon ovunque vi troviate! Il regalo perfetto per i travellers!\" \/>\n<meta name=\"robots\" content=\"index, follow, max-snippet:-1, max-image-preview:large, max-video-preview:-1\" \/>\n<link rel=\"canonical\" href=\"https:\/\/vannelli.coffee\/it\/prodotto\/box-aeropress-mini\/\" \/>\n<meta property=\"og:locale\" content=\"it_IT\" \/>\n<meta property=\"og:type\" content=\"article\" \/>\n<meta property=\"og:title\" content=\"AeroPress Go Box | Christmas Gift | Vannelli Coffee\" \/>\n<meta property=\"og:description\" content=\"La box AeroPress Go \u00e8 perfetta per chi vuole una macchina da caff\u00e8 facile da usare, di piccole dimensioni, indistruttibile e sempre pronta all&#039;uso! Con questo set potrete prepararvi un caff\u00e8 buon ovunque vi troviate! Il regalo perfetto per i travellers!\" \/>\n<meta property=\"og:url\" content=\"https:\/\/vannelli.coffee\/it\/prodotto\/box-aeropress-mini\/\" \/>\n<meta property=\"og:site_name\" content=\"Vannelli Coffee\" \/>\n<meta property=\"article:publisher\" content=\"https:\/\/www.facebook.com\/vannelli.coffee\/\" \/>\n<meta property=\"article:modified_time\" content=\"2022-12-01T11:57:06+00:00\" \/>\n<meta property=\"og:image\" content=\"https:\/\/vannelli.coffee\/wp-content\/uploads\/2022\/12\/9N9A7540-scaled.jpg\" \/>\n\t<meta property=\"og:image:width\" content=\"2560\" \/>\n\t<meta property=\"og:image:height\" content=\"2560\" \/>\n\t<meta property=\"og:image:type\" content=\"image\/jpeg\" \/>\n<meta name=\"twitter:card\" content=\"summary_large_image\" \/>\n<script type=\"application\/ld+json\" class=\"yoast-schema-graph\">{\"@context\":\"https:\\\/\\\/schema.org\",\"@graph\":[{\"@type\":\"WebPage\",\"@id\":\"https:\\\/\\\/vannelli.coffee\\\/it\\\/prodotto\\\/box-aeropress-mini\\\/\",\"url\":\"https:\\\/\\\/vannelli.coffee\\\/it\\\/prodotto\\\/box-aeropress-mini\\\/\",\"name\":\"AeroPress Go Box | Christmas Gift | Vannelli Coffee\",\"isPartOf\":{\"@id\":\"https:\\\/\\\/vannelli.coffee\\\/it\\\/#website\"},\"primaryImageOfPage\":{\"@id\":\"https:\\\/\\\/vannelli.coffee\\\/it\\\/prodotto\\\/box-aeropress-mini\\\/#primaryimage\"},\"image\":{\"@id\":\"https:\\\/\\\/vannelli.coffee\\\/it\\\/prodotto\\\/box-aeropress-mini\\\/#primaryimage\"},\"thumbnailUrl\":\"https:\\\/\\\/vannelli.coffee\\\/wp-content\\\/uploads\\\/2022\\\/12\\\/9N9A7540-scaled.jpg\",\"datePublished\":\"2022-12-01T10:41:47+00:00\",\"dateModified\":\"2022-12-01T11:57:06+00:00\",\"description\":\"La box AeroPress Go \u00e8 perfetta per chi vuole una macchina da caff\u00e8 facile da usare, di piccole dimensioni, indistruttibile e sempre pronta all'uso! Con questo set potrete prepararvi un caff\u00e8 buon ovunque vi troviate! Il regalo perfetto per i travellers!\",\"breadcrumb\":{\"@id\":\"https:\\\/\\\/vannelli.coffee\\\/it\\\/prodotto\\\/box-aeropress-mini\\\/#breadcrumb\"},\"inLanguage\":\"it-IT\",\"potentialAction\":[{\"@type\":\"ReadAction\",\"target\":[\"https:\\\/\\\/vannelli.coffee\\\/it\\\/prodotto\\\/box-aeropress-mini\\\/\"]}]},{\"@type\":\"ImageObject\",\"inLanguage\":\"it-IT\",\"@id\":\"https:\\\/\\\/vannelli.coffee\\\/it\\\/prodotto\\\/box-aeropress-mini\\\/#primaryimage\",\"url\":\"https:\\\/\\\/vannelli.coffee\\\/wp-content\\\/uploads\\\/2022\\\/12\\\/9N9A7540-scaled.jpg\",\"contentUrl\":\"https:\\\/\\\/vannelli.coffee\\\/wp-content\\\/uploads\\\/2022\\\/12\\\/9N9A7540-scaled.jpg\",\"width\":2560,\"height\":2560},{\"@type\":\"BreadcrumbList\",\"@id\":\"https:\\\/\\\/vannelli.coffee\\\/it\\\/prodotto\\\/box-aeropress-mini\\\/#breadcrumb\",\"itemListElement\":[{\"@type\":\"ListItem\",\"position\":1,\"name\":\"Home\",\"item\":\"https:\\\/\\\/vannelli.coffee\\\/it\\\/\"},{\"@type\":\"ListItem\",\"position\":2,\"name\":\"Negozio\",\"item\":\"https:\\\/\\\/vannelli.coffee\\\/it\\\/negozio\\\/\"},{\"@type\":\"ListItem\",\"position\":3,\"name\":\"AeroPress Go Box\"}]},{\"@type\":\"WebSite\",\"@id\":\"https:\\\/\\\/vannelli.coffee\\\/it\\\/#website\",\"url\":\"https:\\\/\\\/vannelli.coffee\\\/it\\\/\",\"name\":\"Vannelli Coffee\",\"description\":\"We Are What We Roast\",\"publisher\":{\"@id\":\"https:\\\/\\\/vannelli.coffee\\\/it\\\/#organization\"},\"potentialAction\":[{\"@type\":\"SearchAction\",\"target\":{\"@type\":\"EntryPoint\",\"urlTemplate\":\"https:\\\/\\\/vannelli.coffee\\\/it\\\/?s={search_term_string}\"},\"query-input\":{\"@type\":\"PropertyValueSpecification\",\"valueRequired\":true,\"valueName\":\"search_term_string\"}}],\"inLanguage\":\"it-IT\"},{\"@type\":\"Organization\",\"@id\":\"https:\\\/\\\/vannelli.coffee\\\/it\\\/#organization\",\"name\":\"Vannelli Coffee\",\"url\":\"https:\\\/\\\/vannelli.coffee\\\/it\\\/\",\"logo\":{\"@type\":\"ImageObject\",\"inLanguage\":\"it-IT\",\"@id\":\"https:\\\/\\\/vannelli.coffee\\\/it\\\/#\\\/schema\\\/logo\\\/image\\\/\",\"url\":\"https:\\\/\\\/vannelli.coffee\\\/wp-content\\\/uploads\\\/2020\\\/01\\\/logo-2.jpg\",\"contentUrl\":\"https:\\\/\\\/vannelli.coffee\\\/wp-content\\\/uploads\\\/2020\\\/01\\\/logo-2.jpg\",\"width\":150,\"height\":150,\"caption\":\"Vannelli Coffee\"},\"image\":{\"@id\":\"https:\\\/\\\/vannelli.coffee\\\/it\\\/#\\\/schema\\\/logo\\\/image\\\/\"},\"sameAs\":[\"https:\\\/\\\/www.facebook.com\\\/vannelli.coffee\\\/\",\"https:\\\/\\\/www.instagram.com\\\/vannelli.coffee\\\/\"]}]}<\/script>\n<!-- \/ Yoast SEO plugin. -->","yoast_head_json":{"title":"AeroPress Go Box | Christmas Gift | Vannelli Coffee","description":"La box AeroPress Go \u00e8 perfetta per chi vuole una macchina da caff\u00e8 facile da usare, di piccole dimensioni, indistruttibile e sempre pronta all'uso! Con questo set potrete prepararvi un caff\u00e8 buon ovunque vi troviate! Il regalo perfetto per i travellers!","robots":{"index":"index","follow":"follow","max-snippet":"max-snippet:-1","max-image-preview":"max-image-preview:large","max-video-preview":"max-video-preview:-1"},"canonical":"https:\/\/vannelli.coffee\/it\/prodotto\/box-aeropress-mini\/","og_locale":"it_IT","og_type":"article","og_title":"AeroPress Go Box | Christmas Gift | Vannelli Coffee","og_description":"La box AeroPress Go \u00e8 perfetta per chi vuole una macchina da caff\u00e8 facile da usare, di piccole dimensioni, indistruttibile e sempre pronta all'uso! Con questo set potrete prepararvi un caff\u00e8 buon ovunque vi troviate! Il regalo perfetto per i travellers!","og_url":"https:\/\/vannelli.coffee\/it\/prodotto\/box-aeropress-mini\/","og_site_name":"Vannelli Coffee","article_publisher":"https:\/\/www.facebook.com\/vannelli.coffee\/","article_modified_time":"2022-12-01T11:57:06+00:00","og_image":[{"width":2560,"height":2560,"url":"https:\/\/vannelli.coffee\/wp-content\/uploads\/2022\/12\/9N9A7540-scaled.jpg","type":"image\/jpeg"}],"twitter_card":"summary_large_image","schema":{"@context":"https:\/\/schema.org","@graph":[{"@type":"WebPage","@id":"https:\/\/vannelli.coffee\/it\/prodotto\/box-aeropress-mini\/","url":"https:\/\/vannelli.coffee\/it\/prodotto\/box-aeropress-mini\/","name":"AeroPress Go Box | Christmas Gift | Vannelli Coffee","isPartOf":{"@id":"https:\/\/vannelli.coffee\/it\/#website"},"primaryImageOfPage":{"@id":"https:\/\/vannelli.coffee\/it\/prodotto\/box-aeropress-mini\/#primaryimage"},"image":{"@id":"https:\/\/vannelli.coffee\/it\/prodotto\/box-aeropress-mini\/#primaryimage"},"thumbnailUrl":"https:\/\/vannelli.coffee\/wp-content\/uploads\/2022\/12\/9N9A7540-scaled.jpg","datePublished":"2022-12-01T10:41:47+00:00","dateModified":"2022-12-01T11:57:06+00:00","description":"La box AeroPress Go \u00e8 perfetta per chi vuole una macchina da caff\u00e8 facile da usare, di piccole dimensioni, indistruttibile e sempre pronta all'uso! Con questo set potrete prepararvi un caff\u00e8 buon ovunque vi troviate! Il regalo perfetto per i travellers!","breadcrumb":{"@id":"https:\/\/vannelli.coffee\/it\/prodotto\/box-aeropress-mini\/#breadcrumb"},"inLanguage":"it-IT","potentialAction":[{"@type":"ReadAction","target":["https:\/\/vannelli.coffee\/it\/prodotto\/box-aeropress-mini\/"]}]},{"@type":"ImageObject","inLanguage":"it-IT","@id":"https:\/\/vannelli.coffee\/it\/prodotto\/box-aeropress-mini\/#primaryimage","url":"https:\/\/vannelli.coffee\/wp-content\/uploads\/2022\/12\/9N9A7540-scaled.jpg","contentUrl":"https:\/\/vannelli.coffee\/wp-content\/uploads\/2022\/12\/9N9A7540-scaled.jpg","width":2560,"height":2560},{"@type":"BreadcrumbList","@id":"https:\/\/vannelli.coffee\/it\/prodotto\/box-aeropress-mini\/#breadcrumb","itemListElement":[{"@type":"ListItem","position":1,"name":"Home","item":"https:\/\/vannelli.coffee\/it\/"},{"@type":"ListItem","position":2,"name":"Negozio","item":"https:\/\/vannelli.coffee\/it\/negozio\/"},{"@type":"ListItem","position":3,"name":"AeroPress Go Box"}]},{"@type":"WebSite","@id":"https:\/\/vannelli.coffee\/it\/#website","url":"https:\/\/vannelli.coffee\/it\/","name":"Vannelli Coffee","description":"We Are What We Roast","publisher":{"@id":"https:\/\/vannelli.coffee\/it\/#organization"},"potentialAction":[{"@type":"SearchAction","target":{"@type":"EntryPoint","urlTemplate":"https:\/\/vannelli.coffee\/it\/?s={search_term_string}"},"query-input":{"@type":"PropertyValueSpecification","valueRequired":true,"valueName":"search_term_string"}}],"inLanguage":"it-IT"},{"@type":"Organization","@id":"https:\/\/vannelli.coffee\/it\/#organization","name":"Vannelli Coffee","url":"https:\/\/vannelli.coffee\/it\/","logo":{"@type":"ImageObject","inLanguage":"it-IT","@id":"https:\/\/vannelli.coffee\/it\/#\/schema\/logo\/image\/","url":"https:\/\/vannelli.coffee\/wp-content\/uploads\/2020\/01\/logo-2.jpg","contentUrl":"https:\/\/vannelli.coffee\/wp-content\/uploads\/2020\/01\/logo-2.jpg","width":150,"height":150,"caption":"Vannelli Coffee"},"image":{"@id":"https:\/\/vannelli.coffee\/it\/#\/schema\/logo\/image\/"},"sameAs":["https:\/\/www.facebook.com\/vannelli.coffee\/","https:\/\/www.instagram.com\/vannelli.coffee\/"]}]}},"_links":{"self":[{"href":"https:\/\/vannelli.coffee\/it\/wp-json\/wp\/v2\/product\/6658","targetHints":{"allow":["GET"]}}],"collection":[{"href":"https:\/\/vannelli.coffee\/it\/wp-json\/wp\/v2\/product"}],"about":[{"href":"https:\/\/vannelli.coffee\/it\/wp-json\/wp\/v2\/types\/product"}],"wp:featuredmedia":[{"embeddable":true,"href":"https:\/\/vannelli.coffee\/it\/wp-json\/wp\/v2\/media\/6664"}],"wp:attachment":[{"href":"https:\/\/vannelli.coffee\/it\/wp-json\/wp\/v2\/media?parent=6658"}],"wp:term":[{"taxonomy":"product_brand","embeddable":true,"href":"https:\/\/vannelli.coffee\/it\/wp-json\/wp\/v2\/product_brand?post=6658"},{"taxonomy":"product_cat","embeddable":true,"href":"https:\/\/vannelli.coffee\/it\/wp-json\/wp\/v2\/product_cat?post=6658"},{"taxonomy":"product_tag","embeddable":true,"href":"https:\/\/vannelli.coffee\/it\/wp-json\/wp\/v2\/product_tag?post=6658"}],"curies":[{"name":"wp","href":"https:\/\/api.w.org\/{rel}","templated":true}]}}