{"id":6676,"date":"2022-12-01T12:21:14","date_gmt":"2022-12-01T11:21:14","guid":{"rendered":"https:\/\/vannelli.coffee\/?post_type=product&#038;p=6676"},"modified":"2024-11-27T14:27:21","modified_gmt":"2024-11-27T13:27:21","slug":"box-caffe-filtro-kinto","status":"publish","type":"product","link":"https:\/\/vannelli.coffee\/it\/prodotto\/box-caffe-filtro-kinto\/","title":{"rendered":"Box Caff\u00e8 Filtro Kinto"},"content":{"rendered":"<h5 style=\"text-align: left;\">COSA C&#8217;E&#8217; NELLA TUA BOX:<\/h5>\n<ul style=\"text-align: left;\">\n<li><strong>Kinto SCS brewer<\/strong><\/li>\n<\/ul>\n<p style=\"text-align: left;\">Materiale: plastica &#8211; colore: grigio trasparente &#8211; capacit\u00e0: 1-2 tazze &#8211; temperatura fino a 100\u2103<\/p>\n<p style=\"text-align: left;\">Pu\u00f2 essere lavato in lavastoviglie<\/p>\n<ul style=\"text-align: left;\">\n<li><strong>Kinto SCS server<\/strong><\/li>\n<\/ul>\n<p style=\"text-align: left;\">Materiale: vetro &#8211; colore: trasparente &#8211; capacit\u00e0: 360 ml \/ 2 tazze<\/p>\n<p>Vetro resistente al calore | Differenza di temperatura massima: 120\u2103<\/p>\n<ul style=\"text-align: left;\">\n<li><strong>Filtri Hario<\/strong><\/li>\n<\/ul>\n<p style=\"text-align: left;\">Materiale: carta riciclata &#8211; non sbiancata &#8211; colore: grezzo &#8211; capacit\u00e0: 1-2 tazze<\/p>\n<ul style=\"text-align: left;\">\n<li><strong>Specialty Coffee<\/strong><\/li>\n<\/ul>\n<p style=\"text-align: left;\">250 gr<\/p>\n<p style=\"text-align: left;\">Caff\u00e8 in grani o macinato per filtro.<\/p>\n","protected":false},"excerpt":{"rendered":"<p>La box Kinto per il caff\u00e8 filtro \u00e8 un regalo di Natale perfetto!<\/p>\n<p>La confezione contiene un brewer in plastica, un server in vetro, una confezione di filtri in carta riciclata e uno Specialty Coffee appena tostato, tostatura filtro.<\/p>\n<p>Ci piacciono molto le linee pulite e semplici di Kinto e questo set \u00e8 cos\u00ec carino!<\/p>\n<p>Puoi selezionare il caff\u00e8 in grani o macinato.<\/p>\n<p>&nbsp;<\/p>\n","protected":false},"featured_media":6680,"template":"","meta":{"_acf_changed":false,"_monsterinsights_skip_tracking":false,"_monsterinsights_sitenote_active":false,"_monsterinsights_sitenote_note":"","_monsterinsights_sitenote_category":0},"product_brand":[],"product_cat":[74,53],"product_tag":[],"class_list":{"0":"post-6676","1":"product","2":"type-product","3":"status-publish","4":"has-post-thumbnail","6":"product_cat-attrezzature","7":"product_cat-brewing-it","9":"first","10":"outofstock","11":"sale","12":"shipping-taxable","13":"purchasable","14":"product-type-variable"},"acf":[],"yoast_head":"<!-- This site is optimized with the Yoast SEO plugin v27.3 - https:\/\/yoast.com\/product\/yoast-seo-wordpress\/ -->\n<title>Box Caff\u00e8 Filtro Kinto | Christmas Gift | Vannelli Coffee<\/title>\n<meta name=\"description\" content=\"La Box caff\u00e8 filtro \u00e8 perfetta per chi si vuole avvicinare al mondo del caff\u00e8 filtrato! Perfetto come regalo natalizio!\" \/>\n<meta name=\"robots\" content=\"index, follow, max-snippet:-1, max-image-preview:large, max-video-preview:-1\" \/>\n<link rel=\"canonical\" href=\"https:\/\/vannelli.coffee\/it\/prodotto\/box-caffe-filtro-kinto\/\" \/>\n<meta property=\"og:locale\" content=\"it_IT\" \/>\n<meta property=\"og:type\" content=\"article\" \/>\n<meta property=\"og:title\" content=\"Box Caff\u00e8 Filtro Kinto | Christmas Gift | Vannelli Coffee\" \/>\n<meta property=\"og:description\" content=\"La Box caff\u00e8 filtro \u00e8 perfetta per chi si vuole avvicinare al mondo del caff\u00e8 filtrato! Perfetto come regalo natalizio!\" \/>\n<meta property=\"og:url\" content=\"https:\/\/vannelli.coffee\/it\/prodotto\/box-caffe-filtro-kinto\/\" \/>\n<meta property=\"og:site_name\" content=\"Vannelli Coffee\" \/>\n<meta property=\"article:publisher\" content=\"https:\/\/www.facebook.com\/vannelli.coffee\/\" \/>\n<meta property=\"article:modified_time\" content=\"2024-11-27T13:27:21+00:00\" \/>\n<meta property=\"og:image\" content=\"https:\/\/vannelli.coffee\/wp-content\/uploads\/2022\/12\/9N9A7543-scaled.jpg\" \/>\n\t<meta property=\"og:image:width\" content=\"2560\" \/>\n\t<meta property=\"og:image:height\" content=\"2560\" \/>\n\t<meta property=\"og:image:type\" content=\"image\/jpeg\" \/>\n<meta name=\"twitter:card\" content=\"summary_large_image\" \/>\n<script type=\"application\/ld+json\" class=\"yoast-schema-graph\">{\"@context\":\"https:\\\/\\\/schema.org\",\"@graph\":[{\"@type\":\"WebPage\",\"@id\":\"https:\\\/\\\/vannelli.coffee\\\/it\\\/prodotto\\\/box-caffe-filtro-kinto\\\/\",\"url\":\"https:\\\/\\\/vannelli.coffee\\\/it\\\/prodotto\\\/box-caffe-filtro-kinto\\\/\",\"name\":\"Box Caff\u00e8 Filtro Kinto | Christmas Gift | Vannelli Coffee\",\"isPartOf\":{\"@id\":\"https:\\\/\\\/vannelli.coffee\\\/it\\\/#website\"},\"primaryImageOfPage\":{\"@id\":\"https:\\\/\\\/vannelli.coffee\\\/it\\\/prodotto\\\/box-caffe-filtro-kinto\\\/#primaryimage\"},\"image\":{\"@id\":\"https:\\\/\\\/vannelli.coffee\\\/it\\\/prodotto\\\/box-caffe-filtro-kinto\\\/#primaryimage\"},\"thumbnailUrl\":\"https:\\\/\\\/vannelli.coffee\\\/wp-content\\\/uploads\\\/2022\\\/12\\\/9N9A7543-scaled.jpg\",\"datePublished\":\"2022-12-01T11:21:14+00:00\",\"dateModified\":\"2024-11-27T13:27:21+00:00\",\"description\":\"La Box caff\u00e8 filtro \u00e8 perfetta per chi si vuole avvicinare al mondo del caff\u00e8 filtrato! Perfetto come regalo natalizio!\",\"breadcrumb\":{\"@id\":\"https:\\\/\\\/vannelli.coffee\\\/it\\\/prodotto\\\/box-caffe-filtro-kinto\\\/#breadcrumb\"},\"inLanguage\":\"it-IT\",\"potentialAction\":[{\"@type\":\"ReadAction\",\"target\":[\"https:\\\/\\\/vannelli.coffee\\\/it\\\/prodotto\\\/box-caffe-filtro-kinto\\\/\"]}]},{\"@type\":\"ImageObject\",\"inLanguage\":\"it-IT\",\"@id\":\"https:\\\/\\\/vannelli.coffee\\\/it\\\/prodotto\\\/box-caffe-filtro-kinto\\\/#primaryimage\",\"url\":\"https:\\\/\\\/vannelli.coffee\\\/wp-content\\\/uploads\\\/2022\\\/12\\\/9N9A7543-scaled.jpg\",\"contentUrl\":\"https:\\\/\\\/vannelli.coffee\\\/wp-content\\\/uploads\\\/2022\\\/12\\\/9N9A7543-scaled.jpg\",\"width\":2560,\"height\":2560},{\"@type\":\"BreadcrumbList\",\"@id\":\"https:\\\/\\\/vannelli.coffee\\\/it\\\/prodotto\\\/box-caffe-filtro-kinto\\\/#breadcrumb\",\"itemListElement\":[{\"@type\":\"ListItem\",\"position\":1,\"name\":\"Home\",\"item\":\"https:\\\/\\\/vannelli.coffee\\\/it\\\/\"},{\"@type\":\"ListItem\",\"position\":2,\"name\":\"Negozio\",\"item\":\"https:\\\/\\\/vannelli.coffee\\\/it\\\/negozio\\\/\"},{\"@type\":\"ListItem\",\"position\":3,\"name\":\"Private: Box Caff\u00e8 Filtro Kinto\"}]},{\"@type\":\"WebSite\",\"@id\":\"https:\\\/\\\/vannelli.coffee\\\/it\\\/#website\",\"url\":\"https:\\\/\\\/vannelli.coffee\\\/it\\\/\",\"name\":\"Vannelli Coffee\",\"description\":\"We Are What We Roast\",\"publisher\":{\"@id\":\"https:\\\/\\\/vannelli.coffee\\\/it\\\/#organization\"},\"potentialAction\":[{\"@type\":\"SearchAction\",\"target\":{\"@type\":\"EntryPoint\",\"urlTemplate\":\"https:\\\/\\\/vannelli.coffee\\\/it\\\/?s={search_term_string}\"},\"query-input\":{\"@type\":\"PropertyValueSpecification\",\"valueRequired\":true,\"valueName\":\"search_term_string\"}}],\"inLanguage\":\"it-IT\"},{\"@type\":\"Organization\",\"@id\":\"https:\\\/\\\/vannelli.coffee\\\/it\\\/#organization\",\"name\":\"Vannelli Coffee\",\"url\":\"https:\\\/\\\/vannelli.coffee\\\/it\\\/\",\"logo\":{\"@type\":\"ImageObject\",\"inLanguage\":\"it-IT\",\"@id\":\"https:\\\/\\\/vannelli.coffee\\\/it\\\/#\\\/schema\\\/logo\\\/image\\\/\",\"url\":\"https:\\\/\\\/vannelli.coffee\\\/wp-content\\\/uploads\\\/2020\\\/01\\\/logo-2.jpg\",\"contentUrl\":\"https:\\\/\\\/vannelli.coffee\\\/wp-content\\\/uploads\\\/2020\\\/01\\\/logo-2.jpg\",\"width\":150,\"height\":150,\"caption\":\"Vannelli Coffee\"},\"image\":{\"@id\":\"https:\\\/\\\/vannelli.coffee\\\/it\\\/#\\\/schema\\\/logo\\\/image\\\/\"},\"sameAs\":[\"https:\\\/\\\/www.facebook.com\\\/vannelli.coffee\\\/\",\"https:\\\/\\\/www.instagram.com\\\/vannelli.coffee\\\/\"]}]}<\/script>\n<!-- \/ Yoast SEO plugin. -->","yoast_head_json":{"title":"Box Caff\u00e8 Filtro Kinto | Christmas Gift | Vannelli Coffee","description":"La Box caff\u00e8 filtro \u00e8 perfetta per chi si vuole avvicinare al mondo del caff\u00e8 filtrato! Perfetto come regalo natalizio!","robots":{"index":"index","follow":"follow","max-snippet":"max-snippet:-1","max-image-preview":"max-image-preview:large","max-video-preview":"max-video-preview:-1"},"canonical":"https:\/\/vannelli.coffee\/it\/prodotto\/box-caffe-filtro-kinto\/","og_locale":"it_IT","og_type":"article","og_title":"Box Caff\u00e8 Filtro Kinto | Christmas Gift | Vannelli Coffee","og_description":"La Box caff\u00e8 filtro \u00e8 perfetta per chi si vuole avvicinare al mondo del caff\u00e8 filtrato! Perfetto come regalo natalizio!","og_url":"https:\/\/vannelli.coffee\/it\/prodotto\/box-caffe-filtro-kinto\/","og_site_name":"Vannelli Coffee","article_publisher":"https:\/\/www.facebook.com\/vannelli.coffee\/","article_modified_time":"2024-11-27T13:27:21+00:00","og_image":[{"width":2560,"height":2560,"url":"https:\/\/vannelli.coffee\/wp-content\/uploads\/2022\/12\/9N9A7543-scaled.jpg","type":"image\/jpeg"}],"twitter_card":"summary_large_image","schema":{"@context":"https:\/\/schema.org","@graph":[{"@type":"WebPage","@id":"https:\/\/vannelli.coffee\/it\/prodotto\/box-caffe-filtro-kinto\/","url":"https:\/\/vannelli.coffee\/it\/prodotto\/box-caffe-filtro-kinto\/","name":"Box Caff\u00e8 Filtro Kinto | Christmas Gift | Vannelli Coffee","isPartOf":{"@id":"https:\/\/vannelli.coffee\/it\/#website"},"primaryImageOfPage":{"@id":"https:\/\/vannelli.coffee\/it\/prodotto\/box-caffe-filtro-kinto\/#primaryimage"},"image":{"@id":"https:\/\/vannelli.coffee\/it\/prodotto\/box-caffe-filtro-kinto\/#primaryimage"},"thumbnailUrl":"https:\/\/vannelli.coffee\/wp-content\/uploads\/2022\/12\/9N9A7543-scaled.jpg","datePublished":"2022-12-01T11:21:14+00:00","dateModified":"2024-11-27T13:27:21+00:00","description":"La Box caff\u00e8 filtro \u00e8 perfetta per chi si vuole avvicinare al mondo del caff\u00e8 filtrato! Perfetto come regalo natalizio!","breadcrumb":{"@id":"https:\/\/vannelli.coffee\/it\/prodotto\/box-caffe-filtro-kinto\/#breadcrumb"},"inLanguage":"it-IT","potentialAction":[{"@type":"ReadAction","target":["https:\/\/vannelli.coffee\/it\/prodotto\/box-caffe-filtro-kinto\/"]}]},{"@type":"ImageObject","inLanguage":"it-IT","@id":"https:\/\/vannelli.coffee\/it\/prodotto\/box-caffe-filtro-kinto\/#primaryimage","url":"https:\/\/vannelli.coffee\/wp-content\/uploads\/2022\/12\/9N9A7543-scaled.jpg","contentUrl":"https:\/\/vannelli.coffee\/wp-content\/uploads\/2022\/12\/9N9A7543-scaled.jpg","width":2560,"height":2560},{"@type":"BreadcrumbList","@id":"https:\/\/vannelli.coffee\/it\/prodotto\/box-caffe-filtro-kinto\/#breadcrumb","itemListElement":[{"@type":"ListItem","position":1,"name":"Home","item":"https:\/\/vannelli.coffee\/it\/"},{"@type":"ListItem","position":2,"name":"Negozio","item":"https:\/\/vannelli.coffee\/it\/negozio\/"},{"@type":"ListItem","position":3,"name":"Private: Box Caff\u00e8 Filtro Kinto"}]},{"@type":"WebSite","@id":"https:\/\/vannelli.coffee\/it\/#website","url":"https:\/\/vannelli.coffee\/it\/","name":"Vannelli Coffee","description":"We Are What We Roast","publisher":{"@id":"https:\/\/vannelli.coffee\/it\/#organization"},"potentialAction":[{"@type":"SearchAction","target":{"@type":"EntryPoint","urlTemplate":"https:\/\/vannelli.coffee\/it\/?s={search_term_string}"},"query-input":{"@type":"PropertyValueSpecification","valueRequired":true,"valueName":"search_term_string"}}],"inLanguage":"it-IT"},{"@type":"Organization","@id":"https:\/\/vannelli.coffee\/it\/#organization","name":"Vannelli Coffee","url":"https:\/\/vannelli.coffee\/it\/","logo":{"@type":"ImageObject","inLanguage":"it-IT","@id":"https:\/\/vannelli.coffee\/it\/#\/schema\/logo\/image\/","url":"https:\/\/vannelli.coffee\/wp-content\/uploads\/2020\/01\/logo-2.jpg","contentUrl":"https:\/\/vannelli.coffee\/wp-content\/uploads\/2020\/01\/logo-2.jpg","width":150,"height":150,"caption":"Vannelli Coffee"},"image":{"@id":"https:\/\/vannelli.coffee\/it\/#\/schema\/logo\/image\/"},"sameAs":["https:\/\/www.facebook.com\/vannelli.coffee\/","https:\/\/www.instagram.com\/vannelli.coffee\/"]}]}},"_links":{"self":[{"href":"https:\/\/vannelli.coffee\/it\/wp-json\/wp\/v2\/product\/6676","targetHints":{"allow":["GET"]}}],"collection":[{"href":"https:\/\/vannelli.coffee\/it\/wp-json\/wp\/v2\/product"}],"about":[{"href":"https:\/\/vannelli.coffee\/it\/wp-json\/wp\/v2\/types\/product"}],"wp:featuredmedia":[{"embeddable":true,"href":"https:\/\/vannelli.coffee\/it\/wp-json\/wp\/v2\/media\/6680"}],"wp:attachment":[{"href":"https:\/\/vannelli.coffee\/it\/wp-json\/wp\/v2\/media?parent=6676"}],"wp:term":[{"taxonomy":"product_brand","embeddable":true,"href":"https:\/\/vannelli.coffee\/it\/wp-json\/wp\/v2\/product_brand?post=6676"},{"taxonomy":"product_cat","embeddable":true,"href":"https:\/\/vannelli.coffee\/it\/wp-json\/wp\/v2\/product_cat?post=6676"},{"taxonomy":"product_tag","embeddable":true,"href":"https:\/\/vannelli.coffee\/it\/wp-json\/wp\/v2\/product_tag?post=6676"}],"curies":[{"name":"wp","href":"https:\/\/api.w.org\/{rel}","templated":true}]}}