{"id":7001,"date":"2022-03-11T12:26:40","date_gmt":"2023-05-04T16:20:44","guid":{"rendered":"https:\/\/vannelli.coffee\/?post_type=product&#038;p=7001"},"modified":"2025-12-20T19:46:15","modified_gmt":"2025-12-20T18:46:15","slug":"cascara-el-roble","status":"publish","type":"product","link":"https:\/\/vannelli.coffee\/it\/prodotto\/cascara-el-roble\/","title":{"rendered":"COLOMBIA EL ROBE CASCARA"},"content":{"rendered":"<h6 style=\"text-align: left;\"><strong>QUALCOSA SUL PRODUTTORE<\/strong><\/h6>\n<div class=\"page\" title=\"Page 1\">\n<div class=\"section\">\n<div class=\"layoutArea\">\n<div class=\"column\">\n<p style=\"text-align: left;\">L&#8217;azienda, propriet\u00e0 della famiglia Lopez da 80 anni, nel 2005 \u00e8 passata a 4 fratelli che hanno diviso l&#8217;azienda in due parti.<\/p>\n<p style=\"text-align: left;\">La variet\u00e0 coltivata principalmente \u00e8 il Castillo, ma oggi si coltivano anche Geisha e Java.<\/p>\n<p style=\"text-align: left;\">Nell&#8217;azienda vengono coltivate anche piante di avocado e platani. Le piante di avocado sono state piantate separatamente, mentre le piante di platano vengono fatte crescere insieme alle piante di caff\u00e8.<\/p>\n<\/div>\n<\/div>\n<\/div>\n<\/div>\n","protected":false},"excerpt":{"rendered":"<p><strong>200g <\/strong><\/p>\n<p><strong>Origine:<\/strong> Colombia<\/p>\n<p><strong>Regione: <\/strong>Sucre, El Roble<\/p>\n<p><strong>Farm: <\/strong>Jairo L\u00f3pez<\/p>\n<p><strong>Variet\u00e0: <\/strong>Java<\/p>\n<p><strong>Processo:<\/strong> Naturale<\/p>\n<p><strong>Altitudine: <\/strong>1650 &#8211; 1750 mt<\/p>\n<p><strong>Cup Profile:<\/strong> Uvetta, Prugna, Lemongrass, Miele<\/p>\n<p>La cascara \u00e8 la buccia del caff\u00e8 che si ricava dalla lavorazione dei chicchi di caff\u00e8, in questo caso, variet\u00e0 java naturale. Questo caff\u00e8 \u00e8 stato precedentemente fatto fermentare in contenitori ermetici dove vengono controllati attentamente pH, brix.<\/p>\n<div class=\"page\" title=\"Page 1\">\n<div class=\"section\">\n<div class=\"layoutArea\">\n<div class=\"column\">\n<p>Per una migliore estrazione, si consiglia di utilizzare una french press o filtri per il t\u00e8.<\/p>\n<\/div>\n<\/div>\n<\/div>\n<\/div>\n<p>&nbsp;<\/p>\n","protected":false},"featured_media":7576,"template":"","meta":{"_acf_changed":false,"_monsterinsights_skip_tracking":false,"_monsterinsights_sitenote_active":false,"_monsterinsights_sitenote_note":"","_monsterinsights_sitenote_category":0},"product_brand":[],"product_cat":[41],"product_tag":[],"class_list":{"0":"post-7001","1":"product","2":"type-product","3":"status-publish","4":"has-post-thumbnail","6":"product_cat-caffe-speciali","8":"first","9":"outofstock","10":"shipping-taxable","11":"purchasable","12":"product-type-simple"},"acf":[],"yoast_head":"<!-- This site is optimized with the Yoast SEO plugin v27.5 - https:\/\/yoast.com\/product\/yoast-seo-wordpress\/ -->\n<title>COLOMBIA EL ROBE CASCARA | Specialty Coffee | Vannelli Coffee<\/title>\n<meta name=\"description\" content=\"Cascara El Roble dalla Colombia, variet\u00e0 Java.\" \/>\n<meta name=\"robots\" content=\"index, follow, max-snippet:-1, max-image-preview:large, max-video-preview:-1\" \/>\n<link rel=\"canonical\" href=\"https:\/\/vannelli.coffee\/it\/prodotto\/cascara-el-roble\/\" \/>\n<meta property=\"og:locale\" content=\"it_IT\" \/>\n<meta property=\"og:type\" content=\"article\" \/>\n<meta property=\"og:title\" content=\"COLOMBIA EL ROBE CASCARA | Specialty Coffee | Vannelli Coffee\" \/>\n<meta property=\"og:description\" content=\"Cascara El Roble dalla Colombia, variet\u00e0 Java.\" \/>\n<meta property=\"og:url\" content=\"https:\/\/vannelli.coffee\/it\/prodotto\/cascara-el-roble\/\" \/>\n<meta property=\"og:site_name\" content=\"Vannelli Coffee\" \/>\n<meta property=\"article:publisher\" content=\"https:\/\/www.facebook.com\/vannelli.coffee\/\" \/>\n<meta property=\"article:modified_time\" content=\"2025-12-20T18:46:15+00:00\" \/>\n<meta property=\"og:image\" content=\"https:\/\/vannelli.coffee\/wp-content\/uploads\/2023\/09\/2-scaled.jpg\" \/>\n\t<meta property=\"og:image:width\" content=\"2560\" \/>\n\t<meta property=\"og:image:height\" content=\"2560\" \/>\n\t<meta property=\"og:image:type\" content=\"image\/jpeg\" \/>\n<meta name=\"twitter:card\" content=\"summary_large_image\" \/>\n<meta name=\"twitter:label1\" content=\"Tempo di lettura stimato\" \/>\n\t<meta name=\"twitter:data1\" content=\"1 minuto\" \/>\n<script type=\"application\/ld+json\" class=\"yoast-schema-graph\">{\"@context\":\"https:\\\/\\\/schema.org\",\"@graph\":[{\"@type\":\"WebPage\",\"@id\":\"https:\\\/\\\/vannelli.coffee\\\/it\\\/prodotto\\\/cascara-el-roble\\\/\",\"url\":\"https:\\\/\\\/vannelli.coffee\\\/it\\\/prodotto\\\/cascara-el-roble\\\/\",\"name\":\"COLOMBIA EL ROBE CASCARA | Specialty Coffee | Vannelli Coffee\",\"isPartOf\":{\"@id\":\"https:\\\/\\\/vannelli.coffee\\\/it\\\/#website\"},\"primaryImageOfPage\":{\"@id\":\"https:\\\/\\\/vannelli.coffee\\\/it\\\/prodotto\\\/cascara-el-roble\\\/#primaryimage\"},\"image\":{\"@id\":\"https:\\\/\\\/vannelli.coffee\\\/it\\\/prodotto\\\/cascara-el-roble\\\/#primaryimage\"},\"thumbnailUrl\":\"https:\\\/\\\/vannelli.coffee\\\/wp-content\\\/uploads\\\/2023\\\/09\\\/2-scaled.jpg\",\"datePublished\":\"2023-05-04T16:20:44+00:00\",\"dateModified\":\"2025-12-20T18:46:15+00:00\",\"description\":\"Cascara El Roble dalla Colombia, variet\u00e0 Java.\",\"breadcrumb\":{\"@id\":\"https:\\\/\\\/vannelli.coffee\\\/it\\\/prodotto\\\/cascara-el-roble\\\/#breadcrumb\"},\"inLanguage\":\"it-IT\",\"potentialAction\":[{\"@type\":\"ReadAction\",\"target\":[\"https:\\\/\\\/vannelli.coffee\\\/it\\\/prodotto\\\/cascara-el-roble\\\/\"]}]},{\"@type\":\"ImageObject\",\"inLanguage\":\"it-IT\",\"@id\":\"https:\\\/\\\/vannelli.coffee\\\/it\\\/prodotto\\\/cascara-el-roble\\\/#primaryimage\",\"url\":\"https:\\\/\\\/vannelli.coffee\\\/wp-content\\\/uploads\\\/2023\\\/09\\\/2-scaled.jpg\",\"contentUrl\":\"https:\\\/\\\/vannelli.coffee\\\/wp-content\\\/uploads\\\/2023\\\/09\\\/2-scaled.jpg\",\"width\":2560,\"height\":2560},{\"@type\":\"BreadcrumbList\",\"@id\":\"https:\\\/\\\/vannelli.coffee\\\/it\\\/prodotto\\\/cascara-el-roble\\\/#breadcrumb\",\"itemListElement\":[{\"@type\":\"ListItem\",\"position\":1,\"name\":\"Home\",\"item\":\"https:\\\/\\\/vannelli.coffee\\\/it\\\/\"},{\"@type\":\"ListItem\",\"position\":2,\"name\":\"Negozio\",\"item\":\"https:\\\/\\\/vannelli.coffee\\\/it\\\/negozio\\\/\"},{\"@type\":\"ListItem\",\"position\":3,\"name\":\"COLOMBIA EL ROBE CASCARA\"}]},{\"@type\":\"WebSite\",\"@id\":\"https:\\\/\\\/vannelli.coffee\\\/it\\\/#website\",\"url\":\"https:\\\/\\\/vannelli.coffee\\\/it\\\/\",\"name\":\"Vannelli Coffee\",\"description\":\"We Are What We Roast\",\"publisher\":{\"@id\":\"https:\\\/\\\/vannelli.coffee\\\/it\\\/#organization\"},\"potentialAction\":[{\"@type\":\"SearchAction\",\"target\":{\"@type\":\"EntryPoint\",\"urlTemplate\":\"https:\\\/\\\/vannelli.coffee\\\/it\\\/?s={search_term_string}\"},\"query-input\":{\"@type\":\"PropertyValueSpecification\",\"valueRequired\":true,\"valueName\":\"search_term_string\"}}],\"inLanguage\":\"it-IT\"},{\"@type\":\"Organization\",\"@id\":\"https:\\\/\\\/vannelli.coffee\\\/it\\\/#organization\",\"name\":\"Vannelli Coffee\",\"url\":\"https:\\\/\\\/vannelli.coffee\\\/it\\\/\",\"logo\":{\"@type\":\"ImageObject\",\"inLanguage\":\"it-IT\",\"@id\":\"https:\\\/\\\/vannelli.coffee\\\/it\\\/#\\\/schema\\\/logo\\\/image\\\/\",\"url\":\"https:\\\/\\\/vannelli.coffee\\\/wp-content\\\/uploads\\\/2020\\\/01\\\/logo-2.jpg\",\"contentUrl\":\"https:\\\/\\\/vannelli.coffee\\\/wp-content\\\/uploads\\\/2020\\\/01\\\/logo-2.jpg\",\"width\":150,\"height\":150,\"caption\":\"Vannelli Coffee\"},\"image\":{\"@id\":\"https:\\\/\\\/vannelli.coffee\\\/it\\\/#\\\/schema\\\/logo\\\/image\\\/\"},\"sameAs\":[\"https:\\\/\\\/www.facebook.com\\\/vannelli.coffee\\\/\",\"https:\\\/\\\/www.instagram.com\\\/vannelli.coffee\\\/\"]}]}<\/script>\n<!-- \/ Yoast SEO plugin. -->","yoast_head_json":{"title":"COLOMBIA EL ROBE CASCARA | Specialty Coffee | Vannelli Coffee","description":"Cascara El Roble dalla Colombia, variet\u00e0 Java.","robots":{"index":"index","follow":"follow","max-snippet":"max-snippet:-1","max-image-preview":"max-image-preview:large","max-video-preview":"max-video-preview:-1"},"canonical":"https:\/\/vannelli.coffee\/it\/prodotto\/cascara-el-roble\/","og_locale":"it_IT","og_type":"article","og_title":"COLOMBIA EL ROBE CASCARA | Specialty Coffee | Vannelli Coffee","og_description":"Cascara El Roble dalla Colombia, variet\u00e0 Java.","og_url":"https:\/\/vannelli.coffee\/it\/prodotto\/cascara-el-roble\/","og_site_name":"Vannelli Coffee","article_publisher":"https:\/\/www.facebook.com\/vannelli.coffee\/","article_modified_time":"2025-12-20T18:46:15+00:00","og_image":[{"width":2560,"height":2560,"url":"https:\/\/vannelli.coffee\/wp-content\/uploads\/2023\/09\/2-scaled.jpg","type":"image\/jpeg"}],"twitter_card":"summary_large_image","twitter_misc":{"Tempo di lettura stimato":"1 minuto"},"schema":{"@context":"https:\/\/schema.org","@graph":[{"@type":"WebPage","@id":"https:\/\/vannelli.coffee\/it\/prodotto\/cascara-el-roble\/","url":"https:\/\/vannelli.coffee\/it\/prodotto\/cascara-el-roble\/","name":"COLOMBIA EL ROBE CASCARA | Specialty Coffee | Vannelli Coffee","isPartOf":{"@id":"https:\/\/vannelli.coffee\/it\/#website"},"primaryImageOfPage":{"@id":"https:\/\/vannelli.coffee\/it\/prodotto\/cascara-el-roble\/#primaryimage"},"image":{"@id":"https:\/\/vannelli.coffee\/it\/prodotto\/cascara-el-roble\/#primaryimage"},"thumbnailUrl":"https:\/\/vannelli.coffee\/wp-content\/uploads\/2023\/09\/2-scaled.jpg","datePublished":"2023-05-04T16:20:44+00:00","dateModified":"2025-12-20T18:46:15+00:00","description":"Cascara El Roble dalla Colombia, variet\u00e0 Java.","breadcrumb":{"@id":"https:\/\/vannelli.coffee\/it\/prodotto\/cascara-el-roble\/#breadcrumb"},"inLanguage":"it-IT","potentialAction":[{"@type":"ReadAction","target":["https:\/\/vannelli.coffee\/it\/prodotto\/cascara-el-roble\/"]}]},{"@type":"ImageObject","inLanguage":"it-IT","@id":"https:\/\/vannelli.coffee\/it\/prodotto\/cascara-el-roble\/#primaryimage","url":"https:\/\/vannelli.coffee\/wp-content\/uploads\/2023\/09\/2-scaled.jpg","contentUrl":"https:\/\/vannelli.coffee\/wp-content\/uploads\/2023\/09\/2-scaled.jpg","width":2560,"height":2560},{"@type":"BreadcrumbList","@id":"https:\/\/vannelli.coffee\/it\/prodotto\/cascara-el-roble\/#breadcrumb","itemListElement":[{"@type":"ListItem","position":1,"name":"Home","item":"https:\/\/vannelli.coffee\/it\/"},{"@type":"ListItem","position":2,"name":"Negozio","item":"https:\/\/vannelli.coffee\/it\/negozio\/"},{"@type":"ListItem","position":3,"name":"COLOMBIA EL ROBE CASCARA"}]},{"@type":"WebSite","@id":"https:\/\/vannelli.coffee\/it\/#website","url":"https:\/\/vannelli.coffee\/it\/","name":"Vannelli Coffee","description":"We Are What We Roast","publisher":{"@id":"https:\/\/vannelli.coffee\/it\/#organization"},"potentialAction":[{"@type":"SearchAction","target":{"@type":"EntryPoint","urlTemplate":"https:\/\/vannelli.coffee\/it\/?s={search_term_string}"},"query-input":{"@type":"PropertyValueSpecification","valueRequired":true,"valueName":"search_term_string"}}],"inLanguage":"it-IT"},{"@type":"Organization","@id":"https:\/\/vannelli.coffee\/it\/#organization","name":"Vannelli Coffee","url":"https:\/\/vannelli.coffee\/it\/","logo":{"@type":"ImageObject","inLanguage":"it-IT","@id":"https:\/\/vannelli.coffee\/it\/#\/schema\/logo\/image\/","url":"https:\/\/vannelli.coffee\/wp-content\/uploads\/2020\/01\/logo-2.jpg","contentUrl":"https:\/\/vannelli.coffee\/wp-content\/uploads\/2020\/01\/logo-2.jpg","width":150,"height":150,"caption":"Vannelli Coffee"},"image":{"@id":"https:\/\/vannelli.coffee\/it\/#\/schema\/logo\/image\/"},"sameAs":["https:\/\/www.facebook.com\/vannelli.coffee\/","https:\/\/www.instagram.com\/vannelli.coffee\/"]}]}},"_links":{"self":[{"href":"https:\/\/vannelli.coffee\/it\/wp-json\/wp\/v2\/product\/7001","targetHints":{"allow":["GET"]}}],"collection":[{"href":"https:\/\/vannelli.coffee\/it\/wp-json\/wp\/v2\/product"}],"about":[{"href":"https:\/\/vannelli.coffee\/it\/wp-json\/wp\/v2\/types\/product"}],"wp:featuredmedia":[{"embeddable":true,"href":"https:\/\/vannelli.coffee\/it\/wp-json\/wp\/v2\/media\/7576"}],"wp:attachment":[{"href":"https:\/\/vannelli.coffee\/it\/wp-json\/wp\/v2\/media?parent=7001"}],"wp:term":[{"taxonomy":"product_brand","embeddable":true,"href":"https:\/\/vannelli.coffee\/it\/wp-json\/wp\/v2\/product_brand?post=7001"},{"taxonomy":"product_cat","embeddable":true,"href":"https:\/\/vannelli.coffee\/it\/wp-json\/wp\/v2\/product_cat?post=7001"},{"taxonomy":"product_tag","embeddable":true,"href":"https:\/\/vannelli.coffee\/it\/wp-json\/wp\/v2\/product_tag?post=7001"}],"curies":[{"name":"wp","href":"https:\/\/api.w.org\/{rel}","templated":true}]}}