{"id":7169,"date":"2023-08-29T16:48:23","date_gmt":"2023-08-29T15:48:24","guid":{"rendered":"https:\/\/vannelli.coffee\/?post_type=product&#038;p=7169"},"modified":"2026-03-09T08:07:44","modified_gmt":"2026-03-09T07:07:44","slug":"ethiopia-genji-challa","status":"publish","type":"product","link":"https:\/\/vannelli.coffee\/it\/prodotto\/ethiopia-genji-challa\/","title":{"rendered":"ETHIOPIA GENJI CHALLA PROCESS LAVATO"},"content":{"rendered":"<h6><strong><span data-preserver-spaces=\"true\">QUALCOSA SUL PRODUTTORE<\/span><\/strong><\/h6>\n<p><span data-preserver-spaces=\"true\">Genji Challa \u00e8 una stazione di lavaggio correlata alla famosa Nano Challa, fondata nel 2019. Questa stazione \u00e8 nata dall&#8217;esigenza di avere pi\u00f9 spazio, dato che i soci membri sono sempre pi\u00f9 cresciuti ed i volumi di ciliegie consegnate erano diventati eccessivi per la capacit\u00e0 della sola stazione di Nano Challa.<\/span><\/p>\n<p><span data-preserver-spaces=\"true\">Attualmente ci sono pi\u00f9 di 600 membri suddivisi tra i due siti situati sugli altopiani etiopi, in foreste naturali.<\/span><\/p>\n<p><span data-preserver-spaces=\"true\">Il successo e la crescita dell&#8217;azienda agricola Nano Challa sono stati favoriti nel 2010, quando \u00e8 stata scelta per far parte della Technoserve Coffee Initiative insieme ad altre piccole comunit\u00e0 di Jimma. Techoserve \u00e8 una delle principali organizzazioni non profit che opera in quasi 30 Paesi del mondo: fornisce assistenza tecnica e formazione ai gruppi di produttori e aiuta a coordinare agronomi e consulenti commerciali per contribuire a migliorare la qualit\u00e0 del caff\u00e8, assistere nella gestione del debito, reinvestire e distribuire equamente i fondi a ciascun membro della coperativa.<\/span><\/p>\n<p><span data-preserver-spaces=\"true\">L&#8217;impatto dell&#8217;iniziativa \u00e8 stato enorme, in quanto ha aiutato coperative come Nano Challa a fare una transizione dalla lavorazione naturale a quella lavata, attraverso la costruzione di stazioni di lavaggio. Ci\u00f2 ha permesso loro di cambiare completamente il mercato e la qualit\u00e0 a cui avevano accesso, nonch\u00e9 i premi dei caff\u00e8 Specialty etiopi di grado 1.<\/span><\/p>\n<h6><strong><span data-preserver-spaces=\"true\">QUALCOSA IN PIU&#8217; SUL CAFFE&#8217;:<\/span><\/strong><\/h6>\n<p>Questo caff\u00e8 viene coltivato a 2000 metri sul livello del mare; i membri dell&#8217;azienda coltivano su un terreno di 3 ettari.<br \/>\nCome in tutta l&#8217;Etiopia, la maggior parte dei caff\u00e8 coltivati localmente sono biologici per definizione e consistono per lo pi\u00f9 in vecchie variet\u00e0 autoctone.<\/p>\n<p>Il caff\u00e8, dopo la raccolta, viene consegnato alla stazione di lavaggio, quindi lasciato galleggiare prima di essere spolpato con il macchinario Penagos Eco Pulper.<br \/>\nIl caff\u00e8 viene poi messo a bagno in acqua pulita all&#8217;interno di vasche di cemento per 8 ore prima di essere essiccato. In un primo momento, viene essiccato con la buccia e selezionato all&#8217;ombra, per poi essere essiccato al sole per circa 10 giorni su letti di essiccazione rialzati.<\/p>\n","protected":false},"excerpt":{"rendered":"<p style=\"text-align: left;\"><span style=\"color: #7b6a5e;\"><strong><span style=\"color: #7b6a5e;\">Profilo in tazza:<\/span><\/strong> <\/span><\/p>\n<p><i><span style=\"font-weight: 400;\">Fiori Bianchi, <\/span><\/i><i><span style=\"font-weight: 400;\">Limone, Bergamotto, T\u00e8 nero<\/span><\/i><\/p>\n<p style=\"text-align: left;\"><strong><span style=\"color: #7b6a5e;\">Origine<\/span><\/strong><span style=\"color: #7b6a5e;\">:<\/span> Etiopia<br \/>\n<span style=\"color: #7b6a5e;\"><strong>Regione<\/strong>:<\/span> Jimma, Oromia<br \/>\n<strong><span style=\"color: #7b6a5e;\">Farm<\/span><\/strong><span style=\"color: #7b6a5e;\">: <\/span>Genji Challa<br \/>\n<span style=\"color: #7b6a5e;\"><strong>Variet\u00e0<\/strong>: <span style=\"color: #000000;\">Heirloom<\/span><\/span> miste<br \/>\n<span style=\"color: #7b6a5e;\"><strong>Processo<\/strong>:<\/span> Lavato<br \/>\n<span style=\"color: #7b6a5e;\"><strong>Altitudine<\/strong>: <span style=\"color: #000000;\">2000<\/span><\/span> mt<br \/>\n<strong><span style=\"color: #7b6a5e;\">Head Roaster<\/span><\/strong><span style=\"color: #7b6a5e;\">:<\/span> <a href=\"https:\/\/vannelli.coffee\/en\/our-team\/\">Pietro Vannelli<\/a><\/p>\n<p style=\"text-align: center;\">Un ottimo esempio di caff\u00e8 etiope lavato, brillante e pulito, ci piace molto!<\/p>\n","protected":false},"featured_media":7574,"template":"","meta":{"_acf_changed":false,"_monsterinsights_skip_tracking":false,"_monsterinsights_sitenote_active":false,"_monsterinsights_sitenote_note":"","_monsterinsights_sitenote_category":0},"product_brand":[],"product_cat":[41],"product_tag":[388,218,219,387,59,291],"class_list":{"0":"post-7169","1":"product","2":"type-product","3":"status-publish","4":"has-post-thumbnail","6":"product_cat-caffe-speciali","7":"product_tag-challa-it","8":"product_tag-ethiopia-it-2","9":"product_tag-heirloom-it","10":"product_tag-jimma-it","11":"product_tag-specialtycoffee-it","12":"product_tag-washedprocess-it","14":"first","15":"outofstock","16":"shipping-taxable","17":"purchasable","18":"product-type-variable"},"acf":[],"yoast_head":"<!-- This site is optimized with the Yoast SEO plugin v27.4 - https:\/\/yoast.com\/product\/yoast-seo-wordpress\/ -->\n<title>ETHIOPIA GENJI CHALLA PROCESS LAVATO | Specialty Coffee | Vannelli Coffee<\/title>\n<meta name=\"description\" content=\"Ethiopia Genji Challa, 100% Arabica, processo lavato, note di Fiori Bianchi, Limone, Bergamotto, T\u00e8 nero. Un caff\u00e8 lavato eccellente che dovresti provare!\" \/>\n<meta name=\"robots\" content=\"index, follow, max-snippet:-1, max-image-preview:large, max-video-preview:-1\" \/>\n<link rel=\"canonical\" href=\"https:\/\/vannelli.coffee\/it\/prodotto\/ethiopia-genji-challa\/\" \/>\n<meta property=\"og:locale\" content=\"it_IT\" \/>\n<meta property=\"og:type\" content=\"article\" \/>\n<meta property=\"og:title\" content=\"ETHIOPIA GENJI CHALLA PROCESS LAVATO | Specialty Coffee | Vannelli Coffee\" \/>\n<meta property=\"og:description\" content=\"Ethiopia Genji Challa, 100% Arabica, processo lavato, note di Fiori Bianchi, Limone, Bergamotto, T\u00e8 nero. Un caff\u00e8 lavato eccellente che dovresti provare!\" \/>\n<meta property=\"og:url\" content=\"https:\/\/vannelli.coffee\/it\/prodotto\/ethiopia-genji-challa\/\" \/>\n<meta property=\"og:site_name\" content=\"Vannelli Coffee\" \/>\n<meta property=\"article:publisher\" content=\"https:\/\/www.facebook.com\/vannelli.coffee\/\" \/>\n<meta property=\"article:modified_time\" content=\"2026-03-09T07:07:44+00:00\" \/>\n<meta property=\"og:image\" content=\"https:\/\/vannelli.coffee\/wp-content\/uploads\/2024\/01\/2-scaled.jpg\" \/>\n\t<meta property=\"og:image:width\" content=\"2560\" \/>\n\t<meta property=\"og:image:height\" content=\"2560\" \/>\n\t<meta property=\"og:image:type\" content=\"image\/jpeg\" \/>\n<meta name=\"twitter:card\" content=\"summary_large_image\" \/>\n<meta name=\"twitter:label1\" content=\"Tempo di lettura stimato\" \/>\n\t<meta name=\"twitter:data1\" content=\"3 minuti\" \/>\n<script type=\"application\/ld+json\" class=\"yoast-schema-graph\">{\"@context\":\"https:\\\/\\\/schema.org\",\"@graph\":[{\"@type\":\"WebPage\",\"@id\":\"https:\\\/\\\/vannelli.coffee\\\/it\\\/prodotto\\\/ethiopia-genji-challa\\\/\",\"url\":\"https:\\\/\\\/vannelli.coffee\\\/it\\\/prodotto\\\/ethiopia-genji-challa\\\/\",\"name\":\"ETHIOPIA GENJI CHALLA PROCESS LAVATO | Specialty Coffee | Vannelli Coffee\",\"isPartOf\":{\"@id\":\"https:\\\/\\\/vannelli.coffee\\\/it\\\/#website\"},\"primaryImageOfPage\":{\"@id\":\"https:\\\/\\\/vannelli.coffee\\\/it\\\/prodotto\\\/ethiopia-genji-challa\\\/#primaryimage\"},\"image\":{\"@id\":\"https:\\\/\\\/vannelli.coffee\\\/it\\\/prodotto\\\/ethiopia-genji-challa\\\/#primaryimage\"},\"thumbnailUrl\":\"https:\\\/\\\/vannelli.coffee\\\/wp-content\\\/uploads\\\/2024\\\/01\\\/2-scaled.jpg\",\"datePublished\":\"2023-08-29T15:48:24+00:00\",\"dateModified\":\"2026-03-09T07:07:44+00:00\",\"description\":\"Ethiopia Genji Challa, 100% Arabica, processo lavato, note di Fiori Bianchi, Limone, Bergamotto, T\u00e8 nero. Un caff\u00e8 lavato eccellente che dovresti provare!\",\"breadcrumb\":{\"@id\":\"https:\\\/\\\/vannelli.coffee\\\/it\\\/prodotto\\\/ethiopia-genji-challa\\\/#breadcrumb\"},\"inLanguage\":\"it-IT\",\"potentialAction\":[{\"@type\":\"ReadAction\",\"target\":[\"https:\\\/\\\/vannelli.coffee\\\/it\\\/prodotto\\\/ethiopia-genji-challa\\\/\"]}]},{\"@type\":\"ImageObject\",\"inLanguage\":\"it-IT\",\"@id\":\"https:\\\/\\\/vannelli.coffee\\\/it\\\/prodotto\\\/ethiopia-genji-challa\\\/#primaryimage\",\"url\":\"https:\\\/\\\/vannelli.coffee\\\/wp-content\\\/uploads\\\/2024\\\/01\\\/2-scaled.jpg\",\"contentUrl\":\"https:\\\/\\\/vannelli.coffee\\\/wp-content\\\/uploads\\\/2024\\\/01\\\/2-scaled.jpg\",\"width\":2560,\"height\":2560},{\"@type\":\"BreadcrumbList\",\"@id\":\"https:\\\/\\\/vannelli.coffee\\\/it\\\/prodotto\\\/ethiopia-genji-challa\\\/#breadcrumb\",\"itemListElement\":[{\"@type\":\"ListItem\",\"position\":1,\"name\":\"Home\",\"item\":\"https:\\\/\\\/vannelli.coffee\\\/it\\\/\"},{\"@type\":\"ListItem\",\"position\":2,\"name\":\"Negozio\",\"item\":\"https:\\\/\\\/vannelli.coffee\\\/it\\\/negozio\\\/\"},{\"@type\":\"ListItem\",\"position\":3,\"name\":\"ETHIOPIA GENJI CHALLA PROCESS LAVATO\"}]},{\"@type\":\"WebSite\",\"@id\":\"https:\\\/\\\/vannelli.coffee\\\/it\\\/#website\",\"url\":\"https:\\\/\\\/vannelli.coffee\\\/it\\\/\",\"name\":\"Vannelli Coffee\",\"description\":\"We Are What We Roast\",\"publisher\":{\"@id\":\"https:\\\/\\\/vannelli.coffee\\\/it\\\/#organization\"},\"potentialAction\":[{\"@type\":\"SearchAction\",\"target\":{\"@type\":\"EntryPoint\",\"urlTemplate\":\"https:\\\/\\\/vannelli.coffee\\\/it\\\/?s={search_term_string}\"},\"query-input\":{\"@type\":\"PropertyValueSpecification\",\"valueRequired\":true,\"valueName\":\"search_term_string\"}}],\"inLanguage\":\"it-IT\"},{\"@type\":\"Organization\",\"@id\":\"https:\\\/\\\/vannelli.coffee\\\/it\\\/#organization\",\"name\":\"Vannelli Coffee\",\"url\":\"https:\\\/\\\/vannelli.coffee\\\/it\\\/\",\"logo\":{\"@type\":\"ImageObject\",\"inLanguage\":\"it-IT\",\"@id\":\"https:\\\/\\\/vannelli.coffee\\\/it\\\/#\\\/schema\\\/logo\\\/image\\\/\",\"url\":\"https:\\\/\\\/vannelli.coffee\\\/wp-content\\\/uploads\\\/2020\\\/01\\\/logo-2.jpg\",\"contentUrl\":\"https:\\\/\\\/vannelli.coffee\\\/wp-content\\\/uploads\\\/2020\\\/01\\\/logo-2.jpg\",\"width\":150,\"height\":150,\"caption\":\"Vannelli Coffee\"},\"image\":{\"@id\":\"https:\\\/\\\/vannelli.coffee\\\/it\\\/#\\\/schema\\\/logo\\\/image\\\/\"},\"sameAs\":[\"https:\\\/\\\/www.facebook.com\\\/vannelli.coffee\\\/\",\"https:\\\/\\\/www.instagram.com\\\/vannelli.coffee\\\/\"]}]}<\/script>\n<!-- \/ Yoast SEO plugin. -->","yoast_head_json":{"title":"ETHIOPIA GENJI CHALLA PROCESS LAVATO | Specialty Coffee | Vannelli Coffee","description":"Ethiopia Genji Challa, 100% Arabica, processo lavato, note di Fiori Bianchi, Limone, Bergamotto, T\u00e8 nero. Un caff\u00e8 lavato eccellente che dovresti provare!","robots":{"index":"index","follow":"follow","max-snippet":"max-snippet:-1","max-image-preview":"max-image-preview:large","max-video-preview":"max-video-preview:-1"},"canonical":"https:\/\/vannelli.coffee\/it\/prodotto\/ethiopia-genji-challa\/","og_locale":"it_IT","og_type":"article","og_title":"ETHIOPIA GENJI CHALLA PROCESS LAVATO | Specialty Coffee | Vannelli Coffee","og_description":"Ethiopia Genji Challa, 100% Arabica, processo lavato, note di Fiori Bianchi, Limone, Bergamotto, T\u00e8 nero. Un caff\u00e8 lavato eccellente che dovresti provare!","og_url":"https:\/\/vannelli.coffee\/it\/prodotto\/ethiopia-genji-challa\/","og_site_name":"Vannelli Coffee","article_publisher":"https:\/\/www.facebook.com\/vannelli.coffee\/","article_modified_time":"2026-03-09T07:07:44+00:00","og_image":[{"width":2560,"height":2560,"url":"https:\/\/vannelli.coffee\/wp-content\/uploads\/2024\/01\/2-scaled.jpg","type":"image\/jpeg"}],"twitter_card":"summary_large_image","twitter_misc":{"Tempo di lettura stimato":"3 minuti"},"schema":{"@context":"https:\/\/schema.org","@graph":[{"@type":"WebPage","@id":"https:\/\/vannelli.coffee\/it\/prodotto\/ethiopia-genji-challa\/","url":"https:\/\/vannelli.coffee\/it\/prodotto\/ethiopia-genji-challa\/","name":"ETHIOPIA GENJI CHALLA PROCESS LAVATO | Specialty Coffee | Vannelli Coffee","isPartOf":{"@id":"https:\/\/vannelli.coffee\/it\/#website"},"primaryImageOfPage":{"@id":"https:\/\/vannelli.coffee\/it\/prodotto\/ethiopia-genji-challa\/#primaryimage"},"image":{"@id":"https:\/\/vannelli.coffee\/it\/prodotto\/ethiopia-genji-challa\/#primaryimage"},"thumbnailUrl":"https:\/\/vannelli.coffee\/wp-content\/uploads\/2024\/01\/2-scaled.jpg","datePublished":"2023-08-29T15:48:24+00:00","dateModified":"2026-03-09T07:07:44+00:00","description":"Ethiopia Genji Challa, 100% Arabica, processo lavato, note di Fiori Bianchi, Limone, Bergamotto, T\u00e8 nero. Un caff\u00e8 lavato eccellente che dovresti provare!","breadcrumb":{"@id":"https:\/\/vannelli.coffee\/it\/prodotto\/ethiopia-genji-challa\/#breadcrumb"},"inLanguage":"it-IT","potentialAction":[{"@type":"ReadAction","target":["https:\/\/vannelli.coffee\/it\/prodotto\/ethiopia-genji-challa\/"]}]},{"@type":"ImageObject","inLanguage":"it-IT","@id":"https:\/\/vannelli.coffee\/it\/prodotto\/ethiopia-genji-challa\/#primaryimage","url":"https:\/\/vannelli.coffee\/wp-content\/uploads\/2024\/01\/2-scaled.jpg","contentUrl":"https:\/\/vannelli.coffee\/wp-content\/uploads\/2024\/01\/2-scaled.jpg","width":2560,"height":2560},{"@type":"BreadcrumbList","@id":"https:\/\/vannelli.coffee\/it\/prodotto\/ethiopia-genji-challa\/#breadcrumb","itemListElement":[{"@type":"ListItem","position":1,"name":"Home","item":"https:\/\/vannelli.coffee\/it\/"},{"@type":"ListItem","position":2,"name":"Negozio","item":"https:\/\/vannelli.coffee\/it\/negozio\/"},{"@type":"ListItem","position":3,"name":"ETHIOPIA GENJI CHALLA PROCESS LAVATO"}]},{"@type":"WebSite","@id":"https:\/\/vannelli.coffee\/it\/#website","url":"https:\/\/vannelli.coffee\/it\/","name":"Vannelli Coffee","description":"We Are What We Roast","publisher":{"@id":"https:\/\/vannelli.coffee\/it\/#organization"},"potentialAction":[{"@type":"SearchAction","target":{"@type":"EntryPoint","urlTemplate":"https:\/\/vannelli.coffee\/it\/?s={search_term_string}"},"query-input":{"@type":"PropertyValueSpecification","valueRequired":true,"valueName":"search_term_string"}}],"inLanguage":"it-IT"},{"@type":"Organization","@id":"https:\/\/vannelli.coffee\/it\/#organization","name":"Vannelli Coffee","url":"https:\/\/vannelli.coffee\/it\/","logo":{"@type":"ImageObject","inLanguage":"it-IT","@id":"https:\/\/vannelli.coffee\/it\/#\/schema\/logo\/image\/","url":"https:\/\/vannelli.coffee\/wp-content\/uploads\/2020\/01\/logo-2.jpg","contentUrl":"https:\/\/vannelli.coffee\/wp-content\/uploads\/2020\/01\/logo-2.jpg","width":150,"height":150,"caption":"Vannelli Coffee"},"image":{"@id":"https:\/\/vannelli.coffee\/it\/#\/schema\/logo\/image\/"},"sameAs":["https:\/\/www.facebook.com\/vannelli.coffee\/","https:\/\/www.instagram.com\/vannelli.coffee\/"]}]}},"_links":{"self":[{"href":"https:\/\/vannelli.coffee\/it\/wp-json\/wp\/v2\/product\/7169","targetHints":{"allow":["GET"]}}],"collection":[{"href":"https:\/\/vannelli.coffee\/it\/wp-json\/wp\/v2\/product"}],"about":[{"href":"https:\/\/vannelli.coffee\/it\/wp-json\/wp\/v2\/types\/product"}],"wp:featuredmedia":[{"embeddable":true,"href":"https:\/\/vannelli.coffee\/it\/wp-json\/wp\/v2\/media\/7574"}],"wp:attachment":[{"href":"https:\/\/vannelli.coffee\/it\/wp-json\/wp\/v2\/media?parent=7169"}],"wp:term":[{"taxonomy":"product_brand","embeddable":true,"href":"https:\/\/vannelli.coffee\/it\/wp-json\/wp\/v2\/product_brand?post=7169"},{"taxonomy":"product_cat","embeddable":true,"href":"https:\/\/vannelli.coffee\/it\/wp-json\/wp\/v2\/product_cat?post=7169"},{"taxonomy":"product_tag","embeddable":true,"href":"https:\/\/vannelli.coffee\/it\/wp-json\/wp\/v2\/product_tag?post=7169"}],"curies":[{"name":"wp","href":"https:\/\/api.w.org\/{rel}","templated":true}]}}